{"id":2,"date":"2025-08-18T12:23:22","date_gmt":"2025-08-18T04:23:22","guid":{"rendered":"https:\/\/www.holydoggroup.com\/?page_id=2"},"modified":"2025-08-18T12:23:22","modified_gmt":"2025-08-18T04:23:22","slug":"sample-page","status":"publish","type":"page","link":"https:\/\/www.holydoggroup.com\/de\/sample-page\/","title":{"rendered":"Beispielseite"},"content":{"rendered":"<p>Dies ist eine Demonstrationsseite. Im Gegensatz zu einer Seite und einem Blogbeitrag ist ihre Position fest und wird in der Regel in der Navigationsleiste der Website angezeigt. Viele Nutzer erstellen eine \u201e\u00dcber\u201c-Seite, um sich ihren Besuchern vorzustellen. Zum Beispiel:<\/p>\n\n\n\n<blockquote class=\"wp-block-quote is-layout-flow wp-block-quote-is-layout-flow\"><p>Hallo alle! Ich bin tags\u00fcber Postmeister und abends Schauspieler. Das ist meine Website. Ich lebe in Peking und habe einen menschlichen Hund namens Little Black, und ich liebe Kunst und Reisen.<\/p><\/blockquote>\n\n\n\n<p>... oder dieses:<\/p>\n\n\n\n<blockquote class=\"wp-block-quote is-layout-flow wp-block-quote-is-layout-flow\"><p>XYZ Doohickey wurde 1971 gegr\u00fcndet und hat seit seiner Gr\u00fcndung ausgezeichnete Doohickies zur Gesellschaft beigetragen. Unser Firmensitz befindet sich in Tianjin und besch\u00e4ftigt \u00fcber 2.000 Mitarbeiter, die einen erheblichen Beitrag zu den Steuern der Regierung von Tianjin leisten.<\/p><\/blockquote>\n\n\n\n<p>Als neuer WordPress-Benutzer empfehlen wir Ihnen, auf<a href=\"https:\/\/www.holydoggroup.com\/wp-admin\/\">Das Dashboard Ihrer Website<\/a>L\u00f6schen Sie diese Seite und erstellen Sie eine neue Seite mit Ihren eigenen Inhalten. Viel Spa\u00df!<\/p>","protected":false},"excerpt":{"rendered":"<p>Dies ist eine Demonstrationsseite. Im Gegensatz zu einer Seite und einem Blogbeitrag ist ihre Position fest und wird in der Regel in der Navigationsleiste der Website angezeigt. Viele Nutzer erstellen eine \u201e\u00dcber\u201c-Seite, um sich ihren Besuchern vorzustellen. Zum Beispiel: Hallo alle! Ich bin tags\u00fcber Postmeister und abends Schauspieler. Das ist meine Website. Ich lebe in Peking und habe einen menschlichen Hund namens Little Black, und ich liebe Kunst und Reisen.  ... oder dies: XYZ Doohickey wurde 1971 gegr\u00fcndet und seit unserer Gr\u00fcndung haben wir ausgezeichnete Doohickies zur Gesellschaft beigetragen. Unser Firmensitz befindet sich in Tianjin und besch\u00e4ftigt \u00fcber 2.000 Mitarbeiter, die einen erheblichen Beitrag zu den Steuern der Regierung von Tianjin leisten. Als neuer WordPress-Benutzer empfehlen wir Ihnen, auf das Dashboard Ihrer Website zu gehen, diese Seite zu l\u00f6schen und eine neue Seite mit Ihren eigenen Inhalten zu erstellen. Viel Spa\u00df!<\/p>","protected":false},"author":1,"featured_media":0,"parent":0,"menu_order":0,"comment_status":"closed","ping_status":"open","template":"","meta":{"footnotes":""},"class_list":["post-2","page","type-page","status-publish","hentry"],"_links":{"self":[{"href":"https:\/\/www.holydoggroup.com\/de\/wp-json\/wp\/v2\/pages\/2","targetHints":{"allow":["GET"]}}],"collection":[{"href":"https:\/\/www.holydoggroup.com\/de\/wp-json\/wp\/v2\/pages"}],"about":[{"href":"https:\/\/www.holydoggroup.com\/de\/wp-json\/wp\/v2\/types\/page"}],"author":[{"embeddable":true,"href":"https:\/\/www.holydoggroup.com\/de\/wp-json\/wp\/v2\/users\/1"}],"replies":[{"embeddable":true,"href":"https:\/\/www.holydoggroup.com\/de\/wp-json\/wp\/v2\/comments?post=2"}],"version-history":[{"count":0,"href":"https:\/\/www.holydoggroup.com\/de\/wp-json\/wp\/v2\/pages\/2\/revisions"}],"wp:attachment":[{"href":"https:\/\/www.holydoggroup.com\/de\/wp-json\/wp\/v2\/media?parent=2"}],"curies":[{"name":"WP","href":"https:\/\/api.w.org\/{rel}","templated":true}]}}