{"id":1705,"date":"2026-01-04T13:28:52","date_gmt":"2026-01-04T05:28:52","guid":{"rendered":"https:\/\/www.holydoggroup.com\/?post_type=product&#038;p=1705"},"modified":"2026-01-04T13:28:52","modified_gmt":"2026-01-04T05:28:52","slug":"a011","status":"publish","type":"product","link":"https:\/\/www.holydoggroup.com\/de\/pet-harness\/a011\/","title":{"rendered":"Haltbares, atmungsaktives, Haustier Brust und R\u00fccken Anti-Escape Design Oxford Tuch, ein perfektes Outdoor-Gehwerkzeug f\u00fcr Katzen und Hunde"},"content":{"rendered":"<p><img fetchpriority=\"high\" decoding=\"async\" class=\"aligncenter size-full wp-image-1710\" src=\"https:\/\/www.holydoggroup.com\/wp-content\/uploads\/2026\/01\/5.jpg\" alt=\"\" width=\"1000\" height=\"1000\" srcset=\"https:\/\/www.holydoggroup.com\/wp-content\/uploads\/2026\/01\/5.jpg 1000w, https:\/\/www.holydoggroup.com\/wp-content\/uploads\/2026\/01\/5-300x300.jpg 300w, https:\/\/www.holydoggroup.com\/wp-content\/uploads\/2026\/01\/5-150x150.jpg 150w, https:\/\/www.holydoggroup.com\/wp-content\/uploads\/2026\/01\/5-768x768.jpg 768w, https:\/\/www.holydoggroup.com\/wp-content\/uploads\/2026\/01\/5-600x600.jpg 600w, https:\/\/www.holydoggroup.com\/wp-content\/uploads\/2026\/01\/5-100x100.jpg 100w\" sizes=\"(max-width: 1000px) 100vw, 1000px\" \/><\/p>\n<p><strong>[Grundlegende Einf\u00fchrung]<\/strong><\/p>\n<p>Diese Haustier Brust und R\u00fccken sind sorgf\u00e4ltig aus f\u00fcnf Schichten hochwertiger Materialien gefertigt. Die Au\u00dfenschicht besteht aus 6880D hochdichtem Oxford-Stoff, das kratzfest, verschlei\u00dffest, wasserdicht und fleckfest ist und komplexe Outdoor-Szenarien wie Gras und Sand leicht handhabt. Die innere Schicht besteht aus Sandwich atmungsaktivem Stoff. Die dreidimensionale Maschenstruktur beschleunigt die Luftzirkulation und verhindert, dass sich Haustiere w\u00e4hrend des Trainings verstopft und schwitzt. Die Krafttr\u00e4gerteile sind aus Nachahmungsnylon-starkem Gurt gefertigt, das hohe Zugfestigkeit hat und nicht leicht zu brechen ist. In Kombination mit hochwertigen POM-Schnallen (glattes \u00d6ffnen und Schlie\u00dfen, widerstandsf\u00e4hig gegen Niedertemperaturschl\u00e4ge) und Zinklegierschnallen (rostdicht, korrosionsbest\u00e4ndig und starke Tragf\u00e4higkeit) gew\u00e4hrleistet es umfassend die Sicherheit von Haustieren und die Haltbarkeit des Produktes. Das Gesamtdesign der Brust und des R\u00fcckens entspricht den Kurven des Haustieres&#8217; K\u00f6rper, ohne Gef\u00fchl der Unterdr\u00fcckung. Die Farbabstimmung ist modisch und vielseitig, unter Ber\u00fccksichtigung sowohl der Praktizit\u00e4t als auch der \u00c4sthetik.<\/p>\n<p><strong>\u3010Anwendungsbereich\u3011<\/strong><\/p>\n<p>Es eignet sich f\u00fcr kleine und mittlere Hunde mit einem Gewicht von 5 bis 30 Kilogramm (wie Teddy, Bichon Frise, Corgi, Franz\u00f6sische Bulldogge usw.) und erwachsene Katzen. Es kann in verschiedenen Szenarien wie t\u00e4glichen Haustierwanderungen, Kinderwagen im Freien, Trainingsreisen und kurzen Ausfl\u00fcgen verwendet werden. Es ist nicht geeignet f\u00fcr gro\u00dfe aggressive Hunde oder Haustiere mit \u00fcberm\u00e4\u00dfigem Zugverhalten.<\/p>\n<p>1\u3001Super langlebig: Doppelverst\u00e4rkung von 6880D Oxford-Stoff und Imitation-Nylon-Band, rei\u00dffest und rei\u00dffest, mit einer Lebensdauer, die die der gew\u00f6hnlichen Brust und R\u00fccken weit \u00fcbersteigt.<\/p>\n<p>2\u3001Atmungsaktiv und komfortabel: Das Sandwich&#8217; s atmungsaktive innere Schicht kann Feuchtigkeit und Schwei\u00df absorbieren, um sicherzustellen, dass die Haut nicht&#8217; t auch nach langfristigem Verschlei\u00df verstopft oder ge\u00e4rgert werden.<\/p>\n<p>3\u3001Sicher und stabil: Doppelsperrung mit POM-Schnallen und Zinklegierungsbefestigungen, Anti-Escape-Design, so dass es beruhigender ist, Ihr Haustier f\u00fcr einen Spaziergang zu nehmen.<br \/>\nBequeme Einstellung: Die Brust- und R\u00fcckseiten sind mit Klettverschluss und Gurtverstellungsschl\u00fcsseln ausgestattet, die genau an das Haustier angepasst werden k\u00f6nnen. Gr\u00f6\u00dfe und sind einfach zu tragen.<\/p>\n<p>4\u3001Einfach zu reinigen: Die Oberfl\u00e4che des Oxford-Tuches kann direkt abgewischt werden, und das Ganze kann sanft in der Maschine gewaschen werden. Es trocknet schnell und bleibt sauber und hygienisch.<\/p>\n<p><strong>\u3010Nutzungsmethode\u3011<\/strong><\/p>\n<p>L\u00f6sen Sie die Schnallen, legen Sie das Haustier&#8217; s Brust und R\u00fccken flach, und lassen Sie das Haustier&#8217; s vorderen Gliedma\u00dfen durchlaufen die entsprechenden H\u00fclsenl\u00f6cher. Der Hauptk\u00f6rper der Brust und des R\u00fcckens sollte das Haustier passen&#8217; Brust und R\u00fccken.<br \/>\nStellen Sie die verstellbaren Schnallen auf beiden Seiten, um sicherzustellen, dass die Brust und der R\u00fccken passen das Haustier&#8217; s K\u00f6rper sind aber nicht eng (es ist ratsam, 1-2 Finger einzusetzen).<br \/>\nBefestigen Sie die Snap-Befestigungselemente fest, pr\u00fcfen Sie, ob die Befestigungselemente vollst\u00e4ndig verriegelt sind, und anschlie\u00dfend verbinden Sie das Zugseil f\u00fcr den Gebrauch.<br \/>\nDr\u00fccken Sie beim demontieren beide Seiten des Schlie\u00dfes, um die Brust und den R\u00fccken zu entriegeln und sanft zu entfernen.<\/p>","protected":false},"excerpt":{"rendered":"<p>Diese Haustier Brust und R\u00fccken besteht aus f\u00fcnf hochwertigen Materialien, einschlie\u00dflich 680D Oxford Stoff und Sandwich atmungsaktiven Stoff. Es verf\u00fcgt \u00fcber drei Hauptvorteile: Verschlei\u00dfbest\u00e4ndigkeit, Rei\u00dfbest\u00e4ndigkeit, Atmungsf\u00e4higkeit und Komfort sowie Sicherheit und Stabilit\u00e4t. Entworfen f\u00fcr die Gr\u00f6\u00dfe kleiner und mittlerer Hunde und Katzen, ist es einfach anzupassen und sorgenfrei zu tragen, geeignet f\u00fcr verschiedene Szenarien wie t\u00e4gliche Haustierspazierg\u00e4nge und Outdoor-Ausfl\u00fcge. Die POM-Schlie\u00dfe und die Zinklegierungsschl\u00fcssel bieten doppelten Schutz, um zu verhindern, dass Haustiere freibrechen. Sie sind einfach zu reinigen und zu pflegen, erf\u00fcllen die Aktivit\u00e4tsbed\u00fcrfnisse von Haustieren und machen Haustierbesitzer sich beim Spaziergang wohl f\u00fchlen. Es ist ein unverzichtbares Element f\u00fcr Haustierausfl\u00fcge, das Kosteneffizienz und Praktizit\u00e4t verbindet.<\/p>","protected":false},"featured_media":1706,"comment_status":"closed","ping_status":"closed","template":"","meta":[],"product_brand":[],"product_cat":[20],"product_tag":[],"class_list":{"0":"post-1705","1":"product","2":"type-product","3":"status-publish","4":"has-post-thumbnail","6":"product_cat-pet-harness","8":"first","9":"instock","10":"shipping-taxable","11":"purchasable","12":"product-type-variable"},"_links":{"self":[{"href":"https:\/\/www.holydoggroup.com\/de\/wp-json\/wp\/v2\/product\/1705","targetHints":{"allow":["GET"]}}],"collection":[{"href":"https:\/\/www.holydoggroup.com\/de\/wp-json\/wp\/v2\/product"}],"about":[{"href":"https:\/\/www.holydoggroup.com\/de\/wp-json\/wp\/v2\/types\/product"}],"replies":[{"embeddable":true,"href":"https:\/\/www.holydoggroup.com\/de\/wp-json\/wp\/v2\/comments?post=1705"}],"wp:featuredmedia":[{"embeddable":true,"href":"https:\/\/www.holydoggroup.com\/de\/wp-json\/wp\/v2\/media\/1706"}],"wp:attachment":[{"href":"https:\/\/www.holydoggroup.com\/de\/wp-json\/wp\/v2\/media?parent=1705"}],"wp:term":[{"taxonomy":"product_brand","embeddable":true,"href":"https:\/\/www.holydoggroup.com\/de\/wp-json\/wp\/v2\/product_brand?post=1705"},{"taxonomy":"product_cat","embeddable":true,"href":"https:\/\/www.holydoggroup.com\/de\/wp-json\/wp\/v2\/product_cat?post=1705"},{"taxonomy":"product_tag","embeddable":true,"href":"https:\/\/www.holydoggroup.com\/de\/wp-json\/wp\/v2\/product_tag?post=1705"}],"curies":[{"name":"WP","href":"https:\/\/api.w.org\/{rel}","templated":true}]}}