{"id":1720,"date":"2026-01-04T14:03:35","date_gmt":"2026-01-04T06:03:35","guid":{"rendered":"https:\/\/www.holydoggroup.com\/?post_type=product&#038;p=1720"},"modified":"2026-01-04T14:03:35","modified_gmt":"2026-01-04T06:03:35","slug":"b006","status":"publish","type":"product","link":"https:\/\/www.holydoggroup.com\/de\/pet-harness\/b006\/","title":{"rendered":"Das Haustier&#8217; s Brust und R\u00fccken sind aus verschlei\u00dffestem Vliesstoff aus Polyester in Grau, Schwarz und Marineblau, mit atmungsaktiven doppelten Sicherheitsschl\u00fcsseln f\u00fcr einen beruhigenden Spaziergang"},"content":{"rendered":"<p><img fetchpriority=\"high\" decoding=\"async\" class=\"size-full wp-image-1725 alignnone\" src=\"https:\/\/www.holydoggroup.com\/wp-content\/uploads\/2026\/01\/5-1.jpg\" alt=\"\" width=\"1000\" height=\"1000\" srcset=\"https:\/\/www.holydoggroup.com\/wp-content\/uploads\/2026\/01\/5-1.jpg 1000w, https:\/\/www.holydoggroup.com\/wp-content\/uploads\/2026\/01\/5-1-300x300.jpg 300w, https:\/\/www.holydoggroup.com\/wp-content\/uploads\/2026\/01\/5-1-150x150.jpg 150w, https:\/\/www.holydoggroup.com\/wp-content\/uploads\/2026\/01\/5-1-768x768.jpg 768w, https:\/\/www.holydoggroup.com\/wp-content\/uploads\/2026\/01\/5-1-600x600.jpg 600w, https:\/\/www.holydoggroup.com\/wp-content\/uploads\/2026\/01\/5-1-100x100.jpg 100w\" sizes=\"(max-width: 1000px) 100vw, 1000px\" \/><\/p>\n<p>&nbsp;<\/p>\n<p><strong>[Grundlegende Einf\u00fchrung]<\/strong><\/p>\n<p>Diese Haustier Brust und R\u00fccken ist mit sorgf\u00e4ltiger Qualit\u00e4t und Handwerkskunst gefertigt. Das \u00e4u\u00dfere Gewebe besteht aus hochfestem Polyester, das eine ausgezeichnete Kratzbest\u00e4ndigkeit, Verschlei\u00dfbest\u00e4ndigkeit und Faltenschutzleistung hat und die Verschlei\u00dftests in verschiedenen Szenarien wie t\u00e4glichen Haustierspazierg\u00e4ngen und Outdoor-Ausfl\u00fcgen leicht erf\u00fcllt. Das Futter besteht aus hochwertigem Vliesstoff, das nicht nur feuchtigkeitsdicht und atmungsaktiv ist, sondern auch die umweltfreundlichen Eigenschaften hat, flexibel, leicht, nicht brennbar und leicht zu zersetzen. Es passt zum Haustier&#8217; s Haut gut ohne Reizung und ist bequemer zu tragen f\u00fcr eine lange Zeit. Die Schl\u00fcsselkraftlagerteile nehmen Nachahmung Nylon starkes Band, das eine hohe Zugfestigkeit hat und nicht einfach zu brechen oder zu verformen ist. Es ist mit hochwertigen POM-Schnallen ausgestattet, die sich reibungslos und flexibel \u00f6ffnen und schlie\u00dfen und gegen Niedertemperaturschl\u00e4ge best\u00e4ndig sind, ohne leicht zu rissen. Erg\u00e4nzt mit Zinklegierungsbefestigungen ist es rostdicht, korrosionsbest\u00e4ndig und hat eine starke Tragf\u00e4higkeit. Die Kombination mehrerer Materialien gew\u00e4hrleistet die Sicherheit von Haustieren, die sie tragen, und die Haltbarkeit des Produktes. Das Produkt ist in drei klassischen Farbschema erh\u00e4ltlich: grau, schwarz und marineblau. Es ist einfach, elegant und vielseitig, geeignet f\u00fcr verschiedene Haustierpelze und den Besitzer&#8217; \u00c4sthetische Pr\u00e4ferenzen und ber\u00fccksichtigt sowohl die Praktizit\u00e4t als auch das Erscheinungsbild.<\/p>\n<p><strong>[Anwendungsbereich]<\/strong><\/p>\n<p>Es eignet sich f\u00fcr kleine und mittlere Hunde mit einem Gewicht von 3 bis 35 Kilogramm (wie Teddy, Bichon Frise, Corgi, Franz\u00f6sische Bulldog, Shiba Inu usw.) und erwachsene Katzen und kann in verschiedenen Szenarien wie t\u00e4glichem Haustierwandern, Spazierg\u00e4ngen im Freien, kurzen Ausfl\u00fcgen und Grundtraining verwendet werden.<\/p>\n<p>Warme Erinnerung: Nicht geeignet f\u00fcr gro\u00dfe aggressive Hunde oder Haustiere mit \u00fcberm\u00e4\u00dfigem Zugverhalten.<\/p>\n<p>1. Hochwertige Materialien, langlebig und umweltfreundlich: Das hochfeste Polyester-Au\u00dfengewebe ist kratzfest und verschlei\u00dffest, w\u00e4hrend das nicht gewebte Innengewebe feuchtigkeitsdicht, atmungsaktiv und umweltfreundlich ist. Es gew\u00e4hrleistet sowohl Haltbarkeit als auch Komfort f\u00fcr Haustiere zu tragen.<\/p>\n<p>2. Sicher und stabil, Anti-Flucht: Das starke Nylonband ist zug- und rei\u00dfbest\u00e4ndig. Es ist mit hochwertigen POM-Schnallen und Zinklegierungsbefestigungen zur Doppelverriegelung ausgestattet. Es ist einfach zu \u00f6ffnen und zu schlie\u00dfen, stabil und entfluchtschutz, so dass Sie sich wohl f\u00fchlen, wenn Sie Ihr Haustier spazieren gehen.<\/p>\n<p>3. Bequeme Passform, kein Druck: Das Vliesstofffutter ist weich und hautfreundlich. Das Gesamtdesign ist auf die K\u00f6rperform kleiner und mittlerer Haustiere zugeschnitten und entspricht den K\u00f6rperkurven. Es gibt kein Gef\u00fchl der Zur\u00fcckhaltung beim Tragen, um Reibung am Haustier zu vermeiden&#8217; s Haut.<\/p>\n<p>4. Bequeme Anpassung und Sorgenfreies Tragen: Es gibt Gurtanpassungsschl\u00fcsseln auf beiden Seiten der Brust und des R\u00fcckens, die genau an das Haustier angepasst werden k\u00f6nnen; Gr\u00f6\u00dfe S. Der Verstellbereich ist breit, und es ist einfach und effizient zu tragen und zu entfernen. Auch Anf\u00e4nger k\u00f6nnen es einfach bedienen.<\/p>\n<p>5. Klassisch und vielseitig, leicht zu reinigen: Die drei grundlegenden Farbserien sind f\u00fcr verschiedene Szenarien geeignet. Das Polyester-Oberfl\u00e4chengewebe ist einfach zu pflegen. T\u00e4gliche Flecken k\u00f6nnen direkt mit einem feuchten Tuch oder sanft von Hand gewaschen werden. Es trocknet schnell und h\u00e4lt sauber und hygienisch.<\/p>\n<p><strong>\u3010Nutzungsmethode\u3011<\/strong><\/p>\n<p>L\u00f6sen Sie die Schnallen, verbreiten Sie die Brust und den R\u00fccken flach und f\u00fchren Sie das Haustier&#8217; s vorderen Gliedma\u00dfen durch die beiden entsprechenden \u00c4rmell\u00f6cher auf der Brust und R\u00fccken, um den Hauptk\u00f6rper der Brust und R\u00fccken passen die Position des Haustieres&#8217; Brust und R\u00fccken.<\/p>\n<p>2. Stellen Sie die Bandverstellschnallen auf beiden Seiten der Brust und R\u00fccken jeweils auf eine geeignete Dichtheit (ausreichend f\u00fcr 1-2 Finger, die eingesetzt werden), um sicherzustellen, dass sie zum Haustier passen; s K\u00f6rper, aber sind nicht eng, um zu vermeiden, das Tier zu beeinflussen&#8217; S Bewegung.<\/p>\n<p>3. Befestigen Sie die POM-Verriegelung fest, ziehen Sie sanft, um zu \u00fcberpr\u00fcfen, ob die Verriegelung vollst\u00e4ndig mit der Zinklegierungsschnalle gesperrt ist. Nachdem Sie best\u00e4tigt haben, dass keine Fehler vorliegen, verbinden Sie das Zugseil mit der Zinklegierungsschl\u00fcssel und es ist einsatzbereit.<\/p>\n<p>4. Nach dem Gebrauch dr\u00fccken Sie beide Seiten des POM-Schlie\u00dfes, um es zu entriegeln, und entfernen Sie langsam die Brust und den R\u00fccken, um zu vermeiden, das Haustier zu ziehen; S Pelz.<\/p>\n<p><strong>&#8220; H\u00e4ufig gestellte Fragen&#8221;<\/strong><\/p>\n<p>Q1: Wie w\u00e4hlen Sie die richtige Gr\u00f6\u00dfe f\u00fcr Ihr Haustier?<\/p>\n<p>A: Es wird empfohlen, zuerst auf die &#8220; Gewicht &#8211; Brustumfang &#8211; Gr\u00f6\u00dfe&#8221; Vergleichstabelle auf der Produktdetailseite, und machen Sie eine Wahl basierend auf dem tats\u00e4chlichen Gewicht und Brustumfang des Haustieres. Wenn das Haustier eines &#8220; \u00dcbergewicht&#8221;  or &#8220; Untergewicht&#8221; K\u00f6rpertyp, die Gr\u00f6\u00dfe kann auf der Grundlage der Brustumfangsdaten leicht angepasst werden, und ein verstellbarer Gurt kann f\u00fcr eine weitere Anpassung verwendet werden.<\/p>\n<p>Q2: Kann diese Brust und R\u00fccken maschinell gewaschen werden?<\/p>\n<p>A: Maschinenwaschen wird nicht empfohlen, um Verformungen und Sch\u00e4den an den Gurten und Befestigungsmitteln zu vermeiden, die durch eine hohe Drehgeschwindigkeit verursacht werden. F\u00fcr die t\u00e4gliche Reinigung wird empfohlen, die Flecken mit einem feuchten Tuch zu wischen. Wenn es sehr schmutzig ist, k\u00f6nnen Sie es sanft mit einem neutralen Waschmittel handwaschen. Die Wassertemperatur sollte 30 \u00b0 C nicht \u00fcberschreiten. Nach dem Waschen lassen Sie es nat\u00fcrlich trocknen. Exponieren Sie es nicht dem direkten Sonnenlicht, um das Produkt zu verl\u00e4ngern&#8217; s Lebensdauer.<\/p>\n<p>Q3: Werden Haustiere Schwitzen und Beschwerden haben, wenn sie es lange tragen?<\/p>\n<p>A: Nein. Das innere Gewebe besteht aus atmungsaktivem Vliesstoff, das die Luftzirkulation beschleunigen, Feuchtigkeit und Schwei\u00df absorbieren und effektiv Schwei\u00dfretention vermeiden kann. Dar\u00fcber hinaus passt das Design zum Haustier&#8217; s K\u00f6rper perfekt ohne Druck zu verursachen. Das Tragen w\u00e4hrend t\u00e4glicher Spazierg\u00e4nge (es wird empfohlen, nicht mehr als 2 Stunden zu \u00fcberschreiten) wird keine Beschwerden verursachen. Es wird empfohlen, es sofort nach der R\u00fcckkehr nach Hause zu entfernen, damit sich das Haustier entspannen kann.<\/p>\n<p>Q4: Sind die Texturen der Materialien in den drei Farben konsistent?<\/p>\n<p>A: Konsistent. Die grauen, schwarzen und marineblauen Farben verwenden alle die gleiche Spezifikation von hochfestem Polyester-Oberfl\u00e4chengewebe, Vliesfutter und passenden Gurten und Befestigungsmitteln. Nur die Farben sind anders, aber die Textur und Haltbarkeit sind genau die gleichen. Sie k\u00f6nnen nach Ihren pers\u00f6nlichen Vorlieben und der Farbe Ihres Haustieres w\u00e4hlen&#8217; S Pelz.<\/p>","protected":false},"excerpt":{"rendered":"<table style=\"height: 92px; width: 100%; border-collapse: collapse; border-color: #eef0bb; background-color: #f2f2f2;\">\n<tbody>\n<tr style=\"height: 23px;\">\n<td style=\"width: 25%; height: 23px; text-align: center;\">Gr\u00f6\u00dfe<\/td>\n<td style=\"width: 25%; height: 23px; text-align: center;\">Halsumfang (cm)<\/td>\n<td style=\"width: 25%; height: 23px; text-align: center;\">Brust Umfang (cm)<\/td>\n<td style=\"width: 25%; height: 23px; text-align: center;\">Gewicht (kg)<\/td>\n<\/tr>\n<tr style=\"height: 23px;\">\n<td style=\"width: 25%; height: 23px; text-align: center;\">XXS<\/td>\n<td style=\"width: 25%; height: 23px; text-align: center;\">21-28<\/td>\n<td style=\"width: 25%; height: 23px; text-align: center;\">26-34<\/td>\n<td style=\"width: 25%; height: 23px; text-align: center;\">0.5-3<\/td>\n<\/tr>\n<tr style=\"height: 23px;\">\n<td style=\"width: 25%; height: 23px; text-align: center;\">XS<\/td>\n<td style=\"width: 25%; height: 23px; text-align: center;\">28-35<\/td>\n<td style=\"width: 25%; height: 23px; text-align: center;\">31-42<\/td>\n<td style=\"width: 25%; height: 23px; text-align: center;\">2-5<\/td>\n<\/tr>\n<tr style=\"height: 23px;\">\n<td style=\"width: 25%; height: 23px; text-align: center;\">S<\/td>\n<td style=\"width: 25%; height: 23px; text-align: center;\">31-42<\/td>\n<td style=\"width: 25%; height: 23px; text-align: center;\">45-60<\/td>\n<td style=\"width: 25%; height: 23px; text-align: center;\">6-15<\/td>\n<\/tr>\n<\/tbody>\n<\/table>\n<p>Dieses Haustier Brust und R\u00fccken Design verf\u00fcgt \u00fcber eine sorgf\u00e4ltig ausgew\u00e4hlte hochfeste Polyester Oberfl\u00e4che Stoff und atmungsaktives Vliesfutter Stoff. Es ist gepaart mit Imitation-Nylon-Band, POM-Schnallen und Zinklegierungsbefestigungen, die die Vorteile bieten, verschlei\u00dffeste und langlebige, sichere und widerstandsf\u00e4hige gegen Bruchfreiheit und komfortable und atmungsaktive zu sein. Geeignet f\u00fcr kleine und mittlere Hunde und Katzen, kann es in mehreren Szenarien verwendet werden. Es ist einfach zu verstellen und zu reinigen und ist in drei Farben erh\u00e4ltlich: grau, schwarz, marineblau und blau. Durch die Balance zwischen Praktizit\u00e4t und \u00e4sthetischer Attraktivit\u00e4t erm\u00f6glicht es Haustierbesitzern, ihre Haustiere mit Ruhe zu spazieren zu gehen und gew\u00e4hrleistet Komfort f\u00fcr Haustiere zu tragen. Es ist ein unverzichtbares hochwertiges Produkt f\u00fcr Haustierausfl\u00fcge.<\/p>","protected":false},"featured_media":1721,"comment_status":"closed","ping_status":"closed","template":"","meta":[],"product_brand":[],"product_cat":[20],"product_tag":[],"class_list":{"0":"post-1720","1":"product","2":"type-product","3":"status-publish","4":"has-post-thumbnail","6":"product_cat-pet-harness","8":"first","9":"instock","10":"shipping-taxable","11":"purchasable","12":"product-type-variable"},"_links":{"self":[{"href":"https:\/\/www.holydoggroup.com\/de\/wp-json\/wp\/v2\/product\/1720","targetHints":{"allow":["GET"]}}],"collection":[{"href":"https:\/\/www.holydoggroup.com\/de\/wp-json\/wp\/v2\/product"}],"about":[{"href":"https:\/\/www.holydoggroup.com\/de\/wp-json\/wp\/v2\/types\/product"}],"replies":[{"embeddable":true,"href":"https:\/\/www.holydoggroup.com\/de\/wp-json\/wp\/v2\/comments?post=1720"}],"wp:featuredmedia":[{"embeddable":true,"href":"https:\/\/www.holydoggroup.com\/de\/wp-json\/wp\/v2\/media\/1721"}],"wp:attachment":[{"href":"https:\/\/www.holydoggroup.com\/de\/wp-json\/wp\/v2\/media?parent=1720"}],"wp:term":[{"taxonomy":"product_brand","embeddable":true,"href":"https:\/\/www.holydoggroup.com\/de\/wp-json\/wp\/v2\/product_brand?post=1720"},{"taxonomy":"product_cat","embeddable":true,"href":"https:\/\/www.holydoggroup.com\/de\/wp-json\/wp\/v2\/product_cat?post=1720"},{"taxonomy":"product_tag","embeddable":true,"href":"https:\/\/www.holydoggroup.com\/de\/wp-json\/wp\/v2\/product_tag?post=1720"}],"curies":[{"name":"WP","href":"https:\/\/api.w.org\/{rel}","templated":true}]}}