{"id":1777,"date":"2026-01-05T10:39:46","date_gmt":"2026-01-05T02:39:46","guid":{"rendered":"https:\/\/www.holydoggroup.com\/?post_type=product&#038;p=1777"},"modified":"2026-01-05T10:39:46","modified_gmt":"2026-01-05T02:39:46","slug":"pet-chest-and-back-diving-fabric-for-insulation-and-shock-absorption-double-locking-outdoor-travel-essential","status":"publish","type":"product","link":"https:\/\/www.holydoggroup.com\/de\/pet-harness\/pet-chest-and-back-diving-fabric-for-insulation-and-shock-absorption-double-locking-outdoor-travel-essential\/","title":{"rendered":"Haustier Brust und R\u00fccken &#8211; Tauchstoff f\u00fcr Isolierung und Sto\u00dfd\u00e4mpfung &#8211; Doppelsperrung &#8211; Outdoor Reisen Essential"},"content":{"rendered":"<p><img fetchpriority=\"high\" decoding=\"async\" class=\"aligncenter wp-image-1781\" src=\"https:\/\/www.holydoggroup.com\/wp-content\/uploads\/2026\/01\/4-4.jpg\" alt=\"\" width=\"598\" height=\"598\" srcset=\"https:\/\/www.holydoggroup.com\/wp-content\/uploads\/2026\/01\/4-4.jpg 1000w, https:\/\/www.holydoggroup.com\/wp-content\/uploads\/2026\/01\/4-4-300x300.jpg 300w, https:\/\/www.holydoggroup.com\/wp-content\/uploads\/2026\/01\/4-4-150x150.jpg 150w, https:\/\/www.holydoggroup.com\/wp-content\/uploads\/2026\/01\/4-4-768x768.jpg 768w, https:\/\/www.holydoggroup.com\/wp-content\/uploads\/2026\/01\/4-4-600x600.jpg 600w, https:\/\/www.holydoggroup.com\/wp-content\/uploads\/2026\/01\/4-4-100x100.jpg 100w\" sizes=\"(max-width: 598px) 100vw, 598px\" \/><\/p>\n<p><strong>[Grundlegende Einf\u00fchrung]<\/strong><br \/>\nDieses Haustier Brust und R\u00fccken Produkt konzentriert sich auf die Kernpositionierung von &#8220; komfortabler Schutz bei allen Wetterbedingungen&#8221; Es ist vollst\u00e4ndig aus hochwertigem Tauchgewebe gefertigt und verf\u00fcgt \u00fcber drei Funktionen der Isolierung, der Sto\u00dfd\u00e4mpfung und der hohen Elastizit\u00e4t. Die Ber\u00fchrung ist weich und hautfreundlich, und wenn es zum Haustier passt&#8217; s K\u00f6rperkurve, kann es effektiv den Einfluss der Bewegung puffern und das Unbehagen des Ziehens reduzieren. Selbst in kalten Jahreszeiten wie Herbst und Winter, kann es sanfte W\u00e4rme f\u00fcr das Haustier&#8217; Brust und R\u00fccken, um zu verhindern, dass sie eine Erk\u00e4ltung bekommen. Die Beanspruchungsbereiche sind durch eingebettete Nylon-\u00e4hnliche starke Bande mit ausgezeichneter Zugfestigkeit verst\u00e4rkt. In Kombination mit hochwertigen POM-Schnappfestitteln und Zinklegierschnallen bildet es eine doppelte Sicherheitssperre. Die Snap-Befestigungen \u00f6ffnen und schlie\u00dfen sich reibungslos ohne Kleben, sind niedrigen Temperaturen widerstandsf\u00e4hig und nicht anf\u00e4llig f\u00fcr Risse. Die Schnallen sind rostdicht und korrosionsbest\u00e4ndig, haben eine starke Tragf\u00e4higkeit und bieten umfassenden Schutz vor versehentlichen Haustieren. Das Produkt kommt in zwei klassischen Farbschema: grau und rotbraun. Es hat eine einfache und elegante Textur, geeignet f\u00fcr die Haarfarbe verschiedener Haustierrassen, die Praktizit\u00e4t und \u00c4sthetik ausgleichen und die vielf\u00e4ltigen Bed\u00fcrfnisse der Haustierbesitzer f\u00fcr t\u00e4gliche und Outdoor-Haustierspazierg\u00e4nge erf\u00fcllen.<br \/>\n<strong>[Anwendungsbereich]<\/strong><br \/>\nGeeignet f\u00fcr mittelgro\u00dfe und kleine Hunde mit einem Gewicht von 3-35 kg (wie Teddyhunde, Bichon Frise, Corgis, Franz\u00f6sische Bulldoggen, Shiba Inus, Schnauzer usw.) und erwachsene Katzen. Es kann in verschiedenen Szenarien wie t\u00e4gliche Haustierwanderungen, Winterschutz f\u00fcr Ausfl\u00fcge, Wanderungen im Freien, kurze Ausfl\u00fcge, Grundtraining, leichtes Wassererkundungsspiel usw. verwendet werden. Achtung: Nicht geeignet f\u00fcr gro\u00dfe aggressive Hunde oder Haustiere mit intensivem Zugverhalten.<br \/>\n<strong>[Hauptverkaufspunkte]<\/strong><br \/>\nHauptvorteile des Tauchgewebes: Es hat die Eigenschaften der Isolierung, Sto\u00dfd\u00e4mpfung und hoher Elastizit\u00e4t. Es ist weich, hautfreundlich und nicht reizend. Es kann die Zugkraft w\u00e4hrend der \u00dcbung puffern und die Haut im Herbst und Winter warm halten, ohne K\u00e4lter zu verursachen. Es eignet sich f\u00fcr den Einsatz in mehreren Jahreszeiten.<br \/>\n2. Au\u00dfergew\u00f6hnlich starke und stabile rutschfeste Funktion: Das Nylon-\u00e4hnliche starke Gurt ist sehr widerstandsf\u00e4hig gegen Dehnung und Rei\u00dfen. Es wird durch ein POM-hochwertiges Schnappfestiegel und eine Zinklegierungsschl\u00fcssel f\u00fcr die Doppelsperrung erg\u00e4nzt, die eine stabile Struktur gew\u00e4hrleistet und w\u00e4hrend der Reise mehr Ruhe bietet.<br \/>\n3. Bequem und gem\u00fctlich ohne Last: Der hochelastische Stoff ist f\u00fcr das Haustier geeignet; s Bewegungshaltung, die die K\u00f6rperkurve anpasst, ohne die Brust zu klemmen oder die Haut zu reiben. Auch nach l\u00e4ngerem Verschlei\u00df wird sich das Haustier nicht unangenehm f\u00fchlen.<br \/>\n4. Praktisch und einfach f\u00fcr den Betrieb anzupassen: Beide Seiten der Brust und R\u00fccken sind mit verstellbaren Gurten ausgestattet. Der Verstellbereich ist breit und erm\u00f6glicht eine pr\u00e4zise Passform f\u00fcr Haustiere verschiedener K\u00f6rpertypen. Der Trag- und Entfernungsprozess ist einfach, so dass es f\u00fcr Anf\u00e4nger Haustierbesitzer einfach zu verwenden ist.<br \/>\n5. Langlebig und einfach zu reinigen: Zwei Farboptionen &#8211; grau und rotbraun &#8211; sind fleckbest\u00e4ndig. Die Oberfl\u00e4che des Tauchstoffes ist glatt. T\u00e4gliche Flecken k\u00f6nnen mit einem feuchten Tuch gereinigt werden. Kleinere Schmutz kann sanft von Hand gewaschen und schnell getrocknet werden.<br \/>\n<strong>\u3010Nutzungsmethode\u3011<\/strong><br \/>\nDr\u00fccken Sie die beiden Seiten des POM-Snap-Befestigungsmittels, um es zu entriegeln. F\u00fchren Sie das Haustier&#8217; s vorderen Gliedma\u00dfen durch die beiden entsprechenden \u00c4rmel auf der Brust-R\u00fccken, so dass der Hauptk\u00f6rper der Brust-R\u00fccken passt gut an das Haustier&#8217; Brust und R\u00fccken.<br \/>\n2. Verstellen Sie die elastischen B\u00e4nder sowohl auf der Vorder- als auch auf der R\u00fcckseite separat, bis die Dichtheit genau richtig ist (so dass ein bis zwei Finger leicht durchpassen k\u00f6nnen). Stellen Sie sicher, dass es sich gut gegen den K\u00f6rper passt, ohne das Haustier zu behindern&#8217; S Bewegung.<br \/>\n3. Ziehen Sie den POM-Snapfverschluss an, ziehen Sie vorsichtig, um zu \u00fcberpr\u00fcfen, ob der Snapfverschluss mit dem Zinklegierungsclip vollst\u00e4ndig gesperrt ist. Sobald best\u00e4tigt, dass es korrekt ist, verbinden Sie das Zugseil mit dem Zinklegierclip und es kann verwendet werden.<br \/>\n4. Nach dem Gebrauch dr\u00fccken Sie das POM-Snap-Schloss erneut, um zu entriegeln, entfernen Sie dann langsam den Haustiertr\u00e4ger. Achten Sie darauf, das Ziehen des Haustieres zu vermeiden&#8217; S Pelz.<br \/>\n<strong>[H\u00e4ufig gestellte Fragen]<\/strong><br \/>\nQ1: Wie w\u00e4hlen Sie die passende Gr\u00f6\u00dfe f\u00fcr Ihr Haustier?<br \/>\nA: Es wird empfohlen, zuerst auf die &#8220; Gewicht-Umfang-Gr\u00f6\u00dfen&#8221; Vergleichstabelle auf der Produktdetailseite. Die Kerngrundlage f\u00fcr die Auswahl ist das Haustier&#8217; s Umfangsdaten. Wenn das Haustier \u00fcbergewichtig oder untergewichtig ist, kann die Gr\u00f6\u00dfe basierend auf dem Gewicht angepasst werden, und das verstellbare Gurt kann f\u00fcr eine weitere Anpassung verwendet werden, um eine komfortable Passform und keine St\u00f6rungen der Aktivit\u00e4ten zu gew\u00e4hrleisten.<br \/>\nQ2: F\u00fcr welche Jahreszeiten sind die Isolationseigenschaften des Tauchstoffes geeignet?<br \/>\nA: Es ist besser geeignet f\u00fcr den Gebrauch im Fr\u00fchjahr, Herbst und Winter, wenn das Wetter etwas k\u00fchl ist. Es kann effektiv halten das Haustier&#8217; Vitale Teile sind warm. W\u00e4hrend hei\u00dfer Sommertage wird empfohlen, die Tragezeit zu verk\u00fcrzen (nicht mehr als 1 Stunde pro Zeit) oder nur in den k\u00fchlen Morgen- und Abendperioden zu verwenden, um \u00fcberm\u00e4\u00dfige Hitze zu vermeiden.<br \/>\nQ3: Kann diese Brusttasche maschinell gewaschen werden?<br \/>\nA: Es wird nicht empfohlen, Maschinenwasche zu machen. Vermeiden Sie eine hohe Drehgeschwindigkeit, da dies dazu f\u00fchren kann, dass sich die Stoffstreifen verformen und die Schnappfestiegel besch\u00e4digt werden. F\u00fcr die t\u00e4gliche Reinigung verwenden Sie ein feuchtes Tuch, um Flecken abzuwischen. F\u00fcr schmutzigere Bereiche ist sanftes Handwaschen akzeptabel. Verwenden Sie ein neutrales Waschmittel und halten Sie die Wassertemperatur unter 30 \u2103. Nach dem Waschen lassen Sie es nat\u00fcrlich trocknen. Vermeiden Sie direkte Sonneneinstrahlung, da es helfen wird, das Produkt zu verl\u00e4ngern&#8217; s Lebensdauer.<br \/>\nQ4: Verliert der dehnbare Stoff seine Elastizit\u00e4t nach langer Verwendung?<br \/>\nA: Es besteht aus hochwertigem Tauchstoff mit ausgezeichneter Elastizit\u00e4tsrekurve. Unter normalem Gebrauch wird es unwahrscheinlich locker oder verformt. Vermeiden Sie w\u00e4hrend des t\u00e4glichen Gebrauchs l\u00e4ngere Exposition gegen\u00fcber direktem Sonnenlicht und hohen Temperaturen und ziehen Sie den Stoff nicht zwangsl\u00e4ufig an. Es kann eine gute Elastizit\u00e4t f\u00fcr eine lange Zeit aufrechterhalten.<\/p>","protected":false},"excerpt":{"rendered":"<table style=\"border-collapse: collapse; width: 552.02pt; background-color: #f5f4d0;\" border=\"0\" width=\"552.02pt\" cellspacing=\"0\" cellpadding=\"0\">\n<tbody>\n<tr style=\"height: 18.75pt;\">\n<td class=\"et2\" style=\"height: 18.75pt; width: 138.05pt; text-align: center;\" width=\"184\" height=\"25\"><strong>Gr\u00f6\u00dfe<\/strong><\/td>\n<td class=\"et2\" style=\"width: 138.05pt; text-align: center;\" width=\"184\"><strong>Halsumfang (cm)<\/strong><\/td>\n<td class=\"et2\" style=\"width: 138.05pt; text-align: center;\" width=\"184\"><strong>Brust Umfang (cm)<\/strong><\/td>\n<td class=\"et2\" style=\"width: 138.05pt; text-align: center;\" width=\"184\"><strong>Gewicht (kg)<\/strong><\/td>\n<\/tr>\n<tr style=\"height: 18.00pt;\">\n<td class=\"et3\" style=\"height: 18pt; text-align: center;\" height=\"24\"><strong>S<\/strong><\/td>\n<td class=\"et4\" style=\"text-align: center;\"><strong>37-48\u339d<\/strong><\/td>\n<td class=\"et4\" style=\"text-align: center;\"><strong>48-59\u339d<\/strong><\/td>\n<td class=\"et5\" style=\"text-align: center;\"><strong>4-8<\/strong><\/td>\n<\/tr>\n<tr style=\"height: 18.00pt;\">\n<td class=\"et3\" style=\"height: 18pt; text-align: center;\" height=\"24\"><strong>M<\/strong><\/td>\n<td class=\"et4\" style=\"text-align: center;\"><strong>44-61\u339d<\/strong><\/td>\n<td class=\"et4\" style=\"text-align: center;\"><strong>56-75\u339d<\/strong><\/td>\n<td class=\"et6\" style=\"text-align: center;\"><strong>8~16<\/strong><\/td>\n<\/tr>\n<tr style=\"height: 18.00pt;\">\n<td class=\"et3\" style=\"height: 18pt; text-align: center;\" height=\"24\"><strong>L<\/strong><\/td>\n<td class=\"et4\" style=\"text-align: center;\"><strong>48-67\u339d<\/strong><\/td>\n<td class=\"et4\" style=\"text-align: center;\"><strong>67-89\u339d<\/strong><\/td>\n<td class=\"et3\" style=\"text-align: center;\"><strong>16-32<\/strong><\/td>\n<\/tr>\n<\/tbody>\n<\/table>\n<p>Diese Haustierweste besteht aus hochwertigem Tauchstoff mit Isolierung, Sto\u00dfd\u00e4mpfung und hoher Elastizit\u00e4t. Es ist mit Nylon-Imitationsgurten und doppelten Sicherheitsschl\u00fcsseln ausgestattet, die eine Stabilit\u00e4t gegen Rutschen und eine komfortable Passform gew\u00e4hrleisten. Es eignet sich f\u00fcr kleine und mittlere Hunde und Katzen und kann in verschiedenen Szenarien verwendet werden. Die Anpassung ist bequem. Wir bieten eine klassische graue und rotbraune Version an, die einfach zu reinigen und zu pflegen ist und Praktizit\u00e4t und Aussehen in Einklang bringt. Es ist eine ausgezeichnete Wahl f\u00fcr Haustiere&#8217; t\u00e4glicher Gebrauch und f\u00fcr Outdoor-Aktivit\u00e4ten im Herbst und Winter.<\/p>","protected":false},"featured_media":1778,"comment_status":"closed","ping_status":"closed","template":"","meta":[],"product_brand":[],"product_cat":[20],"product_tag":[],"class_list":{"0":"post-1777","1":"product","2":"type-product","3":"status-publish","4":"has-post-thumbnail","6":"product_cat-pet-harness","8":"first","9":"instock","10":"shipping-taxable","11":"purchasable","12":"product-type-variable"},"_links":{"self":[{"href":"https:\/\/www.holydoggroup.com\/de\/wp-json\/wp\/v2\/product\/1777","targetHints":{"allow":["GET"]}}],"collection":[{"href":"https:\/\/www.holydoggroup.com\/de\/wp-json\/wp\/v2\/product"}],"about":[{"href":"https:\/\/www.holydoggroup.com\/de\/wp-json\/wp\/v2\/types\/product"}],"replies":[{"embeddable":true,"href":"https:\/\/www.holydoggroup.com\/de\/wp-json\/wp\/v2\/comments?post=1777"}],"wp:featuredmedia":[{"embeddable":true,"href":"https:\/\/www.holydoggroup.com\/de\/wp-json\/wp\/v2\/media\/1778"}],"wp:attachment":[{"href":"https:\/\/www.holydoggroup.com\/de\/wp-json\/wp\/v2\/media?parent=1777"}],"wp:term":[{"taxonomy":"product_brand","embeddable":true,"href":"https:\/\/www.holydoggroup.com\/de\/wp-json\/wp\/v2\/product_brand?post=1777"},{"taxonomy":"product_cat","embeddable":true,"href":"https:\/\/www.holydoggroup.com\/de\/wp-json\/wp\/v2\/product_cat?post=1777"},{"taxonomy":"product_tag","embeddable":true,"href":"https:\/\/www.holydoggroup.com\/de\/wp-json\/wp\/v2\/product_tag?post=1777"}],"curies":[{"name":"WP","href":"https:\/\/api.w.org\/{rel}","templated":true}]}}