{"id":1792,"date":"2026-01-05T11:01:25","date_gmt":"2026-01-05T03:01:25","guid":{"rendered":"https:\/\/www.holydoggroup.com\/?post_type=product&#038;p=1792"},"modified":"2026-01-06T09:07:04","modified_gmt":"2026-01-06T01:07:04","slug":"b011","status":"publish","type":"product","link":"https:\/\/www.holydoggroup.com\/de\/pet-harness\/b011\/","title":{"rendered":"Haustier Brust Harness &#8211; Nylon\u00e4hnlicher Stoff mit eingebautem reflektierendem Material &#8211; Nachtsicherheit Haustier Gehwerkzeug &#8211; Erh\u00e4ltlich in rot-brauner Farbe"},"content":{"rendered":"<p><img fetchpriority=\"high\" decoding=\"async\" class=\"aligncenter wp-image-1796\" src=\"https:\/\/www.holydoggroup.com\/wp-content\/uploads\/2026\/01\/4-5.jpg\" alt=\"\" width=\"438\" height=\"438\" srcset=\"https:\/\/www.holydoggroup.com\/wp-content\/uploads\/2026\/01\/4-5.jpg 1000w, https:\/\/www.holydoggroup.com\/wp-content\/uploads\/2026\/01\/4-5-300x300.jpg 300w, https:\/\/www.holydoggroup.com\/wp-content\/uploads\/2026\/01\/4-5-150x150.jpg 150w, https:\/\/www.holydoggroup.com\/wp-content\/uploads\/2026\/01\/4-5-768x768.jpg 768w, https:\/\/www.holydoggroup.com\/wp-content\/uploads\/2026\/01\/4-5-600x600.jpg 600w, https:\/\/www.holydoggroup.com\/wp-content\/uploads\/2026\/01\/4-5-100x100.jpg 100w\" sizes=\"(max-width: 438px) 100vw, 438px\" \/><\/p>\n<p><strong>[Grundlegende Einf\u00fchrung]<\/strong><br \/>\nDieses Haustier Brustg\u00e4rmel ist mit dem Kernkonzept von &#8220; Sicherheit und Sichtbarkeit stark und langlebig&#8221; Der Hauptk\u00f6rper besteht aus hochwertigem Nylon-\u00e4hnlichen starken Stoff. Das innere Gewebe ist dicht mit reflektierendem Material gewebt. Tags\u00fcber bleibt es unsichtbar und f\u00e4llt nicht auf, w\u00e4hrend es nachts oder in dunklen Umgebungen schnell und hell Licht reflektiert und das Haustier eindeutig skizziert. s Umriss, die Sicherheit des n\u00e4chtlichen Haustierwanderns erheblich erh\u00f6ht. Es ist gepaart mit hochwertigen POM-Schnappfestitteln, die sich reibungslos \u00f6ffnen und schlie\u00dfen, ohne irgendeine Bet\u00e4tigung, gegen niedrige Temperaturen und Schl\u00e4ge best\u00e4ndig sind und \u00fcber einen langen Gebrauchszeitraum nicht anf\u00e4llig f\u00fcr Risse oder Verformungen sind. Es wird durch Zinklegierungsbefestigungsmittel erg\u00e4nzt, die rostbest\u00e4ndig und korrosionsbest\u00e4ndig sind, eine starke Tragf\u00e4higkeit haben und ein stabiles Kraftlagersystem mit dem nylon-\u00e4hnlichen Stoff bilden, was einen doppelten Schutz bietet, um zu verhindern, dass das Haustier entflieht. Das Produkt ist in zwei klassischen Farben erh\u00e4ltlich: rot und braun. Rot ist auff\u00e4llig und lebendig, w\u00e4hrend braun stabil und schmutzfest ist. Es ist f\u00fcr Haustiere verschiedener Geschlechter und Rassen geeignet. Das einfache und elegante Design verbindet Praktik und Aussehen und erf\u00fcllt die Sicherheits- und \u00e4sthetischen Bed\u00fcrfnisse von Haustierbesitzern bei t\u00e4glichen Spazierg\u00e4ngen.<\/p>\n<p><strong>[Anwendungsbereich]<\/strong><br \/>\nGeeignet f\u00fcr mittelgro\u00dfe und kleine Hunde mit einem Gewicht von 3-35 kg (wie Teddy, Bichon Frise, Corgi, Bulldog, Shiba Inu, Schnauzer usw.) und erwachsene Katzen. Es kann in verschiedenen Szenarien wie t\u00e4gliche Haustierwanderungen, n\u00e4chtliche Ausfl\u00fcge, Outdoor-Spazierg\u00e4nge, kurze Ausfl\u00fcge, Grundtraining, Gemeinschaftsinteraktionen usw. verwendet werden. Achtung: Nicht geeignet f\u00fcr gro\u00dfe aggressive Hunde oder Haustiere mit intensivem Zugverhalten.<\/p>\n<p><strong>\u3010Schl\u00fcsselverkaufspunkt\u3011<\/strong><br \/>\n1. Weben Sie Anti-Reflexionslinien f\u00fcr erh\u00f6hte Sicherheit in der Nacht: Der nylon-\u00e4hnliche Stoffgurt ist mit engen Anti-Reflexionslinien eingebettet. Tags\u00fcber ist es unsichtbar und \u00e4sthetisch angenehm; Nachts reflektiert es Licht hell, warnt deutlich Fahrzeuge und Fu\u00dfg\u00e4nger, was es beruhigender macht, Haustiere nachts zu Fu\u00df zu gehen.<br \/>\n2. Extrem langlebig und stark: Das hochwertige Nylon-Imitationsgewebe hat eine hohe Zugfestigkeit, ist widerstandsf\u00e4hig gegen Rei\u00dfen und Abrieb und ist unwahrscheinlich, zu brechen oder zu verformen. Seine Lebensdauer ist viel l\u00e4nger als die von gew\u00f6hnlichen gewebten G\u00fcrteln f\u00fcr Brust und R\u00fccken.<br \/>\n3. Doppel-Verriegelung, Rutschschutz: Das hochwertige POM-Snap-Befestigungsmittel in Kombination mit Zinklegierungsbefestigungsmechanismus bietet eine doppelte Sicherheitsverriegelung. Es ist bequem zu \u00f6ffnen und zu schlie\u00dfen und hat eine starke Stabilit\u00e4t, die effektiv verhindert, dass Haustiere versehentlich entkommen, was Reisen sicherer macht.<br \/>\n4. Bequeme Passform, leicht zu tragen: Beide Seiten der Brust und R\u00fccken sind mit verstellbaren Gurten ausgestattet. Der Verstellbereich ist breit und erm\u00f6glicht eine pr\u00e4zise Passform f\u00fcr Haustiere verschiedener K\u00f6rpertypen. Die B\u00e4nder passen gut an die K\u00f6rperkurve, ohne auf die Brust zu dr\u00fccken oder die Haut zu reiben. Der Trag- und Entfernungsprozess ist einfach, und selbst Anf\u00e4nger k\u00f6nnen es einfach bedienen.<br \/>\n5. Klassische Farbschema, leicht zu reinigen: Zwei klassische Farben &#8211; Rot und Braun &#8211; sind zur Auswahl verf\u00fcgbar, geeignet f\u00fcr verschiedene Haustierstile; die Oberfl\u00e4che des Bandes ist glatt, und t\u00e4gliche Flecken k\u00f6nnen mit einem feuchten Tuch gereinigt werden; kleiner Schmutz kann sanft von Hand gewaschen werden, und es trocknet schnell, so dass es einfach zu maintai<\/p>\n<p><strong>\u3010Nutzungsmethode\u3011<\/strong><br \/>\nDr\u00fccken Sie die beiden Seiten des POM-Snap-Befestigungsmittels, um es zu entriegeln. F\u00fchren Sie das Haustier&#8217; s vorderen Gliedma\u00dfen durch die beiden entsprechenden \u00c4rmel auf der Brust-R\u00fccken, so dass der Hauptk\u00f6rper der Brust-R\u00fccken passt gut an das Haustier&#8217; Brust und R\u00fccken.<br \/>\n2. Verstellen Sie die elastischen B\u00e4nder sowohl auf der Vorder- als auch auf der R\u00fcckseite separat, bis die Dichtheit genau richtig ist (so dass ein bis zwei Finger leicht durchpassen k\u00f6nnen). Stellen Sie sicher, dass es sich gut gegen den K\u00f6rper passt, ohne das Haustier zu behindern&#8217; S Bewegung.<br \/>\n3. Ziehen Sie den POM-Snapfverschluss an, ziehen Sie vorsichtig, um zu \u00fcberpr\u00fcfen, ob der Snapfverschluss mit dem Zinklegierungsclip vollst\u00e4ndig gesperrt ist. Sobald best\u00e4tigt, dass es korrekt ist, verbinden Sie das Zugseil mit dem Zinklegierclip und es kann verwendet werden.<br \/>\n4. Nach dem Gebrauch dr\u00fccken Sie das POM-Snap-Schloss erneut, um zu entriegeln, entfernen Sie dann langsam den Haustiertr\u00e4ger. Achten Sie darauf, das Ziehen des Haustieres zu vermeiden&#8217; S Pelz.<\/p>\n<p><strong>[H\u00e4ufig gestellte Fragen]<\/strong><br \/>\nQ1: Wie w\u00e4hlen Sie die passende Gr\u00f6\u00dfe f\u00fcr Ihr Haustier?<br \/>\nA: Es wird empfohlen, zuerst auf die &#8220; Gewicht-Umfang-Gr\u00f6\u00dfen&#8221; Vergleichstabelle auf der Produktdetailseite. Die Kerngrundlage f\u00fcr die Auswahl ist das Haustier&#8217; s Umfangsdaten. Wenn das Haustier \u00fcbergewichtig oder untergewichtig ist, kann die Gr\u00f6\u00dfe basierend auf dem Gewicht angepasst werden, und ein verstellbarer Gurt kann f\u00fcr eine weitere Anpassung verwendet werden, um eine komfortable Passform zu gew\u00e4hrleisten.<br \/>\nQ2: Wie lange kann die reflektierende Wirkung des reflektierten Lichts innerhalb des Bandes dauern?<br \/>\nA: Das reflektierende Material wird mit einer eingebetteten Webtechnik hergestellt und ist eng mit dem Gewebe integriert. Unter normalen Gebrauchsbedingungen (Vermeidung von l\u00e4ngerer Sonneneinstrahlung und starker Reibung) kann der reflektierende Effekt 1-2 Jahre lang stabil bleiben. Vermeiden Sie beim Reinigen die Verwendung einer harten Borstenb\u00fcrste, um den Stoff zu schrubben, da dies die Lebensdauer des reflektierenden Effekts verl\u00e4ngern kann.<br \/>\nQ3: Ist diese Art von Brust- und R\u00fcckenst\u00fctze f\u00fcr den Sommer geeignet?<br \/>\nA: Geeignet. Das Nylon-Imitationsgewebe ist leicht und atmungsaktiv, wodurch keine \u00fcberm\u00e4\u00dfige Hitze gew\u00e4hrleistet wird. Der Stoff passt den K\u00f6rperbereich entsprechend an und reduziert das Gef\u00fchl der Hitze. Es wird empfohlen, dass die Tragezeit nicht mehr als 2 Stunden auf einmal \u00fcberschreiten sollte. Nach der R\u00fcckkehr nach Hause, entfernen Sie es sofort, um das Haustier zu ruhen.<br \/>\nQ4: Kann es maschinell gewaschen werden?<br \/>\nA: Es wird empfohlen, sanft von Hand zu waschen. Vermeiden Sie Maschinenwaschen bei hoher Drehgeschwindigkeit, da dies dazu f\u00fchren kann, dass sich die Stoffstreifen verformen, die reflektierenden F\u00e4den lockern oder die Schnappfestiegel besch\u00e4digt werden. Verwenden Sie ein neutrales Waschmittel und halten Sie die Wassertemperatur unter 30 \u2103. Nach dem Waschen lassen Sie es nat\u00fcrlich trocknen. Vermeiden Sie direkte Sonneneinstrahlung, da dies helfen wird, das Produkt zu erhalten&#8217; Leistung besser.<\/p>","protected":false},"excerpt":{"rendered":"<table style=\"border-collapse: collapse; width: 552.02pt; background-color: #f7f3c8;\" border=\"0\" width=\"552.02pt\" cellspacing=\"0\" cellpadding=\"0\">\n<tbody>\n<tr style=\"height: 18.75pt;\">\n<td class=\"et2\" style=\"height: 18.75pt; width: 138.05pt; text-align: center;\" width=\"184\" height=\"25\"><strong>Gr\u00f6\u00dfe<\/strong><\/td>\n<td class=\"et2\" style=\"width: 138.05pt; text-align: center;\" width=\"184\"><strong>Halsumfang (cm)<\/strong><\/td>\n<td class=\"et2\" style=\"width: 138.05pt; text-align: center;\" width=\"184\"><strong>Brust Umfang (cm)<\/strong><\/td>\n<td class=\"et2\" style=\"width: 138.05pt; text-align: center;\" width=\"184\"><strong>Gewicht (kg)<\/strong><\/td>\n<\/tr>\n<tr style=\"height: 18.00pt;\">\n<td class=\"et3\" style=\"height: 18pt; text-align: center;\" height=\"24\"><strong>S<\/strong><\/td>\n<td class=\"et4\" style=\"text-align: center;\"><strong>37-48\u339d<\/strong><\/td>\n<td class=\"et4\" style=\"text-align: center;\"><strong>48-59\u339d<\/strong><\/td>\n<td class=\"et5\" style=\"text-align: center;\"><strong>4-8<\/strong><\/td>\n<\/tr>\n<tr style=\"height: 18.00pt;\">\n<td class=\"et3\" style=\"height: 18pt; text-align: center;\" height=\"24\"><strong>M<\/strong><\/td>\n<td class=\"et4\" style=\"text-align: center;\"><strong>44-61\u339d<\/strong><\/td>\n<td class=\"et4\" style=\"text-align: center;\"><strong>56-75\u339d<\/strong><\/td>\n<td class=\"et6\" style=\"text-align: center;\"><strong>8-16<\/strong><\/td>\n<\/tr>\n<tr style=\"height: 18.00pt;\">\n<td class=\"et3\" style=\"height: 18pt; text-align: center;\" height=\"24\"><strong>L<\/strong><\/td>\n<td class=\"et4\" style=\"text-align: center;\"><strong>48-67\u339d<\/strong><\/td>\n<td class=\"et4\" style=\"text-align: center;\"><strong>67-89\u339d<\/strong><\/td>\n<td class=\"et3\" style=\"text-align: center;\"><strong>16-32<\/strong><\/td>\n<\/tr>\n<\/tbody>\n<\/table>\n<p>Diese Haustier Brust R\u00fccken Kern besteht aus Nylon-\u00e4hnlichen starken Band (mit eingebautem gewebten reflektierenden Material), die in der Nacht hoch reflektierend und sicherer ist. Es ist mit POM-Schnappfestitteln und Zinklegierschnallen zur doppelten Verriegelung ausgestattet, die eine stabile und sichere Befestigung ohne L\u00f6serisiko gew\u00e4hrleisten. Es eignet sich f\u00fcr kleine und mittlere Hunde und Katzen und kann in verschiedenen Szenarien verwendet werden. Die Anpassung ist bequem. Wir bieten ein klassisches rotes und braunes Modell an. Es ist einfach zu reinigen und zu pflegen und gleicht Sicherheit und Praktik. Es ist die bevorzugte Wahl f\u00fcr t\u00e4gliche und nachtliche Haustierwanderungen.<\/p>","protected":false},"featured_media":1793,"comment_status":"closed","ping_status":"closed","template":"","meta":[],"product_brand":[],"product_cat":[20],"product_tag":[],"class_list":{"0":"post-1792","1":"product","2":"type-product","3":"status-publish","4":"has-post-thumbnail","6":"product_cat-pet-harness","8":"first","9":"instock","10":"shipping-taxable","11":"purchasable","12":"product-type-variable"},"_links":{"self":[{"href":"https:\/\/www.holydoggroup.com\/de\/wp-json\/wp\/v2\/product\/1792","targetHints":{"allow":["GET"]}}],"collection":[{"href":"https:\/\/www.holydoggroup.com\/de\/wp-json\/wp\/v2\/product"}],"about":[{"href":"https:\/\/www.holydoggroup.com\/de\/wp-json\/wp\/v2\/types\/product"}],"replies":[{"embeddable":true,"href":"https:\/\/www.holydoggroup.com\/de\/wp-json\/wp\/v2\/comments?post=1792"}],"wp:featuredmedia":[{"embeddable":true,"href":"https:\/\/www.holydoggroup.com\/de\/wp-json\/wp\/v2\/media\/1793"}],"wp:attachment":[{"href":"https:\/\/www.holydoggroup.com\/de\/wp-json\/wp\/v2\/media?parent=1792"}],"wp:term":[{"taxonomy":"product_brand","embeddable":true,"href":"https:\/\/www.holydoggroup.com\/de\/wp-json\/wp\/v2\/product_brand?post=1792"},{"taxonomy":"product_cat","embeddable":true,"href":"https:\/\/www.holydoggroup.com\/de\/wp-json\/wp\/v2\/product_cat?post=1792"},{"taxonomy":"product_tag","embeddable":true,"href":"https:\/\/www.holydoggroup.com\/de\/wp-json\/wp\/v2\/product_tag?post=1792"}],"curies":[{"name":"WP","href":"https:\/\/api.w.org\/{rel}","templated":true}]}}