{"id":1804,"date":"2026-01-06T09:08:28","date_gmt":"2026-01-06T01:08:28","guid":{"rendered":"https:\/\/www.holydoggroup.com\/?post_type=product&#038;p=1804"},"modified":"2026-01-06T09:09:20","modified_gmt":"2026-01-06T01:09:20","slug":"saddle-style-pet-chest-and-back-durable-and-comfortable-material-not-press-on-the-chest-ideal-pet-walking-tool-for-small-and-medium-sized-dogs","status":"publish","type":"product","link":"https:\/\/www.holydoggroup.com\/de\/pet-harness\/saddle-style-pet-chest-and-back-durable-and-comfortable-material-not-press-on-the-chest-ideal-pet-walking-tool-for-small-and-medium-sized-dogs\/","title":{"rendered":"Sattel-Stil Haustier Brust und R\u00fccken. Langlebiges und bequemes Material- nicht auf die Brust dr\u00fccken- Ideales Haustierwanderwerkzeug f\u00fcr kleine und mittlere Hunde"},"content":{"rendered":"<p><img fetchpriority=\"high\" decoding=\"async\" class=\"aligncenter size-full wp-image-1809\" src=\"https:\/\/www.holydoggroup.com\/wp-content\/uploads\/2026\/01\/5-6.jpg\" alt=\"\" width=\"1000\" height=\"1000\" srcset=\"https:\/\/www.holydoggroup.com\/wp-content\/uploads\/2026\/01\/5-6.jpg 1000w, https:\/\/www.holydoggroup.com\/wp-content\/uploads\/2026\/01\/5-6-300x300.jpg 300w, https:\/\/www.holydoggroup.com\/wp-content\/uploads\/2026\/01\/5-6-150x150.jpg 150w, https:\/\/www.holydoggroup.com\/wp-content\/uploads\/2026\/01\/5-6-768x768.jpg 768w, https:\/\/www.holydoggroup.com\/wp-content\/uploads\/2026\/01\/5-6-600x600.jpg 600w, https:\/\/www.holydoggroup.com\/wp-content\/uploads\/2026\/01\/5-6-100x100.jpg 100w\" sizes=\"(max-width: 1000px) 100vw, 1000px\" \/><br \/>\n<strong>[Grundlegende Einf\u00fchrung]<\/strong><br \/>\nDiese Haustier Brust und R\u00fccken nimmt ein ergonomisches Sattel-Stil-Design, passend die Kurve des Haustieres&#8217; s zur\u00fcck und dispergieren Zugdruck, um zu vermeiden, die Brust zu komprimieren und die Atmung zu beeinflussen. Der Hauptk\u00f6rper besteht aus hochwertigem Tauchmaterial mit Isolierung, Sto\u00dfd\u00e4mpfung und hoher Elastizit\u00e4t. Es hat eine weiche und hautfreundliche Ber\u00fchrung, die Auswirkungen w\u00e4hrend der \u00dcbung puffert. Im Winter und Herbst kann es auch das Haustier halten&#8217; s Kernbereich warm. Die Kanten sind mit eingebetteten Nylon-\u00e4hnlichen starken Stoffstreifen verst\u00e4rkt, widerstandsf\u00e4hig gegen Dehnung und Abrieb und nicht anf\u00e4llig f\u00fcr Bruch. Es ist mit einem hochwertigen POM-Qualit\u00e4tssnappfverschluss ausgestattet, das reibungslos \u00f6ffnet und schlie\u00dft, ohne zu stecken, niedrigen Temperaturen und Schl\u00e4gen widerstandsf\u00e4hig ist. Erg\u00e4nzt wird sie durch eine Rost- und Korrosionsbest\u00e4ndige Zinklegierschnalle mit hoher Tragf\u00e4higkeit. Die doppelsperrende Struktur verhindert effektiv, dass das Haustier entflieht. Das Produkt ist in drei unverwechselbaren Farbschema erh\u00e4ltlich: gr\u00fcn, braun und gemustert. Gr\u00fcn ist frisch und sauber, braun ist stabil und ernst, und der gemusterte ist verspielt. Es ist geeignet f\u00fcr Haustiere verschiedener Stile, die Praktizit\u00e4t und Aussehen ausgleichen, was den Haustierwander beruhigender und \u00e4sthetisch angenehmer macht.<br \/>\n<strong>[Anwendungsbereich]<\/strong><br \/>\nGeeignet f\u00fcr mittelgro\u00dfe und kleine Hunde mit einem Gewicht von 3-35 kg (wie Teddyhunde, Bichon Frise, Corgis, Franz\u00f6sische Bulldoggen, Shiba Inus, Schnauzer usw.) und erwachsene Katzen. Es kann in verschiedenen Szenarien wie t\u00e4gliche Haustierwanderungen, Winterschutz f\u00fcr Ausfl\u00fcge, Outdoor-Wanderungen, Kurzausfl\u00fcge, Grundtraining usw. verwendet werden. Achtung: Nicht geeignet f\u00fcr gro\u00dfe aggressive Hunde oder Haustiere mit intensivem Zugverhalten.<br \/>\n<strong>\u3010Schl\u00fcsselverkaufspunkt\u3011<\/strong><br \/>\nErgonomisches Design im Sattel-Stil: Es entspricht der Kurve des Haustieres&#8217; s zur\u00fcck, dispergiert Zugdruck, komprimiert nicht die Brusthohlraum, sorgt f\u00fcr eine reibungslose Atmung f\u00fcr das Haustier und macht das Tr\u00e4gerlebnis komfortabler.<br \/>\n2. Schl\u00fcsselvorteile des Tauchmaterials: Es kombiniert die Funktionen der Isolierung, der Sto\u00dfd\u00e4mpfung und der Elastizit\u00e4t. Es ist weich und hautfreundlich ohne Reizung und kann die Auswirkungen k\u00f6rperlicher Aktivit\u00e4ten d\u00e4mpfen und die Haut im Herbst und Winter warm halten, ohne Chilblains zu verursachen.<br \/>\n3. Stabile Anti-Rutsch: Nylon starke Band POM Snap Befestiger Zinklegierung Schnalle bieten dreifache Verst\u00e4rkung, mit ausgezeichneter Zugfestigkeit und Anti-Rei\u00dfeigenschaften. Es bietet eine doppelte Verriegelung, die eine sicherere Erfahrung w\u00e4hrend der Reise gew\u00e4hrleistet.<br \/>\n4. Bequeme Passform: Verstellbare B\u00e4nder auf beiden Seiten bieten eine Vielzahl von Einstellm\u00f6glichkeiten, die Haustiere verschiedener K\u00f6rpertypen genau passen. Der Trag- und Entfernungsprozess ist einfach, und selbst Anf\u00e4nger k\u00f6nnen es einfach bedienen.<br \/>\n5. Einzigartige Farbkombinationen sind einfach zu pflegen: Gr\u00fcn, braun und Blumenmuster sind verf\u00fcgbar. Sie passen zu verschiedenen \u00e4sthetischen Pr\u00e4ferenzen; Das wasserdichte Material in Kombination mit dem Gewebe ist einfach zu reinigen. Flecken k\u00f6nnen mit einem einfachen Wischen abgewischt werden. Leichter Schmutz kann von Hand gewaschen werden und trocknet schnell.<br \/>\n<strong>\u3010Nutzungsmethode\u3011<\/strong><br \/>\nDr\u00fccken Sie die beiden Seiten des POM-Snap-Befestigers, um es zu entriegeln. Layen Sie die Brust und den R\u00fccken im Sattelstil flach aus. F\u00fchren Sie das Haustier&#8217; s vorderen Gliedma\u00dfen durch die entsprechenden \u00c4rmell\u00f6cher, so dass der Hauptk\u00f6rper der Brust und R\u00fcckenst\u00fcck gut an das Haustier passt&#8217; R\u00fccken und Brust.<br \/>\n2. Stellen Sie die Verstellschnallen auf beiden Seiten der Bandgurte ein und stellen Sie sie auf die entsprechende Dichtheit ein (mit 1-2 Fingern, die in sich passen k\u00f6nnen, ist geeignet). Stellen Sie sicher, dass es gut an den K\u00f6rper passt und das Haustier nicht behindert&#8217; S Bewegung.<br \/>\n3. Ziehen Sie den POM-Snapfverschluss an, ziehen Sie vorsichtig, um zu \u00fcberpr\u00fcfen, ob der Snapfverschluss mit dem Zinklegierungsclip vollst\u00e4ndig gesperrt ist. Sobald es sich best\u00e4tigt hat, dass es richtig ist, verbinden Sie das Schleppseil und es kann verwendet werden.<br \/>\n4. Dr\u00fccken Sie nach dem Gebrauch das POM-Snap-Schloss, um den Haustiertr\u00e4ger zu entriegeln und langsam zu entfernen. Achten Sie darauf, das Ziehen des Haustieres zu vermeiden&#8217; S Pelz.<br \/>\n<strong>[H\u00e4ufig gestellte Fragen]<\/strong><br \/>\nQ1: Wie w\u00e4hle ich die passende Gr\u00f6\u00dfe?<br \/>\nA: Bitte lesen Sie &#8220; Gewicht &#8211; Brustumfang &#8211; Gr\u00f6\u00dfe&#8221; Vergleichstabelle auf der Detailseite als prim\u00e4re Referenz. Kernbasis f\u00fcr die Auswahl sind die Brustumfangsdaten. F\u00fcr Haustiere, die \u00fcbergewichtig oder untergewichtig sind, k\u00f6nnen Sie kleine Anpassungen basierend auf dem Gewicht vornehmen und die verstellbaren Gurte weiter anpassen, um Komfort zu gew\u00e4hrleisten, ohne zu eng zu sein.<br \/>\nQ2: Wird das Tauchmaterial Sie hei\u00df f\u00fchlen, wenn Sie es im Sommer tragen?<br \/>\nA: Das hochwertige Tauchmaterial ist leicht und atmungsaktiv. Das Sattel-Design bietet einen geeigneten Passbereich und won&#8217; t \u00fcberm\u00e4\u00dfige Hitze verursachen. Im Sommer wird empfohlen, es nicht l\u00e4nger als 2 Stunden zu tragen, oder es nur w\u00e4hrend der k\u00fchlen Morgen- und Abendperioden zu verwenden. Vermeiden Sie es f\u00fcr eine lange Zeit in hei\u00dfen Zeiten zu tragen.<br \/>\nQ3: Werden die Farbmuster im Laufe der Zeit verblassen?<br \/>\nA: Dieses Produkt wird unter Verwendung eines umweltfreundlichen Druck- und F\u00e4rbeprozesses hergestellt. Das Muster hat eine hohe Haltbarkeit und ist unwahrscheinlich, dass es bei normaler Verwendung und Reinigung verblasst. Vermeiden Sie beim Reinigen die Verwendung einer harten Borstenb\u00fcrste, um den Musterbereich kraftig zu schrubben. Verwenden Sie keine alkalischen Reinigungsmittel, da dies helfen wird, die helle Farbe des Musters zu erhalten.<br \/>\nQ4: Kann es maschinell gewaschen werden?<br \/>\nA: Es wird nicht empfohlen, das Produkt maschinell zu waschen. Vermeiden Sie eine hohe Drehgeschwindigkeit, die dazu f\u00fchren kann, dass sich die Gewebeb\u00e4nder verformen oder die Schnappfestiegel besch\u00e4digt werden. F\u00fcr die t\u00e4gliche Reinigung verwenden Sie ein feuchtes Tuch. Wenn es sehr schmutzig wird, waschen Sie es sanft von Hand. Verwenden Sie ein neutrales Waschmittel und halten Sie die Wassertemperatur bei 30 \u00b0 C oder niedriger. Lassen Sie es nat\u00fcrlich trocknen und vermeiden Sie direktes Sonnenlicht, um das Produkt zu verl\u00e4ngern&#8217; s Lebensdauer.<\/p>","protected":false},"excerpt":{"rendered":"<table style=\"height: 66px; border-collapse: collapse; width: 51.3265%; background-color: #fcefb6;\" border=\"0\" width=\"51.3265%\" cellspacing=\"0\" cellpadding=\"0\">\n<tbody>\n<tr style=\"height: 27.00pt;\">\n<td class=\"et2\" style=\"height: 27px; width: 54.05pt; text-align: center;\" width=\"72\" height=\"36\">Gr\u00f6\u00dfe<\/td>\n<td class=\"et2\" style=\"width: 192.05pt; height: 27px; text-align: center;\" width=\"256\">Halsumfang (cm)<\/td>\n<td class=\"et2\" style=\"width: 90.05pt; height: 27px; text-align: center;\" width=\"120\">Brust Umfang (cm)<\/td>\n<td class=\"et2\" style=\"width: 90.05pt; height: 27px; text-align: center;\" width=\"120\">Gewicht (kg)<\/td>\n<\/tr>\n<tr style=\"height: 13.50pt;\">\n<td class=\"et2\" style=\"height: 13px; width: 54.05pt; text-align: center;\" width=\"72\" height=\"18\">S<\/td>\n<td class=\"et2\" style=\"width: 192.05pt; height: 13px; text-align: center;\" width=\"256\">37-48<\/td>\n<td class=\"et2\" style=\"width: 90.05pt; height: 13px; text-align: center;\" width=\"120\">48-59<\/td>\n<td class=\"et3\" style=\"width: 90.05pt; height: 13px; text-align: center;\" width=\"120\">4-8<\/td>\n<\/tr>\n<tr style=\"height: 13.50pt;\">\n<td class=\"et2\" style=\"height: 13px; width: 54.05pt; text-align: center;\" width=\"72\" height=\"18\">M<\/td>\n<td class=\"et2\" style=\"width: 192.05pt; height: 13px; text-align: center;\" width=\"256\">44-61<\/td>\n<td class=\"et2\" style=\"width: 90.05pt; height: 13px; text-align: center;\" width=\"120\">56-75<\/td>\n<td class=\"et2\" style=\"width: 90.05pt; height: 13px; text-align: center;\" width=\"120\">8-16<\/td>\n<\/tr>\n<tr style=\"height: 13.50pt;\">\n<td class=\"et2\" style=\"height: 13px; width: 54.05pt; text-align: center;\" width=\"72\" height=\"18\">L<\/td>\n<td class=\"et2\" style=\"width: 192.05pt; height: 13px; text-align: center;\" width=\"256\">48-67<\/td>\n<td class=\"et2\" style=\"width: 90.05pt; height: 13px; text-align: center;\" width=\"120\">67-89<\/td>\n<td class=\"et2\" style=\"width: 90.05pt; height: 13px; text-align: center;\" width=\"120\">16-32<\/td>\n<\/tr>\n<\/tbody>\n<\/table>\n<p>Dieser Sattel-Stil Haustier Brust-R\u00fccken ist aus wasserdichtem Material gefertigt, mit ausgezeichneter Isolierung, Sto\u00dfd\u00e4mpfung und Elastizit\u00e4t. Sein ergonomisches Design ist komfortabel und dr\u00fcckt nicht auf die Brust. Es ist mit Nylon-Imitationsgurten und doppelten Sicherheitsschl\u00fcsseln f\u00fcr Stabilit\u00e4t und Fluchtverhinderung ausgestattet. Es eignet sich f\u00fcr kleine und mittlere Hunde und Katzen und kann in verschiedenen Szenarien verwendet werden. Die Anpassung ist bequem. Es kommt in gr\u00fcnen und braunen Farben und ist einfach zu reinigen und zu pflegen. Es verbindet Praktizit\u00e4t mit Aussehen, was es zu einer ausgezeichneten Wahl f\u00fcr Haustierreisen macht.<\/p>","protected":false},"featured_media":1805,"comment_status":"closed","ping_status":"closed","template":"","meta":[],"product_brand":[],"product_cat":[20],"product_tag":[],"class_list":{"0":"post-1804","1":"product","2":"type-product","3":"status-publish","4":"has-post-thumbnail","6":"product_cat-pet-harness","8":"first","9":"instock","10":"shipping-taxable","11":"purchasable","12":"product-type-variable"},"_links":{"self":[{"href":"https:\/\/www.holydoggroup.com\/de\/wp-json\/wp\/v2\/product\/1804","targetHints":{"allow":["GET"]}}],"collection":[{"href":"https:\/\/www.holydoggroup.com\/de\/wp-json\/wp\/v2\/product"}],"about":[{"href":"https:\/\/www.holydoggroup.com\/de\/wp-json\/wp\/v2\/types\/product"}],"replies":[{"embeddable":true,"href":"https:\/\/www.holydoggroup.com\/de\/wp-json\/wp\/v2\/comments?post=1804"}],"wp:featuredmedia":[{"embeddable":true,"href":"https:\/\/www.holydoggroup.com\/de\/wp-json\/wp\/v2\/media\/1805"}],"wp:attachment":[{"href":"https:\/\/www.holydoggroup.com\/de\/wp-json\/wp\/v2\/media?parent=1804"}],"wp:term":[{"taxonomy":"product_brand","embeddable":true,"href":"https:\/\/www.holydoggroup.com\/de\/wp-json\/wp\/v2\/product_brand?post=1804"},{"taxonomy":"product_cat","embeddable":true,"href":"https:\/\/www.holydoggroup.com\/de\/wp-json\/wp\/v2\/product_cat?post=1804"},{"taxonomy":"product_tag","embeddable":true,"href":"https:\/\/www.holydoggroup.com\/de\/wp-json\/wp\/v2\/product_tag?post=1804"}],"curies":[{"name":"WP","href":"https:\/\/api.w.org\/{rel}","templated":true}]}}