{"id":1829,"date":"2026-01-06T09:42:48","date_gmt":"2026-01-06T01:42:48","guid":{"rendered":"https:\/\/www.holydoggroup.com\/?post_type=product&#038;p=1829"},"modified":"2026-01-06T09:42:48","modified_gmt":"2026-01-06T01:42:48","slug":"c002","status":"publish","type":"product","link":"https:\/\/www.holydoggroup.com\/de\/pet-leash\/c002\/","title":{"rendered":"Doppelfarbiges Aussehen Praktizit\u00e4t kombiniert-Licht lila Kontrast P-String Nylon Imitation Griff einfach zu verwenden f\u00fcr Spazierg\u00e4nge und Training"},"content":{"rendered":"<p><img fetchpriority=\"high\" decoding=\"async\" class=\"aligncenter size-full wp-image-1830\" src=\"https:\/\/www.holydoggroup.com\/wp-content\/uploads\/2026\/01\/1-8.jpg\" alt=\"\" width=\"1000\" height=\"1000\" srcset=\"https:\/\/www.holydoggroup.com\/wp-content\/uploads\/2026\/01\/1-8.jpg 1000w, https:\/\/www.holydoggroup.com\/wp-content\/uploads\/2026\/01\/1-8-300x300.jpg 300w, https:\/\/www.holydoggroup.com\/wp-content\/uploads\/2026\/01\/1-8-150x150.jpg 150w, https:\/\/www.holydoggroup.com\/wp-content\/uploads\/2026\/01\/1-8-768x768.jpg 768w, https:\/\/www.holydoggroup.com\/wp-content\/uploads\/2026\/01\/1-8-600x600.jpg 600w, https:\/\/www.holydoggroup.com\/wp-content\/uploads\/2026\/01\/1-8-100x100.jpg 100w\" sizes=\"(max-width: 1000px) 100vw, 1000px\" \/><\/p>\n<p>Dies ist ein Haustier P-Saiten, die sich auf Komfort und Praktizit\u00e4t konzentriert. Der Griff besteht aus Nylon-Imitationsgewebe, w\u00e4hrend der Hauptk\u00f6rper aus hochfestem Polyester-Rundseil besteht. Es wird durch POM-Schl\u00fcssel und Legierungsschl\u00fcsseln erg\u00e4nzt, die sowohl einen guten Griff als auch eine gute Haltbarkeit gew\u00e4hrleisten.<br \/>\n<strong>Anwendungsbereich:<\/strong> Geeignet f\u00fcr 5-15 kg mittlere und kleine Hunde, die Szenarien wie t\u00e4gliche Outdoor-Spazierg\u00e4nge, Haustiertraining mit Begleitung und kurze Ausfl\u00fcge abdecken.<br \/>\n<strong>Kernverkaufspunkte:<\/strong><br \/>\nGriff aus Nylon-Imitationsstoff: Weiche Ber\u00fchrung und Rutschschutz, die eine langfristige Haltung ohne H\u00e4ndereireung oder Rutschen erm\u00f6glicht;<br \/>\nHochfestes Polyester-rundes Seil: Stark und langlebig, widerstandsf\u00e4hig gegen Ziehen und unwahrscheinlich zu brechen, geeignet f\u00fcr das lebhafte Verhalten von Haustieren;<br \/>\nHochwertige Schnallenkombination: POM-Schl\u00fcssel \u00f6ffnen sich reibungslos ohne Verstopfen, Legierungsschl\u00fcssel haben eine starke Tragf\u00e4higkeit, die mehr Ruhe beim Ziehen bietet;<br \/>\nDoppelfarbiges Erscheinungsdesign: Purpures Rastermuster ist retro und frisch, w\u00e4hrend der helllila Kontrast sanft und auff\u00e4llig ist, wodurch Praktizit\u00e4t und \u00c4sthetik ausgewogen werden;<br \/>\nP-String-Struktur: Kann die Dichtheit der Seilschleife schnell anpassen, um das Gehverhalten von Haustieren zu standardisieren und Spazierg\u00e4nge bequemer zu machen.<br \/>\n<strong>Verwendung Methode:<\/strong><br \/>\n\u00d6ffnen Sie die POM-Schlie\u00dfen, passen Sie die Seilschleife an die entsprechende Gr\u00f6\u00dfe an;<br \/>\nF\u00fcgen Sie die Seilschleife um das Haustier ein&#8217; s Hals, hinterlassend 1-2 Finger von slack;<br \/>\nBefestigen Sie die Schl\u00fcssel, halten Sie den Nylon-Imitationsgriff zu ziehen;<br \/>\nZiehen Sie beim Begleiten sanft die Seilschleife, um das Verhalten zu korrigieren (gewaltt\u00e4tiges Ziehen zu vermeiden).<br \/>\n<strong>H\u00e4ufige Fragen:<\/strong><br \/>\nF: Wie w\u00e4hle ich die Gr\u00f6\u00dfe? A: Messen Sie das Haustier&#8217; s Halsumfang, w\u00e4hlen Sie die Seilschleife, die den Halsumfang abdeckt und 1-2 Fingerr\u00e4ume hinterl\u00e4sst;<br \/>\nF: Kann es maschinell gewaschen werden? A: Es wird empfohlen, von Hand zu waschen und nat\u00fcrlich zu trocknen, um Sch\u00e4den an dem Gewebe und der Schnalle zu vermeiden;<br \/>\nF: Ist es f\u00fcr gro\u00dfe Hunde geeignet? A: Dieses Modell eignet sich f\u00fcr 5-15 kg mittlere Hunde. F\u00fcr gro\u00dfe Hunde wird empfohlen, das entsprechende Tragemodell zu w\u00e4hlen.<\/p>","protected":false},"excerpt":{"rendered":"<p>&nbsp;<\/p>\n<p>Doppelfarbiges Haustier P-String, der Griff ist aus Nylon-Imitationsstoff f\u00fcr Rutschschutz und Komfort, der Hauptk\u00f6rper besteht aus hochfestem Polyester-Rundseil und wird durch POM-Schl\u00fcssel und Legierungsschl\u00fcsseln f\u00fcr gr\u00f6\u00dfere Sicherheit erg\u00e4nzt. Es ist geeignet f\u00fcr 5-15 kg mittlere und kleine Hunde, die Szenarien wie Spazierg\u00e4nge und Begleitertrainings abdecken, mit einem hohen Ma\u00df an doppelfarbigem Aussehen, und die P-String-Struktur kann zur Standardisierung des Haustierverhaltens beitragen und Spazierg\u00e4nge bequemer machen.<\/p>","protected":false},"featured_media":1830,"comment_status":"closed","ping_status":"closed","template":"","meta":[],"product_brand":[],"product_cat":[21],"product_tag":[],"class_list":{"0":"post-1829","1":"product","2":"type-product","3":"status-publish","4":"has-post-thumbnail","6":"product_cat-pet-leash","8":"first","9":"instock","10":"shipping-taxable","11":"purchasable","12":"product-type-variable"},"_links":{"self":[{"href":"https:\/\/www.holydoggroup.com\/de\/wp-json\/wp\/v2\/product\/1829","targetHints":{"allow":["GET"]}}],"collection":[{"href":"https:\/\/www.holydoggroup.com\/de\/wp-json\/wp\/v2\/product"}],"about":[{"href":"https:\/\/www.holydoggroup.com\/de\/wp-json\/wp\/v2\/types\/product"}],"replies":[{"embeddable":true,"href":"https:\/\/www.holydoggroup.com\/de\/wp-json\/wp\/v2\/comments?post=1829"}],"wp:featuredmedia":[{"embeddable":true,"href":"https:\/\/www.holydoggroup.com\/de\/wp-json\/wp\/v2\/media\/1830"}],"wp:attachment":[{"href":"https:\/\/www.holydoggroup.com\/de\/wp-json\/wp\/v2\/media?parent=1829"}],"wp:term":[{"taxonomy":"product_brand","embeddable":true,"href":"https:\/\/www.holydoggroup.com\/de\/wp-json\/wp\/v2\/product_brand?post=1829"},{"taxonomy":"product_cat","embeddable":true,"href":"https:\/\/www.holydoggroup.com\/de\/wp-json\/wp\/v2\/product_cat?post=1829"},{"taxonomy":"product_tag","embeddable":true,"href":"https:\/\/www.holydoggroup.com\/de\/wp-json\/wp\/v2\/product_tag?post=1829"}],"curies":[{"name":"WP","href":"https:\/\/api.w.org\/{rel}","templated":true}]}}