{"id":1840,"date":"2026-01-06T10:05:00","date_gmt":"2026-01-06T02:05:00","guid":{"rendered":"https:\/\/www.holydoggroup.com\/?post_type=product&#038;p=1840"},"modified":"2026-01-06T10:05:00","modified_gmt":"2026-01-06T02:05:00","slug":"c003","status":"publish","type":"product","link":"https:\/\/www.holydoggroup.com\/de\/pet-leash\/c003\/","title":{"rendered":"Mehrfarbiges Haustier P Seil Hochfestes Polyester rundes Seil Zinklegierung Schnalle Gehen und Begleitwerkzeug"},"content":{"rendered":"<p><img fetchpriority=\"high\" decoding=\"async\" class=\"aligncenter size-full wp-image-1841\" src=\"https:\/\/www.holydoggroup.com\/wp-content\/uploads\/2026\/01\/1-9.jpg\" alt=\"\" width=\"1000\" height=\"1000\" srcset=\"https:\/\/www.holydoggroup.com\/wp-content\/uploads\/2026\/01\/1-9.jpg 1000w, https:\/\/www.holydoggroup.com\/wp-content\/uploads\/2026\/01\/1-9-300x300.jpg 300w, https:\/\/www.holydoggroup.com\/wp-content\/uploads\/2026\/01\/1-9-150x150.jpg 150w, https:\/\/www.holydoggroup.com\/wp-content\/uploads\/2026\/01\/1-9-768x768.jpg 768w, https:\/\/www.holydoggroup.com\/wp-content\/uploads\/2026\/01\/1-9-600x600.jpg 600w, https:\/\/www.holydoggroup.com\/wp-content\/uploads\/2026\/01\/1-9-100x100.jpg 100w\" sizes=\"(max-width: 1000px) 100vw, 1000px\" \/><\/p>\n<p>Dieses Pet P Seil besteht aus hochfestem Polyester Rundseil als Hauptmaterial, kombiniert mit rostfesten und langlebigen Zinklegierungsbefestigungen. Es verbindet starke Textur mit praktischer Sicherheit und bietet drei Farboptionen: Karamell Retro, Army Green Stable und Rosa weich und s\u00fc\u00df. Es entspricht unterschiedlichen \u00e4sthetischen Pr\u00e4ferenzen.<br \/>\n<strong>Anwendungsbereich:<\/strong> Geeignet f\u00fcr 5-18 kg mittlere Hunde, die t\u00e4gliche Outdoor-Spazierg\u00e4nge, Tierbegleittraining und kurze Fahrten f\u00fcr die Traktion abdecken.<\/p>\n<p><strong>Kernverkaufspunkte:<\/strong><br \/>\nHochfestes Polyester-Rundseil: Enges und starkes Weben, widerstandsf\u00e4hig gegen Ziehen ohne Bruch, verschlei\u00dfbest\u00e4ndig und langlebig, geeignet f\u00fcr Haustiere mit lebhaften Gewohnheiten;<br \/>\nZinklegierungsbefestigungsmittel: Rostfest und korrosionsbest\u00e4ndig, glattes \u00d6ffnen und Schlie\u00dfen, starke Traktionskapazit\u00e4t, beruhigender f\u00fcr den Gebrauch im Freien;<br \/>\nMehrfarbiges hohes Aussehen: Drei Farboptionen erf\u00fcllen verschiedene Stilpr\u00e4ferenzen, was das Haustier w\u00e4hrend der t\u00e4glichen Traktion auff\u00e4lliger macht;<br \/>\nP Seilstruktur: Kann schnell die Seilschleifendichtheit anpassen, die bei der Standardisierung des Haustierbegleitverhaltens hilft und Spazierg\u00e4nge bequemer macht;<br \/>\nRundes Seil Handgef\u00fchl: Bequem zu halten, weniger wahrscheinlich, w\u00e4hrend der Verwendung im Freien verwickelt oder geknotet zu werden.<\/p>\n<p><strong>Verwendung Methode:<\/strong><br \/>\n\u00d6ffnen Sie die Zinklegierungsschl\u00fcssel, passen Sie die Seilschleife an die Gr\u00f6\u00dfe an, die f\u00fcr das Haustier geeignet ist. s Halsband;<br \/>\nF\u00fcgen Sie die Seilschleife um das Haustier ein&#8217; s Hals, hinterlassend 1-2 Finger der Losheit (um zu enge Haltung zu vermeiden);<br \/>\nBefestigen Sie die Zinklegierungsschnalle, halten Sie den Seilk\u00f6rper mit der Hand und starten Sie die Traktion;<br \/>\nWenn Sie mit dem Haustier laufen, ziehen Sie sanft die Seilschleife, um das Verhalten zu korrigieren, ziehen Sie aber nicht kr\u00e4ftig.<\/p>\n<p><strong>H\u00e4ufige Fragen:<\/strong><br \/>\nF: Wie w\u00e4hle ich die Gr\u00f6\u00dfe aus? A: Messen Sie das Haustier&#8217; s Halsumfang, w\u00e4hlen Sie eine Seilschleife, die den Halsumfang abdeckt und 1-2 Fingerr\u00e4ume hinterl\u00e4sst;<br \/>\nF: Kann es maschinell gewaschen werden? A: Es wird empfohlen, von Hand zu waschen und dann Lufttrocknen zu vermeiden, dass der Seilk\u00f6rper und die Schnalle w\u00e4hrend des Maschinenwaschens besch\u00e4digt werden;<br \/>\nF: Ist es f\u00fcr gro\u00dfe Hunde geeignet? A: Dieses Modell ist f\u00fcr 5-18 kg mittlere und kleine Hunde geeignet. F\u00fcr gro\u00dfe Hunde w\u00e4hlen Sie bitte das entsprechende Tragemodell.<\/p>","protected":false},"excerpt":{"rendered":"<p>Mehrfarbiges Haustier-P-Seil, mit hochfestem Polyester-Rundseil als Hauptk\u00f6rper, kombiniert mit Zinklegierungsschl\u00fcssel, stark, langlebig, verschlei\u00dffest und rostdicht. Geeignet f\u00fcr 5-18 kg mittlere und kleine Hunde, die Szenarien wie Gehen und Begleittraining abdecken. Erh\u00e4ltlich in Karamell \/ Army Green \/ Pink Farben. Die P-Seilstruktur kann auch helfen, das Haustier zu regulieren&#8217; s Verhalten, so dass es ein praktisches und Aussehen-Ebene Traktion gutes Element.<\/p>","protected":false},"featured_media":1841,"comment_status":"closed","ping_status":"closed","template":"","meta":[],"product_brand":[],"product_cat":[21],"product_tag":[],"class_list":{"0":"post-1840","1":"product","2":"type-product","3":"status-publish","4":"has-post-thumbnail","6":"product_cat-pet-leash","8":"first","9":"instock","10":"shipping-taxable","11":"purchasable","12":"product-type-variable"},"_links":{"self":[{"href":"https:\/\/www.holydoggroup.com\/de\/wp-json\/wp\/v2\/product\/1840","targetHints":{"allow":["GET"]}}],"collection":[{"href":"https:\/\/www.holydoggroup.com\/de\/wp-json\/wp\/v2\/product"}],"about":[{"href":"https:\/\/www.holydoggroup.com\/de\/wp-json\/wp\/v2\/types\/product"}],"replies":[{"embeddable":true,"href":"https:\/\/www.holydoggroup.com\/de\/wp-json\/wp\/v2\/comments?post=1840"}],"wp:featuredmedia":[{"embeddable":true,"href":"https:\/\/www.holydoggroup.com\/de\/wp-json\/wp\/v2\/media\/1841"}],"wp:attachment":[{"href":"https:\/\/www.holydoggroup.com\/de\/wp-json\/wp\/v2\/media?parent=1840"}],"wp:term":[{"taxonomy":"product_brand","embeddable":true,"href":"https:\/\/www.holydoggroup.com\/de\/wp-json\/wp\/v2\/product_brand?post=1840"},{"taxonomy":"product_cat","embeddable":true,"href":"https:\/\/www.holydoggroup.com\/de\/wp-json\/wp\/v2\/product_cat?post=1840"},{"taxonomy":"product_tag","embeddable":true,"href":"https:\/\/www.holydoggroup.com\/de\/wp-json\/wp\/v2\/product_tag?post=1840"}],"curies":[{"name":"WP","href":"https:\/\/api.w.org\/{rel}","templated":true}]}}