{"id":1863,"date":"2026-01-06T10:24:48","date_gmt":"2026-01-06T02:24:48","guid":{"rendered":"https:\/\/www.holydoggroup.com\/?post_type=product&#038;p=1863"},"modified":"2026-01-06T10:25:49","modified_gmt":"2026-01-06T02:25:49","slug":"c004","status":"publish","type":"product","link":"https:\/\/www.holydoggroup.com\/de\/pet-leash\/c004\/","title":{"rendered":"Exklusiv f\u00fcr Familien mit mehreren Haustieren! Doppel Traktion Kopf P Seil starke Polyester Zink Legierung Klemmen dauerhaft"},"content":{"rendered":"<p><img fetchpriority=\"high\" decoding=\"async\" class=\"aligncenter wp-image-1864\" src=\"https:\/\/www.holydoggroup.com\/wp-content\/uploads\/2026\/01\/1-10.jpg\" alt=\"\" width=\"641\" height=\"641\" srcset=\"https:\/\/www.holydoggroup.com\/wp-content\/uploads\/2026\/01\/1-10.jpg 1000w, https:\/\/www.holydoggroup.com\/wp-content\/uploads\/2026\/01\/1-10-300x300.jpg 300w, https:\/\/www.holydoggroup.com\/wp-content\/uploads\/2026\/01\/1-10-150x150.jpg 150w, https:\/\/www.holydoggroup.com\/wp-content\/uploads\/2026\/01\/1-10-768x768.jpg 768w, https:\/\/www.holydoggroup.com\/wp-content\/uploads\/2026\/01\/1-10-600x600.jpg 600w, https:\/\/www.holydoggroup.com\/wp-content\/uploads\/2026\/01\/1-10-100x100.jpg 100w\" sizes=\"(max-width: 641px) 100vw, 641px\" \/><\/p>\n<p><strong>\u3010Doppel Traktionskopf Haustierseil (Karamellfarbe \/ Schwarz und Wei\u00df)\u3011<\/strong><\/p>\n<p>Dies ist ein Doppelspannungskopfseil, das speziell f\u00fcr verschiedene Szenarien entwickelt wurde. Der Hauptk\u00f6rper besteht aus hochfestem Polyester-Rundseil, ausgestattet mit rostfesten und langlebigen Zinklegierungsbefestigungen. Der Griff ist mit einem rutschfesten Schaumstoffgriff ausgestattet und bietet zwei Farbenm\u00f6glichkeiten: Karamell Retro und schwarz-wei\u00df karschiert. Es verbindet eine starke Textur mit einem komfortablen Griff.<\/p>\n<p><strong>Anwendungsbereich:<\/strong> Geeignet f\u00fcr 5-20 kg mittlere Hunde. Es deckt Szenarien wie &#8220; gleichzeitig \u7275\u5f15  von 1-2 Haustieren&#8221; \uff0c &#8220; einzelnes Haustier mit zwei Traktionspunkten (Kragen Brust\/R\u00fccken)&#8221; , &#8220; t\u00e4gliche Spazierg\u00e4nge \/ kurze Ausfl\u00fcge \/ Haustiertraining mit Begleitung&#8221; usw.<\/p>\n<p><strong>Kernverkaufspunkte:<\/strong><br \/>\nHochfestes Polyester-Rundseil: Kompaktes und starkes Weben, widerstandsf\u00e4hig gegen Ziehen ohne zu brechen, verschlei\u00dfbest\u00e4ndig und langlebig, geeignet f\u00fcr Haustiere mit lebhaften Gewohnheiten;<br \/>\nZinklegierungsbefestigungsmittel: Rostfest und korrosionsbest\u00e4ndig, glattes \u00d6ffnen und Schlie\u00dfen, doppelte Befestigungsmittel teilen die Last und machen die Traktion sicherer;<br \/>\nDual Traction Head Design: Flexible Schaltung zwischen &#8220; Doppel Haustier Traktion&#8221;  and &#8220; einzelnes Haustier mit zwei Traktionspunkten&#8221; Modi, geeignet f\u00fcr Haushalte mit mehreren Haustieren oder raffinierte Traktionsbedarf;<br \/>\nSchaumstoff Anti-Rutschgriff: Weiche Ber\u00fchrung, ohne die Hand zu reizen, weniger anf\u00e4llig zum Rutschen, wenn es drau\u00dfen gehalten wird, was langfristige Traktion erleichtert;<br \/>\nDoppelfarbiges hohes Erscheinungsniveau: Karamell-Retro ist stabil und elegant, schwarz-wei\u00df-checked ist einfach und pr\u00e4zise, was die t\u00e4gliche Traktion auff\u00e4lliger macht.<\/p>\n<p><strong>Verwendung Methode:<\/strong><br \/>\nDual Pet Traction: Befestigen Sie zwei Zinklegierungsklemmen an das Haustier&#8217; s G\u00fcrtel (Kragen \/ Brust \/ R\u00fccken) separat;<br \/>\nSingle Pet Dual Point Traction: Befestigen Sie die Klemmen an den Kragen Brust \/ R\u00fccken G\u00fcrtel des gleichen Haustieres;<br \/>\nHalten Sie nach dem Befestigen der Klemmen den Schaumstoffgriff fest, um die Traktion zu beginnen. Ziehen Sie sanft das Seil, um bei der Korrektur des Haustieres zu helfen&#8217; Verhalten (Vermeidung gewaltsamer Ziehung).<\/p>\n<p><strong>H\u00e4ufige Fragen:<\/strong><br \/>\nF: Kann der doppelte Traktionskopf verwendet werden, um zwei gro\u00dfe Hunde zu ziehen? A: Dieses Modell ist f\u00fcr 5-20 kg mittlere und kleine Hunde geeignet. Gro\u00dfe Hunde werden f\u00fcr den Einsatz als Haustier empfohlen;<\/p>\n<p>F: Ist der Griff anf\u00e4llig, schmutzig zu werden? A: Das Schaumstoffmaterial kann mit einem feuchten Tuch gereinigt werden, wodurch es einfach zu pflegen ist;<\/p>\n<p>F: Kann es maschinell gewaschen werden? A: Es wird empfohlen, sich von Hand zu waschen und dann nat\u00fcrlich an der Luft zu trocknen, um zu vermeiden, dass das Seil und die Klemmen beim Waschmaschinenwaschen besch\u00e4digt werden.<\/p>","protected":false},"excerpt":{"rendered":"<p>Dual Traction Head Pet P Rope, mit hochfestem Polyester-Rundseil als Hauptk\u00f6rper, gepaart mit Zinklemmern aus Legierung. Der doppelte Traktionskopf kann flexibel 1-2 Haustiere oder ein einzelnes Haustier an zwei Stellen ziehen. Geeignet f\u00fcr 5-20 kg mittlere und kleine Hunde. Der Schaumstoffgriff ist komfortabel und rutschfest, erh\u00e4ltlich in Karamell \/ schwarz und wei\u00df Farben, Ausgleichst\u00e4rke, Haltbarkeit und Multi-Szenario-Anpassungsf\u00e4higkeit. Es ist ein praktisches Traktionsst\u00fcck f\u00fcr Haustierfamilien.<\/p>","protected":false},"featured_media":1864,"comment_status":"closed","ping_status":"closed","template":"","meta":[],"product_brand":[],"product_cat":[21],"product_tag":[],"class_list":{"0":"post-1863","1":"product","2":"type-product","3":"status-publish","4":"has-post-thumbnail","6":"product_cat-pet-leash","8":"first","9":"instock","10":"shipping-taxable","11":"purchasable","12":"product-type-variable"},"_links":{"self":[{"href":"https:\/\/www.holydoggroup.com\/de\/wp-json\/wp\/v2\/product\/1863","targetHints":{"allow":["GET"]}}],"collection":[{"href":"https:\/\/www.holydoggroup.com\/de\/wp-json\/wp\/v2\/product"}],"about":[{"href":"https:\/\/www.holydoggroup.com\/de\/wp-json\/wp\/v2\/types\/product"}],"replies":[{"embeddable":true,"href":"https:\/\/www.holydoggroup.com\/de\/wp-json\/wp\/v2\/comments?post=1863"}],"wp:featuredmedia":[{"embeddable":true,"href":"https:\/\/www.holydoggroup.com\/de\/wp-json\/wp\/v2\/media\/1864"}],"wp:attachment":[{"href":"https:\/\/www.holydoggroup.com\/de\/wp-json\/wp\/v2\/media?parent=1863"}],"wp:term":[{"taxonomy":"product_brand","embeddable":true,"href":"https:\/\/www.holydoggroup.com\/de\/wp-json\/wp\/v2\/product_brand?post=1863"},{"taxonomy":"product_cat","embeddable":true,"href":"https:\/\/www.holydoggroup.com\/de\/wp-json\/wp\/v2\/product_cat?post=1863"},{"taxonomy":"product_tag","embeddable":true,"href":"https:\/\/www.holydoggroup.com\/de\/wp-json\/wp\/v2\/product_tag?post=1863"}],"curies":[{"name":"WP","href":"https:\/\/api.w.org\/{rel}","templated":true}]}}