{"id":1912,"date":"2026-01-07T09:24:48","date_gmt":"2026-01-07T01:24:48","guid":{"rendered":"https:\/\/www.holydoggroup.com\/?post_type=product&#038;p=1912"},"modified":"2026-01-07T09:24:49","modified_gmt":"2026-01-07T01:24:49","slug":"d005","status":"publish","type":"product","link":"https:\/\/www.holydoggroup.com\/de\/pet-leash\/d005\/","title":{"rendered":"Langlebige Haustierleine | Hochfestes Geflochtes Seil | Stabile Befestigungsmittel | Karamel \/ Schwarz und Wei\u00df Essentials f\u00fcr Haustierwanderungen"},"content":{"rendered":"<p><img fetchpriority=\"high\" decoding=\"async\" class=\"aligncenter  wp-image-1913\" src=\"https:\/\/www.holydoggroup.com\/wp-content\/uploads\/2026\/01\/1-12.jpg\" alt=\"\" width=\"625\" height=\"625\" srcset=\"https:\/\/www.holydoggroup.com\/wp-content\/uploads\/2026\/01\/1-12.jpg 1000w, https:\/\/www.holydoggroup.com\/wp-content\/uploads\/2026\/01\/1-12-300x300.jpg 300w, https:\/\/www.holydoggroup.com\/wp-content\/uploads\/2026\/01\/1-12-150x150.jpg 150w, https:\/\/www.holydoggroup.com\/wp-content\/uploads\/2026\/01\/1-12-768x768.jpg 768w, https:\/\/www.holydoggroup.com\/wp-content\/uploads\/2026\/01\/1-12-600x600.jpg 600w, https:\/\/www.holydoggroup.com\/wp-content\/uploads\/2026\/01\/1-12-100x100.jpg 100w\" sizes=\"(max-width: 625px) 100vw, 625px\" \/><\/p>\n<p>Dies ist die langlebige Haustierleine von holydog, die speziell f\u00fcr ein komfortables und sicheres Ziehen entwickelt wurde:<br \/>\n<strong>Allgemeine Einf\u00fchrung:<\/strong> Der Hauptk\u00f6rper besteht aus hochfestem Imitationsnylon geflochtenem Seil, gepaart mit stabilen Zinklegierungsbefestigungsmitteln, ausgestattet mit einem gewebten integrierten komfortablen Griff schwarze Verst\u00e4rkungsst\u00fccke, die zwei Farboptionen bieten: Karamellfarbe (Low-Key-Textur) und schwarz-wei\u00df (Modemuster).<br \/>\n<strong>Anwendungsbereich:<\/strong> Geeignet f\u00fcr kleine bis mittlere und mittlere bis gro\u00dfe Haustiere (wie Teddyb\u00e4ren, Corgis, Bordercollies usw.), geeignet f\u00fcr t\u00e4gliche Outdoor-Spazierg\u00e4nge, kurze Ausfl\u00fcge und t\u00e4gliche Interaktionen.<br \/>\nKernverkaufspunkte: Der imitierte Nylon-Seilk\u00f6rper ist verschlei\u00dfbest\u00e4ndig und zugfeste und verformt sich nicht; die Zinklegierungsbefestigungen sind tragstabil und rosten nicht; der gewebte Griff ist rutschfest und bequem und tr\u00e4gt die H\u00e4nde nach langem Halten nicht; die Doppelfarboptionen sind f\u00fcr verschiedene \u00c4sthetik geeignet, und der Seilk\u00f6rper ist einfach aufr\u00e4umlich und kn\u00f6tet nicht.<br \/>\n<strong>Verwendung Methode:<\/strong> Legen Sie den Zinklegierungsbefestigungsmittel auf den Haustierkragen \/ Brustg\u00e4rmel Haken und halten Sie den gewebten Griff, um stetig zu ziehen; beim Lagern das Seil ordentlich aufrollen und an einem trockenen Ort legen.<br \/>\n<strong>H\u00e4ufige Fragen:<\/strong><\/p>\n<p>F: Wie reinigt man? A: Waschen Sie mit mildem Waschmittel von Hand und trocknen Sie danach, vermeiden Sie direktes Sonnenlicht;<\/p>\n<p>F: Ist es f\u00fcr gro\u00dfe aggressive Hunde geeignet? A: F\u00fcr Haustiere mit einem Gewicht von 35 kg oder weniger empfohlen;<\/p>\n<p>F: Tragt der Griff die H\u00e4nde? A: Das gewebte Material hat eine weiche Ber\u00fchrung, und die H\u00e4nde werden nach langem Halten nicht tragen.<\/p>\n<p>&nbsp;<\/p>","protected":false},"excerpt":{"rendered":"<p>Diese Leine von holydog verf\u00fcgt \u00fcber einen Kern von hochfesten Imitation Nylon Seil Zink Legierung Befestigungsmittel, verschlei\u00dffeste und anti-Zug, stabil und rostdicht, der gewebte Griff gew\u00e4hrleistet bequemes Ziehen, geeignet f\u00fcr mehrere Hunderassen, die 35 kg oder weniger wiegen, Karamellfarbe und schwarz-wei\u00dfe Doppelfarboptionen Balance Textur und Mode, es ist ein langlebiges und praktisches gutes Element f\u00fcr t\u00e4gliche Haustierspazierg\u00e4nge.<\/p>","protected":false},"featured_media":1913,"comment_status":"closed","ping_status":"closed","template":"","meta":[],"product_brand":[],"product_cat":[21],"product_tag":[],"class_list":{"0":"post-1912","1":"product","2":"type-product","3":"status-publish","4":"has-post-thumbnail","6":"product_cat-pet-leash","8":"first","9":"instock","10":"shipping-taxable","11":"purchasable","12":"product-type-variable"},"_links":{"self":[{"href":"https:\/\/www.holydoggroup.com\/de\/wp-json\/wp\/v2\/product\/1912","targetHints":{"allow":["GET"]}}],"collection":[{"href":"https:\/\/www.holydoggroup.com\/de\/wp-json\/wp\/v2\/product"}],"about":[{"href":"https:\/\/www.holydoggroup.com\/de\/wp-json\/wp\/v2\/types\/product"}],"replies":[{"embeddable":true,"href":"https:\/\/www.holydoggroup.com\/de\/wp-json\/wp\/v2\/comments?post=1912"}],"wp:featuredmedia":[{"embeddable":true,"href":"https:\/\/www.holydoggroup.com\/de\/wp-json\/wp\/v2\/media\/1913"}],"wp:attachment":[{"href":"https:\/\/www.holydoggroup.com\/de\/wp-json\/wp\/v2\/media?parent=1912"}],"wp:term":[{"taxonomy":"product_brand","embeddable":true,"href":"https:\/\/www.holydoggroup.com\/de\/wp-json\/wp\/v2\/product_brand?post=1912"},{"taxonomy":"product_cat","embeddable":true,"href":"https:\/\/www.holydoggroup.com\/de\/wp-json\/wp\/v2\/product_cat?post=1912"},{"taxonomy":"product_tag","embeddable":true,"href":"https:\/\/www.holydoggroup.com\/de\/wp-json\/wp\/v2\/product_tag?post=1912"}],"curies":[{"name":"WP","href":"https:\/\/api.w.org\/{rel}","templated":true}]}}