{"id":1933,"date":"2026-01-07T09:47:47","date_gmt":"2026-01-07T01:47:47","guid":{"rendered":"https:\/\/www.holydoggroup.com\/?post_type=product&#038;p=1933"},"modified":"2026-01-07T09:47:47","modified_gmt":"2026-01-07T01:47:47","slug":"d004","status":"publish","type":"product","link":"https:\/\/www.holydoggroup.com\/de\/pet-leash\/d004\/","title":{"rendered":"\u3010Robuste Anti-Rutsch\u3011Tauchmaterialgriff Haustierleine &#8211; Verschlei\u00dffester Nylon-\u00e4hnlicher Seilk\u00f6rper &#8211; Zinklegierung Sicherheit Clip &#8211; Erh\u00e4ltlich in drei Farben"},"content":{"rendered":"<p><img fetchpriority=\"high\" decoding=\"async\" class=\"aligncenter  wp-image-1938\" src=\"https:\/\/www.holydoggroup.com\/wp-content\/uploads\/2026\/01\/5-14.jpg\" alt=\"\" width=\"601\" height=\"601\" srcset=\"https:\/\/www.holydoggroup.com\/wp-content\/uploads\/2026\/01\/5-14.jpg 1000w, https:\/\/www.holydoggroup.com\/wp-content\/uploads\/2026\/01\/5-14-300x300.jpg 300w, https:\/\/www.holydoggroup.com\/wp-content\/uploads\/2026\/01\/5-14-150x150.jpg 150w, https:\/\/www.holydoggroup.com\/wp-content\/uploads\/2026\/01\/5-14-768x768.jpg 768w, https:\/\/www.holydoggroup.com\/wp-content\/uploads\/2026\/01\/5-14-600x600.jpg 600w, https:\/\/www.holydoggroup.com\/wp-content\/uploads\/2026\/01\/5-14-100x100.jpg 100w\" sizes=\"(max-width: 601px) 100vw, 601px\" \/><\/p>\n<p><strong>Produkteinf\u00fchrung:<\/strong><br \/>\nDiese Haustierleine ist speziell f\u00fcr t\u00e4gliche Spazierg\u00e4nge und Outdoor-Aktivit\u00e4ten konzipiert und kombiniert Haltbarkeit und Komfort, um eine sichere und einfache Reise f\u00fcr Sie und Ihr Haustier zu gew\u00e4hrleisten. Das Griffteil besteht aus weichem und rutschfestem Tauchmaterial, was es bequem macht, lange zu halten, ohne Ihre H\u00e4nde zu m\u00fcden; der Seilk\u00f6rper besteht aus hochfestem Imitationsnylon-geflochtenem Seil, das verschlei\u00dfbest\u00e4ndig und widerstandsf\u00e4hig ist und pl\u00f6tzlichen Schl\u00e4gen standhalten kann; die Schnalle besteht aus hochwertiger Zinklegierung, korrosionsbest\u00e4ndig und mit einem sicheren Schloss, so dass das Haustier nicht wahrscheinlich entflieht. Das Produkt ist in drei Farben erh\u00e4ltlich: Armegr\u00fcn, Karamell und Rosa, die sowohl Mode als auch Praktizit\u00e4t ausgleichen.<\/p>\n<p><strong>Anwendungsbereich:<\/strong><br \/>\nGeeignet f\u00fcr t\u00e4gliche Spazierg\u00e4nge, Training oder Outdoor-Erkundung kleiner bis mittlerer Hunde, auch geeignet f\u00fcr aktive und aktive Haustiere, die gerne herumlaufen.<br \/>\nWichtige Verkaufspunkte:<br \/>\nBequemer Griff: Der Griff ist aus Tauchmaterial gefertigt und ist weich und gem\u00fctlich gegen die Handfl\u00e4che. Es ist rutschfest und atmungsaktiv, so dass die H\u00e4nde nach langer Verwendung nicht m\u00fcde werden.<br \/>\nStark und langlebig: Das hochfeste Nylon-\u00e4hnliche Seil ist hochverschlei\u00dffest und rei\u00dffest. In Kombination mit den Zinklegierungsbefestigungen bietet es doppelte Sicherheitsgarantien.<br \/>\nFlexible Steuerung: Das Seil ist glatt und wird nicht leicht verwickelt. Die Lanyard kann schnell in der L\u00e4nge angepasst werden, um unterschiedliche Szenenanforderungen zu erf\u00fcllen.<br \/>\nOutfit Level Online: Armeegr\u00fcn, Karamell und Rosa mit niedriger S\u00e4ttigung. Langweilig, aber elegant, und es f\u00fcgt einen Hauch von Pers\u00f6nlichkeit hinzu, wenn es mit einem Haustierkragen gepaart wird.<\/p>\n<p><strong>Gebrauchsanweisungen:<\/strong><br \/>\nVerbinden Sie ein Ende des Verschlusses mit dem Haustier&#8217; s Kragen oder Brustg\u00e4rmel und stellen Sie sicher, dass das Schloss vollst\u00e4ndig geschlossen ist.<br \/>\nVerstellen Sie die L\u00e4nge des Seils entsprechend dem Reiseszenario. Es kann durch den unter dem Griff befindlichen Verstellring befestigt werden.<br \/>\nWenn Haustiere w\u00e4hrend des Gebrauchs pl\u00f6tzliche Bewegungen verursachen, halten Sie den rutschfesten Abschnitt des Griffs vorsichtig, um die Schlagkraft allm\u00e4hlich freizugeben.<\/p>\n<p><strong>H\u00e4ufige Fragen:<\/strong><br \/>\nF: Ist diese Leine f\u00fcr gro\u00dfe Hunde geeignet?<br \/>\nA: Diese Leine hat eine starke Tragf\u00e4higkeit, aber es wird f\u00fcr Haustiere empfohlen, die weniger als 25 kg wiegen.<br \/>\nF: Kann es maschinell gewaschen werden?<br \/>\nA: Es wird empfohlen, mit der Hand und Luft trocken zu waschen. Vermeiden Sie l\u00e4ngeres Einweichen oder Exposition gegen\u00fcber direktem Sonnenlicht, um die Lebensdauer des Materials zu verl\u00e4ngern.<br \/>\nF: Ist das Befestigungsmittel anf\u00e4llig f\u00fcr Rost?<br \/>\nA: Die Oberfl\u00e4che der Zinklegierung wurde einer Oxidationsbehandlung unterzogen, die gute Rostpr\u00e4ventionseigenschaften bietet. Nach t\u00e4glichem Gebrauch trocknen Sie es einfach ab.<\/p>","protected":false},"excerpt":{"rendered":"<p>Diese Haustierleine ist speziell f\u00fcr sichere und komfortable Ausfl\u00fcge konzipiert. Es verf\u00fcgt \u00fcber einen rutschfesten Griff aus Tauchmaterial, ein starkes Nylon-Imitationsgewebseil und Zinklegierungsbefestigungen, die Haltbarkeit und Man\u00f6vrierbarkeit ausgleichen. Es ist f\u00fcr den t\u00e4glichen Gebrauch von kleinen und mittleren Hunden geeignet und kommt in drei modischen und vielseitigen Farben mit niedriger S\u00e4ttigung. Das detaillierte Design ist durchdacht, mit Anti-Zug- und Anti-Verschlei\u00dffunktionen, die Spazierg\u00e4nge mit Ihrem Haustier einfacher und beruhigender machen, so dass Sie Ihr geliebtes Haustier auf jeder Reise begleiten k\u00f6nnen.<\/p>","protected":false},"featured_media":1934,"comment_status":"closed","ping_status":"closed","template":"","meta":[],"product_brand":[],"product_cat":[21],"product_tag":[],"class_list":{"0":"post-1933","1":"product","2":"type-product","3":"status-publish","4":"has-post-thumbnail","6":"product_cat-pet-leash","8":"first","9":"instock","10":"shipping-taxable","11":"purchasable","12":"product-type-variable"},"_links":{"self":[{"href":"https:\/\/www.holydoggroup.com\/de\/wp-json\/wp\/v2\/product\/1933","targetHints":{"allow":["GET"]}}],"collection":[{"href":"https:\/\/www.holydoggroup.com\/de\/wp-json\/wp\/v2\/product"}],"about":[{"href":"https:\/\/www.holydoggroup.com\/de\/wp-json\/wp\/v2\/types\/product"}],"replies":[{"embeddable":true,"href":"https:\/\/www.holydoggroup.com\/de\/wp-json\/wp\/v2\/comments?post=1933"}],"wp:featuredmedia":[{"embeddable":true,"href":"https:\/\/www.holydoggroup.com\/de\/wp-json\/wp\/v2\/media\/1934"}],"wp:attachment":[{"href":"https:\/\/www.holydoggroup.com\/de\/wp-json\/wp\/v2\/media?parent=1933"}],"wp:term":[{"taxonomy":"product_brand","embeddable":true,"href":"https:\/\/www.holydoggroup.com\/de\/wp-json\/wp\/v2\/product_brand?post=1933"},{"taxonomy":"product_cat","embeddable":true,"href":"https:\/\/www.holydoggroup.com\/de\/wp-json\/wp\/v2\/product_cat?post=1933"},{"taxonomy":"product_tag","embeddable":true,"href":"https:\/\/www.holydoggroup.com\/de\/wp-json\/wp\/v2\/product_tag?post=1933"}],"curies":[{"name":"WP","href":"https:\/\/api.w.org\/{rel}","templated":true}]}}