{"id":281,"date":"2025-08-26T15:03:14","date_gmt":"2025-08-26T07:03:14","guid":{"rendered":"https:\/\/www.holydoggroup.com\/?post_type=product&#038;p=281"},"modified":"2026-01-04T12:43:05","modified_gmt":"2026-01-04T04:43:05","slug":"a009","status":"publish","type":"product","link":"https:\/\/www.holydoggroup.com\/de\/pet-harness\/a009\/","title":{"rendered":"Haustier Brust und R\u00fccken 360-Grad-Surround f\u00fcr Hundewanderungen im Freien, ausziehbare Brust und R\u00fccken"},"content":{"rendered":"<p>Titel: OEM, ODM Pers\u00f6nlicher Komfort Verstellbarer weicher Gurt im Freien Haltbare Mode Neuer Stil Hochwertiger Hund Haustiergurt<\/p>\n<p>PETCRAFT Black Dog Harness: Die Mobilit\u00e4t von Hunden mit professionellem Design neu definieren<\/p>\n<p>In der weiten Landschaft von Haustierzubeh\u00f6r steht der PETCRAFT Black Dog Harness als ein funktionales Meisterwerk \u2013 eine nahtlose Fusion aus robuster Haltbarkeit, hundenzentrischer Ergonomie und vielseitigem Design. Von der Materialauswahl bis zur Konstruktionstechnik spiegelt jedes Detail eine einzigartige Mission wider: die Bindung zwischen Mensch und Hund durch Sicherheit, Komfort und dauerhafte Leistung zu erh\u00f6hen. Im Folgenden analysieren wir seine definierenden Merkmale, die es in einem \u00fcberf\u00fcllten Markt unterscheiden.<\/p>\n<p>### 1. Materialalchemie: Eine Balance zwischen Kraft und Weichheit<br \/>\nDer Kern des Gurts liegt in einer strategischen Materialpalette, die Widerstandsf\u00e4higkeit mit sanftem Komfort verbindet:<\/p>\n<p><img fetchpriority=\"high\" decoding=\"async\" class=\"size-full wp-image-770 aligncenter\" src=\"https:\/\/www.holydoggroup.com\/wp-content\/uploads\/2025\/08\/ZH023-4.jpg\" alt=\"\" width=\"800\" height=\"800\" srcset=\"https:\/\/www.holydoggroup.com\/wp-content\/uploads\/2025\/08\/ZH023-4.jpg 800w, https:\/\/www.holydoggroup.com\/wp-content\/uploads\/2025\/08\/ZH023-4-300x300.jpg 300w, https:\/\/www.holydoggroup.com\/wp-content\/uploads\/2025\/08\/ZH023-4-150x150.jpg 150w, https:\/\/www.holydoggroup.com\/wp-content\/uploads\/2025\/08\/ZH023-4-768x768.jpg 768w, https:\/\/www.holydoggroup.com\/wp-content\/uploads\/2025\/08\/ZH023-4-600x600.jpg 600w, https:\/\/www.holydoggroup.com\/wp-content\/uploads\/2025\/08\/ZH023-4-100x100.jpg 100w\" sizes=\"(max-width: 800px) 100vw, 800px\" \/><\/p>\n<p>&#8211;  ** Au\u00dfenschale: Nylon von industrieller Qualit\u00e4t **<br \/>\nDas \u201eR\u00fcckgrat\u201c des Gurts ist aus Nylonband mit hoher Dichte geschmiedet und bietet au\u00dfergew\u00f6hnliche ** Rei\u00dfbest\u00e4ndigkeit ** und Abrasionsbest\u00e4ndigkeit. Ob es sich um den pl\u00f6tzlichen Einstieg eines Border Collies, den verspielten Schlepper eines Golden Retrievers oder um Kratzer gegen raues Gel\u00e4nde handelt, er bleibt intakt. Seine inh\u00e4rente **Witterungsbest\u00e4ndigkeit** (wasserabweisend, schimmeldicht) gew\u00e4hrleistet Zuverl\u00e4ssigkeit bei Regen oder Schlamm, w\u00e4hrend die leicht zu reinigenden Eigenschaften die Wartung nach dem Abenteuer vereinfachen.<\/p>\n<p><img decoding=\"async\" class=\"size-full wp-image-771 aligncenter\" src=\"https:\/\/www.holydoggroup.com\/wp-content\/uploads\/2025\/08\/ZH023-5.jpg\" alt=\"\" width=\"800\" height=\"800\" srcset=\"https:\/\/www.holydoggroup.com\/wp-content\/uploads\/2025\/08\/ZH023-5.jpg 800w, https:\/\/www.holydoggroup.com\/wp-content\/uploads\/2025\/08\/ZH023-5-300x300.jpg 300w, https:\/\/www.holydoggroup.com\/wp-content\/uploads\/2025\/08\/ZH023-5-150x150.jpg 150w, https:\/\/www.holydoggroup.com\/wp-content\/uploads\/2025\/08\/ZH023-5-768x768.jpg 768w, https:\/\/www.holydoggroup.com\/wp-content\/uploads\/2025\/08\/ZH023-5-600x600.jpg 600w, https:\/\/www.holydoggroup.com\/wp-content\/uploads\/2025\/08\/ZH023-5-100x100.jpg 100w\" sizes=\"(max-width: 800px) 100vw, 800px\" \/><\/p>\n<p>&#8211;  ** Innere Schicht: Atmungsaktives Mesh &amp; amp; Fleece Futter**<br \/>\nAn der Haut des Hundes entsteht eine Mischung aus atmungsaktivem Mesh und weichem Fleece, die eine \u201ezweite Haut\u201c bildet. Das Mesh wirkt als ein **Mikrobel\u00fcftungssystem**, das Schwei\u00df abwickelt, w\u00e4hrend das Fleece Druckpunkte d\u00e4mpft. Auch allergisch anf\u00e4llige Hunde genie\u00dfen dank des hypoallergenen Futters reizungsfreien Verschlei\u00df.<\/p>\n<p>&#8211;  **Handwerkliche Details**<br \/>\nVerst\u00e4rkte Doppeln\u00e4hte und w\u00e4rmeversiegelte Bandkanten verhindern Ausfrauen und stellen sicher, dass der Gurt jahrelangen Gebrauch standh\u00e4lt. Jeder Stich und jede Naht spricht von einer obsessiven Haltbarkeit.<\/p>\n<p>### 2. Hunderergonomie: Von der Einschr\u00e4nkung zur Freiheit<br \/>\nDas Designteam von PETCRAFT beherrschte die Hundebiomechanik, um einen Gurt zu schaffen, der sich *mit* dem Hund bewegt:<\/p>\n<p><img decoding=\"async\" class=\"wp-image-772 size-full aligncenter\" src=\"https:\/\/www.holydoggroup.com\/wp-content\/uploads\/2025\/08\/ZH023-6.jpg\" alt=\"\" width=\"800\" height=\"800\" srcset=\"https:\/\/www.holydoggroup.com\/wp-content\/uploads\/2025\/08\/ZH023-6.jpg 800w, https:\/\/www.holydoggroup.com\/wp-content\/uploads\/2025\/08\/ZH023-6-300x300.jpg 300w, https:\/\/www.holydoggroup.com\/wp-content\/uploads\/2025\/08\/ZH023-6-150x150.jpg 150w, https:\/\/www.holydoggroup.com\/wp-content\/uploads\/2025\/08\/ZH023-6-768x768.jpg 768w, https:\/\/www.holydoggroup.com\/wp-content\/uploads\/2025\/08\/ZH023-6-600x600.jpg 600w, https:\/\/www.holydoggroup.com\/wp-content\/uploads\/2025\/08\/ZH023-6-100x100.jpg 100w\" sizes=\"(max-width: 800px) 100vw, 800px\" \/><\/p>\n<p>&#8211;  ** Umwickelnde Druckverteilung **<br \/>\nDer G\u00fcrtel, der veraltete halsbeschr\u00e4nkende Designs entfernt, umfasst eine ** Brust-und-Schulter-Wrap-Struktur **. Die Spannung verteilt sich gleichm\u00e4\u00dfig \u00fcber den K\u00f6rper und beseitigt die Trachealstammung - kritisch f\u00fcr brachyzephale Rassen (z. B. Franz\u00f6sische Bulldoggen) oder ziehanf\u00e4llige Hunde. Ein st\u00fcrzender Hund f\u00fchlt sich eher \"umgeleitet\" als \"erstickt\".<\/p>\n<p>&#8211;  ** 3D Kontur Skulptur **<br \/>\nDie gekr\u00fcmmten Linien des Gurts folgen der nat\u00fcrlichen K\u00f6rperform des Hundes. W\u00e4hrend der Hund l\u00e4uft oder springt, biegen sich die G\u00fcrtel wie elastische B\u00e4nder, um Achseln zu vermeiden oder Bewegungsbeschr\u00e4nkungen zu vermeiden. Es ist eine \"dynamische Passform\", die in die Bewegung des Hundes verschwindet.<\/p>\n<p>### 3.  ** Sicherheitssystem: Sichtbarkeit, Kontrolle und Sicherheit **<br \/>\nSicherheit ist in jedes Element verwoben:<\/p>\n<p><img loading=\"lazy\" decoding=\"async\" class=\"wp-image-774 size-full aligncenter\" src=\"https:\/\/www.holydoggroup.com\/wp-content\/uploads\/2025\/08\/ZH023-8.jpg\" alt=\"\" width=\"800\" height=\"800\" srcset=\"https:\/\/www.holydoggroup.com\/wp-content\/uploads\/2025\/08\/ZH023-8.jpg 800w, https:\/\/www.holydoggroup.com\/wp-content\/uploads\/2025\/08\/ZH023-8-300x300.jpg 300w, https:\/\/www.holydoggroup.com\/wp-content\/uploads\/2025\/08\/ZH023-8-150x150.jpg 150w, https:\/\/www.holydoggroup.com\/wp-content\/uploads\/2025\/08\/ZH023-8-768x768.jpg 768w, https:\/\/www.holydoggroup.com\/wp-content\/uploads\/2025\/08\/ZH023-8-600x600.jpg 600w, https:\/\/www.holydoggroup.com\/wp-content\/uploads\/2025\/08\/ZH023-8-100x100.jpg 100w\" sizes=\"(max-width: 800px) 100vw, 800px\" \/><\/p>\n<p>&#8211;  **Reflektierender Trim: Nachtw\u00e4chter**<br \/>\nFeine reflektierende Streifen streichen die G\u00fcrtelr\u00e4nder und verwandeln den Hund in einen \"beweglichen Leuchtfeuer\" bei geringem Licht, wodurch die Unfallrisiken w\u00e4hrend der D\u00e4mmerung \/ Morgenr\u00f6te reduziert werden.<\/p>\n<p><img loading=\"lazy\" decoding=\"async\" class=\"wp-image-773 size-full aligncenter\" src=\"https:\/\/www.holydoggroup.com\/wp-content\/uploads\/2025\/08\/ZH023-7.jpg\" alt=\"\" width=\"800\" height=\"800\" srcset=\"https:\/\/www.holydoggroup.com\/wp-content\/uploads\/2025\/08\/ZH023-7.jpg 800w, https:\/\/www.holydoggroup.com\/wp-content\/uploads\/2025\/08\/ZH023-7-300x300.jpg 300w, https:\/\/www.holydoggroup.com\/wp-content\/uploads\/2025\/08\/ZH023-7-150x150.jpg 150w, https:\/\/www.holydoggroup.com\/wp-content\/uploads\/2025\/08\/ZH023-7-768x768.jpg 768w, https:\/\/www.holydoggroup.com\/wp-content\/uploads\/2025\/08\/ZH023-7-600x600.jpg 600w, https:\/\/www.holydoggroup.com\/wp-content\/uploads\/2025\/08\/ZH023-7-100x100.jpg 100w\" sizes=\"(max-width: 800px) 100vw, 800px\" \/><\/p>\n<p>&#8211;  ** Doppelte Edelstahl D-Ringe **<br \/>\nZwei rostfeste D-Ringe (Brust und R\u00fccken) bieten taktische Vielseitigkeit:<br \/>\n&#8211;  ** Front Clip **: F\u00fcr das Training leitet es die Ziehkraft zum Besitzer um, um das St\u00fcrzen oder Springen zu bremsen (ideal f\u00fcr die Verhaltenskorrektur).<br \/>\n&#8211;  ** Back Clip **: F\u00fcr l\u00e4ssige Spazierg\u00e4nge verteilt es Spannung entlang der Wirbels\u00e4ule und maximiert die Freiheit.<\/p>\n<p>&#8211;  ** Luftfahrt-Grade Quick-Release-Schnallen **<br \/>\nDiese robusten Kunststoffschnallen \u00fcberleben extreme Kraftpr\u00fcfungen und \u00f6ffnen sich mit einer Hand m\u00fchelos. Keine zuf\u00e4lligen Fluchten - nur sicherer, bequemer Verschlei\u00df.<\/p>\n<p>### 4.  **Adjustment Magic: Grow-with-Me Vielseitigkeit**<br \/>\nDas Gurt passt sich an die sich \u00e4ndernde Gr\u00f6\u00dfe und Form eines Hundes an:<\/p>\n<p><img loading=\"lazy\" decoding=\"async\" class=\"wp-image-775 size-full aligncenter\" src=\"https:\/\/www.holydoggroup.com\/wp-content\/uploads\/2025\/08\/ZH023-9.jpg\" alt=\"\" width=\"800\" height=\"800\" srcset=\"https:\/\/www.holydoggroup.com\/wp-content\/uploads\/2025\/08\/ZH023-9.jpg 800w, https:\/\/www.holydoggroup.com\/wp-content\/uploads\/2025\/08\/ZH023-9-300x300.jpg 300w, https:\/\/www.holydoggroup.com\/wp-content\/uploads\/2025\/08\/ZH023-9-150x150.jpg 150w, https:\/\/www.holydoggroup.com\/wp-content\/uploads\/2025\/08\/ZH023-9-768x768.jpg 768w, https:\/\/www.holydoggroup.com\/wp-content\/uploads\/2025\/08\/ZH023-9-600x600.jpg 600w, https:\/\/www.holydoggroup.com\/wp-content\/uploads\/2025\/08\/ZH023-9-100x100.jpg 100w\" sizes=\"(max-width: 800px) 100vw, 800px\" \/><\/p>\n<p>&#8211;  ** Vierdimensionale Anpassung **<br \/>\nSchieberegler auf Brust, Schultern und Bauch erm\u00f6glichen ** mehrachsige Abstimmung ** (vorne-zur\u00fcck, nach oben, eng-lose). Ob bei der Anpassung eines wachsenden Welpen oder bei saisonalen Gewichts\u00e4nderungen eines erwachsenen Hundes, die Pr\u00e4zisionsanpassung ist m\u00fchelos.<\/p>\n<p><img loading=\"lazy\" decoding=\"async\" class=\"wp-image-776 size-full aligncenter\" src=\"https:\/\/www.holydoggroup.com\/wp-content\/uploads\/2025\/08\/ZH023-10.jpg\" alt=\"\" width=\"800\" height=\"800\" srcset=\"https:\/\/www.holydoggroup.com\/wp-content\/uploads\/2025\/08\/ZH023-10.jpg 800w, https:\/\/www.holydoggroup.com\/wp-content\/uploads\/2025\/08\/ZH023-10-300x300.jpg 300w, https:\/\/www.holydoggroup.com\/wp-content\/uploads\/2025\/08\/ZH023-10-150x150.jpg 150w, https:\/\/www.holydoggroup.com\/wp-content\/uploads\/2025\/08\/ZH023-10-768x768.jpg 768w, https:\/\/www.holydoggroup.com\/wp-content\/uploads\/2025\/08\/ZH023-10-600x600.jpg 600w, https:\/\/www.holydoggroup.com\/wp-content\/uploads\/2025\/08\/ZH023-10-100x100.jpg 100w\" sizes=\"(max-width: 800px) 100vw, 800px\" \/><\/p>\n<p>&#8211;  **Werkzeugfreie Modifikation**<br \/>\nEinstellungen erfordern keine Werkzeuge - ziehen Sie einfach das Gurt. Auch mitten im Spaziergang k\u00f6nnen Sie die Passform in Sekunden feineinstellen.<\/p>\n<p>### 5. Komfortrevolution: Von \u201etolerierbar\u201c zu \u201ew\u00fcnschenswert\u201c<br \/>\nDer G\u00fcrtel definiert die Tragbarkeit neu und macht es zu einem St\u00fcck, das Hunde * wollen * tragen:<\/p>\n<p>&#8211;  ** Wolken\u00e4hnliche Polsterung **<br \/>\n8 mm dicker Speicherschaumstoff Polstern Hochdruckzonen (Brust, Achseln). Es formt sich an den K\u00f6rper des Hundes und schafft Nulldruckkontakt - auch nach 4 Stunden Verschlei\u00df bleibt die Haut markierfrei.<\/p>\n<p>&#8211;  ** Breite Strap Philosophie **<br \/>\nAlle Tragbanden (\u22652,5 cm breit) sprechen Druck \u00fcber gro\u00dfe Fl\u00e4chen aus und ersetzen \u201eKneifschmerzen\u201c durch sanfte Unterst\u00fctzung. Ein st\u00fcrzender Hund f\u00fchlt Stabilit\u00e4t, nicht Stechen.<\/p>\n<p>&#8211;  ** Atmungsaktive Architektur **<br \/>\nDie innere Wabenstruktur des Meshes, gepaart mit einem R\u00fcckausschnitt, bildet einen **Luftstr\u00f6mungskanal**. Bei 35 \u00b0 C-Hitze bleibt der R\u00fccken des Hundes k\u00fchl - kritisch, um eine \u00dcberhitzung zu verhindern.<\/p>\n<p>### 6.  **Alle Szenarien Dominanz: Urban zu W<\/p>\n<p><img loading=\"lazy\" decoding=\"async\" class=\"wp-image-778 size-full aligncenter\" src=\"https:\/\/www.holydoggroup.com\/wp-content\/uploads\/2025\/08\/ZH023-12.jpg\" alt=\"\" width=\"800\" height=\"800\" srcset=\"https:\/\/www.holydoggroup.com\/wp-content\/uploads\/2025\/08\/ZH023-12.jpg 800w, https:\/\/www.holydoggroup.com\/wp-content\/uploads\/2025\/08\/ZH023-12-300x300.jpg 300w, https:\/\/www.holydoggroup.com\/wp-content\/uploads\/2025\/08\/ZH023-12-150x150.jpg 150w, https:\/\/www.holydoggroup.com\/wp-content\/uploads\/2025\/08\/ZH023-12-768x768.jpg 768w, https:\/\/www.holydoggroup.com\/wp-content\/uploads\/2025\/08\/ZH023-12-600x600.jpg 600w, https:\/\/www.holydoggroup.com\/wp-content\/uploads\/2025\/08\/ZH023-12-100x100.jpg 100w\" sizes=\"(max-width: 800px) 100vw, 800px\" \/><\/p>","protected":false},"excerpt":{"rendered":"<p>&nbsp;<\/p>\n<table style=\"width: 100%; height: 142px;\">\n<tbody>\n<tr style=\"height: 47px;\">\n<td style=\"height: 47px;\" width=\"176\"><strong>Gr\u00f6\u00dfe<\/strong><\/td>\n<td style=\"height: 47px;\" width=\"181\"><strong>Halsumfang<\/strong><\/td>\n<td style=\"height: 47px;\" width=\"187\"><strong>Brustumfang<\/strong><\/td>\n<td style=\"height: 47px;\" width=\"168\"><strong>Gewicht<\/strong><\/td>\n<\/tr>\n<tr style=\"height: 23px;\">\n<td style=\"height: 23px;\" width=\"176\"><strong>S<\/strong><\/td>\n<td style=\"height: 23px;\" width=\"181\"><strong>31-42cm<\/strong><\/td>\n<td style=\"height: 23px;\" width=\"187\"><strong>45-60cm<\/strong><\/td>\n<td style=\"height: 23px;\" width=\"168\"><strong>6-15 kg<\/strong><\/td>\n<\/tr>\n<tr style=\"height: 23px;\">\n<td style=\"height: 23px;\" width=\"176\"><strong>M<\/strong><\/td>\n<td style=\"height: 23px;\" width=\"181\"><strong>38-54cm<\/strong><\/td>\n<td style=\"height: 23px;\" width=\"187\"><strong>57-74cm<\/strong><\/td>\n<td style=\"height: 23px;\" width=\"168\"><strong>14-22 kg<\/strong><\/td>\n<\/tr>\n<tr style=\"height: 26px;\">\n<td style=\"height: 26px;\" width=\"176\"><strong>L<\/strong><\/td>\n<td style=\"height: 26px;\" width=\"181\"><strong>48-57cm<\/strong><\/td>\n<td style=\"height: 26px;\" width=\"187\"><strong>69-87cm<\/strong><\/td>\n<td style=\"height: 26px;\" width=\"168\"><strong>20-35 kg<\/strong><\/td>\n<\/tr>\n<\/tbody>\n<\/table>","protected":false},"featured_media":284,"comment_status":"open","ping_status":"closed","template":"","meta":[],"product_brand":[],"product_cat":[20],"product_tag":[],"class_list":{"0":"post-281","1":"product","2":"type-product","3":"status-publish","4":"has-post-thumbnail","6":"product_cat-pet-harness","8":"first","9":"instock","10":"shipping-taxable","11":"purchasable","12":"product-type-variable"},"_links":{"self":[{"href":"https:\/\/www.holydoggroup.com\/de\/wp-json\/wp\/v2\/product\/281","targetHints":{"allow":["GET"]}}],"collection":[{"href":"https:\/\/www.holydoggroup.com\/de\/wp-json\/wp\/v2\/product"}],"about":[{"href":"https:\/\/www.holydoggroup.com\/de\/wp-json\/wp\/v2\/types\/product"}],"replies":[{"embeddable":true,"href":"https:\/\/www.holydoggroup.com\/de\/wp-json\/wp\/v2\/comments?post=281"}],"wp:featuredmedia":[{"embeddable":true,"href":"https:\/\/www.holydoggroup.com\/de\/wp-json\/wp\/v2\/media\/284"}],"wp:attachment":[{"href":"https:\/\/www.holydoggroup.com\/de\/wp-json\/wp\/v2\/media?parent=281"}],"wp:term":[{"taxonomy":"product_brand","embeddable":true,"href":"https:\/\/www.holydoggroup.com\/de\/wp-json\/wp\/v2\/product_brand?post=281"},{"taxonomy":"product_cat","embeddable":true,"href":"https:\/\/www.holydoggroup.com\/de\/wp-json\/wp\/v2\/product_cat?post=281"},{"taxonomy":"product_tag","embeddable":true,"href":"https:\/\/www.holydoggroup.com\/de\/wp-json\/wp\/v2\/product_tag?post=281"}],"curies":[{"name":"WP","href":"https:\/\/api.w.org\/{rel}","templated":true}]}}