{"id":282,"date":"2025-08-26T15:03:43","date_gmt":"2025-08-26T07:03:43","guid":{"rendered":"https:\/\/www.holydoggroup.com\/?post_type=product&#038;p=282"},"modified":"2026-01-04T12:41:38","modified_gmt":"2026-01-04T04:41:38","slug":"d002","status":"publish","type":"product","link":"https:\/\/www.holydoggroup.com\/de\/pet-leash\/d002\/","title":{"rendered":"Haustier-Gehen Magie Werkzeug! Die Zinklegierung P Schnalle des Polyester gewebten Zugseils ist langlebig"},"content":{"rendered":"<p>Titel: OEM, ODM PET Leine dauerhafte universelle Legierung Schnalle gelten f\u00fcr andere Richtung Korrosionsbest\u00e4ndige Hundeleinde<br \/>\nSchl\u00fcssel: PET LEASH, DOG LEASH, Hunde zu Fu\u00df Seil<br \/>\nSeilhundleinen: Professioneller \u00dcberblick<br \/>\nAls eine der am h\u00e4ufigsten verbreiteten Arten von Hundeleidern werden Seilhundeleidern typischerweise aus seilbasierten Materialien wie Nylon, Baumwolle oder Polyester gefertigt. Im Folgenden finden Sie eine detaillierte Aufschl\u00fcsselung ihrer wichtigsten Merkmale:<br \/>\n1. Ausgezeichnete Haltbarkeit<br \/>\nSeilhundleinen bieten in der Regel eine au\u00dfergew\u00f6hnliche Haltbarkeit, die der Zugkraft und dem Kauverhalten von Hunden standhalten kann. Diese Robustheit macht sie f\u00fcr Hunde aller Gr\u00f6\u00dfen und Rassen geeignet \u2013 von kleinen Begleithunden bis hin zu gro\u00dfen Arbeitsrassen.<br \/>\n2. \u00dcberlegener Komfort<br \/>\nDie meisten Seilhundleinen sind aus weichen Seilmaterialien hergestellt, die sich sanft an die Ber\u00fchrung anf\u00fchlen. Wenn sie mit dem K\u00f6rper eines Hundes in Kontakt kommen, verursachen sie keine Hautreizungen oder Beschwerden und schaffen auch kein Gef\u00fchl der Zur\u00fcckhaltung. Dieses Design sorgt f\u00fcr eine hohe Hautfreundlichkeit f\u00fcr Hunde w\u00e4hrend des Verschlei\u00dfes.<br \/>\n3. Einfache Wartung &amp; amp; Hygiene<br \/>\nEin entscheidendes Merkmal von Seilmaterialien ist ihre einfache Reinigung. Bei t\u00e4glichen Verschmutzungen (z.B. Staub, leichte Flecken) kann die Leine schnell gereinigt werden, indem sie mit Wasser gesp\u00fclt oder mit einem feuchten Tuch gewischt wird. Dies vereinfacht die Hygiene und verringert das Risiko des Bakterienwachstums.<br \/>\n4. Hohe Tragbarkeit<br \/>\nIm Vergleich zu anderen Leinentypen (wie Leder- oder Kettenleinen aus Metall) sind Seilhundleinen deutlich leichter. Sie k\u00f6nnen leicht um das Handgelenk w\u00e4hrend der Spazierg\u00e4nge gewickelt oder in einen Rucksack f\u00fcr die Reise versteckt werden, ohne unn\u00f6tige Sch\u00fctte hinzuzuf\u00fcgen. Dies macht sie ideal f\u00fcr Wanderungen im Freien, kurze Ausfl\u00fcge und andere Szenarien unterwegs.<br \/>\n5. Vielseitige Designm\u00f6glichkeiten<br \/>\nSeilhundleinen bieten eine Vielzahl von Designvarianten, um unterschiedlichen Bed\u00fcrfnissen gerecht zu werden:<\/p>\n<p>\uf0b7 Farben: Neutrale T\u00f6ne (z.B. schwarz, grau) und lebendige T\u00f6ne (z.B. blau, orange) enthalten.<br \/>\n\uf0b7 Stile: Feature feste Farben, Streifen oder gewebte Muster.<br \/>\n\uf0b7 L\u00e4ngen: Kurze Stile (geeignet f\u00fcr das Grundtraining) und lange Stile (ideal, um Hunden mehr Bewegungsfreiheit zu erm\u00f6glichen).<\/p>\n<p>Diese Optionen erm\u00f6glichen eine Anpassung basierend auf den \u00e4sthetischen Vorlieben des Besitzers und den praktischen Anforderungen des Hundes.<br \/>\nEinschr\u00e4nkungen zu beachten<br \/>\nTrotz der oben genannten Vorteile haben Seilhundleinen bestimmte Nachteile:<\/p>\n<p>\uf0b7 Sie sind anf\u00e4llig f\u00fcr Verwirrung w\u00e4hrend des Gebrauchs und erfordern gelegentlich eine Anpassung.<\/p>\n<p>Zusammenfassend sind Seilhundleinen sehr kosteng\u00fcnstig und dienen als praktische Wahl f\u00fcr t\u00e4gliche Spazierg\u00e4nge, grundlegendes Hundetraining und Abenteuer im Freien.<\/p>\n<p>&nbsp;<\/p>\n<p><img fetchpriority=\"high\" decoding=\"async\" class=\"size-full wp-image-1562 aligncenter\" src=\"https:\/\/www.holydoggroup.com\/wp-content\/uploads\/2025\/08\/ZH002-2.8.jpg\" alt=\"\" width=\"800\" height=\"800\" srcset=\"https:\/\/www.holydoggroup.com\/wp-content\/uploads\/2025\/08\/ZH002-2.8.jpg 800w, https:\/\/www.holydoggroup.com\/wp-content\/uploads\/2025\/08\/ZH002-2.8-300x300.jpg 300w, https:\/\/www.holydoggroup.com\/wp-content\/uploads\/2025\/08\/ZH002-2.8-150x150.jpg 150w, https:\/\/www.holydoggroup.com\/wp-content\/uploads\/2025\/08\/ZH002-2.8-768x768.jpg 768w, https:\/\/www.holydoggroup.com\/wp-content\/uploads\/2025\/08\/ZH002-2.8-600x600.jpg 600w, https:\/\/www.holydoggroup.com\/wp-content\/uploads\/2025\/08\/ZH002-2.8-100x100.jpg 100w\" sizes=\"(max-width: 800px) 100vw, 800px\" \/><\/p>\n<p>Unternehmen macht einflussreiches Deb\u00fct auf der Pet Fair Asia 2025 mit Qualit\u00e4tsprodukten f\u00fcr Haustiere<br \/>\nDer 22. August 2025 markierte einen wichtigen Meilenstein f\u00fcr unser Unternehmen, da wir unser sehr erwartetes Deb\u00fct auf der 27. Pet Fair Asia, Asia&#8217; Die gr\u00f6\u00dfte und einflussreichste Ausstellung der Haustierindustrie, die vom 20. bis 24. August im Shanghai New International Expo Centre stattfand. Inmitten der 310.000 Quadratmeter gro\u00dfen Ausstellungsfl\u00e4che mit \u00fcber 2.500 globalen Ausstellern stand unser Stand als Aktivit\u00e4tszentrum aus und zog sowohl Fachleute als auch Besucher auf sich erhebliche Aufmerksamkeit.<br \/>\nUnser erster Auftritt bei dieser erstklassigen Veranstaltung umfasste eine ansprechende Gl\u00fcckslosekampagne, die zu einem sofortigen Massenmagnet wurde. Die kostenlose Preisverleihung generierte den ganzen Tag \u00fcber einen kontinuierlichen Fu\u00dfverkehr und schaffte eine dynamische Atmosph\u00e4re rund um unseren Ausstellungsbereich. Diese strategische Initiative f\u00f6rderte nicht nur das Engagement der Besucher, sondern erleichterte auch sinnvolle Interaktionen mit einem vielf\u00e4ltigen Publikum, darunter inl\u00e4ndische Vertreter eigener Marken, internationale K\u00e4ufer und ausl\u00e4ndische Importeure, die aktiv nach qualitativ hochwertigen Haustierprodukten suchen.<br \/>\nNeben der Aufregung der Verlosungsaktivit\u00e4ten erhielt unsere Haustierproduktlinie \u00fcberw\u00e4ltigende Anerkennung f\u00fcr ihre au\u00dfergew\u00f6hnliche Qualit\u00e4t. Fachleute aus der Industrie und Haustierenthusiasten haben die in unseren Produkten verwendeten Premium-Materialien gelobt und ihre Haltbarkeit und Sicherheit festgestellt - Schl\u00fcsseleigenschaften, die bei modernen Haustierbesitzern tief in Einklang treten. Die sorgf\u00e4ltige Handwerkskunst, die sich in jedem Artikel zeigt, zog auch weit verbreitete Lob, mit vielen Besuchern, die die Aufmerksamkeit auf das Detail hervorheben, die unser Angebot in einem wettbewerbsintensiven Markt unterscheidet. Diese Produkte, einschlie\u00dflich unserer Flaggschiff Seil Leinen und Zubeh\u00f6r, zeigten die perfekte Mischung aus Funktionalit\u00e4t und Komfort, die heute&#8217; Haustierpflege Marktanforderungen.<br \/>\nDie Veranstaltung bot uns eine unsch\u00e4tzbare Plattform, um mit \u00fcber 100.000 Fachbesuchern aus der gesamten Region Asien-Pazifik und dar\u00fcber hinaus in Verbindung zu treten, wobei fast 70% der internationalen K\u00e4ufer aus den \u00f6stlichen und s\u00fcdostasiatischen M\u00e4rkten stammen. Diese Exposition hat vielversprechende Wege f\u00fcr potenzielle Partnerschaften und Vertriebsm\u00f6glichkeiten er\u00f6ffnet, was unserem strategischen Ziel entspricht, sowohl die inl\u00e4ndische als auch die globale Marktreichweite zu erweitern.<br \/>\nAls einer der herausragenden neuen Aussteller in diesem Jahr&#8217; Auf der Pet Fair Asia demonstrierten wir unser Engagement f\u00fcr Exzellenz in der Herstellung von Haustierprodukten. Der positive Empfang st\u00e4rkt unsere \u00dcberzeugung, dass \u00fcberlegene Materialien, exquisite Handwerkskunst und kundenorientiertes Design die Eckpfeiler des Erfolgs in der sich entwickelnden Haustierindustrie sind. Wir verlassen die Ausstellung inspiriert von den angeschlossenen Verbindungen und energisiert, um unsere Produktpalette auf der Grundlage der wertvollen Erkenntnisse dieser prestigetr\u00e4chtigen Veranstaltung weiter zu innovieren.<br \/>\nMit Blick auf die Zukunft markiert dieses erfolgreiche Deb\u00fct den Beginn unserer Reise, um ein vertrauensw\u00fcrdiger Name auf dem globalen Markt f\u00fcr Haustierprodukte zu werden, der auf dem Momentum aufbaut, das auf der Pet Fair Asia 2025 generiert wurde.<\/p>\n<p><img decoding=\"async\" class=\"size-full wp-image-1564 aligncenter\" src=\"https:\/\/www.holydoggroup.com\/wp-content\/uploads\/2025\/08\/ZH002-3.2.jpg\" alt=\"\" width=\"800\" height=\"800\" srcset=\"https:\/\/www.holydoggroup.com\/wp-content\/uploads\/2025\/08\/ZH002-3.2.jpg 800w, https:\/\/www.holydoggroup.com\/wp-content\/uploads\/2025\/08\/ZH002-3.2-300x300.jpg 300w, https:\/\/www.holydoggroup.com\/wp-content\/uploads\/2025\/08\/ZH002-3.2-150x150.jpg 150w, https:\/\/www.holydoggroup.com\/wp-content\/uploads\/2025\/08\/ZH002-3.2-768x768.jpg 768w, https:\/\/www.holydoggroup.com\/wp-content\/uploads\/2025\/08\/ZH002-3.2-600x600.jpg 600w, https:\/\/www.holydoggroup.com\/wp-content\/uploads\/2025\/08\/ZH002-3.2-100x100.jpg 100w\" sizes=\"(max-width: 800px) 100vw, 800px\" \/><\/p>","protected":false},"excerpt":{"rendered":"<p>Diese Haustierleine besteht aus 100% Polyester geflochtenem rundem Seil, das stark, verschlei\u00dfbest\u00e4ndig, widerstandsf\u00e4hig, flexibel ist, ein gutes Handgef\u00fchl hat und nicht einfach zu verwirren ist. Ausgestattet mit hochwertiger Zinklegierung P-Schnalle, \u00f6ffnet und schlie\u00dft sie reibungslos ohne Verstopfung, hat eine starke Tragf\u00e4higkeit und ist nicht anf\u00e4llig f\u00fcr Rost oder Verformung. Es bleibt auch nach langem Gebrauch stabil. Durch die Kombination von Haltbarkeit und Tragbarkeit k\u00f6nnen Sie das Tempo des Gehens Ihres Haustieres einfach steuern und Ihre Reisen sorgenfrei machen.<\/p>","protected":false},"featured_media":1542,"comment_status":"open","ping_status":"closed","template":"","meta":[],"product_brand":[],"product_cat":[21],"product_tag":[],"class_list":{"0":"post-282","1":"product","2":"type-product","3":"status-publish","4":"has-post-thumbnail","6":"product_cat-pet-leash","8":"first","9":"instock","10":"shipping-taxable","11":"purchasable","12":"product-type-variable"},"_links":{"self":[{"href":"https:\/\/www.holydoggroup.com\/de\/wp-json\/wp\/v2\/product\/282","targetHints":{"allow":["GET"]}}],"collection":[{"href":"https:\/\/www.holydoggroup.com\/de\/wp-json\/wp\/v2\/product"}],"about":[{"href":"https:\/\/www.holydoggroup.com\/de\/wp-json\/wp\/v2\/types\/product"}],"replies":[{"embeddable":true,"href":"https:\/\/www.holydoggroup.com\/de\/wp-json\/wp\/v2\/comments?post=282"}],"wp:featuredmedia":[{"embeddable":true,"href":"https:\/\/www.holydoggroup.com\/de\/wp-json\/wp\/v2\/media\/1542"}],"wp:attachment":[{"href":"https:\/\/www.holydoggroup.com\/de\/wp-json\/wp\/v2\/media?parent=282"}],"wp:term":[{"taxonomy":"product_brand","embeddable":true,"href":"https:\/\/www.holydoggroup.com\/de\/wp-json\/wp\/v2\/product_brand?post=282"},{"taxonomy":"product_cat","embeddable":true,"href":"https:\/\/www.holydoggroup.com\/de\/wp-json\/wp\/v2\/product_cat?post=282"},{"taxonomy":"product_tag","embeddable":true,"href":"https:\/\/www.holydoggroup.com\/de\/wp-json\/wp\/v2\/product_tag?post=282"}],"curies":[{"name":"WP","href":"https:\/\/api.w.org\/{rel}","templated":true}]}}