{"id":425,"date":"2025-09-05T11:47:51","date_gmt":"2025-09-05T03:47:51","guid":{"rendered":"https:\/\/www.holydoggroup.com\/?page_id=425"},"modified":"2026-01-13T14:09:36","modified_gmt":"2026-01-13T06:09:36","slug":"holydog","status":"publish","type":"page","link":"https:\/\/www.holydoggroup.com\/es\/holydog\/","title":{"rendered":"Holydog"},"content":{"rendered":"<div data-elementor-type=\"wp-page\" data-elementor-id=\"425\" class=\"elementor elementor-425\" data-elementor-post-type=\"page\">\n\t\t\t\t\t\t<section class=\"elementor-section elementor-top-section elementor-element elementor-element-f942e6a elementor-section-height-min-height elementor-section-boxed elementor-section-height-default elementor-section-items-middle\" data-id=\"f942e6a\" data-element_type=\"section\" data-e-type=\"section\" data-settings=\"{&quot;background_background&quot;:&quot;classic&quot;}\">\n\t\t\t\t\t\t\t<div class=\"elementor-background-overlay\"><\/div>\n\t\t\t\t\t\t\t<div class=\"elementor-container elementor-column-gap-no\">\n\t\t\t\t\t<div class=\"elementor-column elementor-col-100 elementor-top-column elementor-element elementor-element-13e297a\" data-id=\"13e297a\" data-element_type=\"column\" data-e-type=\"column\">\n\t\t\t<div class=\"elementor-widget-wrap elementor-element-populated\">\n\t\t\t\t\t\t<div class=\"elementor-element elementor-element-6d365d0 elementor-widget elementor-widget-woocommerce-breadcrumb\" data-id=\"6d365d0\" data-element_type=\"widget\" data-e-type=\"widget\" data-widget_type=\"woocommerce-breadcrumb.default\">\n\t\t\t\t\t<nav class=\"woocommerce-breadcrumb\" aria-label=\"Breadcrumb\" data-no-translation=\"\" data-trp-gettext=\"\">Inicio<\/nav>\t\t\t\t<\/div>\n\t\t\t\t<div class=\"elementor-element elementor-element-5088505 elementor-widget elementor-widget-heading\" data-id=\"5088505\" data-element_type=\"widget\" data-e-type=\"widget\" data-settings=\"{&quot;_animation&quot;:&quot;none&quot;}\" data-widget_type=\"heading.default\">\n\t\t\t\t\t<h1 class=\"elementor-heading-title elementor-size-default\">Holydog<\/h1>\t\t\t\t<\/div>\n\t\t\t\t\t<\/div>\n\t\t<\/div>\n\t\t\t\t\t<\/div>\n\t\t<\/section>\n\t\t\t\t<section class=\"elementor-section elementor-top-section elementor-element elementor-element-d09e410 elementor-section-full_width elementor-section-height-default elementor-section-height-default\" data-id=\"d09e410\" data-element_type=\"section\" data-e-type=\"section\" data-settings=\"{&quot;background_background&quot;:&quot;classic&quot;}\">\n\t\t\t\t\t\t\t<div class=\"elementor-background-overlay\"><\/div>\n\t\t\t\t\t\t\t<div class=\"elementor-container elementor-column-gap-default\">\n\t\t\t\t\t<div class=\"elementor-column elementor-col-100 elementor-top-column elementor-element elementor-element-efcb96d\" data-id=\"efcb96d\" data-element_type=\"column\" data-e-type=\"column\">\n\t\t\t<div class=\"elementor-widget-wrap elementor-element-populated\">\n\t\t\t\t\t\t<section class=\"elementor-section elementor-inner-section elementor-element elementor-element-1b4e004 elementor-section-full_width elementor-section-height-default elementor-section-height-default\" data-id=\"1b4e004\" data-element_type=\"section\" data-e-type=\"section\">\n\t\t\t\t\t\t<div class=\"elementor-container elementor-column-gap-default\">\n\t\t\t\t\t<div class=\"elementor-column elementor-col-100 elementor-inner-column elementor-element elementor-element-85439ae\" data-id=\"85439ae\" data-element_type=\"column\" data-e-type=\"column\">\n\t\t\t<div class=\"elementor-widget-wrap elementor-element-populated\">\n\t\t\t\t\t\t<div class=\"elementor-element elementor-element-69863be elementor-widget elementor-widget-heading\" data-id=\"69863be\" data-element_type=\"widget\" data-e-type=\"widget\" data-settings=\"{&quot;_animation&quot;:&quot;none&quot;}\" data-widget_type=\"heading.default\">\n\t\t\t\t\t<h2 class=\"elementor-heading-title elementor-size-default\">Holydog<\/h2>\t\t\t\t<\/div>\n\t\t\t\t<div class=\"elementor-element elementor-element-4258955 elementor-widget elementor-widget-heading\" data-id=\"4258955\" data-element_type=\"widget\" data-e-type=\"widget\" data-settings=\"{&quot;_animation&quot;:&quot;none&quot;}\" data-widget_type=\"heading.default\">\n\t\t\t\t\t<h2 class=\"elementor-heading-title elementor-size-default\">Holydog: Dedicado al Cuidado Genuino de Amigos Peludos<\/h2>\t\t\t\t<\/div>\n\t\t\t\t<div class=\"elementor-element elementor-element-413b96d elementor-widget elementor-widget-text-editor\" data-id=\"413b96d\" data-element_type=\"widget\" data-e-type=\"widget\" data-widget_type=\"text-editor.default\">\n\t\t\t\t\t\t\t\t\t<p>Holydog se compromete a proporcionar el amor sincero que nuestros compa\u00f1eros peludos realmente necesitan, sirviendo como su guardi\u00e1n confiable. Rechazamos los trucos llamativos y nos abstenemos de explotar el t\u00e9rmino &#8220; amor&#8221; para las tendencias, porque la protecci\u00f3n de las mascotas siempre debe reflejarse en detalles tangibles. Cada selecci\u00f3n de material, cada corte y cada ronda de pruebas tiene como objetivo hacer que la tirada de una correa sea m\u00e1s suave, un collar m\u00e1s c\u00f3modo contra su cuello y un juguete m\u00e1s seguro durante la masticaci\u00f3n juguetona. Creemos que los grandes productos hablan por s\u00ed mismos: el momento en que un amigo peludo agita su cola, y el momento en que un propietario se siente lo suficientemente seguro como para soltarlo, son los mejores testimonios de &#8220; amor. &#8221; Nuestra misi\u00f3n es garantizar que este amor dure constantemente a trav\u00e9s de cada producto que creamos.<\/p>\t\t\t\t\t\t\t\t<\/div>\n\t\t\t\t\t<\/div>\n\t\t<\/div>\n\t\t\t\t\t<\/div>\n\t\t<\/section>\n\t\t\t\t<section class=\"elementor-section elementor-inner-section elementor-element elementor-element-25df8c1 elementor-section-full_width elementor-section-height-default elementor-section-height-default\" data-id=\"25df8c1\" data-element_type=\"section\" data-e-type=\"section\">\n\t\t\t\t\t\t<div class=\"elementor-container elementor-column-gap-default\">\n\t\t\t\t\t<div class=\"elementor-column elementor-col-50 elementor-inner-column elementor-element elementor-element-7d857d2 animated-slow elementor-invisible\" data-id=\"7d857d2\" data-element_type=\"column\" data-e-type=\"column\" data-settings=\"{&quot;animation&quot;:&quot;fadeIn&quot;,&quot;animation_delay&quot;:100}\">\n\t\t\t<div class=\"elementor-widget-wrap elementor-element-populated\">\n\t\t\t\t\t\t<div class=\"elementor-element elementor-element-e532dd7 elementor-widget elementor-widget-ucaddon_zoom_caption_reveal_content_box\" data-id=\"e532dd7\" data-element_type=\"widget\" data-e-type=\"widget\" data-widget_type=\"ucaddon_zoom_caption_reveal_content_box.default\">\n\t\t\t\t<div class=\"elementor-widget-container\">\n\t\t\t\t\t\n<!-- start Content Box Zoom Caption Reveal -->\n<style>\/* widget: Content Box Zoom Caption Reveal *\/\n\n#uc_zoom_caption_reveal_content_box_elementor_e532dd7 *\n{\n  box-sizing:border-box;\n}\n#uc_zoom_caption_reveal_content_box_elementor_e532dd7\n{\n  position:relative;\n  overflow:hidden;\n  text-align:center;\n  height:450pxpx;\n}\n\n#uc_zoom_caption_reveal_content_box_elementor_e532dd7 .ue-link\n{\n  display:block;\n  position:absolute;\n  left:0;\n  right:0;\n  bottom:0;\n  top:0;\n}\n\n#uc_zoom_caption_reveal_content_box_elementor_e532dd7 .image-caption-reveal-on-hover\n{\n\n  width:100%;\n  background-color:lightgray;\n  transition:0.5s;\n  background-image:url(https:\/\/www.holydoggroup.com\/wp-content\/uploads\/2025\/10\/Holydog1.jpg);\n  background-size:cover;\n  background-position:top center;\n  position:absolute;\n  top:0;\n  left:0;\n  bottom:0;\n  right:0;\n}\n\n#uc_zoom_caption_reveal_content_box_elementor_e532dd7:hover .image-caption-reveal-on-hover\n{\n transform:scale(1.1,1.1);\n}\n\n#uc_zoom_caption_reveal_content_box_elementor_e532dd7 .icroh-caption\n{\n  position:absolute;\n  bottom:0px;\n  transition:0.5s;\n  color:white;\n  width:100%;\n  background-color:#FFFFFF00;\n}\n\n#uc_zoom_caption_reveal_content_box_elementor_e532dd7:hover .icroh-caption\n{\n  background-color:#FFFFFF00;\n}\n\n.icroh-title\n{\n  font-size:18px;\n}\n\n#uc_zoom_caption_reveal_content_box_elementor_e532dd7 .icroh-text\n{\n  display:none;\n}\n\n<\/style>\n\n<div id=\"uc_zoom_caption_reveal_content_box_elementor_e532dd7\" class=\"zoom_caption_reveal_content_box\">\n  <div class=\"image-caption-reveal-on-hover\">\n  <\/div>\n  \n    <div class=\"icroh-caption\">\n      <div class=\"icroh-title\"><\/div>\n      <div class=\"icroh-text\">\n        \n      <\/div>\n    <\/div>\n  \n  \n\t\n\n  \n  \n<\/div>\n<!-- end Content Box Zoom Caption Reveal -->\t\t\t\t<\/div>\n\t\t\t\t<\/div>\n\t\t\t\t\t<\/div>\n\t\t<\/div>\n\t\t\t\t<div class=\"elementor-column elementor-col-50 elementor-inner-column elementor-element elementor-element-2e30f43 animated-slow elementor-invisible\" data-id=\"2e30f43\" data-element_type=\"column\" data-e-type=\"column\" data-settings=\"{&quot;animation&quot;:&quot;fadeIn&quot;,&quot;animation_delay&quot;:100}\">\n\t\t\t<div class=\"elementor-widget-wrap elementor-element-populated\">\n\t\t\t\t\t\t<div class=\"elementor-element elementor-element-f296e36 elementor-widget elementor-widget-ucaddon_zoom_caption_reveal_content_box\" data-id=\"f296e36\" data-element_type=\"widget\" data-e-type=\"widget\" data-widget_type=\"ucaddon_zoom_caption_reveal_content_box.default\">\n\t\t\t\t<div class=\"elementor-widget-container\">\n\t\t\t\t\t\n<!-- start Content Box Zoom Caption Reveal -->\n<style>\/* widget: Content Box Zoom Caption Reveal *\/\n\n#uc_zoom_caption_reveal_content_box_elementor_f296e36 *\n{\n  box-sizing:border-box;\n}\n#uc_zoom_caption_reveal_content_box_elementor_f296e36\n{\n  position:relative;\n  overflow:hidden;\n  text-align:center;\n  height:450pxpx;\n}\n\n#uc_zoom_caption_reveal_content_box_elementor_f296e36 .ue-link\n{\n  display:block;\n  position:absolute;\n  left:0;\n  right:0;\n  bottom:0;\n  top:0;\n}\n\n#uc_zoom_caption_reveal_content_box_elementor_f296e36 .image-caption-reveal-on-hover\n{\n\n  width:100%;\n  background-color:lightgray;\n  transition:0.5s;\n  background-image:url(https:\/\/www.holydoggroup.com\/wp-content\/uploads\/2025\/10\/Holydog2.jpg);\n  background-size:cover;\n  background-position:top center;\n  position:absolute;\n  top:0;\n  left:0;\n  bottom:0;\n  right:0;\n}\n\n#uc_zoom_caption_reveal_content_box_elementor_f296e36:hover .image-caption-reveal-on-hover\n{\n transform:scale(1.1,1.1);\n}\n\n#uc_zoom_caption_reveal_content_box_elementor_f296e36 .icroh-caption\n{\n  position:absolute;\n  bottom:0px;\n  transition:0.5s;\n  color:white;\n  width:100%;\n  background-color:#FFFFFF00;\n}\n\n#uc_zoom_caption_reveal_content_box_elementor_f296e36:hover .icroh-caption\n{\n  background-color:#FFFFFF00;\n}\n\n.icroh-title\n{\n  font-size:18px;\n}\n\n#uc_zoom_caption_reveal_content_box_elementor_f296e36 .icroh-text\n{\n  display:none;\n}\n\n<\/style>\n\n<div id=\"uc_zoom_caption_reveal_content_box_elementor_f296e36\" class=\"zoom_caption_reveal_content_box\">\n  <div class=\"image-caption-reveal-on-hover\">\n  <\/div>\n  \n    <div class=\"icroh-caption\">\n      <div class=\"icroh-title\"><\/div>\n      <div class=\"icroh-text\">\n        \n      <\/div>\n    <\/div>\n  \n  \n\t\n\n  \n  \n<\/div>\n<!-- end Content Box Zoom Caption Reveal -->\t\t\t\t<\/div>\n\t\t\t\t<\/div>\n\t\t\t\t\t<\/div>\n\t\t<\/div>\n\t\t\t\t\t<\/div>\n\t\t<\/section>\n\t\t\t\t<section class=\"elementor-section elementor-inner-section elementor-element elementor-element-104cb1d elementor-section-full_width elementor-section-height-default elementor-section-height-default\" data-id=\"104cb1d\" data-element_type=\"section\" data-e-type=\"section\">\n\t\t\t\t\t\t<div class=\"elementor-container elementor-column-gap-default\">\n\t\t\t\t\t<div class=\"elementor-column elementor-col-100 elementor-inner-column elementor-element elementor-element-7a44838\" data-id=\"7a44838\" data-element_type=\"column\" data-e-type=\"column\">\n\t\t\t<div class=\"elementor-widget-wrap elementor-element-populated\">\n\t\t\t\t\t\t<div class=\"elementor-element elementor-element-c6da62d elementor-widget elementor-widget-text-editor\" data-id=\"c6da62d\" data-element_type=\"widget\" data-e-type=\"widget\" data-widget_type=\"text-editor.default\">\n\t\t\t\t\t\t\t\t\t<p>En la filosof\u00eda de dise\u00f1o de Holydog, la comodidad y la seguridad de las mascotas siempre son lo primero:<br \/>Nuestras correas est\u00e1n hechas de tela de alta elasticidad que ha sido sometida a repetidas pruebas. Es duradero y no abrasivo para las manos. Incluso si tu amigo peludo de repente sale para perseguir a una mariposa, la tela amortigua la mayor parte de la fuerza de tracci\u00f3n.<\/p>\t\t\t\t\t\t\t\t<\/div>\n\t\t\t\t\t<\/div>\n\t\t<\/div>\n\t\t\t\t\t<\/div>\n\t\t<\/section>\n\t\t\t\t\t<\/div>\n\t\t<\/div>\n\t\t\t\t\t<\/div>\n\t\t<\/section>\n\t\t\t\t<section class=\"elementor-section elementor-top-section elementor-element elementor-element-3cbf8d0 elementor-section-boxed elementor-section-height-default elementor-section-height-default\" data-id=\"3cbf8d0\" data-element_type=\"section\" data-e-type=\"section\">\n\t\t\t\t\t\t\t<div class=\"elementor-background-overlay\"><\/div>\n\t\t\t\t\t\t\t<div class=\"elementor-container elementor-column-gap-default\">\n\t\t\t\t\t<div class=\"elementor-column elementor-col-50 elementor-top-column elementor-element elementor-element-211b6b2\" data-id=\"211b6b2\" data-element_type=\"column\" data-e-type=\"column\">\n\t\t\t<div class=\"elementor-widget-wrap elementor-element-populated\">\n\t\t\t\t\t\t<section class=\"elementor-section elementor-inner-section elementor-element elementor-element-53ff7e9 elementor-section-full_width elementor-section-height-default elementor-section-height-default\" data-id=\"53ff7e9\" data-element_type=\"section\" data-e-type=\"section\">\n\t\t\t\t\t\t<div class=\"elementor-container elementor-column-gap-default\">\n\t\t\t\t\t<div class=\"elementor-column elementor-col-100 elementor-inner-column elementor-element elementor-element-accc87b animated-slow elementor-invisible\" data-id=\"accc87b\" data-element_type=\"column\" data-e-type=\"column\" data-settings=\"{&quot;animation&quot;:&quot;fadeIn&quot;,&quot;animation_delay&quot;:100}\">\n\t\t\t<div class=\"elementor-widget-wrap elementor-element-populated\">\n\t\t\t\t\t\t<div class=\"elementor-element elementor-element-89a9546 elementor-widget elementor-widget-video\" data-id=\"89a9546\" data-element_type=\"widget\" data-e-type=\"widget\" data-settings=\"{&quot;video_type&quot;:&quot;hosted&quot;,&quot;controls&quot;:&quot;yes&quot;}\" data-widget_type=\"video.default\">\n\t\t\t\t\t\t\t<div class=\"e-hosted-video elementor-wrapper elementor-open-inline\">\n\t\t\t\t\t<video class=\"elementor-video\" src=\"https:\/\/www.holydoggroup.com\/wp-content\/uploads\/2025\/10\/a37031af183daab546b1bea20652eccf.mp4\" controls=\"\" preload=\"metadata\" controlslist=\"nodownload\"><\/video>\n\t\t\t\t<\/div>\n\t\t\t\t\t\t<\/div>\n\t\t\t\t\t<\/div>\n\t\t<\/div>\n\t\t\t\t\t<\/div>\n\t\t<\/section>\n\t\t\t\t\t<\/div>\n\t\t<\/div>\n\t\t\t\t<div class=\"elementor-column elementor-col-50 elementor-top-column elementor-element elementor-element-c99392d\" data-id=\"c99392d\" data-element_type=\"column\" data-e-type=\"column\">\n\t\t\t<div class=\"elementor-widget-wrap elementor-element-populated\">\n\t\t\t\t\t\t<div class=\"elementor-element elementor-element-3bf79fb elementor-widget elementor-widget-text-editor\" data-id=\"3bf79fb\" data-element_type=\"widget\" data-e-type=\"widget\" data-widget_type=\"text-editor.default\">\n\t\t\t\t\t\t\t\t\t<p>Las curvas de nuestros arneses y collares se han ajustado m\u00e1s de una docena de veces para ajustarse a los contornos naturales del cuerpo de una mascota. Esto garantiza que no se rozen los brazos, no se sienta tensi\u00f3n en el cuello durante la carrera y el salto, y el movimiento sin restricciones incluso para las mascotas con patas gordas.<br \/>Incluso nuestros juguetes tienen detalles cuidadosos: goma resistente a las mordeduras emparejada con cuerda torcida sin cable. No hay necesidad de preocuparse en absoluto, incluso si su peque\u00f1o amigo lo mastica y traga trozos.<br \/>No creamos &#8220; estilos famosos en internet&#8221;  \u2014solo &#8220; Dise\u00f1os pr\u00e1cticos. &#8221; Despu\u00e9s de todo, el amor por nuestros amigos peludos no necesita confiar en la apariencia para hacer una impresi\u00f3n. Mientras nuestros productos los mantengan c\u00f3modos y le den tranquilidad, eso es m\u00e1s que suficiente.<\/p>\t\t\t\t\t\t\t\t<\/div>\n\t\t\t\t\t<\/div>\n\t\t<\/div>\n\t\t\t\t\t<\/div>\n\t\t<\/section>\n\t\t\t\t<\/div>","protected":false},"excerpt":{"rendered":"<p>Holydog .Holydog Holydog: Dedicated to Genuine Care for Furry Friends Holydog is committed to providing the sincere love that our furry companions truly need, serving as their reliable guardian. We reject flashy gimmicks and refrain from exploiting the term &#8220;love&#8221; for trends\u2014because protecting pets should always be reflected in tangible details. Every material selection, every [&hellip;]<\/p>\n","protected":false},"author":1,"featured_media":0,"parent":0,"menu_order":0,"comment_status":"closed","ping_status":"closed","template":"elementor_header_footer","meta":{"footnotes":""},"class_list":["post-425","page","type-page","status-publish","hentry"],"_links":{"self":[{"href":"https:\/\/www.holydoggroup.com\/es\/wp-json\/wp\/v2\/pages\/425","targetHints":{"allow":["GET"]}}],"collection":[{"href":"https:\/\/www.holydoggroup.com\/es\/wp-json\/wp\/v2\/pages"}],"about":[{"href":"https:\/\/www.holydoggroup.com\/es\/wp-json\/wp\/v2\/types\/page"}],"author":[{"embeddable":true,"href":"https:\/\/www.holydoggroup.com\/es\/wp-json\/wp\/v2\/users\/1"}],"replies":[{"embeddable":true,"href":"https:\/\/www.holydoggroup.com\/es\/wp-json\/wp\/v2\/comments?post=425"}],"version-history":[{"count":62,"href":"https:\/\/www.holydoggroup.com\/es\/wp-json\/wp\/v2\/pages\/425\/revisions"}],"predecessor-version":[{"id":2057,"href":"https:\/\/www.holydoggroup.com\/es\/wp-json\/wp\/v2\/pages\/425\/revisions\/2057"}],"wp:attachment":[{"href":"https:\/\/www.holydoggroup.com\/es\/wp-json\/wp\/v2\/media?parent=425"}],"curies":[{"name":"WP","href":"https:\/\/api.w.org\/{rel}","templated":true}]}}