{"id":1705,"date":"2026-01-04T13:28:52","date_gmt":"2026-01-04T05:28:52","guid":{"rendered":"https:\/\/www.holydoggroup.com\/?post_type=product&#038;p=1705"},"modified":"2026-01-04T13:28:52","modified_gmt":"2026-01-04T05:28:52","slug":"a011","status":"publish","type":"product","link":"https:\/\/www.holydoggroup.com\/es\/pet-harness\/a011\/","title":{"rendered":"Durable, transpirable, pecho de mascota y espalda dise\u00f1o anti-escape pa\u00f1o Oxford, una herramienta perfecta para caminar al aire libre para gatos y perros"},"content":{"rendered":"<p><img fetchpriority=\"high\" decoding=\"async\" class=\"aligncenter size-full wp-image-1710\" src=\"https:\/\/www.holydoggroup.com\/wp-content\/uploads\/2026\/01\/5.jpg\" alt=\"\" width=\"1000\" height=\"1000\" srcset=\"https:\/\/www.holydoggroup.com\/wp-content\/uploads\/2026\/01\/5.jpg 1000w, https:\/\/www.holydoggroup.com\/wp-content\/uploads\/2026\/01\/5-300x300.jpg 300w, https:\/\/www.holydoggroup.com\/wp-content\/uploads\/2026\/01\/5-150x150.jpg 150w, https:\/\/www.holydoggroup.com\/wp-content\/uploads\/2026\/01\/5-768x768.jpg 768w, https:\/\/www.holydoggroup.com\/wp-content\/uploads\/2026\/01\/5-600x600.jpg 600w, https:\/\/www.holydoggroup.com\/wp-content\/uploads\/2026\/01\/5-100x100.jpg 100w\" sizes=\"(max-width: 1000px) 100vw, 1000px\" \/><\/p>\n<p><strong>[Introducci\u00f3n B\u00e1sica]<\/strong><\/p>\n<p>Este pecho y espalda de mascota est\u00e1n meticulosamente elaborados a partir de cinco capas de materiales de alta calidad. La capa exterior est\u00e1 hecha de tela Oxford de alta densidad 6880D, que es resistente a los ara\u00f1azos, resistente al desgaste, impermeable y resistente a las manchas, manejando f\u00e1cilmente escenarios complejos al aire libre como hierba y arena. La capa interna est\u00e1 hecha de tela transpirable s\u00e1ndwich. La estructura de malla tridimensional acelera la circulaci\u00f3n del aire, evitando que las mascotas se sientan atascadas y sudoren durante el ejercicio. Las partes que soportan la fuerza est\u00e1n hechas de correa fuerte de nailon imitaci\u00f3n, que tiene alta resistencia a la tracci\u00f3n y no es f\u00e1cil de romper. Combinado con hebillas de alta calidad POM (apertura y cierre suaves, resistentes al impacto a bajas temperaturas) y hebillas de aleaci\u00f3n de zinc (a prueba de oxidaci\u00f3n, resistente a la corrosi\u00f3n y fuerte capacidad de carga), garantiza de manera integral la seguridad de las mascotas y la durabilidad del producto. El dise\u00f1o general del pecho y la espalda se ajusta a las curvas de la mascota&#8217; cuerpo, sin ning\u00fan sentido de opresi\u00f3n. La combinaci\u00f3n de colores es de moda y vers\u00e1til, teniendo en cuenta tanto la practicidad como la est\u00e9tica.<\/p>\n<p><strong>[\u00c1mbito de aplicaci\u00f3n]<\/strong><\/p>\n<p>Es adecuado para perros peque\u00f1os y medianos que pesan de 5 a 30 kilogramos (como Teddy, Bichon Frise, Corgi, Bulldog franc\u00e9s, etc.) y gatos adultos. Se puede usar en varios escenarios como caminar diariamente con mascotas, cochecitos al aire libre, viajes de entrenamiento y viajes cortos. No es adecuado para perros grandes agresivos o mascotas con comportamiento de tirar excesivo.<\/p>\n<p>1\u3001Super duradero: doble refuerzo de tejido de Oxford 6880D y correa de nylon de imitaci\u00f3n, resistente al desgarro y resistente al desgarro, con una vida \u00fatil que supera mucho la del pecho ordinario y la espalda.<\/p>\n<p>2\u3001Respirable y c\u00f3modo: El s\u00e1ndwich&#8217; s capa interna transpirable puede absorber la humedad y el sudor, asegurando que la piel no&#8217; t se atascan o se irritan incluso despu\u00e9s de un desgaste prolongado.<\/p>\n<p>3\u3001Seguro y estable: bloqueo doble con hebillas POM y sujetadores de aleaci\u00f3n de zinc, dise\u00f1o anti-escape, lo que lo hace m\u00e1s tranquilizador para llevar a su mascota a un paseo.<br \/>\nAjuste conveniente: El pecho y los lados traseros est\u00e1n equipados con velcro y hebillas de ajuste de correa, que se pueden adaptar con precisi\u00f3n a la mascota; tama\u00f1o y son f\u00e1ciles de usar.<\/p>\n<p>4\u3001F\u00e1cil de limpiar: La superficie del pa\u00f1o de Oxford se puede limpiar directamente, y todo se puede lavar suavemente a m\u00e1quina. Se seca r\u00e1pidamente y se mantiene limpio e higi\u00e9nico.<\/p>\n<p><strong>\u3010 M\u00e9todo de uso \u3011<\/strong><\/p>\n<p>Desconectar las hebillas, colocar la mascota&#8217; s pecho y espalda plana, y deje que la mascota&#8217; las extremidades delanteras pasan a trav\u00e9s de los correspondientes orificios de manguito. El cuerpo principal del pecho y la espalda debe ajustarse a la mascota&#8217; Pecho y espalda.<br \/>\nAjuste las hebillas ajustables en ambos lados para asegurarse de que el pecho y la espalda se ajusten a la mascota&#8217; cuerpo pero no est\u00e1n apretados (es aconsejable insertar 1-2 dedos).<br \/>\nCierre los sujetadores de presi\u00f3n firmemente, compruebe si los sujetadores est\u00e1n totalmente bloqueados y, a continuaci\u00f3n, conecte la cuerda de tracci\u00f3n para su uso.<br \/>\nAl desmontar, presione ambos lados del cierre para desbloquear y quitar suavemente el pecho y la espalda.<\/p>","protected":false},"excerpt":{"rendered":"<p>Este pecho y espalda de mascota est\u00e1n hechos de cinco materiales de alta calidad, incluyendo tela Oxford 680D y tela transpirable s\u00e1ndwich. Cuenta con tres ventajas principales: resistencia al desgaste, resistencia al desgarro, transpirabilidad y confort, as\u00ed como seguridad y estabilidad. Dise\u00f1ado para adaptarse al tama\u00f1o de perros y gatos peque\u00f1os y medianos, es f\u00e1cil de ajustar y sin preocupaciones de usar, adecuado para varios escenarios como paseos diarios para mascotas y excursiones al aire libre. La cierre POM y la hebilla de aleaci\u00f3n de zinc proporcionan una doble protecci\u00f3n para evitar que las mascotas se liberen. Son f\u00e1ciles de limpiar y mantener, satisfaciendo las necesidades de actividad de las mascotas y haciendo que los propietarios de mascotas se sientan m\u00e1s c\u00f3modos cuando las caminan. Es un elemento esencial para las excursiones con mascotas que combina rentabilidad y practicidad.<\/p>","protected":false},"featured_media":1706,"comment_status":"closed","ping_status":"closed","template":"","meta":[],"product_brand":[],"product_cat":[20],"product_tag":[],"class_list":{"0":"post-1705","1":"product","2":"type-product","3":"status-publish","4":"has-post-thumbnail","6":"product_cat-pet-harness","8":"first","9":"instock","10":"shipping-taxable","11":"purchasable","12":"product-type-variable"},"_links":{"self":[{"href":"https:\/\/www.holydoggroup.com\/es\/wp-json\/wp\/v2\/product\/1705","targetHints":{"allow":["GET"]}}],"collection":[{"href":"https:\/\/www.holydoggroup.com\/es\/wp-json\/wp\/v2\/product"}],"about":[{"href":"https:\/\/www.holydoggroup.com\/es\/wp-json\/wp\/v2\/types\/product"}],"replies":[{"embeddable":true,"href":"https:\/\/www.holydoggroup.com\/es\/wp-json\/wp\/v2\/comments?post=1705"}],"wp:featuredmedia":[{"embeddable":true,"href":"https:\/\/www.holydoggroup.com\/es\/wp-json\/wp\/v2\/media\/1706"}],"wp:attachment":[{"href":"https:\/\/www.holydoggroup.com\/es\/wp-json\/wp\/v2\/media?parent=1705"}],"wp:term":[{"taxonomy":"product_brand","embeddable":true,"href":"https:\/\/www.holydoggroup.com\/es\/wp-json\/wp\/v2\/product_brand?post=1705"},{"taxonomy":"product_cat","embeddable":true,"href":"https:\/\/www.holydoggroup.com\/es\/wp-json\/wp\/v2\/product_cat?post=1705"},{"taxonomy":"product_tag","embeddable":true,"href":"https:\/\/www.holydoggroup.com\/es\/wp-json\/wp\/v2\/product_tag?post=1705"}],"curies":[{"name":"WP","href":"https:\/\/api.w.org\/{rel}","templated":true}]}}