{"id":1720,"date":"2026-01-04T14:03:35","date_gmt":"2026-01-04T06:03:35","guid":{"rendered":"https:\/\/www.holydoggroup.com\/?post_type=product&#038;p=1720"},"modified":"2026-01-04T14:03:35","modified_gmt":"2026-01-04T06:03:35","slug":"b006","status":"publish","type":"product","link":"https:\/\/www.holydoggroup.com\/es\/pet-harness\/b006\/","title":{"rendered":"La mascota&#8217; El pecho y la espalda est\u00e1n hechos de tela no tejida resistente al desgaste de poli\u00e9ster en gris, negro y azul marino, con hebillas de seguridad dobles transpirables para un paseo m\u00e1s tranquilizador"},"content":{"rendered":"<p><img fetchpriority=\"high\" decoding=\"async\" class=\"size-full wp-image-1725 alignnone\" src=\"https:\/\/www.holydoggroup.com\/wp-content\/uploads\/2026\/01\/5-1.jpg\" alt=\"\" width=\"1000\" height=\"1000\" srcset=\"https:\/\/www.holydoggroup.com\/wp-content\/uploads\/2026\/01\/5-1.jpg 1000w, https:\/\/www.holydoggroup.com\/wp-content\/uploads\/2026\/01\/5-1-300x300.jpg 300w, https:\/\/www.holydoggroup.com\/wp-content\/uploads\/2026\/01\/5-1-150x150.jpg 150w, https:\/\/www.holydoggroup.com\/wp-content\/uploads\/2026\/01\/5-1-768x768.jpg 768w, https:\/\/www.holydoggroup.com\/wp-content\/uploads\/2026\/01\/5-1-600x600.jpg 600w, https:\/\/www.holydoggroup.com\/wp-content\/uploads\/2026\/01\/5-1-100x100.jpg 100w\" sizes=\"(max-width: 1000px) 100vw, 1000px\" \/><\/p>\n<p>&nbsp;<\/p>\n<p><strong>[Introducci\u00f3n B\u00e1sica]<\/strong><\/p>\n<p>Este pecho y espalda de mascota est\u00e1n hechos con calidad meticulosa y artesan\u00eda. El tejido exterior est\u00e1 hecho de poli\u00e9ster de alta resistencia, que tiene una excelente resistencia a los ara\u00f1azos, resistencia al desgaste y rendimiento antiarrugas, cumpliendo f\u00e1cilmente con las pruebas de desgaste en varios escenarios como paseos diarios para mascotas y excursiones al aire libre. El forro est\u00e1 hecho de tela no tejida de alta calidad, que no solo es resistente a la humedad y transpirable, sino que tambi\u00e9n tiene las caracter\u00edsticas ecol\u00f3gicas de ser flexible, ligero, no inflamable y f\u00e1cil de descomponer. Se ajusta a la mascota&#8217; La piel es bien sin irritaci\u00f3n y es m\u00e1s c\u00f3moda de usar durante mucho tiempo. Las partes clave que soportan la fuerza adoptan correas fuertes de nailon de imitaci\u00f3n, que tienen una alta resistencia a la tracci\u00f3n y no son f\u00e1ciles de romper o deformar. Est\u00e1 equipado con hebillas POM de alta calidad, que se abren y cierran de forma suave y flexible, y son resistentes al impacto a baja temperatura sin agrietarse f\u00e1cilmente. Complementado con sujetadores de aleaci\u00f3n de zinc, es a prueba de oxidaci\u00f3n, resistente a la corrosi\u00f3n y tiene una fuerte capacidad de carga. La combinaci\u00f3n de m\u00faltiples materiales garantiza la seguridad de las mascotas que lo usan y la durabilidad del producto. El producto est\u00e1 disponible en tres esquemas de colores cl\u00e1sicos: gris, negro y azul marino. Es sencillo, elegante y vers\u00e1til, adecuado para diferentes pieles de mascotas y el propietario&#8217; preferencias est\u00e9ticas, y tiene en cuenta tanto la practicidad como la apariencia.<\/p>\n<p><strong>[\u00c1mbito de aplicaci\u00f3n]<\/strong><\/p>\n<p>Es adecuado para perros peque\u00f1os y medianos que pesan de 3 a 35 kilogramos (como Teddy, Bichon Frise, Corgi, Bulldog franc\u00e9s, Shiba Inu, etc.) y gatos adultos, y se puede usar en varios escenarios como caminar diariamente con mascotas, pasear al aire libre, viajes cortos y entrenamiento b\u00e1sico.<\/p>\n<p>Recuerdo c\u00e1lido: No es adecuado para perros grandes agresivos o mascotas con comportamiento de tirar excesivo.<\/p>\n<p>1. Materiales de alta calidad, duraderos y respetuosos con el medio ambiente: La tela externa de poli\u00e9ster de alta resistencia es resistente a los ara\u00f1azos y al desgaste, mientras que la tela interna no tejida es a prueba de humedad, transpirable y respetuosa con el medio ambiente. Asegura tanto durabilidad como comodidad para las mascotas.<\/p>\n<p>2. Seguro y estable, anti-escape: La correa de nylon fuerte es resistente a la tracci\u00f3n y al desgarro. Est\u00e1 equipado con hebillas POM de alta calidad y sujetadores de aleaci\u00f3n de zinc para doble bloqueo. Es f\u00e1cil de abrir y cerrar, estable y anti-escape, lo que te hace sentir m\u00e1s c\u00f3modo cuando llevas a tu mascota a dar un paseo.<\/p>\n<p>3. Ajuste c\u00f3modo, sin presi\u00f3n: El forro de tela no tejida es suave y amigable con la piel. El dise\u00f1o general est\u00e1 adaptado a la forma del cuerpo de mascotas peque\u00f1as y medianas, conforme a las curvas del cuerpo. No hay sentido de restricci\u00f3n al usarlo, evitando la fricci\u00f3n en la mascota&#8217; la piel.<\/p>\n<p>4. Ajuste conveniente y desgaste sin preocupaci\u00f3n: Hay hebillas de ajuste de correas en ambos lados del pecho y la espalda, que se pueden adaptar con precisi\u00f3n a la mascota; tama\u00f1o S. El rango de ajuste es amplio, y es sencillo y eficiente de usar y quitar. Incluso los propietarios novatos pueden operarlo f\u00e1cilmente.<\/p>\n<p>5. Cl\u00e1sico y vers\u00e1til, f\u00e1cil de limpiar: Las tres series de colores b\u00e1sicos son adecuadas para varios escenarios. La tela de superficie de poli\u00e9ster es f\u00e1cil de mantener. Las manchas diarias se pueden limpiar directamente con un pa\u00f1o h\u00famedo o lavarse suavemente a mano. Se seca r\u00e1pidamente y se mantiene limpio e higi\u00e9nico.<\/p>\n<p><strong>\u3010 M\u00e9todo de uso \u3011<\/strong><\/p>\n<p>Desconecte las hebillas, extienda el pecho y la espalda planas, y gu\u00eda a la mascota&#8217; las extremidades delanteras a trav\u00e9s de los dos orificios correspondientes de la manga en el pecho y la espalda para hacer que el cuerpo principal del pecho y la espalda se ajusten a la posici\u00f3n de la mascota; Pecho y espalda.<\/p>\n<p>2. Ajuste las hebillas de ajuste de la correa en ambos lados del pecho y la espalda respectivamente a una estanqueidad adecuada (suficiente para que se inserten 1-2 dedos), asegur\u00e1ndose de que encajan con la mascota; s cuerpo pero no est\u00e1n apretados, para evitar afectar a la mascota&#8217; Movimiento S.<\/p>\n<p>3. Cierre el cierre POM firmemente, tira suavemente para comprobar si el cierre est\u00e1 completamente bloqueado con la hebilla de aleaci\u00f3n de zinc. Despu\u00e9s de confirmar que no hay errores, conecte la cuerda de tracci\u00f3n a la hebilla de aleaci\u00f3n de zinc y est\u00e9 lista para su uso.<\/p>\n<p>4. Despu\u00e9s del uso, presione ambos lados de la cierre POM para desbloquearla y quite lentamente el pecho y la espalda para evitar tirar de la mascota; s pieles.<\/p>\n<p><strong>&#8220; Preguntas frecuentes&#8221;<\/strong><\/p>\n<p>Q1: \u00bfC\u00f3mo elegir el tama\u00f1o adecuado para su mascota?<\/p>\n<p>R: Se recomienda que primero se refiera al &#8220; Peso &#8211; Circumferencia del pecho &#8211; Tama\u00f1o&#8221; tabla de comparaci\u00f3n en la p\u00e1gina de detalles del producto, y hacer una elecci\u00f3n basada en el peso real y la circunferencia del pecho de la mascota. Si la mascota es de un &#8220; sobrepeso&#8221;  or &#8220; bajo peso&#8221; tipo de cuerpo, el tama\u00f1o se puede ajustar ligeramente en funci\u00f3n de los datos de la circunferencia del pecho, y se puede usar una correa ajustable para una mayor adaptaci\u00f3n.<\/p>\n<p>Q2: \u00bfEste pecho y la espalda se pueden lavar a m\u00e1quina?<\/p>\n<p>R: No se recomienda lavar a m\u00e1quina para evitar la deformaci\u00f3n y el da\u00f1o a la correa y los sujetadores causados por la rotaci\u00f3n de alta velocidad. Para la limpieza diaria, se recomienda limpiar las manchas con un pa\u00f1o h\u00famedo. Cuando est\u00e1 muy sucio, puede lavarse suavemente a mano con un detergente neutral. La temperatura del agua no debe superar los 30 \u2103. Despu\u00e9s de lavar, deje que se seque al aire de forma natural. No lo exponga a la luz solar directa para extender el producto&#8217; vida \u00fatil.<\/p>\n<p>P3: \u00bfLos animales experimentar\u00e1n sudoraci\u00f3n e incomodidad si lo usan durante mucho tiempo?<\/p>\n<p>R: No. La tela interna est\u00e1 hecha de tela no tejida transpirable, que puede acelerar la circulaci\u00f3n del aire, absorber la humedad y el sudor, evitando efectivamente la retenci\u00f3n del sudor. Adem\u00e1s, el dise\u00f1o se adapta a la mascota&#8217; cuerpo perfectamente sin causar ninguna presi\u00f3n. Usarlo durante las caminatas diarias (se recomienda no exceder las 2 horas a la vez) no causar\u00e1 molestias. Se sugiere quitarlo inmediatamente despu\u00e9s de regresar a casa para permitir que la mascota se relaje.<\/p>\n<p>Q4: \u00bfSon las texturas de los materiales en los tres colores consistentes?<\/p>\n<p>R: Consistente. Los colores gris, negro y azul marino usan todas las mismas especificaciones de tela de superficie de poli\u00e9ster de alta resistencia, tela de forro no tejido y correas y sujetadores a juego. S\u00f3lo los colores son diferentes, pero la textura y la durabilidad son exactamente las mismas. Usted puede elegir seg\u00fan su preferencia personal y el color de su mascota&#8217; s pieles.<\/p>","protected":false},"excerpt":{"rendered":"<table style=\"height: 92px; width: 100%; border-collapse: collapse; border-color: #eef0bb; background-color: #f2f2f2;\">\n<tbody>\n<tr style=\"height: 23px;\">\n<td style=\"width: 25%; height: 23px; text-align: center;\">Tama\u00f1o<\/td>\n<td style=\"width: 25%; height: 23px; text-align: center;\">Cuello circunferencia (cm)<\/td>\n<td style=\"width: 25%; height: 23px; text-align: center;\">circunferencia del pecho (cm)<\/td>\n<td style=\"width: 25%; height: 23px; text-align: center;\">Peso (kg)<\/td>\n<\/tr>\n<tr style=\"height: 23px;\">\n<td style=\"width: 25%; height: 23px; text-align: center;\">XXS<\/td>\n<td style=\"width: 25%; height: 23px; text-align: center;\">21-28<\/td>\n<td style=\"width: 25%; height: 23px; text-align: center;\">26-34<\/td>\n<td style=\"width: 25%; height: 23px; text-align: center;\">0.5-3<\/td>\n<\/tr>\n<tr style=\"height: 23px;\">\n<td style=\"width: 25%; height: 23px; text-align: center;\">XS<\/td>\n<td style=\"width: 25%; height: 23px; text-align: center;\">28-35<\/td>\n<td style=\"width: 25%; height: 23px; text-align: center;\">31-42<\/td>\n<td style=\"width: 25%; height: 23px; text-align: center;\">2-5<\/td>\n<\/tr>\n<tr style=\"height: 23px;\">\n<td style=\"width: 25%; height: 23px; text-align: center;\">S<\/td>\n<td style=\"width: 25%; height: 23px; text-align: center;\">31-42<\/td>\n<td style=\"width: 25%; height: 23px; text-align: center;\">45-60<\/td>\n<td style=\"width: 25%; height: 23px; text-align: center;\">6-15<\/td>\n<\/tr>\n<\/tbody>\n<\/table>\n<p>Este dise\u00f1o de pecho y espalda para mascotas cuenta con una tela de superficie de poli\u00e9ster de alta resistencia cuidadosamente seleccionada y tela de forro no tejido transpirable. Est\u00e1 emparejado con correas de nailon imitaci\u00f3n, hebillas POM y sujetadores de aleaci\u00f3n de zinc, ofreciendo las ventajas de ser resistente al desgaste y duradero, seguro y resistente a la rotura libre, y c\u00f3modo y transpirable. Adecuado para perros y gatos peque\u00f1os y medianos, se puede usar en m\u00faltiples escenarios. Es f\u00e1cil de ajustar y limpiar, y est\u00e1 disponible en tres colores: gris, negro, marino y azul. Equilibrando la practicidad y el atractivo est\u00e9tico, permite a los propietarios de mascotas pasear a sus mascotas con tranquilidad y garantiza la comodidad de las mascotas para llevar. Es un elemento esencial de alta calidad para las excursiones de mascotas.<\/p>","protected":false},"featured_media":1721,"comment_status":"closed","ping_status":"closed","template":"","meta":[],"product_brand":[],"product_cat":[20],"product_tag":[],"class_list":{"0":"post-1720","1":"product","2":"type-product","3":"status-publish","4":"has-post-thumbnail","6":"product_cat-pet-harness","8":"first","9":"instock","10":"shipping-taxable","11":"purchasable","12":"product-type-variable"},"_links":{"self":[{"href":"https:\/\/www.holydoggroup.com\/es\/wp-json\/wp\/v2\/product\/1720","targetHints":{"allow":["GET"]}}],"collection":[{"href":"https:\/\/www.holydoggroup.com\/es\/wp-json\/wp\/v2\/product"}],"about":[{"href":"https:\/\/www.holydoggroup.com\/es\/wp-json\/wp\/v2\/types\/product"}],"replies":[{"embeddable":true,"href":"https:\/\/www.holydoggroup.com\/es\/wp-json\/wp\/v2\/comments?post=1720"}],"wp:featuredmedia":[{"embeddable":true,"href":"https:\/\/www.holydoggroup.com\/es\/wp-json\/wp\/v2\/media\/1721"}],"wp:attachment":[{"href":"https:\/\/www.holydoggroup.com\/es\/wp-json\/wp\/v2\/media?parent=1720"}],"wp:term":[{"taxonomy":"product_brand","embeddable":true,"href":"https:\/\/www.holydoggroup.com\/es\/wp-json\/wp\/v2\/product_brand?post=1720"},{"taxonomy":"product_cat","embeddable":true,"href":"https:\/\/www.holydoggroup.com\/es\/wp-json\/wp\/v2\/product_cat?post=1720"},{"taxonomy":"product_tag","embeddable":true,"href":"https:\/\/www.holydoggroup.com\/es\/wp-json\/wp\/v2\/product_tag?post=1720"}],"curies":[{"name":"WP","href":"https:\/\/api.w.org\/{rel}","templated":true}]}}