{"id":1777,"date":"2026-01-05T10:39:46","date_gmt":"2026-01-05T02:39:46","guid":{"rendered":"https:\/\/www.holydoggroup.com\/?post_type=product&#038;p=1777"},"modified":"2026-01-05T10:39:46","modified_gmt":"2026-01-05T02:39:46","slug":"pet-chest-and-back-diving-fabric-for-insulation-and-shock-absorption-double-locking-outdoor-travel-essential","status":"publish","type":"product","link":"https:\/\/www.holydoggroup.com\/es\/pet-harness\/pet-chest-and-back-diving-fabric-for-insulation-and-shock-absorption-double-locking-outdoor-travel-essential\/","title":{"rendered":"Pecho de mascota y espalda &#8211; Tela de buceo para aislamiento y absorci\u00f3n de golpes &#8211; Bloqueo doble &#8211; Viajes al aire libre esenciales"},"content":{"rendered":"<p><img fetchpriority=\"high\" decoding=\"async\" class=\"aligncenter wp-image-1781\" src=\"https:\/\/www.holydoggroup.com\/wp-content\/uploads\/2026\/01\/4-4.jpg\" alt=\"\" width=\"598\" height=\"598\" srcset=\"https:\/\/www.holydoggroup.com\/wp-content\/uploads\/2026\/01\/4-4.jpg 1000w, https:\/\/www.holydoggroup.com\/wp-content\/uploads\/2026\/01\/4-4-300x300.jpg 300w, https:\/\/www.holydoggroup.com\/wp-content\/uploads\/2026\/01\/4-4-150x150.jpg 150w, https:\/\/www.holydoggroup.com\/wp-content\/uploads\/2026\/01\/4-4-768x768.jpg 768w, https:\/\/www.holydoggroup.com\/wp-content\/uploads\/2026\/01\/4-4-600x600.jpg 600w, https:\/\/www.holydoggroup.com\/wp-content\/uploads\/2026\/01\/4-4-100x100.jpg 100w\" sizes=\"(max-width: 598px) 100vw, 598px\" \/><\/p>\n<p><strong>[Introducci\u00f3n b\u00e1sica]<\/strong><br \/>\nEste producto de pecho y espalda para mascotas se centra en el posicionamiento central de &#8220; protecci\u00f3n c\u00f3moda compatibilidad todo el tiempo&#8221;  . Est\u00e1 totalmente hecho de tela de buceo de alta calidad, con tres funciones de aislamiento, absorci\u00f3n de golpes y alta elasticidad. El tacto es suave y amigable con la piel, y cuando se ajusta a la mascota&#8217; curva del cuerpo, puede amortiguar eficazmente el impacto del movimiento y reducir la incomodidad de tirar. Incluso en estaciones fr\u00edas como oto\u00f1o e invierno, puede proporcionar calor suave para la mascota. pecho y espalda, lo que les impide contraer un resfriado. Las \u00e1reas tensadas est\u00e1n reforzadas con correas fuertes de tipo nylon incrustadas, con excelente resistencia a la tracci\u00f3n. Combinado con sujetadores POM de alta calidad y hebillas de aleaci\u00f3n de zinc, forma una doble cerradura de seguridad. Los sujetadores a presi\u00f3n se abren y cierran sin problemas sin pegarse, resistentes a bajas temperaturas y no propensos a agrietarse. Las hebillas son a prueba de la oxidaci\u00f3n y resistentes a la corrosi\u00f3n, tienen una fuerte capacidad de carga y proporcionan una protecci\u00f3n integral contra las mascotas que escapan accidentalmente. El producto viene en dos esquemas de color cl\u00e1sicos: gris y marr\u00f3n rojizo. Tiene una textura sencilla y elegante, adecuada para el color del pelo de diferentes razas de mascotas, equilibrando la practicidad y la est\u00e9tica, y satisfaciendo las diversas necesidades de los propietarios de mascotas para paseos diarios y al aire libre.<br \/>\n<strong>[\u00c1mbito de aplicaci\u00f3n]<\/strong><br \/>\nAdecuado para perros de tama\u00f1o mediano y peque\u00f1o que pesan de 3 a 35 kg (como perros de peluche, Bichon Frise, Corgis, Bulldogs franceses, Shiba Inus, Schnauzers, etc.) y gatos adultos. Se puede usar en varios escenarios como paseos diarios para mascotas, protecci\u00f3n de invierno para excursiones, senderismo al aire libre, viajes cortos, entrenamiento b\u00e1sico, juego de exploraci\u00f3n de agua ligera, etc. Precauci\u00f3n: No es adecuado para perros grandes agresivos o mascotas con comportamientos de tirar intensos.<br \/>\n<strong>Puntos clave de venta<\/strong><br \/>\nVentajas principales de la tela de buceo: Tiene las propiedades de aislamiento, absorci\u00f3n de golpes y alta elasticidad. Es suave, amigable con la piel y no irritante. Puede amortiguar la fuerza de tracci\u00f3n durante el ejercicio y mantener la piel caliente en oto\u00f1o e invierno sin causar escalofr\u00edos. Es adecuado para su uso en varias estaciones.<br \/>\n2. Caracter\u00edstica antideslizante excepcionalmente fuerte y estable: La correa fuerte de tipo nylon es altamente resistente al estiramiento y el desgarro. Se complementa con un sujetador de presi\u00f3n de alta calidad POM y una hebilla de aleaci\u00f3n de zinc para el doble bloqueo, lo que garantiza una estructura estable y proporciona una mayor tranquilidad durante el viaje.<br \/>\n3. c\u00f3modo y acogedor sin carga: la tela de alta elasticidad es adecuada para la mascota; s postura de movimiento, ajustando la curva corporal sin pellizcar el pecho o frotar la piel. Incluso despu\u00e9s de un uso prolongado, la mascota no se sentir\u00e1 inc\u00f3moda.<br \/>\n4. Conveniente y f\u00e1cil de ajustar para la operaci\u00f3n: Ambos lados del pecho y la espalda est\u00e1n equipados con correas ajustables. El rango de ajuste es amplio, lo que permite un ajuste preciso para mascotas de diferentes tipos de cuerpo. El proceso de uso y eliminaci\u00f3n es sencillo, lo que hace que sea f\u00e1cil para los propietarios de mascotas novatos de usar.<br \/>\n5. Durable y f\u00e1cil de limpiar: Dos opciones de color &#8211; gris y marr\u00f3n rojizo &#8211; son resistentes a las manchas. La superficie de la tela de buceo es lisa. Las manchas diarias se pueden limpiar con un pa\u00f1o h\u00famedo. La suciedad menor se puede lavar suavemente a mano y secar r\u00e1pidamente.<br \/>\n<strong>\u3010M\u00e9todo de uso\u3011<\/strong><br \/>\nPresiona los dos lados del sujetador POM para desbloquearlo. Gu\u00eda la mascota&#8217; las extremidades delanteras a trav\u00e9s de las dos mangas correspondientes en la espalda tor\u00e1cica, de modo que el cuerpo principal de la espalda tor\u00e1cica encaja bien contra la mascota; Pecho y espalda.<br \/>\n2. Ajuste las bandas el\u00e1sticas en ambos lados delantero y trasero por separado, hasta que la estanqueidad sea justa (para que uno o dos dedos puedan encajar f\u00e1cilmente). Aseg\u00farese de que encaje bien contra el cuerpo sin obstaculizar la mascota&#8217; Movimiento S.<br \/>\n3. Aprete el sujetador POM, tira suavemente para comprobar si el sujetador est\u00e1 completamente bloqueado con el clip de aleaci\u00f3n de zinc. Una vez que se confirme que es correcto, conecte la cuerda de tracci\u00f3n al clip de aleaci\u00f3n de zinc y se puede usar.<br \/>\n4. Despu\u00e9s del uso, presione la cerradura de snap POM de nuevo para desbloquear, luego quite lentamente el portador de mascotas. Aseg\u00farese de evitar tirar de la mascota&#8217; s pieles.<br \/>\n<strong>[Preguntas frecuentes]<\/strong><br \/>\nQ1: \u00bfC\u00f3mo seleccionar el tama\u00f1o apropiado para su mascota?<br \/>\nR: Se recomienda que primero se refiera al &#8220; Peso-circunferencia-tama\u00f1os&#8221; Tabla de comparaci\u00f3n en la p\u00e1gina de detalles del producto. La base principal para la selecci\u00f3n es la mascota&#8217; datos de circunferencia. Si la mascota tiene sobrepeso o bajo peso, el tama\u00f1o se puede ajustar en funci\u00f3n del peso, y la correa ajustable se puede usar para una adaptaci\u00f3n adicional para garantizar un ajuste c\u00f3modo y sin interferencia con las actividades.<br \/>\nQ2: \u00bfPara qu\u00e9 estaciones son adecuadas las propiedades de aislamiento de la tela de buceo?<br \/>\nR: Es m\u00e1s adecuado para el uso en primavera, oto\u00f1o e invierno cuando el tiempo es ligeramente fresco. Puede mantener efectivamente la mascota&#8217; partes vitales calientes. Durante los calurosos d\u00edas de verano, se recomienda reducir el tiempo de uso (no m\u00e1s de 1 hora por vez), o solo usarlo en los per\u00edodos frescos de la ma\u00f1ana y la noche para evitar el calor excesivo.<br \/>\nQ3: \u00bfEsta bolsa de pecho se puede lavar a m\u00e1quina?<br \/>\nR: No se recomienda lavar a m\u00e1quina. Evite la rotaci\u00f3n de alta velocidad, ya que puede causar que las tiras de tela se deformen y los sujetadores a presi\u00f3n se da\u00f1en. Para la limpieza diaria, use un pa\u00f1o h\u00famedo para limpiar las manchas. Para \u00e1reas m\u00e1s sucias, es aceptable lavarse las manos suavemente. Use un detergente neutro y mantenga la temperatura del agua por debajo de 30 \u2103. Despu\u00e9s de lavar, deje que se seque al aire de forma natural. Evite la exposici\u00f3n directa a la luz solar ya que ayudar\u00e1 a extender el producto&#8217; vida \u00fatil.<br \/>\nQ4: \u00bfEl tejido el\u00e1stico perder\u00e1 su elasticidad despu\u00e9s de ser utilizado durante mucho tiempo?<br \/>\nR: Est\u00e1 hecho de tela de buceo de alta calidad con excelente recuperaci\u00f3n de elasticidad. Bajo uso normal, es poco probable que se suelte o se deforme. Durante el uso diario, evite la exposici\u00f3n prolongada a la luz solar directa y las altas temperaturas, y no tire por la fuerza sobre la tela. Puede mantener una buena elasticidad durante mucho tiempo.<\/p>","protected":false},"excerpt":{"rendered":"<table style=\"border-collapse: collapse; width: 552.02pt; background-color: #f5f4d0;\" border=\"0\" width=\"552.02pt\" cellspacing=\"0\" cellpadding=\"0\">\n<tbody>\n<tr style=\"height: 18.75pt;\">\n<td class=\"et2\" style=\"height: 18.75pt; width: 138.05pt; text-align: center;\" width=\"184\" height=\"25\"><strong>Tama\u00f1o<\/strong><\/td>\n<td class=\"et2\" style=\"width: 138.05pt; text-align: center;\" width=\"184\"><strong>Cuello circunferencia (cm)<\/strong><\/td>\n<td class=\"et2\" style=\"width: 138.05pt; text-align: center;\" width=\"184\"><strong>circunferencia del pecho (cm)<\/strong><\/td>\n<td class=\"et2\" style=\"width: 138.05pt; text-align: center;\" width=\"184\"><strong>Peso (kg)<\/strong><\/td>\n<\/tr>\n<tr style=\"height: 18.00pt;\">\n<td class=\"et3\" style=\"height: 18pt; text-align: center;\" height=\"24\"><strong>S<\/strong><\/td>\n<td class=\"et4\" style=\"text-align: center;\"><strong>37-48\u339d<\/strong><\/td>\n<td class=\"et4\" style=\"text-align: center;\"><strong>48-59\u339d<\/strong><\/td>\n<td class=\"et5\" style=\"text-align: center;\"><strong>4-8<\/strong><\/td>\n<\/tr>\n<tr style=\"height: 18.00pt;\">\n<td class=\"et3\" style=\"height: 18pt; text-align: center;\" height=\"24\"><strong>M<\/strong><\/td>\n<td class=\"et4\" style=\"text-align: center;\"><strong>44-61\u339d<\/strong><\/td>\n<td class=\"et4\" style=\"text-align: center;\"><strong>56-75\u339d<\/strong><\/td>\n<td class=\"et6\" style=\"text-align: center;\"><strong>8~16<\/strong><\/td>\n<\/tr>\n<tr style=\"height: 18.00pt;\">\n<td class=\"et3\" style=\"height: 18pt; text-align: center;\" height=\"24\"><strong>L<\/strong><\/td>\n<td class=\"et4\" style=\"text-align: center;\"><strong>48-67\u339d<\/strong><\/td>\n<td class=\"et4\" style=\"text-align: center;\"><strong>67-89\u339d<\/strong><\/td>\n<td class=\"et3\" style=\"text-align: center;\"><strong>16-32<\/strong><\/td>\n<\/tr>\n<\/tbody>\n<\/table>\n<p>Este chaleco para mascotas est\u00e1 hecho de tela de buceo de alta calidad, con aislamiento, absorci\u00f3n de golpes y alta elasticidad. Est\u00e1 equipado con correas de imitaci\u00f3n de nylon y hebillas de seguridad dobles, garantizando la estabilidad contra el deslizamiento y proporcionando un ajuste c\u00f3modo. Es adecuado para perros y gatos peque\u00f1os y medianos, y se puede usar en varios escenarios. El ajuste es conveniente. Ofrecemos una versi\u00f3n cl\u00e1sica gris y marr\u00f3n rojizo, que es f\u00e1cil de limpiar y mantener, equilibrando la practicidad y la apariencia. Es una excelente opci\u00f3n para mascotas&#8217; uso diario y para actividades al aire libre en oto\u00f1o e invierno.<\/p>","protected":false},"featured_media":1778,"comment_status":"closed","ping_status":"closed","template":"","meta":[],"product_brand":[],"product_cat":[20],"product_tag":[],"class_list":{"0":"post-1777","1":"product","2":"type-product","3":"status-publish","4":"has-post-thumbnail","6":"product_cat-pet-harness","8":"first","9":"instock","10":"shipping-taxable","11":"purchasable","12":"product-type-variable"},"_links":{"self":[{"href":"https:\/\/www.holydoggroup.com\/es\/wp-json\/wp\/v2\/product\/1777","targetHints":{"allow":["GET"]}}],"collection":[{"href":"https:\/\/www.holydoggroup.com\/es\/wp-json\/wp\/v2\/product"}],"about":[{"href":"https:\/\/www.holydoggroup.com\/es\/wp-json\/wp\/v2\/types\/product"}],"replies":[{"embeddable":true,"href":"https:\/\/www.holydoggroup.com\/es\/wp-json\/wp\/v2\/comments?post=1777"}],"wp:featuredmedia":[{"embeddable":true,"href":"https:\/\/www.holydoggroup.com\/es\/wp-json\/wp\/v2\/media\/1778"}],"wp:attachment":[{"href":"https:\/\/www.holydoggroup.com\/es\/wp-json\/wp\/v2\/media?parent=1777"}],"wp:term":[{"taxonomy":"product_brand","embeddable":true,"href":"https:\/\/www.holydoggroup.com\/es\/wp-json\/wp\/v2\/product_brand?post=1777"},{"taxonomy":"product_cat","embeddable":true,"href":"https:\/\/www.holydoggroup.com\/es\/wp-json\/wp\/v2\/product_cat?post=1777"},{"taxonomy":"product_tag","embeddable":true,"href":"https:\/\/www.holydoggroup.com\/es\/wp-json\/wp\/v2\/product_tag?post=1777"}],"curies":[{"name":"WP","href":"https:\/\/api.w.org\/{rel}","templated":true}]}}