{"id":1804,"date":"2026-01-06T09:08:28","date_gmt":"2026-01-06T01:08:28","guid":{"rendered":"https:\/\/www.holydoggroup.com\/?post_type=product&#038;p=1804"},"modified":"2026-01-06T09:09:20","modified_gmt":"2026-01-06T01:09:20","slug":"saddle-style-pet-chest-and-back-durable-and-comfortable-material-not-press-on-the-chest-ideal-pet-walking-tool-for-small-and-medium-sized-dogs","status":"publish","type":"product","link":"https:\/\/www.holydoggroup.com\/es\/pet-harness\/saddle-style-pet-chest-and-back-durable-and-comfortable-material-not-press-on-the-chest-ideal-pet-walking-tool-for-small-and-medium-sized-dogs\/","title":{"rendered":"Pecho y espalda de mascota estilo sill\u00edn. Material duradero y c\u00f3modo- no presionar en el pecho- Herramienta ideal para caminar mascotas para perros peque\u00f1os y medianos"},"content":{"rendered":"<p><img fetchpriority=\"high\" decoding=\"async\" class=\"aligncenter size-full wp-image-1809\" src=\"https:\/\/www.holydoggroup.com\/wp-content\/uploads\/2026\/01\/5-6.jpg\" alt=\"\" width=\"1000\" height=\"1000\" srcset=\"https:\/\/www.holydoggroup.com\/wp-content\/uploads\/2026\/01\/5-6.jpg 1000w, https:\/\/www.holydoggroup.com\/wp-content\/uploads\/2026\/01\/5-6-300x300.jpg 300w, https:\/\/www.holydoggroup.com\/wp-content\/uploads\/2026\/01\/5-6-150x150.jpg 150w, https:\/\/www.holydoggroup.com\/wp-content\/uploads\/2026\/01\/5-6-768x768.jpg 768w, https:\/\/www.holydoggroup.com\/wp-content\/uploads\/2026\/01\/5-6-600x600.jpg 600w, https:\/\/www.holydoggroup.com\/wp-content\/uploads\/2026\/01\/5-6-100x100.jpg 100w\" sizes=\"(max-width: 1000px) 100vw, 1000px\" \/><br \/>\n<strong>[Introducci\u00f3n b\u00e1sica]<\/strong><br \/>\nEste pecho de mascota y la espalda adopta un dise\u00f1o ergon\u00f3mico estilo sill\u00edn, que se ajusta a la curva de la mascota&#8217; s espalda y dispersar la presi\u00f3n de tracci\u00f3n para evitar comprimir el pecho y afectar la respiraci\u00f3n. El cuerpo principal est\u00e1 hecho de material de buceo de alta calidad, con aislamiento, absorci\u00f3n de golpes y alta elasticidad. Tiene un tacto suave y amigable con la piel, amortiguando el impacto durante el ejercicio. En invierno y oto\u00f1o, tambi\u00e9n puede mantener la mascota&#8217; \u00c1rea central caliente. Los bordes est\u00e1n reforzados con tiras de tela resistentes de tipo nylon incrustadas, resistentes al estiramiento y la abrasi\u00f3n, y no propensos a romperse. Est\u00e1 equipado con un sujetador de presi\u00f3n de calidad POM de alta calidad, que se abre y cierra sin problemas, resistente a bajas temperaturas y impactos. Se complementa con una hebilla de aleaci\u00f3n de zinc, resistente a la oxidaci\u00f3n y la corrosi\u00f3n, con una fuerte capacidad de carga. La estructura de doble bloqueo evita efectivamente que la mascota escape. El producto viene en tres esquemas de colores distintivos: verde, marr\u00f3n y con patrones. El verde es fresco y limpio, el marr\u00f3n es estable y serio, y el dibujado es juguet\u00f3n. Es adecuado para mascotas de diferentes estilos, equilibrando la practicidad y la apariencia, haciendo que el paseo de mascotas sea m\u00e1s tranquilizador y est\u00e9ticamente agradable.<br \/>\n<strong>[\u00c1mbito de aplicaci\u00f3n]<\/strong><br \/>\nAdecuado para perros de tama\u00f1o mediano y peque\u00f1o que pesan de 3 a 35 kg (como perros de peluche, Bichon Frise, Corgis, Bulldogs franceses, Shiba Inus, Schnauzers, etc.) y gatos adultos. Se puede utilizar en varios escenarios como paseos diarios para mascotas, protecci\u00f3n de invierno para excursiones, senderismo al aire libre, viajes cortos, entrenamiento b\u00e1sico, etc. Precauci\u00f3n: No es adecuado para perros grandes agresivos o mascotas con comportamientos de tirar intensos.<br \/>\n<strong>Punto clave de venta<\/strong><br \/>\nDise\u00f1o ergon\u00f3mico estilo sill\u00edn: Se ajusta a la curva de la mascota&#8217; s de espalda, dispersa la presi\u00f3n de tracci\u00f3n, no comprime la cavidad tor\u00e1cica, asegura una respiraci\u00f3n suave para la mascota y hace que la experiencia de uso sea m\u00e1s c\u00f3moda.<br \/>\n2. Ventajas clave del material de buceo: Combina las funciones de aislamiento, absorci\u00f3n de golpes y elasticidad. Es suave y amigable con la piel sin ninguna irritaci\u00f3n, y puede amortiguar el impacto de las actividades f\u00edsicas, manteniendo la piel caliente en oto\u00f1o e invierno sin causar chilblains.<br \/>\n3. Antideslizante estable: La hebilla de aleaci\u00f3n de zinc del sujetador POM de la correa fuerte del nylon proporciona un triple refuerzo, con excelentes propiedades de resistencia a la tracci\u00f3n y anti-desgarro. Ofrece doble bloqueo, lo que garantiza una experiencia m\u00e1s segura durante el viaje.<br \/>\n4. Ajuste conveniente: Las correas ajustables en ambos lados ofrecen una amplia gama de opciones de ajuste, adaptando con precisi\u00f3n mascotas de varios tipos de cuerpo. El proceso de uso y eliminaci\u00f3n es sencillo, e incluso los principiantes pueden operarlo f\u00e1cilmente.<br \/>\n5. Las combinaciones de colores \u00fanicas son f\u00e1ciles de mantener: los patrones verdes, marrones y florales est\u00e1n disponibles. Se adaptan a diversas preferencias est\u00e9ticas; El material impermeable combinado con la tela tejida es f\u00e1cil de limpiar. Las manchas se pueden limpiar con una limpieza simple. La suciedad ligera se puede lavar a mano y secar r\u00e1pidamente.<br \/>\n<strong>\u3010M\u00e9todo de uso\u3011<\/strong><br \/>\nPresione los dos lados de la sujeci\u00f3n POM para desbloquearla. Disponga el pecho y la parte posterior planas. Gu\u00eda la mascota&#8217; las extremidades delanteras a trav\u00e9s de los correspondientes orificios de la manga, de modo que el cuerpo principal del pecho y la pieza trasera encaja bien contra la mascota; espalda y pecho.<br \/>\n2. Ajuste las hebillas de ajuste en ambos lados de las correas de correa, y ajustarlas a la estanqueidad apropiada (con 1-2 dedos que pueden encajar es adecuado). Aseg\u00farese de que encaje bien contra el cuerpo y no impida que la mascota&#8217; Movimiento S.<br \/>\n3. Aprete el sujetador POM, tira suavemente para comprobar si el sujetador est\u00e1 completamente bloqueado con el clip de aleaci\u00f3n de zinc. Una vez que se confirme que es correcto, conecte la cuerda de remolque y se puede usar.<br \/>\n4. Despu\u00e9s del uso, presione la cerradura POM para desbloquear y quitar lentamente el portador de mascotas. Aseg\u00farese de evitar tirar de la mascota&#8217; s pieles.<br \/>\n<strong>[Preguntas frecuentes]<\/strong><br \/>\nQ1: \u00bfC\u00f3mo elegir el tama\u00f1o apropiado?<br \/>\nR: Por favor, consulte el &#8220; Peso &#8211; Circumferencia del pecho &#8211; Tama\u00f1o&#8221; tabla de comparaci\u00f3n en la p\u00e1gina de detalles como referencia primaria. La base b\u00e1sica para la selecci\u00f3n son los datos de la circunferencia tor\u00e1cica. Para las mascotas con sobrepeso o bajo peso, puede hacer peque\u00f1os ajustes en funci\u00f3n del peso y ajustar a\u00fan m\u00e1s las correas ajustables para garantizar la comodidad sin estar demasiado apretadas.<br \/>\nQ2: \u00bfEl material de buceo te har\u00e1 sentir caliente cuando lo uses en verano?<br \/>\nR: El material de buceo de alta calidad es ligero y transpirable. El dise\u00f1o de estilo sill\u00edn proporciona un \u00e1rea de ajuste adecuada y gan\u00f3&#8217; t causa calor excesivo. En verano, se recomienda usarlo por no m\u00e1s de 2 horas a la vez, o solo usarlo durante los per\u00edodos frescos de la ma\u00f1ana y la noche. Evite usarlo durante mucho tiempo durante los per\u00edodos calientes.<br \/>\nQ3: \u00bfLos patrones de color se desvanecer\u00e1n con el tiempo?<br \/>\nR: Este producto se produce utilizando un proceso de impresi\u00f3n y te\u00f1ido respetuoso con el medio ambiente. El patr\u00f3n tiene una alta durabilidad y es poco probable que se desvanezca bajo el uso normal y la limpieza. Al limpiar, evite usar un cepillo de cerdas duras para frotar el \u00e1rea del patr\u00f3n con fuerza. No utilice detergentes alcalinos, ya que esto ayudar\u00e1 a mantener el color brillante del patr\u00f3n.<br \/>\nQ4: \u00bfSe puede lavar a m\u00e1quina?<br \/>\nR: No se recomienda lavar el producto por m\u00e1quina. Evite la rotaci\u00f3n de alta velocidad que puede causar que las correas de tela se deformen o que los sujetadores de presi\u00f3n se da\u00f1en. Para la limpieza diaria, utilice un pa\u00f1o h\u00famedo. Cuando se ponga muy sucio, l\u00e1valo suavemente a mano. Use un detergente neutro y mantenga la temperatura del agua a 30 \u00b0 C o menos. Deja que se seque al aire naturalmente y evite la luz solar directa para extender el producto&#8217; vida \u00fatil.<\/p>","protected":false},"excerpt":{"rendered":"<table style=\"height: 66px; border-collapse: collapse; width: 51.3265%; background-color: #fcefb6;\" border=\"0\" width=\"51.3265%\" cellspacing=\"0\" cellpadding=\"0\">\n<tbody>\n<tr style=\"height: 27.00pt;\">\n<td class=\"et2\" style=\"height: 27px; width: 54.05pt; text-align: center;\" width=\"72\" height=\"36\">Tama\u00f1o<\/td>\n<td class=\"et2\" style=\"width: 192.05pt; height: 27px; text-align: center;\" width=\"256\">Cuello circunferencia (cm)<\/td>\n<td class=\"et2\" style=\"width: 90.05pt; height: 27px; text-align: center;\" width=\"120\">circunferencia del pecho (cm)<\/td>\n<td class=\"et2\" style=\"width: 90.05pt; height: 27px; text-align: center;\" width=\"120\">Peso (kg)<\/td>\n<\/tr>\n<tr style=\"height: 13.50pt;\">\n<td class=\"et2\" style=\"height: 13px; width: 54.05pt; text-align: center;\" width=\"72\" height=\"18\">S<\/td>\n<td class=\"et2\" style=\"width: 192.05pt; height: 13px; text-align: center;\" width=\"256\">37-48<\/td>\n<td class=\"et2\" style=\"width: 90.05pt; height: 13px; text-align: center;\" width=\"120\">48-59<\/td>\n<td class=\"et3\" style=\"width: 90.05pt; height: 13px; text-align: center;\" width=\"120\">4-8<\/td>\n<\/tr>\n<tr style=\"height: 13.50pt;\">\n<td class=\"et2\" style=\"height: 13px; width: 54.05pt; text-align: center;\" width=\"72\" height=\"18\">M<\/td>\n<td class=\"et2\" style=\"width: 192.05pt; height: 13px; text-align: center;\" width=\"256\">44-61<\/td>\n<td class=\"et2\" style=\"width: 90.05pt; height: 13px; text-align: center;\" width=\"120\">56-75<\/td>\n<td class=\"et2\" style=\"width: 90.05pt; height: 13px; text-align: center;\" width=\"120\">8-16<\/td>\n<\/tr>\n<tr style=\"height: 13.50pt;\">\n<td class=\"et2\" style=\"height: 13px; width: 54.05pt; text-align: center;\" width=\"72\" height=\"18\">L<\/td>\n<td class=\"et2\" style=\"width: 192.05pt; height: 13px; text-align: center;\" width=\"256\">48-67<\/td>\n<td class=\"et2\" style=\"width: 90.05pt; height: 13px; text-align: center;\" width=\"120\">67-89<\/td>\n<td class=\"et2\" style=\"width: 90.05pt; height: 13px; text-align: center;\" width=\"120\">16-32<\/td>\n<\/tr>\n<\/tbody>\n<\/table>\n<p>Este pecho de estilo sill\u00edn para mascotas est\u00e1 hecho de material impermeable, con excelente aislamiento, absorci\u00f3n de golpes y elasticidad. Su dise\u00f1o ergon\u00f3mico es c\u00f3modo y no presiona el pecho. Est\u00e1 equipado con correas de imitaci\u00f3n de nylon y hebillas de seguridad dobles para la estabilidad y para evitar la fuga. Es adecuado para perros y gatos peque\u00f1os y medianos, y se puede usar en varios escenarios. El ajuste es conveniente. Viene en colores verdes y marrones y es f\u00e1cil de limpiar y mantener. Combina la practicidad con la apariencia, por lo que es una excelente opci\u00f3n para los viajes de mascotas.<\/p>","protected":false},"featured_media":1805,"comment_status":"closed","ping_status":"closed","template":"","meta":[],"product_brand":[],"product_cat":[20],"product_tag":[],"class_list":{"0":"post-1804","1":"product","2":"type-product","3":"status-publish","4":"has-post-thumbnail","6":"product_cat-pet-harness","8":"first","9":"instock","10":"shipping-taxable","11":"purchasable","12":"product-type-variable"},"_links":{"self":[{"href":"https:\/\/www.holydoggroup.com\/es\/wp-json\/wp\/v2\/product\/1804","targetHints":{"allow":["GET"]}}],"collection":[{"href":"https:\/\/www.holydoggroup.com\/es\/wp-json\/wp\/v2\/product"}],"about":[{"href":"https:\/\/www.holydoggroup.com\/es\/wp-json\/wp\/v2\/types\/product"}],"replies":[{"embeddable":true,"href":"https:\/\/www.holydoggroup.com\/es\/wp-json\/wp\/v2\/comments?post=1804"}],"wp:featuredmedia":[{"embeddable":true,"href":"https:\/\/www.holydoggroup.com\/es\/wp-json\/wp\/v2\/media\/1805"}],"wp:attachment":[{"href":"https:\/\/www.holydoggroup.com\/es\/wp-json\/wp\/v2\/media?parent=1804"}],"wp:term":[{"taxonomy":"product_brand","embeddable":true,"href":"https:\/\/www.holydoggroup.com\/es\/wp-json\/wp\/v2\/product_brand?post=1804"},{"taxonomy":"product_cat","embeddable":true,"href":"https:\/\/www.holydoggroup.com\/es\/wp-json\/wp\/v2\/product_cat?post=1804"},{"taxonomy":"product_tag","embeddable":true,"href":"https:\/\/www.holydoggroup.com\/es\/wp-json\/wp\/v2\/product_tag?post=1804"}],"curies":[{"name":"WP","href":"https:\/\/api.w.org\/{rel}","templated":true}]}}