{"id":1829,"date":"2026-01-06T09:42:48","date_gmt":"2026-01-06T01:42:48","guid":{"rendered":"https:\/\/www.holydoggroup.com\/?post_type=product&#038;p=1829"},"modified":"2026-01-06T09:42:48","modified_gmt":"2026-01-06T01:42:48","slug":"c002","status":"publish","type":"product","link":"https:\/\/www.holydoggroup.com\/es\/pet-leash\/c002\/","title":{"rendered":"Manija de imitaci\u00f3n de nylon de cuerda P de contraste de luz p\u00farpura combinada de aspecto de doble color f\u00e1cil de usar para paseos y entrenamiento"},"content":{"rendered":"<p><img fetchpriority=\"high\" decoding=\"async\" class=\"aligncenter size-full wp-image-1830\" src=\"https:\/\/www.holydoggroup.com\/wp-content\/uploads\/2026\/01\/1-8.jpg\" alt=\"\" width=\"1000\" height=\"1000\" srcset=\"https:\/\/www.holydoggroup.com\/wp-content\/uploads\/2026\/01\/1-8.jpg 1000w, https:\/\/www.holydoggroup.com\/wp-content\/uploads\/2026\/01\/1-8-300x300.jpg 300w, https:\/\/www.holydoggroup.com\/wp-content\/uploads\/2026\/01\/1-8-150x150.jpg 150w, https:\/\/www.holydoggroup.com\/wp-content\/uploads\/2026\/01\/1-8-768x768.jpg 768w, https:\/\/www.holydoggroup.com\/wp-content\/uploads\/2026\/01\/1-8-600x600.jpg 600w, https:\/\/www.holydoggroup.com\/wp-content\/uploads\/2026\/01\/1-8-100x100.jpg 100w\" sizes=\"(max-width: 1000px) 100vw, 1000px\" \/><\/p>\n<p>Se trata de una cuerda P para mascotas que se centra en la comodidad y la practicidad. El mango est\u00e1 hecho de tela de imitaci\u00f3n de nylon, mientras que el cuerpo principal est\u00e1 compuesto por cuerda redonda de poli\u00e9ster de alta resistencia. Se complementa con cierres POM y hebillas de aleaci\u00f3n, lo que garantiza una buena adherencia y durabilidad.<br \/>\n<strong>\u00c1mbito de aplicaci\u00f3n:<\/strong> Adecuado para perros de tama\u00f1o medio y peque\u00f1o de 5-15 kg, que cubren escenarios como paseos diarios al aire libre, entrenamiento de mascotas con compa\u00f1\u00eda y viajes cortos.<br \/>\n<strong>Puntos de venta principales:<\/strong><br \/>\nManija hecha de tela de imitaci\u00f3n de nylon: tacto suave y antideslizante, lo que permite la sujeci\u00f3n a largo plazo sin irritaci\u00f3n o deslizamiento de las manos;<br \/>\nCuerda redonda de poli\u00e9ster de alta resistencia: Fuerte y duradera, resistente a la tracci\u00f3n y poco probable que se rompa, adecuada para el comportamiento animado de las mascotas;<br \/>\nCombinaci\u00f3n de hebilla de alta calidad: las hebillas POM se abren sin problemas, las hebillas de aleaci\u00f3n tienen una fuerte capacidad de carga, proporcionando m\u00e1s tranquilidad al tirar;<br \/>\nDise\u00f1o de apariencia de doble color: el patr\u00f3n de rejilla p\u00farpura es retro y fresco, mientras que el contraste p\u00farpura claro es suave y llamativo, equilibrando la practicidad y la est\u00e9tica;<br \/>\nEstructura de cuerda en P: Puede ajustar r\u00e1pidamente la estanqueidad del bucle de cuerda, ayudando a estandarizar el comportamiento de caminar de mascotas, haciendo que los paseos sean m\u00e1s c\u00f3modos.<br \/>\n<strong>M\u00e9todo de uso:<\/strong><br \/>\nAbrir las cierres POM, ajustar el bucle de cuerda al tama\u00f1o apropiado;<br \/>\nInserte el bucle de cuerda alrededor de la mascota&#8217; cuello, dejando 1-2 dedos flojos;<br \/>\nCierre las cierres, sostenga el mango de imitaci\u00f3n de nylon para tirar;<br \/>\nAl acompa\u00f1ar, tira suavemente del bucle de cuerda para ayudar a corregir el comportamiento (evitando tirar violentamente).<br \/>\n<strong>Preguntas frecuentes:<\/strong><br \/>\nP: \u00bfC\u00f3mo elegir el tama\u00f1o? R: Mida la mascota&#8217; s circunferencia del cuello, seleccione el bucle de cuerda que cubre la circunferencia del cuello y deja 1-2 espacios para los dedos;<br \/>\nP: \u00bfSe puede lavar en m\u00e1quina? R: Se recomienda lavar a mano y secar naturalmente para evitar da\u00f1os a la tela y hebilla;<br \/>\nP: \u00bfEs adecuado para perros grandes? R: Este modelo es adecuado para perros de tama\u00f1o medio de 5-15 kg. Para perros grandes, se recomienda elegir el modelo de carga correspondiente.<\/p>","protected":false},"excerpt":{"rendered":"<p>&nbsp;<\/p>\n<p>Cuerda P de mascota de doble color, el mango est\u00e1 hecho de tela de imitaci\u00f3n de nylon para antideslizante y comodidad, el cuerpo principal est\u00e1 compuesto por cuerda redonda de poli\u00e9ster de alta resistencia, y se complementa con cierres POM y hebillas de aleaci\u00f3n para mayor seguridad. Es adecuado para perros de tama\u00f1o medio y peque\u00f1o de 5-15 kg, que cubre escenarios como paseos y entrenamiento de compa\u00f1ero, con un alto nivel de apariencia de doble color, y la estructura de cuerda en P puede ayudar a estandarizar el comportamiento de las mascotas, haciendo que los paseos sean m\u00e1s c\u00f3modos.<\/p>","protected":false},"featured_media":1830,"comment_status":"closed","ping_status":"closed","template":"","meta":[],"product_brand":[],"product_cat":[21],"product_tag":[],"class_list":{"0":"post-1829","1":"product","2":"type-product","3":"status-publish","4":"has-post-thumbnail","6":"product_cat-pet-leash","8":"first","9":"instock","10":"shipping-taxable","11":"purchasable","12":"product-type-variable"},"_links":{"self":[{"href":"https:\/\/www.holydoggroup.com\/es\/wp-json\/wp\/v2\/product\/1829","targetHints":{"allow":["GET"]}}],"collection":[{"href":"https:\/\/www.holydoggroup.com\/es\/wp-json\/wp\/v2\/product"}],"about":[{"href":"https:\/\/www.holydoggroup.com\/es\/wp-json\/wp\/v2\/types\/product"}],"replies":[{"embeddable":true,"href":"https:\/\/www.holydoggroup.com\/es\/wp-json\/wp\/v2\/comments?post=1829"}],"wp:featuredmedia":[{"embeddable":true,"href":"https:\/\/www.holydoggroup.com\/es\/wp-json\/wp\/v2\/media\/1830"}],"wp:attachment":[{"href":"https:\/\/www.holydoggroup.com\/es\/wp-json\/wp\/v2\/media?parent=1829"}],"wp:term":[{"taxonomy":"product_brand","embeddable":true,"href":"https:\/\/www.holydoggroup.com\/es\/wp-json\/wp\/v2\/product_brand?post=1829"},{"taxonomy":"product_cat","embeddable":true,"href":"https:\/\/www.holydoggroup.com\/es\/wp-json\/wp\/v2\/product_cat?post=1829"},{"taxonomy":"product_tag","embeddable":true,"href":"https:\/\/www.holydoggroup.com\/es\/wp-json\/wp\/v2\/product_tag?post=1829"}],"curies":[{"name":"WP","href":"https:\/\/api.w.org\/{rel}","templated":true}]}}