{"id":1840,"date":"2026-01-06T10:05:00","date_gmt":"2026-01-06T02:05:00","guid":{"rendered":"https:\/\/www.holydoggroup.com\/?post_type=product&#038;p=1840"},"modified":"2026-01-06T10:05:00","modified_gmt":"2026-01-06T02:05:00","slug":"c003","status":"publish","type":"product","link":"https:\/\/www.holydoggroup.com\/es\/pet-leash\/c003\/","title":{"rendered":"Multi-color mascota P cuerda cuerda redonda de poli\u00e9ster de alta resistencia hebilla de aleaci\u00f3n de zinc caminar y herramienta de acompa\u00f1amiento"},"content":{"rendered":"<p><img fetchpriority=\"high\" decoding=\"async\" class=\"aligncenter size-full wp-image-1841\" src=\"https:\/\/www.holydoggroup.com\/wp-content\/uploads\/2026\/01\/1-9.jpg\" alt=\"\" width=\"1000\" height=\"1000\" srcset=\"https:\/\/www.holydoggroup.com\/wp-content\/uploads\/2026\/01\/1-9.jpg 1000w, https:\/\/www.holydoggroup.com\/wp-content\/uploads\/2026\/01\/1-9-300x300.jpg 300w, https:\/\/www.holydoggroup.com\/wp-content\/uploads\/2026\/01\/1-9-150x150.jpg 150w, https:\/\/www.holydoggroup.com\/wp-content\/uploads\/2026\/01\/1-9-768x768.jpg 768w, https:\/\/www.holydoggroup.com\/wp-content\/uploads\/2026\/01\/1-9-600x600.jpg 600w, https:\/\/www.holydoggroup.com\/wp-content\/uploads\/2026\/01\/1-9-100x100.jpg 100w\" sizes=\"(max-width: 1000px) 100vw, 1000px\" \/><\/p>\n<p>Esta cuerda P de mascota est\u00e1 hecha de cuerda redonda de poli\u00e9ster de alta resistencia como material principal, combinada con sujetadores de aleaci\u00f3n de zinc resistentes a la oxidaci\u00f3n y duraderos. Combina textura fuerte con seguridad pr\u00e1ctica, ofreciendo tres opciones de color: caramelo retro, verde ej\u00e9rcito estable y rosa suave y lindo. Responde a diferentes preferencias est\u00e9ticas.<br \/>\n<strong>\u00c1mbito de aplicaci\u00f3n:<\/strong> Adecuado para perros de tama\u00f1o medio de 5-18 kg, que cubren paseos diarios al aire libre, entrenamiento de acompa\u00f1amiento de mascotas y viajes cortos para la tracci\u00f3n.<\/p>\n<p><strong>Puntos de venta principales:<\/strong><br \/>\nCuerda redonda de poli\u00e9ster de alta resistencia: tejido apretado y fuerte, resistente a tirar sin romperse, resistente al desgaste y duradero, adecuado para mascotas con h\u00e1bitos animados;<br \/>\nCierre de aleaci\u00f3n de zinc: resistente a la oxidaci\u00f3n y a la corrosi\u00f3n, apertura y cierre suaves, fuerte capacidad de tracci\u00f3n, m\u00e1s tranquilizador para uso al aire libre;<br \/>\nAlto nivel de apariencia multicolor: Tres opciones de color satisfacen diferentes preferencias de estilo, haciendo que la mascota sea m\u00e1s llamativa durante la tracci\u00f3n diaria;<br \/>\nP estructura de la cuerda: puede ajustar r\u00e1pidamente la estanqueidad del bucle de la cuerda, ayudando a estandarizar el comportamiento de acompa\u00f1amiento de mascotas, haciendo que los paseos sean m\u00e1s convenientes;<br \/>\nLa cuerda redonda siente la mano: c\u00f3modo de sostener, menos probable que se enrede o anude durante el uso al aire libre.<\/p>\n<p><strong>M\u00e9todo de uso:<\/strong><br \/>\nAbra la hebilla de aleaci\u00f3n de zinc, ajuste el bucle de cuerda al tama\u00f1o adecuado para la mascota&#8217; cuello de cuello;<br \/>\nInserte el bucle de cuerda alrededor de la mascota&#8217; cuello, dejando 1-2 dedos de suelta (para evitar una sujeci\u00f3n demasiado apretada);<br \/>\nCierre la hebilla de aleaci\u00f3n de zinc, sostenga el cuerpo de la cuerda con la mano y inicie la tracci\u00f3n;<br \/>\nAl caminar con la mascota, tire suavemente del bucle de cuerda para ayudar a corregir el comportamiento, pero no tire con fuerza.<\/p>\n<p><strong>Preguntas frecuentes:<\/strong><br \/>\nP: \u00bfC\u00f3mo seleccionar el tama\u00f1o? R: Mida la mascota&#8217; s circunferencia del cuello, elija un bucle de cuerda que cubra la circunferencia del cuello y deja 1-2 espacios para los dedos;<br \/>\nP: \u00bfSe puede lavar en m\u00e1quina? R: Se recomienda lavar a mano y luego secar al aire para evitar da\u00f1ar el cuerpo de la cuerda y la hebilla durante el lavado de la m\u00e1quina;<br \/>\nP: \u00bfEs adecuado para perros grandes? R: Este modelo es adecuado para perros de tama\u00f1o medio y peque\u00f1o de 5-18 kg. Para perros grandes, elija el modelo de carga correspondiente.<\/p>","protected":false},"excerpt":{"rendered":"<p>Cuerda P multicolor para mascotas, con cuerda redonda de poli\u00e9ster de alta resistencia como cuerpo principal, combinada con hebilla de aleaci\u00f3n de zinc, fuerte, duradero, resistente al desgaste y a prueba de oxidaci\u00f3n. Adecuado para perros de tama\u00f1o mediano y peque\u00f1o de 5 a 18 kg, cubriendo escenarios como caminar y entrenamiento de acompa\u00f1amiento. Disponible en colores caramelo \/ verde ej\u00e9rcito \/ rosa. La estructura de la cuerda P tambi\u00e9n puede ayudar a regular la mascota&#8217; comportamiento, lo que lo convierte en un buen art\u00edculo de tracci\u00f3n pr\u00e1ctico y a nivel de apariencia.<\/p>","protected":false},"featured_media":1841,"comment_status":"closed","ping_status":"closed","template":"","meta":[],"product_brand":[],"product_cat":[21],"product_tag":[],"class_list":{"0":"post-1840","1":"product","2":"type-product","3":"status-publish","4":"has-post-thumbnail","6":"product_cat-pet-leash","8":"first","9":"instock","10":"shipping-taxable","11":"purchasable","12":"product-type-variable"},"_links":{"self":[{"href":"https:\/\/www.holydoggroup.com\/es\/wp-json\/wp\/v2\/product\/1840","targetHints":{"allow":["GET"]}}],"collection":[{"href":"https:\/\/www.holydoggroup.com\/es\/wp-json\/wp\/v2\/product"}],"about":[{"href":"https:\/\/www.holydoggroup.com\/es\/wp-json\/wp\/v2\/types\/product"}],"replies":[{"embeddable":true,"href":"https:\/\/www.holydoggroup.com\/es\/wp-json\/wp\/v2\/comments?post=1840"}],"wp:featuredmedia":[{"embeddable":true,"href":"https:\/\/www.holydoggroup.com\/es\/wp-json\/wp\/v2\/media\/1841"}],"wp:attachment":[{"href":"https:\/\/www.holydoggroup.com\/es\/wp-json\/wp\/v2\/media?parent=1840"}],"wp:term":[{"taxonomy":"product_brand","embeddable":true,"href":"https:\/\/www.holydoggroup.com\/es\/wp-json\/wp\/v2\/product_brand?post=1840"},{"taxonomy":"product_cat","embeddable":true,"href":"https:\/\/www.holydoggroup.com\/es\/wp-json\/wp\/v2\/product_cat?post=1840"},{"taxonomy":"product_tag","embeddable":true,"href":"https:\/\/www.holydoggroup.com\/es\/wp-json\/wp\/v2\/product_tag?post=1840"}],"curies":[{"name":"WP","href":"https:\/\/api.w.org\/{rel}","templated":true}]}}