{"id":1863,"date":"2026-01-06T10:24:48","date_gmt":"2026-01-06T02:24:48","guid":{"rendered":"https:\/\/www.holydoggroup.com\/?post_type=product&#038;p=1863"},"modified":"2026-01-06T10:25:49","modified_gmt":"2026-01-06T02:25:49","slug":"c004","status":"publish","type":"product","link":"https:\/\/www.holydoggroup.com\/es\/pet-leash\/c004\/","title":{"rendered":"\u00a1Exclusivo para familias con mascotas m\u00faltiples! Cabeza de tracci\u00f3n doble P cuerda fuerte abrazaderas de aleaci\u00f3n de zinc de poli\u00e9ster duradero"},"content":{"rendered":"<p><img fetchpriority=\"high\" decoding=\"async\" class=\"aligncenter wp-image-1864\" src=\"https:\/\/www.holydoggroup.com\/wp-content\/uploads\/2026\/01\/1-10.jpg\" alt=\"\" width=\"641\" height=\"641\" srcset=\"https:\/\/www.holydoggroup.com\/wp-content\/uploads\/2026\/01\/1-10.jpg 1000w, https:\/\/www.holydoggroup.com\/wp-content\/uploads\/2026\/01\/1-10-300x300.jpg 300w, https:\/\/www.holydoggroup.com\/wp-content\/uploads\/2026\/01\/1-10-150x150.jpg 150w, https:\/\/www.holydoggroup.com\/wp-content\/uploads\/2026\/01\/1-10-768x768.jpg 768w, https:\/\/www.holydoggroup.com\/wp-content\/uploads\/2026\/01\/1-10-600x600.jpg 600w, https:\/\/www.holydoggroup.com\/wp-content\/uploads\/2026\/01\/1-10-100x100.jpg 100w\" sizes=\"(max-width: 641px) 100vw, 641px\" \/><\/p>\n<p><strong>\u3010Cuerda de mascota de cabeza de tracci\u00f3n doble (color caramelo \/ blanco y negro)\u3011<\/strong><\/p>\n<p>Se trata de una cuerda P de cabeza de doble tensi\u00f3n dise\u00f1ada espec\u00edficamente para varios escenarios. El cuerpo principal est\u00e1 hecho de cuerda redonda de poli\u00e9ster de alta resistencia, equipada con sujetadores de aleaci\u00f3n de zinc resistentes a la oxidaci\u00f3n y duraderos. El mango est\u00e1 equipado con un agarre antideslizante de espuma, que ofrece dos opciones de color: caramelo retro y blanco y negro a cuadros. Combina una textura fuerte con un agarre c\u00f3modo.<\/p>\n<p><strong>\u00c1mbito de aplicaci\u00f3n:<\/strong> Adecuado para perros de tama\u00f1o medio de 5-20 kg. Cubre escenarios como &#8220; simult\u00e1neo \u7275\u5f15  de 1-2 mascotas&#8221; \uff0c &#8220; mascota \u00fanica con dos puntos de tracci\u00f3n (cuello pecho\/espalda)&#8221; , &#8220; paseos diarios \/ viajes cortos \/ entrenamiento de mascotas con acompa\u00f1amiento&#8221; etc.<\/p>\n<p><strong>Puntos de venta principales:<\/strong><br \/>\nCuerda redonda de poli\u00e9ster de alta resistencia: tejido compacto y fuerte, resistente a tirar sin romper, resistente al desgaste y duradero, adecuado para mascotas con h\u00e1bitos animados;<br \/>\nFijaciones de aleaci\u00f3n de zinc: resistente a la oxidaci\u00f3n y a la corrosi\u00f3n, apertura y cierre suaves, fijadores dobles comparten la carga, lo que hace que la tracci\u00f3n sea m\u00e1s segura;<br \/>\nDise\u00f1o de cabezal de tracci\u00f3n doble: conmutaci\u00f3n flexible entre &#8220; doble tracci\u00f3n de mascota&#8221;  and &#8220; mascota \u00fanica con dos puntos de tracci\u00f3n&#8221; modos, adecuados para hogares con m\u00faltiples mascotas o necesidades de tracci\u00f3n refinadas;<br \/>\nApoyo antideslizante de espuma: tacto suave sin irritar la mano, menos propenso a deslizarse cuando se mantiene al aire libre, haciendo que la tracci\u00f3n a largo plazo sea m\u00e1s f\u00e1cil;<br \/>\nAlto nivel de apariencia de doble color: Caramel retro es estable y elegante, negro y blanco a cuadros es simple y conciso, haciendo que la tracci\u00f3n diaria sea m\u00e1s llamativa.<\/p>\n<p><strong>M\u00e9todo de uso:<\/strong><br \/>\nTracci\u00f3n de mascota doble: fijar dos abrazaderas de aleaci\u00f3n de zinc a la mascota&#8217; arneses (cuello \/ pecho \/ espalda) por separado;<br \/>\nSingle Pet Dual Point Traction: Conecte las abrazaderas a los arneses de pecho\/espalda del cuello de la misma mascota;<br \/>\nDespu\u00e9s de fijar las abrazaderas, sostenga el mango de espuma para iniciar la tracci\u00f3n. Tira suavemente de la cuerda para ayudar a corregir la mascota&#8217; comportamiento (evitando tirar violentamente).<\/p>\n<p><strong>Preguntas frecuentes:<\/strong><br \/>\nP: \u00bfSe puede usar la cabeza de tracci\u00f3n doble para tirar de dos perros grandes? R: Este modelo es adecuado para perros de tama\u00f1o medio y peque\u00f1o de 5-20 kg. Se recomiendan perros grandes para uso \u00fanico de mascotas;<\/p>\n<p>P: \u00bfEl mango es propenso a ensuciarse? R: El material de espuma se puede limpiar con un pa\u00f1o h\u00famedo, lo que lo hace f\u00e1cil de mantener;<\/p>\n<p>P: \u00bfSe puede lavar en m\u00e1quina? R: Se recomienda lavar a mano y luego secar al aire de forma natural para evitar da\u00f1ar la cuerda y las abrazaderas durante el lavado de la m\u00e1quina.<\/p>","protected":false},"excerpt":{"rendered":"<p>Cabeza P de cabeza de tracci\u00f3n doble, con cuerda redonda de poli\u00e9ster de alta resistencia como cuerpo principal, emparejada con abrazaderas de aleaci\u00f3n de zinc. La cabeza de tracci\u00f3n doble puede tirar de forma flexible de 1-2 mascotas o una sola mascota en dos puntos. Adecuado para perros de tama\u00f1o medio y peque\u00f1o de 5-20 kg. El mango de espuma es c\u00f3modo y antideslizante, disponible en colores caramelo\/blanco y negro, resistencia de equilibrio, durabilidad y adaptabilidad multiescenario. Es un art\u00edculo de tracci\u00f3n pr\u00e1ctico para las familias que poseen mascotas.<\/p>","protected":false},"featured_media":1864,"comment_status":"closed","ping_status":"closed","template":"","meta":[],"product_brand":[],"product_cat":[21],"product_tag":[],"class_list":{"0":"post-1863","1":"product","2":"type-product","3":"status-publish","4":"has-post-thumbnail","6":"product_cat-pet-leash","8":"first","9":"instock","10":"shipping-taxable","11":"purchasable","12":"product-type-variable"},"_links":{"self":[{"href":"https:\/\/www.holydoggroup.com\/es\/wp-json\/wp\/v2\/product\/1863","targetHints":{"allow":["GET"]}}],"collection":[{"href":"https:\/\/www.holydoggroup.com\/es\/wp-json\/wp\/v2\/product"}],"about":[{"href":"https:\/\/www.holydoggroup.com\/es\/wp-json\/wp\/v2\/types\/product"}],"replies":[{"embeddable":true,"href":"https:\/\/www.holydoggroup.com\/es\/wp-json\/wp\/v2\/comments?post=1863"}],"wp:featuredmedia":[{"embeddable":true,"href":"https:\/\/www.holydoggroup.com\/es\/wp-json\/wp\/v2\/media\/1864"}],"wp:attachment":[{"href":"https:\/\/www.holydoggroup.com\/es\/wp-json\/wp\/v2\/media?parent=1863"}],"wp:term":[{"taxonomy":"product_brand","embeddable":true,"href":"https:\/\/www.holydoggroup.com\/es\/wp-json\/wp\/v2\/product_brand?post=1863"},{"taxonomy":"product_cat","embeddable":true,"href":"https:\/\/www.holydoggroup.com\/es\/wp-json\/wp\/v2\/product_cat?post=1863"},{"taxonomy":"product_tag","embeddable":true,"href":"https:\/\/www.holydoggroup.com\/es\/wp-json\/wp\/v2\/product_tag?post=1863"}],"curies":[{"name":"WP","href":"https:\/\/api.w.org\/{rel}","templated":true}]}}