{"id":1884,"date":"2026-01-07T08:59:56","date_gmt":"2026-01-07T00:59:56","guid":{"rendered":"https:\/\/www.holydoggroup.com\/?post_type=product&#038;p=1884"},"modified":"2026-01-07T08:59:56","modified_gmt":"2026-01-07T00:59:56","slug":"c005","status":"publish","type":"product","link":"https:\/\/www.holydoggroup.com\/es\/pet-leash\/c005\/","title":{"rendered":"Cuerda P esencial para mascotas al aire libre | Dise\u00f1o antienredo, opciones de color de alta visibilidad, adecuado para mascotas peque\u00f1as y medianas"},"content":{"rendered":"<p><img fetchpriority=\"high\" decoding=\"async\" class=\"aligncenter  wp-image-1885\" src=\"https:\/\/www.holydoggroup.com\/wp-content\/uploads\/2026\/01\/1-11.jpg\" alt=\"\" width=\"458\" height=\"458\" srcset=\"https:\/\/www.holydoggroup.com\/wp-content\/uploads\/2026\/01\/1-11.jpg 1000w, https:\/\/www.holydoggroup.com\/wp-content\/uploads\/2026\/01\/1-11-300x300.jpg 300w, https:\/\/www.holydoggroup.com\/wp-content\/uploads\/2026\/01\/1-11-150x150.jpg 150w, https:\/\/www.holydoggroup.com\/wp-content\/uploads\/2026\/01\/1-11-768x768.jpg 768w, https:\/\/www.holydoggroup.com\/wp-content\/uploads\/2026\/01\/1-11-600x600.jpg 600w, https:\/\/www.holydoggroup.com\/wp-content\/uploads\/2026\/01\/1-11-100x100.jpg 100w\" sizes=\"(max-width: 458px) 100vw, 458px\" \/><\/p>\n<p>Esta es la correa pr\u00e1ctica para mascotas reci\u00e9n lanzada, especialmente dise\u00f1ada para escenarios de mascotas al aire libre:<br \/>\n<strong>Introducci\u00f3n b\u00e1sica:<\/strong> El mango est\u00e1 hecho de tela de imitaci\u00f3n de nylon fuerte, el cuerpo de la cuerda est\u00e1 hecho de material tejido de poli\u00e9ster de alta resistencia, la hebilla est\u00e1 hecha de aleaci\u00f3n de aluminio de aleaci\u00f3n de zinc para garantizar la estabilidad, y un anillo universal anti-enredo giratorio de 360 grados est\u00e1 configurado en el punto de conexi\u00f3n, proporcionando opciones de color verde, amarillo y azul.<br \/>\n<strong>Gama de aplicaci\u00f3n:<\/strong> Adecuado para perros peque\u00f1os y medianos (como Teddy, Corgi) y gatos adultos (como Birmano, British Shorthair), adecuado para paseos diarios al aire libre, entrenamiento b\u00e1sico de comportamiento, etc.<br \/>\n<strong>Puntos de venta principales:<\/strong> La cuerda de poli\u00e9ster es resistente al desgaste y resistente al tirar, el mango de imitaci\u00f3n de nylon mejora la comodidad de la mano, el anillo universal de 360 grados evita el enredo de la cuerda, el color de alta saturaci\u00f3n hace que la mascota sea f\u00e1cilmente identificable al aire libre y la hebilla met\u00e1lica proporciona una carga estable y no es propensa a la deformaci\u00f3n.<br \/>\n<strong>M\u00e9todo de uso:<\/strong> Ponga el extremo redondo del anillo de la cuerda P en la mascota&#8217; s cabeza (o conectar con un collar a trav\u00e9s de la hebilla), ajustar la hebilla a la longitud deseada, y luego sostener el mango negro para tirar; al almacenar, doblar y organizar para evitar el nudado.<br \/>\n<strong>Preguntas frecuentes:<\/strong> P: \u00bfC\u00f3mo ajustar la longitud de la cuerda? A: Desliza la hebilla de ajuste met\u00e1lico para hacerlo; P: \u00bfEs adecuado para perros grandes? R: Se recomienda usar solo para mascotas peque\u00f1as y medianas; P: \u00bfC\u00f3mo limpiar? R: Lavar con detergente suave y secar al aire despu\u00e9s de lavar las manos.<\/p>","protected":false},"excerpt":{"rendered":"<p>La cuerda P de mascota holydog es adecuada para perros y gatos de tama\u00f1o peque\u00f1o y mediano, con mangos de imitaci\u00f3n de nylon fuertes, hebillas met\u00e1licas de cuerda de poli\u00e9ster de alta resistencia para garantizar la durabilidad, anillo universal de 360 grados para evitar el enredo de la cuerda, m\u00faltiples opciones de color para una f\u00e1cil identificaci\u00f3n al aire libre y soporte de carga estable sin deformaci\u00f3n, lo que lo convierte en un art\u00edculo de tracci\u00f3n pr\u00e1ctico para las mascotas que salen.<\/p>","protected":false},"featured_media":1885,"comment_status":"closed","ping_status":"closed","template":"","meta":[],"product_brand":[],"product_cat":[21],"product_tag":[],"class_list":{"0":"post-1884","1":"product","2":"type-product","3":"status-publish","4":"has-post-thumbnail","6":"product_cat-pet-leash","8":"first","9":"instock","10":"shipping-taxable","11":"purchasable","12":"product-type-variable"},"_links":{"self":[{"href":"https:\/\/www.holydoggroup.com\/es\/wp-json\/wp\/v2\/product\/1884","targetHints":{"allow":["GET"]}}],"collection":[{"href":"https:\/\/www.holydoggroup.com\/es\/wp-json\/wp\/v2\/product"}],"about":[{"href":"https:\/\/www.holydoggroup.com\/es\/wp-json\/wp\/v2\/types\/product"}],"replies":[{"embeddable":true,"href":"https:\/\/www.holydoggroup.com\/es\/wp-json\/wp\/v2\/comments?post=1884"}],"wp:featuredmedia":[{"embeddable":true,"href":"https:\/\/www.holydoggroup.com\/es\/wp-json\/wp\/v2\/media\/1885"}],"wp:attachment":[{"href":"https:\/\/www.holydoggroup.com\/es\/wp-json\/wp\/v2\/media?parent=1884"}],"wp:term":[{"taxonomy":"product_brand","embeddable":true,"href":"https:\/\/www.holydoggroup.com\/es\/wp-json\/wp\/v2\/product_brand?post=1884"},{"taxonomy":"product_cat","embeddable":true,"href":"https:\/\/www.holydoggroup.com\/es\/wp-json\/wp\/v2\/product_cat?post=1884"},{"taxonomy":"product_tag","embeddable":true,"href":"https:\/\/www.holydoggroup.com\/es\/wp-json\/wp\/v2\/product_tag?post=1884"}],"curies":[{"name":"WP","href":"https:\/\/api.w.org\/{rel}","templated":true}]}}