{"id":1933,"date":"2026-01-07T09:47:47","date_gmt":"2026-01-07T01:47:47","guid":{"rendered":"https:\/\/www.holydoggroup.com\/?post_type=product&#038;p=1933"},"modified":"2026-01-07T09:47:47","modified_gmt":"2026-01-07T01:47:47","slug":"d004","status":"publish","type":"product","link":"https:\/\/www.holydoggroup.com\/es\/pet-leash\/d004\/","title":{"rendered":"\u3010Resistente antideslizante\u3011 Material de buceo Manja de correa para mascotas &#8211; Cuerpo de cuerda de nylon resistente al desgaste &#8211; Clip de seguridad de aleaci\u00f3n de zinc &#8211; Disponible en tres colores"},"content":{"rendered":"<p><img fetchpriority=\"high\" decoding=\"async\" class=\"aligncenter  wp-image-1938\" src=\"https:\/\/www.holydoggroup.com\/wp-content\/uploads\/2026\/01\/5-14.jpg\" alt=\"\" width=\"601\" height=\"601\" srcset=\"https:\/\/www.holydoggroup.com\/wp-content\/uploads\/2026\/01\/5-14.jpg 1000w, https:\/\/www.holydoggroup.com\/wp-content\/uploads\/2026\/01\/5-14-300x300.jpg 300w, https:\/\/www.holydoggroup.com\/wp-content\/uploads\/2026\/01\/5-14-150x150.jpg 150w, https:\/\/www.holydoggroup.com\/wp-content\/uploads\/2026\/01\/5-14-768x768.jpg 768w, https:\/\/www.holydoggroup.com\/wp-content\/uploads\/2026\/01\/5-14-600x600.jpg 600w, https:\/\/www.holydoggroup.com\/wp-content\/uploads\/2026\/01\/5-14-100x100.jpg 100w\" sizes=\"(max-width: 601px) 100vw, 601px\" \/><\/p>\n<p><strong>Introducci\u00f3n del producto:<\/strong><br \/>\nEsta correa para mascotas est\u00e1 especialmente dise\u00f1ada para paseos diarios y actividades al aire libre, combinando durabilidad y comodidad, garantizando un viaje seguro y f\u00e1cil para usted y su mascota. La parte del mango est\u00e1 hecha de material de buceo suave y antideslizante, lo que lo hace c\u00f3modo para sostener durante mucho tiempo sin cansar las manos; el cuerpo de la cuerda est\u00e1 hecho de cuerda trenzada de nailon de imitaci\u00f3n de alta resistencia, que es resistente al desgaste y resistente al tirar, y puede soportar impactos repentinos; la hebilla est\u00e1 hecha de aleaci\u00f3n de zinc de alta calidad, resistente a la corrosi\u00f3n y con una cerradura segura, asegurando que no es probable que la mascota escape. El producto est\u00e1 disponible en tres colores: verde ej\u00e9rcito, caramelo y rosa, equilibrando tanto la moda como la practicidad.<\/p>\n<p><strong>\u00c1mbito de aplicaci\u00f3n:<\/strong><br \/>\nAdecuado para paseos diarios, entrenamiento o exploraci\u00f3n al aire libre de perros peque\u00f1os y medianos, tambi\u00e9n adecuado para mascotas activas y en\u00e9rgicas que disfrutan de correr.<br \/>\nPuntos clave de venta:<br \/>\nConfortable agarre: El mango est\u00e1 hecho de material de buceo y es suave y c\u00f3modo contra la palma de la mano. Es antideslizante y transpirable, asegurando que las manos no se cansen despu\u00e9s de un uso prolongado.<br \/>\nFuerte y duradero: La cuerda de nylon de alta resistencia es altamente resistente al desgaste y al desgarro. Combinado con los sujetadores de aleaci\u00f3n de zinc, ofrece garant\u00edas de doble seguridad.<br \/>\nControl flexible: La cuerda es lisa y no se enreda f\u00e1cilmente. El cord\u00f3n se puede ajustar r\u00e1pidamente en longitud para satisfacer diferentes requisitos de la escena.<br \/>\nNivel de traje en l\u00ednea: verde ej\u00e9rcito de baja saturaci\u00f3n, caramelo y rosa. Aburido pero elegante, y agrega un toque de personalidad cuando se combina con un collar para mascotas.<\/p>\n<p><strong>Instrucciones de uso:<\/strong><br \/>\nConecte un extremo de la cierre a la mascota&#8217; cuello o arn\u00e9s de pecho, y aseg\u00farese de que la cerradura est\u00e1 completamente cerrada.<br \/>\nAjuste la longitud de la cuerda seg\u00fan el escenario de viaje. Puede fijarse mediante el anillo de ajuste situado debajo del mango.<br \/>\nSi las mascotas causan movimiento repentino durante el uso, sostenga suavemente la secci\u00f3n antideslizante del mango para liberar gradualmente la fuerza de impacto.<\/p>\n<p><strong>Preguntas frecuentes:<\/strong><br \/>\nP: \u00bfEs esta correa adecuada para perros grandes?<br \/>\nR: Esta correa tiene una fuerte capacidad de carga, pero se recomienda para mascotas que pesan menos de 25 kg.<br \/>\nP: \u00bfSe puede lavar en m\u00e1quina?<br \/>\nR: Se recomienda lavar a mano y secar al aire. Evite el remojo prolongado o la exposici\u00f3n a la luz solar directa para prolongar la vida \u00fatil del material.<br \/>\nP: \u00bfEs el sujetador propenso al oxido?<br \/>\nR: La superficie de aleaci\u00f3n de zinc se ha sometido a tratamiento de oxidaci\u00f3n, lo que proporciona buenas propiedades de prevenci\u00f3n de la oxidaci\u00f3n. Despu\u00e9s del uso diario, limpiarlo en seco.<\/p>","protected":false},"excerpt":{"rendered":"<p>Esta correa para mascotas est\u00e1 especialmente dise\u00f1ada para excursiones seguras y c\u00f3modas. Cuenta con un mango antideslizante hecho de material de buceo, una cuerda de tejido de imitaci\u00f3n de nylon fuerte y sujetadores de aleaci\u00f3n de zinc, que equilibran la durabilidad y la maniobrabilidad. Es adecuado para el uso diario de perros peque\u00f1os y medianos y viene en tres colores de baja saturaci\u00f3n que son de moda y vers\u00e1tiles. El dise\u00f1o detallado es pensado, con caracter\u00edsticas anti-arrastre y anti-desgaste, lo que hace que los paseos con su mascota sean m\u00e1s f\u00e1ciles y tranquilizadores, lo que le permite acompa\u00f1ar a su amada mascota en cada viaje.<\/p>","protected":false},"featured_media":1934,"comment_status":"closed","ping_status":"closed","template":"","meta":[],"product_brand":[],"product_cat":[21],"product_tag":[],"class_list":{"0":"post-1933","1":"product","2":"type-product","3":"status-publish","4":"has-post-thumbnail","6":"product_cat-pet-leash","8":"first","9":"instock","10":"shipping-taxable","11":"purchasable","12":"product-type-variable"},"_links":{"self":[{"href":"https:\/\/www.holydoggroup.com\/es\/wp-json\/wp\/v2\/product\/1933","targetHints":{"allow":["GET"]}}],"collection":[{"href":"https:\/\/www.holydoggroup.com\/es\/wp-json\/wp\/v2\/product"}],"about":[{"href":"https:\/\/www.holydoggroup.com\/es\/wp-json\/wp\/v2\/types\/product"}],"replies":[{"embeddable":true,"href":"https:\/\/www.holydoggroup.com\/es\/wp-json\/wp\/v2\/comments?post=1933"}],"wp:featuredmedia":[{"embeddable":true,"href":"https:\/\/www.holydoggroup.com\/es\/wp-json\/wp\/v2\/media\/1934"}],"wp:attachment":[{"href":"https:\/\/www.holydoggroup.com\/es\/wp-json\/wp\/v2\/media?parent=1933"}],"wp:term":[{"taxonomy":"product_brand","embeddable":true,"href":"https:\/\/www.holydoggroup.com\/es\/wp-json\/wp\/v2\/product_brand?post=1933"},{"taxonomy":"product_cat","embeddable":true,"href":"https:\/\/www.holydoggroup.com\/es\/wp-json\/wp\/v2\/product_cat?post=1933"},{"taxonomy":"product_tag","embeddable":true,"href":"https:\/\/www.holydoggroup.com\/es\/wp-json\/wp\/v2\/product_tag?post=1933"}],"curies":[{"name":"WP","href":"https:\/\/api.w.org\/{rel}","templated":true}]}}