{"id":279,"date":"2025-08-26T15:01:38","date_gmt":"2025-08-26T07:01:38","guid":{"rendered":"https:\/\/www.holydoggroup.com\/?post_type=product&#038;p=279"},"modified":"2026-01-04T10:35:25","modified_gmt":"2026-01-04T02:35:25","slug":"a010","status":"publish","type":"product","link":"https:\/\/www.holydoggroup.com\/es\/pet-leash\/a010\/","title":{"rendered":"El amor no est\u00e1 comprometido El pecho y la espalda de la mascota de cuero PU de alta calidad protegen cada viaje"},"content":{"rendered":"<p>T\u00edtulo: OEM, ODM al aire libre duradera moda personalizada comodidad ajustable arn\u00e9s suave nuevo estilo arn\u00e9s de alta calidad para perros<\/p>\n<p>Clave: arn\u00e9s para mascotas, arn\u00e9s para perros, arn\u00e9s para perros<br \/>\nEl arn\u00e9s para perros PETCRAFT: una clase maestra en dise\u00f1o funcional para la comodidad y seguridad de los perros<\/p>\n<p>El arn\u00e9s para perros PETCRAFT representa el pin\u00e1culo de la innovaci\u00f3n en el equipo para mascotas, combinando durabilidad, comodidad y estilo. Dise\u00f1ado con la fisiolog\u00eda canina y la comodidad del propietario en mente, este arn\u00e9s redefine lo que significa equilibrar la practicidad y el lujo. A continuaci\u00f3n, exploramos sus caracter\u00edsticas definidoras en profundidad, descubriendo por qu\u00e9 se destaca en un mercado aglomerado.<\/p>\n<p><img fetchpriority=\"high\" decoding=\"async\" class=\"size-full wp-image-1571 aligncenter\" src=\"https:\/\/www.holydoggroup.com\/wp-content\/uploads\/2025\/08\/ZH022-1.jpg\" alt=\"\" width=\"800\" height=\"800\" srcset=\"https:\/\/www.holydoggroup.com\/wp-content\/uploads\/2025\/08\/ZH022-1.jpg 800w, https:\/\/www.holydoggroup.com\/wp-content\/uploads\/2025\/08\/ZH022-1-300x300.jpg 300w, https:\/\/www.holydoggroup.com\/wp-content\/uploads\/2025\/08\/ZH022-1-150x150.jpg 150w, https:\/\/www.holydoggroup.com\/wp-content\/uploads\/2025\/08\/ZH022-1-768x768.jpg 768w, https:\/\/www.holydoggroup.com\/wp-content\/uploads\/2025\/08\/ZH022-1-600x600.jpg 600w, https:\/\/www.holydoggroup.com\/wp-content\/uploads\/2025\/08\/ZH022-1-100x100.jpg 100w\" sizes=\"(max-width: 800px) 100vw, 800px\" \/><span style=\"font-family: 'times new roman', times, serif;\"><strong>1. Innovaci\u00f3n Material: Fuerza y suavidad unidas<\/strong><\/span><br \/>\n<span style=\"font-family: 'times new roman', times, serif;\">En el coraz\u00f3n del arn\u00e9s PETCRAFT se encuentra una cuidadosa selecci\u00f3n de materiales que prioriza la longevidad y la comodidad:<\/span><\/p>\n<p style=\"text-align: left;\"><span style=\"font-family: 'times new roman', times, serif;\"><strong>\u00a0 Correa de nylon:<\/strong> Las correas primarias del arn\u00e9s est\u00e1n forjadas de nylon de grado industrial, un material conocido por su excepcional resistencia a la tracci\u00f3n, resistencia a la abrasi\u00f3n y propiedades ligeras. La resistencia inherente al agua del nylon garantiza que el arn\u00e9s funcione perfectamente en condiciones h\u00famedas, ya sea durante caminatas lluviosas o salpicaduras l\u00fadicas, mientras que permanece f\u00e1cil de limpiar. Esta robustez garantiza que el arn\u00e9s resiste a\u00f1os de uso, incluso para razas poderosas.<\/span><\/p>\n<p><span style=\"font-family: 'times new roman', times, serif;\"><strong>\u00a0 Cojinete de cuero sint\u00e9tico:<\/strong> Los paneles de pecho y espalda cuentan con acolchado de piel sint\u00e9tica de peluche. A diferencia del cuero genuino, este material ofrece una resistencia superior a los ara\u00f1azos y el desvanecimiento, lo que lo hace ideal para perros activos. Su textura suave y flexible amortigua los puntos de presi\u00f3n, evitando la irritaci\u00f3n e irritaci\u00f3n, incluso durante el desgaste prolongado. El relleno se ajusta al cuerpo del perro, creando un ajuste personalizado que mejora la comodidad sin sacrificar la durabilidad.<\/span><\/p>\n<p><span style=\"font-family: 'times new roman', times, serif;\"><strong> 2. Dise\u00f1o ergon\u00f3mico: Dise\u00f1ado para la movilidad canina<\/strong><\/span><br \/>\n<span style=\"font-family: 'times new roman', times, serif;\">El arn\u00e9s PETCRAFT abraza un &#8221; ergon\u00f3mica, estructura envolvente&#8221; que revoluciona la forma en que se distribuye la presi\u00f3n:<\/span><\/p>\n<p><span style=\"font-family: 'times new roman', times, serif;\">\u00a0<strong> Redistribuci\u00f3n de presi\u00f3n:<\/strong> Al rodear el pecho y los hombros (en lugar de enfocarse en el cuello), el arn\u00e9s elimina la tensi\u00f3n en la tr\u00e1quea y la garganta. Este dise\u00f1o es un cambio de juego para las razas braquif\u00e1licas (por ejemplo, Pugs, Bulldogs) o perros propensos a problemas respiratorios, as\u00ed como aquellos con una tendencia a tirar.<\/span><\/p>\n<p><span style=\"font-family: 'times new roman', times, serif;\">\u00a0<strong> Ajustabilidad multipunto:<\/strong> Un sistema de hebillas de liberaci\u00f3n r\u00e1pida en el pecho y las correas de circunferencia permite una personalizaci\u00f3n precisa. Los propietarios pueden ajustar el ajuste alrededor del pecho, los hombros y el abdomen, asegurando una sensaci\u00f3n acogedora pero sin restricciones. Esta adaptabilidad se adapta a todo, desde el delicado marco de un Chihuahua hasta el pecho amplio de un Gran Dan\u00e9s, lo que hace que el arn\u00e9s sea adecuado para cachorros (con espacio para crecer) y perros adultos por igual.<\/span><\/p>\n<p><span style=\"font-family: 'times new roman', times, serif;\"><strong>\u00a03. Seguridad primero: Dise\u00f1ado para la fiabilidad<\/strong><\/span><br \/>\n<span style=\"font-family: 'times new roman', times, serif;\">La seguridad est\u00e1 tejida en cada detalle del arn\u00e9s PETCRAFT:<\/span><\/p>\n<p><span style=\"font-family: 'times new roman', times, serif;\">\u00a0<strong>Hebillas reforzadas:<\/strong> Las hebillas de liberaci\u00f3n r\u00e1pida est\u00e1n hechas de pl\u00e1stico de alto impacto, probado para resistir la fuerza extrema sin fallar. Su funcionamiento suave permite encender\/apagar sin esfuerzo, pero permanecen bloqueados de forma segura durante la actividad, evitando escapes accidentales.<\/span><\/p>\n<p><span style=\"font-family: 'times new roman', times, serif;\"><strong>Anillos D de metal doble:<\/strong> Posicionados en el pecho y la espalda, estos anillos de acero inoxidable resistentes ofrecen opciones de fijaci\u00f3n de correa doble:<\/span><br \/>\n<span style=\"font-family: 'times new roman', times, serif;\"><strong>Clip frontal:<\/strong> Redirige la fuerza de tracci\u00f3n hacia el propietario, desalentando el empuje y promoviendo mejores maneras de correa (ideal para el entrenamiento).<\/span><br \/>\n<span style=\"font-family: 'times new roman', times, serif;\"><strong>Clip trasero:<\/strong> Proporciona movimiento sin restricciones para caminatas informales, distribuyendo la tensi\u00f3n a lo largo de la columna vertebral para la comodidad.<\/span><\/p>\n<p><span style=\"font-family: 'times new roman', times, serif;\"><strong>Visibilidad sutil:<\/strong> Aunque no es abiertamente reflectante, el dise\u00f1o estructurado del arn\u00e9s garantiza la visibilidad en poca luz, mejorando la seguridad durante las salidas al amanecer\/anochecer.<\/span><\/p>\n<p><strong><span style=\"font-family: 'times new roman', times, serif;\">\u00a04. La comodidad redefinida: un enfoque en el bienestar canino<\/span><\/strong><br \/>\n<span style=\"font-family: 'times new roman', times, serif;\">M\u00e1s all\u00e1 de su dise\u00f1o estructural, el arn\u00e9s prioriza la comodidad a trav\u00e9s de caracter\u00edsticas matizadas:<\/span><\/p>\n<p><span style=\"font-family: 'times new roman', times, serif;\"><strong>acolchado contorneado:<\/strong> Las almohadillas de cuero sint\u00e9tico est\u00e1n esculpidas para seguir las curvas naturales del cuerpo del perro, eliminando puntos de presi\u00f3n en \u00e1reas de alta fricci\u00f3n (por ejemplo, debajo de las piernas). Este contorno evita los \u201cpuntos calientes\u201d y la piel cruda, incluso despu\u00e9s de horas de uso.<\/span><\/p>\n<p><span style=\"font-family: 'times new roman', times, serif;\"><strong>Correas anchas:<\/strong> Las correas de nylon son intencionalmente anchas, distribuyendo el peso uniformemente para evitar cavar en la piel. Sus bordes est\u00e1n acabados con una uni\u00f3n suave, lo que evita obstrucciones o abrasiones, un detalle crucial para las razas de pelo largo.<\/span><\/p>\n<p><span style=\"font-family: 'times new roman', times, serif;\"><strong>Dise\u00f1o Respirable:<\/strong> La estructura de marco abierto promueve el flujo de aire, evitando el sobrecalentamiento durante la actividad intensa. El cuero sint\u00e9tico, aunque suave, no atrapa el calor, garantizando comodidad en climas m\u00e1s c\u00e1lidos.<\/span><\/p>\n<p><strong><span style=\"font-family: 'times new roman', times, serif;\">5. Elegancia Est\u00e9tica y Pr\u00e1ctica<\/span><\/strong><br \/>\n<span style=\"font-family: 'times new roman', times, serif;\">El arn\u00e9s PETCRAFT combina estilo y funci\u00f3n:<\/span><\/p>\n<p><span style=\"font-family: 'times new roman', times, serif;\">El nylon azul vibrante contrasta hermosamente con el cuero sint\u00e9tico bronceado, creando un aspecto moderno y sofisticado que complementa el pelaje de cualquier perro. El discreto logotipo PETCRAFT agrega un toque de marca sin abrumar el dise\u00f1o.<\/span><\/p>\n<p><span style=\"font-family: 'times new roman', times, serif;\">F\u00e1cil mantenimiento: tanto el nylon como el cuero sint\u00e9tico son materiales limpiadores, lo que simplifica la limpieza despu\u00e9s de la aventura. Las manchas y el barro se pueden eliminar con un pa\u00f1o h\u00famedo, lo que garantiza que el arn\u00e9s se mantenga fresco con un m\u00ednimo esfuerzo.<\/span><\/p>\n<p><span style=\"font-family: 'times new roman', times, serif;\">Longividad: La combinaci\u00f3n de nylon resistente a la abrasi\u00f3n y cuero sint\u00e9tico a prueba de ara\u00f1azos asegura que el arn\u00e9s mantenga su forma y apariencia con el tiempo, incluso con uso frecuente.<\/span><\/p>\n<p><strong><span style=\"font-family: 'times new roman', times, serif;\">6. Versatilidad para cada estilo de vida<\/span><\/strong><br \/>\n<span style=\"font-family: 'times new roman', times, serif;\">El arn\u00e9s PETCRAFT sobresale en diversos escenarios:<\/span><\/p>\n<p><span style=\"font-family: 'times new roman', times, serif;\">Paseos diarios: El clip trasero ofrece libertad de movimiento para paseos relajados, mientras que el dise\u00f1o acolchado garantiza comodidad durante largas excursiones.<\/span><br \/>\n<span style=\"font-family: 'times new roman', times, serif;\">Sesiones de entrenamiento: El clip frontal proporciona control para la correcci\u00f3n del comportamiento, lo que lo hace ideal para ense\u00f1ar maneras de correa.<\/span><br \/>\n<span style=\"font-family: 'times new roman', times, serif;\">Aventuras al aire libre: Su robusta construcci\u00f3n y resistencia al agua lo hacen perfecto para senderismo, camping o excursiones a la playa.<\/span><\/p>\n<p><strong><span style=\"font-family: 'times new roman', times, serif;\">Conclusi\u00f3n: Un nuevo est\u00e1ndar en el equipo canino<\/span><\/strong><br \/>\n<span style=\"font-family: 'times new roman', times, serif;\">En esencia, el arn\u00e9s para perros PETCRAFT es un testimonio de la idea de que los accesorios para mascotas pueden ser a la vez funcionales y lujosos. Al integrar materiales de primera calidad, ingenier\u00eda ergon\u00f3mica y caracter\u00edsticas centradas en la seguridad, ofrece un producto que mejora el v\u00ednculo entre el perro y el propietario, un paso a la vez. Para los padres de mascotas que buscan un arn\u00e9s que equilibre durabilidad, comodidad y estilo, este modelo establece un nuevo punto de referencia: demuestra que cuando el dise\u00f1o prioriza las necesidades tanto de la mascota como del propietario, el resultado es una herramienta que eleva cada momento pasado juntos.<\/span><\/p>\n<p><span style=\"font-family: 'times new roman', times, serif;\">Ya sea navegando por las calles de la ciudad, explorando senderos naturales o entrenando en el parque, el arn\u00e9s PETCRAFT est\u00e1 listo para funcionar, ofreciendo paz de \u00e1nimo, comodidad y estilo en igual medida.<\/span><\/p>","protected":false},"excerpt":{"rendered":"<p><span style=\"font-family: 'times new roman', times, serif;\">Esta correa fuerte de nylon de imitaci\u00f3n cuidadosamente seleccionada para el pecho y la espalda de la mascota es resistente al desgaste, fuerte y flexible sin estar apretada, proporcionando a su amada mascota una experiencia de uso c\u00f3moda. Combinado con sujetadores POM de alta calidad, ofrece un ajuste firme, apertura y cierre suaves, y no es propenso a la deformaci\u00f3n o aflojamiento incluso despu\u00e9s de uso repetido. El adorno de cuero de PU mejora la textura, es resistente al desgaste, duradero y f\u00e1cil de mantener. El dise\u00f1o general tiene en cuenta tanto la seguridad como la practicidad, asegurando que cada paseo de mascotas sea sin preocupaciones y tranquilizador. Es una opci\u00f3n confiable para los propietarios de mascotas.<\/span><\/p>","protected":false},"featured_media":1566,"comment_status":"open","ping_status":"closed","template":"","meta":[],"product_brand":[],"product_cat":[21],"product_tag":[],"class_list":{"0":"post-279","1":"product","2":"type-product","3":"status-publish","4":"has-post-thumbnail","6":"product_cat-pet-leash","8":"first","9":"instock","10":"sale","11":"shipping-taxable","12":"purchasable","13":"product-type-variable"},"_links":{"self":[{"href":"https:\/\/www.holydoggroup.com\/es\/wp-json\/wp\/v2\/product\/279","targetHints":{"allow":["GET"]}}],"collection":[{"href":"https:\/\/www.holydoggroup.com\/es\/wp-json\/wp\/v2\/product"}],"about":[{"href":"https:\/\/www.holydoggroup.com\/es\/wp-json\/wp\/v2\/types\/product"}],"replies":[{"embeddable":true,"href":"https:\/\/www.holydoggroup.com\/es\/wp-json\/wp\/v2\/comments?post=279"}],"wp:featuredmedia":[{"embeddable":true,"href":"https:\/\/www.holydoggroup.com\/es\/wp-json\/wp\/v2\/media\/1566"}],"wp:attachment":[{"href":"https:\/\/www.holydoggroup.com\/es\/wp-json\/wp\/v2\/media?parent=279"}],"wp:term":[{"taxonomy":"product_brand","embeddable":true,"href":"https:\/\/www.holydoggroup.com\/es\/wp-json\/wp\/v2\/product_brand?post=279"},{"taxonomy":"product_cat","embeddable":true,"href":"https:\/\/www.holydoggroup.com\/es\/wp-json\/wp\/v2\/product_cat?post=279"},{"taxonomy":"product_tag","embeddable":true,"href":"https:\/\/www.holydoggroup.com\/es\/wp-json\/wp\/v2\/product_tag?post=279"}],"curies":[{"name":"WP","href":"https:\/\/api.w.org\/{rel}","templated":true}]}}