{"id":282,"date":"2025-08-26T15:03:43","date_gmt":"2025-08-26T07:03:43","guid":{"rendered":"https:\/\/www.holydoggroup.com\/?post_type=product&#038;p=282"},"modified":"2026-01-04T12:41:38","modified_gmt":"2026-01-04T04:41:38","slug":"d002","status":"publish","type":"product","link":"https:\/\/www.holydoggroup.com\/es\/pet-leash\/d002\/","title":{"rendered":"\u00a1Herramienta m\u00e1gica para caminar con mascotas! La hebilla de aleaci\u00f3n de zinc P de la cuerda de tracci\u00f3n tejida de poli\u00e9ster es duradera"},"content":{"rendered":"<p>T\u00edtulo: OEM, ODM correa PET universal resistente hebilla de aleaci\u00f3n se aplica a diferentes direcciones Correa de perro resistente a la corrosi\u00f3n<br \/>\nLlave: PET LEASH, DOG LEASH, perros caminando cuerda<br \/>\nCordas para perros: visi\u00f3n general profesional<br \/>\nComo uno de los tipos m\u00e1s prevalentes de correas para perros, las correas para perros de cuerda est\u00e1n t\u00edpicamente hechas de materiales a base de cuerda como el nylon, el algod\u00f3n o el poli\u00e9ster. A continuaci\u00f3n se muestra un desglose detallado de sus caracter\u00edsticas clave:<br \/>\n1. Excelente durabilidad<br \/>\nLas correas para perros de cuerda generalmente cuentan con una durabilidad excepcional, capaz de soportar la fuerza de tracci\u00f3n y el comportamiento de masticaci\u00f3n de los perros. Esta robustez los hace adecuados para perros de todos los tama\u00f1os y razas, desde perros de compa\u00f1\u00eda peque\u00f1os hasta grandes razas de trabajo.<br \/>\n2. Comodidad superior<br \/>\nLa mayor\u00eda de las correas para perros de cuerda est\u00e1n hechas de materiales de cuerda suaves, que se sienten suaves al tacto. Cuando est\u00e1n en contacto con el cuerpo de un perro, no causan irritaci\u00f3n o incomodidad en la piel, ni crean una sensaci\u00f3n de restricci\u00f3n. Este dise\u00f1o garantiza una alta compatibilidad con la piel para los perros durante el desgaste.<br \/>\n3. f\u00e1cil mantenimiento &amp; Higiene<br \/>\nUna caracter\u00edstica definidora de los materiales de cuerda es su facilidad de limpieza. Para la suciedad diaria (por ejemplo, polvo, manchas menores), la correa se puede limpiar r\u00e1pidamente enjuagando con agua o limpiando con un pa\u00f1o h\u00famedo. Esto simplifica el mantenimiento de la higiene y reduce el riesgo de crecimiento bacteriano.<br \/>\n4. Alta portabilidad<br \/>\nEn comparaci\u00f3n con otros tipos de correas (como correas de cuero o cadena met\u00e1lica), las correas para perros de cuerda son significativamente m\u00e1s ligeras. Pueden envolverse f\u00e1cilmente alrededor de la mu\u00f1eca durante los paseos o guardarse en una mochila para viajar, sin agregar volumen innecesario. Esto los hace ideales para paseos al aire libre, viajes cortos y otros escenarios en movimiento.<br \/>\n5. Opciones de dise\u00f1o vers\u00e1tiles<br \/>\nLas correas para perros de cuerda ofrecen una amplia gama de variaciones de dise\u00f1o para satisfacer diversas necesidades:<\/p>\n<p>\uf0b7 Colores: Incluye tonos neutros (por ejemplo, negro, gris) y tonos vibrantes (por ejemplo, azul, naranja).<br \/>\n\uf0b7 Estilos: Cuenta con colores s\u00f3lidos, rayas o patrones tejidos.<br \/>\n\uf0b7 Longitudes: Estilos cortos (adecuados para el entrenamiento b\u00e1sico) y estilos largos (ideales para permitir a los perros m\u00e1s libertad de movimiento).<\/p>\n<p>Estas opciones permiten la personalizaci\u00f3n en funci\u00f3n de las preferencias est\u00e9ticas del propietario y los requisitos pr\u00e1cticos del perro.<br \/>\nLimitaciones a notar<br \/>\nA pesar de las ventajas anteriores, las correas para perros de cuerda tienen ciertos inconvenientes:<\/p>\n<p>\uf0b7 Son propensos a enredarse durante el uso, lo que requiere un ajuste ocasional.<\/p>\n<p>En resumen, las correas para perros de cuerda son altamente rentables y sirven como una opci\u00f3n pr\u00e1ctica para paseos diarios, entrenamiento b\u00e1sico de perros y aventuras al aire libre.<\/p>\n<p>&nbsp;<\/p>\n<p><img fetchpriority=\"high\" decoding=\"async\" class=\"size-full wp-image-1562 aligncenter\" src=\"https:\/\/www.holydoggroup.com\/wp-content\/uploads\/2025\/08\/ZH002-2.8.jpg\" alt=\"\" width=\"800\" height=\"800\" srcset=\"https:\/\/www.holydoggroup.com\/wp-content\/uploads\/2025\/08\/ZH002-2.8.jpg 800w, https:\/\/www.holydoggroup.com\/wp-content\/uploads\/2025\/08\/ZH002-2.8-300x300.jpg 300w, https:\/\/www.holydoggroup.com\/wp-content\/uploads\/2025\/08\/ZH002-2.8-150x150.jpg 150w, https:\/\/www.holydoggroup.com\/wp-content\/uploads\/2025\/08\/ZH002-2.8-768x768.jpg 768w, https:\/\/www.holydoggroup.com\/wp-content\/uploads\/2025\/08\/ZH002-2.8-600x600.jpg 600w, https:\/\/www.holydoggroup.com\/wp-content\/uploads\/2025\/08\/ZH002-2.8-100x100.jpg 100w\" sizes=\"(max-width: 800px) 100vw, 800px\" \/><\/p>\n<p>Empresa debuta en la Feria de Mascotas Asia 2025 con productos de calidad para mascotas<br \/>\nEl 22 de agosto de 2025 marc\u00f3 un hito significativo para nuestra compa\u00f1\u00eda ya que hicimos nuestro muy esperado debut en la 27\u00aa Feria de Mascotas Asia, Asia&#8217; La mayor y m\u00e1s influyente exposici\u00f3n de la industria de mascotas, celebrada en el Nuevo Centro Internacional de Exposiciones de Shanghai del 20 al 24 de agosto. En medio de los 310.000 metros cuadrados de espacio de exposici\u00f3n que albergan a m\u00e1s de 2.500 expositores globales, nuestro stand se destac\u00f3 como un centro de actividad, llamando la atenci\u00f3n sustancial de profesionales de la industria y visitantes por igual.<br \/>\nNuestra primera aparici\u00f3n en este evento principal cont\u00f3 con una atractiva campa\u00f1a de sorteo afortunado que se convirti\u00f3 en un im\u00e1n instant\u00e1neo para la multitud. El premio gratuito gener\u00f3 un tr\u00e1fico continuo a pie durante todo el d\u00eda, creando un ambiente din\u00e1mico alrededor de nuestra zona de exposici\u00f3n. Esta iniciativa estrat\u00e9gica no solo impuls\u00f3 la participaci\u00f3n de los visitantes, sino que tambi\u00e9n facilit\u00f3 interacciones significativas con un p\u00fablico diverso, incluidos representantes nacionales de marcas propias, compradores internacionales e importadores extranjeros que buscan activamente productos de calidad para mascotas.<br \/>\nM\u00e1s all\u00e1 de la emoci\u00f3n de las actividades de sorteo, nuestra l\u00ednea de productos para mascotas recibi\u00f3 aclamaciones abrumadoras por su excepcional calidad. Los profesionales de la industria y los entusiastas de las mascotas elogiaron los materiales de primera calidad utilizados en nuestros productos, se\u00f1alando su durabilidad y seguridad, atributos clave que resonan profundamente con los propietarios modernos de mascotas. La meticulosa artesan\u00eda evidente en cada art\u00edculo tambi\u00e9n atrajo elogios generalizados, con muchos visitantes destacando la atenci\u00f3n al detalle que diferencia nuestras ofertas en un mercado competitivo. Estos productos, incluyendo nuestras correas de cuerda insignia y accesorios, mostraron la combinaci\u00f3n perfecta de funcionalidad y comodidad que hoy&#8217; las demandas del mercado de cuidado de mascotas.<br \/>\nEl evento nos proporcion\u00f3 una plataforma invaluable para conectarnos con m\u00e1s de 100.000 visitantes comerciales de toda la regi\u00f3n de Asia-Pac\u00edfico y m\u00e1s all\u00e1, con casi el 70% de los compradores internacionales procedentes de mercados del Este y el Sudeste Asi\u00e1tico. Esta exposici\u00f3n ha abierto v\u00edas prometedoras para potenciales asociaciones y oportunidades de distribuci\u00f3n, aline\u00e1ndonos con nuestro objetivo estrat\u00e9gico de expandir el alcance tanto en el mercado nacional como global.<br \/>\nComo uno de los nuevos expositores destacados en este a\u00f1o&#8217; En Pet Fair Asia, demostramos nuestro compromiso con la excelencia en la fabricaci\u00f3n de productos para mascotas. La recepci\u00f3n positiva refuerza nuestra creencia de que los materiales superiores, la artesan\u00eda exquisita y el dise\u00f1o centrado en el cliente son las piedras angulares del \u00e9xito en la evoluci\u00f3n de la industria de mascotas. Salimos de la exposici\u00f3n inspirados en las conexiones hechas y energizados para innovar a\u00fan m\u00e1s nuestra gama de productos basados en los valiosos conocimientos obtenidos de este prestigioso evento.<br \/>\nMirando hacia el futuro, este exitoso debut marca el comienzo de nuestro viaje para convertirnos en un nombre de confianza en el mercado mundial de productos para mascotas, aprovechando el impulso generado en Pet Fair Asia 2025.<\/p>\n<p><img decoding=\"async\" class=\"size-full wp-image-1564 aligncenter\" src=\"https:\/\/www.holydoggroup.com\/wp-content\/uploads\/2025\/08\/ZH002-3.2.jpg\" alt=\"\" width=\"800\" height=\"800\" srcset=\"https:\/\/www.holydoggroup.com\/wp-content\/uploads\/2025\/08\/ZH002-3.2.jpg 800w, https:\/\/www.holydoggroup.com\/wp-content\/uploads\/2025\/08\/ZH002-3.2-300x300.jpg 300w, https:\/\/www.holydoggroup.com\/wp-content\/uploads\/2025\/08\/ZH002-3.2-150x150.jpg 150w, https:\/\/www.holydoggroup.com\/wp-content\/uploads\/2025\/08\/ZH002-3.2-768x768.jpg 768w, https:\/\/www.holydoggroup.com\/wp-content\/uploads\/2025\/08\/ZH002-3.2-600x600.jpg 600w, https:\/\/www.holydoggroup.com\/wp-content\/uploads\/2025\/08\/ZH002-3.2-100x100.jpg 100w\" sizes=\"(max-width: 800px) 100vw, 800px\" \/><\/p>","protected":false},"excerpt":{"rendered":"<p>Esta correa para mascotas est\u00e1 hecha de cuerda redonda trenzada 100% poli\u00e9ster, que es fuerte, resistente al desgaste, resistente al tirar, flexible, tiene una buena sensaci\u00f3n en la mano y no es f\u00e1cil de enredar. Equipado con hebilla P de aleaci\u00f3n de zinc de alta calidad, se abre y cierra sin problemas, tiene una fuerte capacidad de carga y no es propenso a la oxidaci\u00f3n o la deformaci\u00f3n. Se mantiene estable incluso despu\u00e9s del uso a largo plazo. Combinando durabilidad y portabilidad, le permite controlar f\u00e1cilmente el ritmo de caminar a su mascota y hacer que sus viajes sean m\u00e1s libres de preocupaciones.<\/p>","protected":false},"featured_media":1542,"comment_status":"open","ping_status":"closed","template":"","meta":[],"product_brand":[],"product_cat":[21],"product_tag":[],"class_list":{"0":"post-282","1":"product","2":"type-product","3":"status-publish","4":"has-post-thumbnail","6":"product_cat-pet-leash","8":"first","9":"instock","10":"shipping-taxable","11":"purchasable","12":"product-type-variable"},"_links":{"self":[{"href":"https:\/\/www.holydoggroup.com\/es\/wp-json\/wp\/v2\/product\/282","targetHints":{"allow":["GET"]}}],"collection":[{"href":"https:\/\/www.holydoggroup.com\/es\/wp-json\/wp\/v2\/product"}],"about":[{"href":"https:\/\/www.holydoggroup.com\/es\/wp-json\/wp\/v2\/types\/product"}],"replies":[{"embeddable":true,"href":"https:\/\/www.holydoggroup.com\/es\/wp-json\/wp\/v2\/comments?post=282"}],"wp:featuredmedia":[{"embeddable":true,"href":"https:\/\/www.holydoggroup.com\/es\/wp-json\/wp\/v2\/media\/1542"}],"wp:attachment":[{"href":"https:\/\/www.holydoggroup.com\/es\/wp-json\/wp\/v2\/media?parent=282"}],"wp:term":[{"taxonomy":"product_brand","embeddable":true,"href":"https:\/\/www.holydoggroup.com\/es\/wp-json\/wp\/v2\/product_brand?post=282"},{"taxonomy":"product_cat","embeddable":true,"href":"https:\/\/www.holydoggroup.com\/es\/wp-json\/wp\/v2\/product_cat?post=282"},{"taxonomy":"product_tag","embeddable":true,"href":"https:\/\/www.holydoggroup.com\/es\/wp-json\/wp\/v2\/product_tag?post=282"}],"curies":[{"name":"WP","href":"https:\/\/api.w.org\/{rel}","templated":true}]}}