{"id":425,"date":"2025-09-05T11:47:51","date_gmt":"2025-09-05T03:47:51","guid":{"rendered":"https:\/\/www.holydoggroup.com\/?page_id=425"},"modified":"2026-01-13T14:09:36","modified_gmt":"2026-01-13T06:09:36","slug":"holydog","status":"publish","type":"page","link":"https:\/\/www.holydoggroup.com\/fr\/holydog\/","title":{"rendered":"Holydog"},"content":{"rendered":"<div data-elementor-type=\"wp-page\" data-elementor-id=\"425\" class=\"elementor elementor-425\" data-elementor-post-type=\"page\">\n\t\t\t\t\t\t<section class=\"elementor-section elementor-top-section elementor-element elementor-element-f942e6a elementor-section-height-min-height elementor-section-boxed elementor-section-height-default elementor-section-items-middle\" data-id=\"f942e6a\" data-element_type=\"section\" data-e-type=\"section\" data-settings=\"{&quot;background_background&quot;:&quot;classic&quot;}\">\n\t\t\t\t\t\t\t<div class=\"elementor-background-overlay\"><\/div>\n\t\t\t\t\t\t\t<div class=\"elementor-container elementor-column-gap-no\">\n\t\t\t\t\t<div class=\"elementor-column elementor-col-100 elementor-top-column elementor-element elementor-element-13e297a\" data-id=\"13e297a\" data-element_type=\"column\" data-e-type=\"column\">\n\t\t\t<div class=\"elementor-widget-wrap elementor-element-populated\">\n\t\t\t\t\t\t<div class=\"elementor-element elementor-element-6d365d0 elementor-widget elementor-widget-woocommerce-breadcrumb\" data-id=\"6d365d0\" data-element_type=\"widget\" data-e-type=\"widget\" data-widget_type=\"woocommerce-breadcrumb.default\">\n\t\t\t\t\t<nav class=\"woocommerce-breadcrumb\" aria-label=\"Breadcrumb\" data-no-translation=\"\" data-trp-gettext=\"\">Accueil<\/nav>\t\t\t\t<\/div>\n\t\t\t\t<div class=\"elementor-element elementor-element-5088505 elementor-widget elementor-widget-heading\" data-id=\"5088505\" data-element_type=\"widget\" data-e-type=\"widget\" data-settings=\"{&quot;_animation&quot;:&quot;none&quot;}\" data-widget_type=\"heading.default\">\n\t\t\t\t\t<h1 class=\"elementor-heading-title elementor-size-default\">Holydog<\/h1>\t\t\t\t<\/div>\n\t\t\t\t\t<\/div>\n\t\t<\/div>\n\t\t\t\t\t<\/div>\n\t\t<\/section>\n\t\t\t\t<section class=\"elementor-section elementor-top-section elementor-element elementor-element-d09e410 elementor-section-full_width elementor-section-height-default elementor-section-height-default\" data-id=\"d09e410\" data-element_type=\"section\" data-e-type=\"section\" data-settings=\"{&quot;background_background&quot;:&quot;classic&quot;}\">\n\t\t\t\t\t\t\t<div class=\"elementor-background-overlay\"><\/div>\n\t\t\t\t\t\t\t<div class=\"elementor-container elementor-column-gap-default\">\n\t\t\t\t\t<div class=\"elementor-column elementor-col-100 elementor-top-column elementor-element elementor-element-efcb96d\" data-id=\"efcb96d\" data-element_type=\"column\" data-e-type=\"column\">\n\t\t\t<div class=\"elementor-widget-wrap elementor-element-populated\">\n\t\t\t\t\t\t<section class=\"elementor-section elementor-inner-section elementor-element elementor-element-1b4e004 elementor-section-full_width elementor-section-height-default elementor-section-height-default\" data-id=\"1b4e004\" data-element_type=\"section\" data-e-type=\"section\">\n\t\t\t\t\t\t<div class=\"elementor-container elementor-column-gap-default\">\n\t\t\t\t\t<div class=\"elementor-column elementor-col-100 elementor-inner-column elementor-element elementor-element-85439ae\" data-id=\"85439ae\" data-element_type=\"column\" data-e-type=\"column\">\n\t\t\t<div class=\"elementor-widget-wrap elementor-element-populated\">\n\t\t\t\t\t\t<div class=\"elementor-element elementor-element-69863be elementor-widget elementor-widget-heading\" data-id=\"69863be\" data-element_type=\"widget\" data-e-type=\"widget\" data-settings=\"{&quot;_animation&quot;:&quot;none&quot;}\" data-widget_type=\"heading.default\">\n\t\t\t\t\t<h2 class=\"elementor-heading-title elementor-size-default\">Holydog<\/h2>\t\t\t\t<\/div>\n\t\t\t\t<div class=\"elementor-element elementor-element-4258955 elementor-widget elementor-widget-heading\" data-id=\"4258955\" data-element_type=\"widget\" data-e-type=\"widget\" data-settings=\"{&quot;_animation&quot;:&quot;none&quot;}\" data-widget_type=\"heading.default\">\n\t\t\t\t\t<h2 class=\"elementor-heading-title elementor-size-default\">Holydog : d\u00e9di\u00e9 aux soins authentiques pour les amis \u00e0 fourrure<\/h2>\t\t\t\t<\/div>\n\t\t\t\t<div class=\"elementor-element elementor-element-413b96d elementor-widget elementor-widget-text-editor\" data-id=\"413b96d\" data-element_type=\"widget\" data-e-type=\"widget\" data-widget_type=\"text-editor.default\">\n\t\t\t\t\t\t\t\t\t<p>Holydog s\u2019engage \u00e0 fournir l\u2019amour sinc\u00e8re dont nos compagnons fourrus ont vraiment besoin, en servant de leur tuteur fiable. Nous rejetons les astuces flashes et nous nous abstenons d'exploiter le terme &#8220; amour&#8221; pour les tendances, parce que la protection des animaux de compagnie doit toujours se refl\u00e9ter dans les d\u00e9tails tangibles. Chaque s\u00e9lection de mat\u00e9riau, chaque coupe et chaque tour d'essai vise \u00e0 rendre la traction d'une laisse plus douce, un collier plus confortable contre leur cou et un jouet plus s\u00fbr lors de la mastication ludique. Nous croyons que les grands produits parlent d'eux-m\u00eames: le moment o\u00f9 un ami fourru agite sa queue, et le moment o\u00f9 un propri\u00e9taire se sent assez confiant pour se laisser aller, sont les meilleurs t\u00e9moignages de &#8220; amour. &#8221; Notre mission est de veiller \u00e0 ce que cet amour dure constamment \u00e0 travers chaque produit que nous cr\u00e9ons.<\/p>\t\t\t\t\t\t\t\t<\/div>\n\t\t\t\t\t<\/div>\n\t\t<\/div>\n\t\t\t\t\t<\/div>\n\t\t<\/section>\n\t\t\t\t<section class=\"elementor-section elementor-inner-section elementor-element elementor-element-25df8c1 elementor-section-full_width elementor-section-height-default elementor-section-height-default\" data-id=\"25df8c1\" data-element_type=\"section\" data-e-type=\"section\">\n\t\t\t\t\t\t<div class=\"elementor-container elementor-column-gap-default\">\n\t\t\t\t\t<div class=\"elementor-column elementor-col-50 elementor-inner-column elementor-element elementor-element-7d857d2 animated-slow elementor-invisible\" data-id=\"7d857d2\" data-element_type=\"column\" data-e-type=\"column\" data-settings=\"{&quot;animation&quot;:&quot;fadeIn&quot;,&quot;animation_delay&quot;:100}\">\n\t\t\t<div class=\"elementor-widget-wrap elementor-element-populated\">\n\t\t\t\t\t\t<div class=\"elementor-element elementor-element-e532dd7 elementor-widget elementor-widget-ucaddon_zoom_caption_reveal_content_box\" data-id=\"e532dd7\" data-element_type=\"widget\" data-e-type=\"widget\" data-widget_type=\"ucaddon_zoom_caption_reveal_content_box.default\">\n\t\t\t\t<div class=\"elementor-widget-container\">\n\t\t\t\t\t\n<!-- start Content Box Zoom Caption Reveal -->\n<style>\/* widget: Content Box Zoom Caption Reveal *\/\n\n#uc_zoom_caption_reveal_content_box_elementor_e532dd7 *\n{\n  box-sizing:border-box;\n}\n#uc_zoom_caption_reveal_content_box_elementor_e532dd7\n{\n  position:relative;\n  overflow:hidden;\n  text-align:center;\n  height:450pxpx;\n}\n\n#uc_zoom_caption_reveal_content_box_elementor_e532dd7 .ue-link\n{\n  display:block;\n  position:absolute;\n  left:0;\n  right:0;\n  bottom:0;\n  top:0;\n}\n\n#uc_zoom_caption_reveal_content_box_elementor_e532dd7 .image-caption-reveal-on-hover\n{\n\n  width:100%;\n  background-color:lightgray;\n  transition:0.5s;\n  background-image:url(https:\/\/www.holydoggroup.com\/wp-content\/uploads\/2025\/10\/Holydog1.jpg);\n  background-size:cover;\n  background-position:top center;\n  position:absolute;\n  top:0;\n  left:0;\n  bottom:0;\n  right:0;\n}\n\n#uc_zoom_caption_reveal_content_box_elementor_e532dd7:hover .image-caption-reveal-on-hover\n{\n transform:scale(1.1,1.1);\n}\n\n#uc_zoom_caption_reveal_content_box_elementor_e532dd7 .icroh-caption\n{\n  position:absolute;\n  bottom:0px;\n  transition:0.5s;\n  color:white;\n  width:100%;\n  background-color:#FFFFFF00;\n}\n\n#uc_zoom_caption_reveal_content_box_elementor_e532dd7:hover .icroh-caption\n{\n  background-color:#FFFFFF00;\n}\n\n.icroh-title\n{\n  font-size:18px;\n}\n\n#uc_zoom_caption_reveal_content_box_elementor_e532dd7 .icroh-text\n{\n  display:none;\n}\n\n<\/style>\n\n<div id=\"uc_zoom_caption_reveal_content_box_elementor_e532dd7\" class=\"zoom_caption_reveal_content_box\">\n  <div class=\"image-caption-reveal-on-hover\">\n  <\/div>\n  \n    <div class=\"icroh-caption\">\n      <div class=\"icroh-title\"><\/div>\n      <div class=\"icroh-text\">\n        \n      <\/div>\n    <\/div>\n  \n  \n\t\n\n  \n  \n<\/div>\n<!-- end Content Box Zoom Caption Reveal -->\t\t\t\t<\/div>\n\t\t\t\t<\/div>\n\t\t\t\t\t<\/div>\n\t\t<\/div>\n\t\t\t\t<div class=\"elementor-column elementor-col-50 elementor-inner-column elementor-element elementor-element-2e30f43 animated-slow elementor-invisible\" data-id=\"2e30f43\" data-element_type=\"column\" data-e-type=\"column\" data-settings=\"{&quot;animation&quot;:&quot;fadeIn&quot;,&quot;animation_delay&quot;:100}\">\n\t\t\t<div class=\"elementor-widget-wrap elementor-element-populated\">\n\t\t\t\t\t\t<div class=\"elementor-element elementor-element-f296e36 elementor-widget elementor-widget-ucaddon_zoom_caption_reveal_content_box\" data-id=\"f296e36\" data-element_type=\"widget\" data-e-type=\"widget\" data-widget_type=\"ucaddon_zoom_caption_reveal_content_box.default\">\n\t\t\t\t<div class=\"elementor-widget-container\">\n\t\t\t\t\t\n<!-- start Content Box Zoom Caption Reveal -->\n<style>\/* widget: Content Box Zoom Caption Reveal *\/\n\n#uc_zoom_caption_reveal_content_box_elementor_f296e36 *\n{\n  box-sizing:border-box;\n}\n#uc_zoom_caption_reveal_content_box_elementor_f296e36\n{\n  position:relative;\n  overflow:hidden;\n  text-align:center;\n  height:450pxpx;\n}\n\n#uc_zoom_caption_reveal_content_box_elementor_f296e36 .ue-link\n{\n  display:block;\n  position:absolute;\n  left:0;\n  right:0;\n  bottom:0;\n  top:0;\n}\n\n#uc_zoom_caption_reveal_content_box_elementor_f296e36 .image-caption-reveal-on-hover\n{\n\n  width:100%;\n  background-color:lightgray;\n  transition:0.5s;\n  background-image:url(https:\/\/www.holydoggroup.com\/wp-content\/uploads\/2025\/10\/Holydog2.jpg);\n  background-size:cover;\n  background-position:top center;\n  position:absolute;\n  top:0;\n  left:0;\n  bottom:0;\n  right:0;\n}\n\n#uc_zoom_caption_reveal_content_box_elementor_f296e36:hover .image-caption-reveal-on-hover\n{\n transform:scale(1.1,1.1);\n}\n\n#uc_zoom_caption_reveal_content_box_elementor_f296e36 .icroh-caption\n{\n  position:absolute;\n  bottom:0px;\n  transition:0.5s;\n  color:white;\n  width:100%;\n  background-color:#FFFFFF00;\n}\n\n#uc_zoom_caption_reveal_content_box_elementor_f296e36:hover .icroh-caption\n{\n  background-color:#FFFFFF00;\n}\n\n.icroh-title\n{\n  font-size:18px;\n}\n\n#uc_zoom_caption_reveal_content_box_elementor_f296e36 .icroh-text\n{\n  display:none;\n}\n\n<\/style>\n\n<div id=\"uc_zoom_caption_reveal_content_box_elementor_f296e36\" class=\"zoom_caption_reveal_content_box\">\n  <div class=\"image-caption-reveal-on-hover\">\n  <\/div>\n  \n    <div class=\"icroh-caption\">\n      <div class=\"icroh-title\"><\/div>\n      <div class=\"icroh-text\">\n        \n      <\/div>\n    <\/div>\n  \n  \n\t\n\n  \n  \n<\/div>\n<!-- end Content Box Zoom Caption Reveal -->\t\t\t\t<\/div>\n\t\t\t\t<\/div>\n\t\t\t\t\t<\/div>\n\t\t<\/div>\n\t\t\t\t\t<\/div>\n\t\t<\/section>\n\t\t\t\t<section class=\"elementor-section elementor-inner-section elementor-element elementor-element-104cb1d elementor-section-full_width elementor-section-height-default elementor-section-height-default\" data-id=\"104cb1d\" data-element_type=\"section\" data-e-type=\"section\">\n\t\t\t\t\t\t<div class=\"elementor-container elementor-column-gap-default\">\n\t\t\t\t\t<div class=\"elementor-column elementor-col-100 elementor-inner-column elementor-element elementor-element-7a44838\" data-id=\"7a44838\" data-element_type=\"column\" data-e-type=\"column\">\n\t\t\t<div class=\"elementor-widget-wrap elementor-element-populated\">\n\t\t\t\t\t\t<div class=\"elementor-element elementor-element-c6da62d elementor-widget elementor-widget-text-editor\" data-id=\"c6da62d\" data-element_type=\"widget\" data-e-type=\"widget\" data-widget_type=\"text-editor.default\">\n\t\t\t\t\t\t\t\t\t<p>Dans la philosophie de design de Holydog, le confort et la s\u00e9curit\u00e9 des animaux de compagnie sont toujours d\u2019abord :<br \/>Nos laisses sont fabriqu\u00e9es en tissu hautement \u00e9lastique qui a subi des tests r\u00e9p\u00e9t\u00e9s. Il est \u00e0 la fois durable et non abrasif pour les mains. M\u00eame si votre ami fourru se lance soudainement pour poursuivre un papillon, le tissu amortit la plus grande partie de la force de traction.<\/p>\t\t\t\t\t\t\t\t<\/div>\n\t\t\t\t\t<\/div>\n\t\t<\/div>\n\t\t\t\t\t<\/div>\n\t\t<\/section>\n\t\t\t\t\t<\/div>\n\t\t<\/div>\n\t\t\t\t\t<\/div>\n\t\t<\/section>\n\t\t\t\t<section class=\"elementor-section elementor-top-section elementor-element elementor-element-3cbf8d0 elementor-section-boxed elementor-section-height-default elementor-section-height-default\" data-id=\"3cbf8d0\" data-element_type=\"section\" data-e-type=\"section\">\n\t\t\t\t\t\t\t<div class=\"elementor-background-overlay\"><\/div>\n\t\t\t\t\t\t\t<div class=\"elementor-container elementor-column-gap-default\">\n\t\t\t\t\t<div class=\"elementor-column elementor-col-50 elementor-top-column elementor-element elementor-element-211b6b2\" data-id=\"211b6b2\" data-element_type=\"column\" data-e-type=\"column\">\n\t\t\t<div class=\"elementor-widget-wrap elementor-element-populated\">\n\t\t\t\t\t\t<section class=\"elementor-section elementor-inner-section elementor-element elementor-element-53ff7e9 elementor-section-full_width elementor-section-height-default elementor-section-height-default\" data-id=\"53ff7e9\" data-element_type=\"section\" data-e-type=\"section\">\n\t\t\t\t\t\t<div class=\"elementor-container elementor-column-gap-default\">\n\t\t\t\t\t<div class=\"elementor-column elementor-col-100 elementor-inner-column elementor-element elementor-element-accc87b animated-slow elementor-invisible\" data-id=\"accc87b\" data-element_type=\"column\" data-e-type=\"column\" data-settings=\"{&quot;animation&quot;:&quot;fadeIn&quot;,&quot;animation_delay&quot;:100}\">\n\t\t\t<div class=\"elementor-widget-wrap elementor-element-populated\">\n\t\t\t\t\t\t<div class=\"elementor-element elementor-element-89a9546 elementor-widget elementor-widget-video\" data-id=\"89a9546\" data-element_type=\"widget\" data-e-type=\"widget\" data-settings=\"{&quot;video_type&quot;:&quot;hosted&quot;,&quot;controls&quot;:&quot;yes&quot;}\" data-widget_type=\"video.default\">\n\t\t\t\t\t\t\t<div class=\"e-hosted-video elementor-wrapper elementor-open-inline\">\n\t\t\t\t\t<video class=\"elementor-video\" src=\"https:\/\/www.holydoggroup.com\/wp-content\/uploads\/2025\/10\/a37031af183daab546b1bea20652eccf.mp4\" controls=\"\" preload=\"metadata\" controlslist=\"nodownload\"><\/video>\n\t\t\t\t<\/div>\n\t\t\t\t\t\t<\/div>\n\t\t\t\t\t<\/div>\n\t\t<\/div>\n\t\t\t\t\t<\/div>\n\t\t<\/section>\n\t\t\t\t\t<\/div>\n\t\t<\/div>\n\t\t\t\t<div class=\"elementor-column elementor-col-50 elementor-top-column elementor-element elementor-element-c99392d\" data-id=\"c99392d\" data-element_type=\"column\" data-e-type=\"column\">\n\t\t\t<div class=\"elementor-widget-wrap elementor-element-populated\">\n\t\t\t\t\t\t<div class=\"elementor-element elementor-element-3bf79fb elementor-widget elementor-widget-text-editor\" data-id=\"3bf79fb\" data-element_type=\"widget\" data-e-type=\"widget\" data-widget_type=\"text-editor.default\">\n\t\t\t\t\t\t\t\t\t<p>Les courbes de nos harnais et colliers ont \u00e9t\u00e9 ajust\u00e9es plus d\u2019une douzaine de fois pour s\u2019adapter aux contours naturels du corps d\u2019un animal de compagnie. Cela garantit aucun frottement sous les bras, aucune tension du cou pendant la course et le saut, et le mouvement sans restriction m\u00eame pour les animaux de compagnie avec des pattes grosses.<br \/>M\u00eame nos jouets conservent des d\u00e9tails r\u00e9fl\u00e9chis: caoutchouc r\u00e9sistant aux morsures associ\u00e9 \u00e0 une corde tordue sans fil. Il n'y a pas besoin de s'inqui\u00e9ter du tout, m\u00eame si votre petit ami le m\u00e2che en morceaux et avale des morceaux.<br \/>Nous ne cr\u00e9ons pas &#8220; internet-c\u00e9l\u00e8bres styles&#8221; seulement &#8220; conceptions pratiques. &#8221; Apr\u00e8s tout, l'amour pour nos amis fourrus n'a pas besoin de compter sur l'apparence pour faire une impression. Tant que nos produits les maintiennent confortables et vous donnent la tranquillit\u00e9 d'esprit, cela est plus que suffisant.<\/p>\t\t\t\t\t\t\t\t<\/div>\n\t\t\t\t\t<\/div>\n\t\t<\/div>\n\t\t\t\t\t<\/div>\n\t\t<\/section>\n\t\t\t\t<\/div>","protected":false},"excerpt":{"rendered":"<p>Holydog .Holydog Holydog: Dedicated to Genuine Care for Furry Friends Holydog is committed to providing the sincere love that our furry companions truly need, serving as their reliable guardian. We reject flashy gimmicks and refrain from exploiting the term &#8220;love&#8221; for trends\u2014because protecting pets should always be reflected in tangible details. Every material selection, every [&hellip;]<\/p>\n","protected":false},"author":1,"featured_media":0,"parent":0,"menu_order":0,"comment_status":"closed","ping_status":"closed","template":"elementor_header_footer","meta":{"footnotes":""},"class_list":["post-425","page","type-page","status-publish","hentry"],"_links":{"self":[{"href":"https:\/\/www.holydoggroup.com\/fr\/wp-json\/wp\/v2\/pages\/425","targetHints":{"allow":["GET"]}}],"collection":[{"href":"https:\/\/www.holydoggroup.com\/fr\/wp-json\/wp\/v2\/pages"}],"about":[{"href":"https:\/\/www.holydoggroup.com\/fr\/wp-json\/wp\/v2\/types\/page"}],"author":[{"embeddable":true,"href":"https:\/\/www.holydoggroup.com\/fr\/wp-json\/wp\/v2\/users\/1"}],"replies":[{"embeddable":true,"href":"https:\/\/www.holydoggroup.com\/fr\/wp-json\/wp\/v2\/comments?post=425"}],"version-history":[{"count":62,"href":"https:\/\/www.holydoggroup.com\/fr\/wp-json\/wp\/v2\/pages\/425\/revisions"}],"predecessor-version":[{"id":2057,"href":"https:\/\/www.holydoggroup.com\/fr\/wp-json\/wp\/v2\/pages\/425\/revisions\/2057"}],"wp:attachment":[{"href":"https:\/\/www.holydoggroup.com\/fr\/wp-json\/wp\/v2\/media?parent=425"}],"curies":[{"name":"WP","href":"https:\/\/api.w.org\/{rel}","templated":true}]}}