{"id":1705,"date":"2026-01-04T13:28:52","date_gmt":"2026-01-04T05:28:52","guid":{"rendered":"https:\/\/www.holydoggroup.com\/?post_type=product&#038;p=1705"},"modified":"2026-01-04T13:28:52","modified_gmt":"2026-01-04T05:28:52","slug":"a011","status":"publish","type":"product","link":"https:\/\/www.holydoggroup.com\/fr\/pet-harness\/a011\/","title":{"rendered":"Tissu Oxford durable, respirant, poitrine et dos anti-\u00e9chappement pour animaux de compagnie, un outil de marche parfait pour les chats et les chiens"},"content":{"rendered":"<p><img fetchpriority=\"high\" decoding=\"async\" class=\"aligncenter size-full wp-image-1710\" src=\"https:\/\/www.holydoggroup.com\/wp-content\/uploads\/2026\/01\/5.jpg\" alt=\"\" width=\"1000\" height=\"1000\" srcset=\"https:\/\/www.holydoggroup.com\/wp-content\/uploads\/2026\/01\/5.jpg 1000w, https:\/\/www.holydoggroup.com\/wp-content\/uploads\/2026\/01\/5-300x300.jpg 300w, https:\/\/www.holydoggroup.com\/wp-content\/uploads\/2026\/01\/5-150x150.jpg 150w, https:\/\/www.holydoggroup.com\/wp-content\/uploads\/2026\/01\/5-768x768.jpg 768w, https:\/\/www.holydoggroup.com\/wp-content\/uploads\/2026\/01\/5-600x600.jpg 600w, https:\/\/www.holydoggroup.com\/wp-content\/uploads\/2026\/01\/5-100x100.jpg 100w\" sizes=\"(max-width: 1000px) 100vw, 1000px\" \/><\/p>\n<p><strong>[Introduction de base]<\/strong><\/p>\n<p>Cette poitrine et le dos sont m\u00e9ticuleusement fabriqu\u00e9s \u00e0 partir de cinq couches de mat\u00e9riaux de haute qualit\u00e9. La couche ext\u00e9rieure est en tissu Oxford de haute densit\u00e9 6880D, qui est r\u00e9sistant aux rayures, \u00e0 l'usure, \u00e0 l'eau et aux taches, et peut facilement g\u00e9rer des sc\u00e9narios ext\u00e9rieurs complexes tels que l'herbe et le sable. La couche int\u00e9rieure est en tissu respirant sandwich. La structure en maille tridimensionnelle acc\u00e9l\u00e8re la circulation de l'air, emp\u00eachant les animaux de se sentir bouff\u00e9s et transpirent pendant l'exercice. Les pi\u00e8ces portant force sont faites de bandes fortes en nylon d'imitation, qui ont une haute r\u00e9sistance \u00e0 la traction et ne sont pas faciles \u00e0 casser. Combin\u00e9 avec des boucles POM de haute qualit\u00e9 (ouverture et fermeture lisses, r\u00e9sistantes aux impacts \u00e0 basse temp\u00e9rature) et des boucles en alliage de zinc (r\u00e9sistantes \u00e0 la rouille, \u00e0 la corrosion et \u00e0 une forte capacit\u00e9 de charge), il assure de mani\u00e8re globale la s\u00e9curit\u00e9 des animaux de compagnie et la durabilit\u00e9 du produit. La conception globale de la poitrine et du dos est conforme aux courbes du pet&#8217; corps, sans aucun sentiment d'oppression. La combinaison de couleurs est \u00e0 la mode et polyvalente, en tenant compte \u00e0 la fois de la pratique et de l'esth\u00e9tique.<\/p>\n<p><strong>[Champ d'application]<\/strong><\/p>\n<p>Il convient aux petits et moyens chiens pesant de 5 \u00e0 30 kilogrammes (tels que Teddy, Bichon Frise, Corgi, Bulldog fran\u00e7ais, etc.) et aux chats adultes. Il peut \u00eatre utilis\u00e9 dans divers sc\u00e9narios tels que la marche quotidienne des animaux de compagnie, les poussettes en plein air, les voyages d'entra\u00eenement et les courts voyages. Il ne convient pas aux grands chiens agressifs ou animaux de compagnie avec un comportement de traction excessif.<\/p>\n<p>1\u3001Super durable: double renforcement de tissu Oxford 6880D et de bandes en nylon d'imitation, r\u00e9sistantes aux d\u00e9chirures et aux d\u00e9chirures, avec une dur\u00e9e de vie bien sup\u00e9rieure \u00e0 celle de la poitrine et du dos ordinaires.<\/p>\n<p>2\u3001Respirable et confortable: le sandwich&#8217; s couche int\u00e9rieure respirante peut absorber l'humidit\u00e9 et la sueur, s'assurant que la peau ne&#8217; t s'embouteiller ou bouffer m\u00eame apr\u00e8s une usure \u00e0 long terme.<\/p>\n<p>3\u3001S\u00e9curitaire et stable: double verrouillage avec boucles POM et attaches en alliage de zinc, conception anti-fuite, ce qui rend plus rassurant d'emmener votre animal de compagnie pour une promenade.<br \/>\nR\u00e9glage pratique: La poitrine et les c\u00f4t\u00e9s arri\u00e8re sont \u00e9quip\u00e9s de boucles de r\u00e9glage Velcro et de bande, qui peuvent \u00eatre adapt\u00e9es avec pr\u00e9cision au pet&#8217; taille et sont faciles \u00e0 porter.<\/p>\n<p>4\u3001Facile \u00e0 nettoyer: la surface du tissu Oxford peut \u00eatre essuy\u00e9e directement, et l'ensemble peut \u00eatre doucement lav\u00e9 \u00e0 la machine. Il s\u00e8che rapidement et reste propre et hygi\u00e9nique.<\/p>\n<p><strong>\u3010M\u00e9thode d'utilisation\u3011<\/strong><\/p>\n<p>D\u00e9filez les boucles, posez le pet&#8217; s poitrine et dos plat, et laissez le pet&#8217; les membres avant s traversent les trous de manchon correspondants. Le corps principal de la poitrine et du dos devrait s'adapter \u00e0 l'animal de compagnie&#8217; la poitrine et le dos.<br \/>\nAjustez les boucles r\u00e9glables des deux c\u00f4t\u00e9s pour s'assurer que la poitrine et le dos s'adaptent au pet&#8217; corps mais ne sont pas serr\u00e9s (il est conseill\u00e9 d'ins\u00e9rer 1-2 doigts).<br \/>\nFixez bien les attaches \u00e0 pression, v\u00e9rifiez si les attaches sont compl\u00e8tement verrouill\u00e9es, puis connectez la corde de traction pour l'utilisation.<br \/>\nLors du d\u00e9montage, appuyez sur les deux c\u00f4t\u00e9s du verrou pour d\u00e9bloquer et retirer doucement la poitrine et le dos.<\/p>","protected":false},"excerpt":{"rendered":"<p>Cette poitrine et le dos des animaux de compagnie sont fabriqu\u00e9s en cinq mat\u00e9riaux de haute qualit\u00e9, y compris le tissu Oxford 680D et le tissu respirant sandwich. Il pr\u00e9sente trois avantages principaux: r\u00e9sistance \u00e0 l'usure, r\u00e9sistance aux d\u00e9chirures, respirabilit\u00e9 et confort, ainsi que s\u00e9curit\u00e9 et stabilit\u00e9. Con\u00e7u pour s'adapter \u00e0 la taille des petits et moyens chiens et chats, il est facile \u00e0 ajuster et sans soucis \u00e0 porter, adapt\u00e9 \u00e0 divers sc\u00e9narios tels que les promenades quotidiennes des animaux de compagnie et les sorties en plein air. La fermeture POM et la boucle en alliage de zinc offrent une double protection pour emp\u00eacher les animaux de compagnie de se lib\u00e9rer. Ils sont faciles \u00e0 nettoyer et \u00e0 entretenir, r\u00e9pondant aux besoins d'activit\u00e9 des animaux de compagnie et faisant en sorte que les propri\u00e9taires d'animaux de compagnie se sentent plus \u00e0 l'aise lorsqu'ils les marchent. Il s\u2019agit d\u2019un \u00e9l\u00e9ment essentiel pour les sorties d\u2019animaux de compagnie qui allie rentabilit\u00e9 et praticit\u00e9.<\/p>","protected":false},"featured_media":1706,"comment_status":"closed","ping_status":"closed","template":"","meta":[],"product_brand":[],"product_cat":[20],"product_tag":[],"class_list":{"0":"post-1705","1":"product","2":"type-product","3":"status-publish","4":"has-post-thumbnail","6":"product_cat-pet-harness","8":"first","9":"instock","10":"shipping-taxable","11":"purchasable","12":"product-type-variable"},"_links":{"self":[{"href":"https:\/\/www.holydoggroup.com\/fr\/wp-json\/wp\/v2\/product\/1705","targetHints":{"allow":["GET"]}}],"collection":[{"href":"https:\/\/www.holydoggroup.com\/fr\/wp-json\/wp\/v2\/product"}],"about":[{"href":"https:\/\/www.holydoggroup.com\/fr\/wp-json\/wp\/v2\/types\/product"}],"replies":[{"embeddable":true,"href":"https:\/\/www.holydoggroup.com\/fr\/wp-json\/wp\/v2\/comments?post=1705"}],"wp:featuredmedia":[{"embeddable":true,"href":"https:\/\/www.holydoggroup.com\/fr\/wp-json\/wp\/v2\/media\/1706"}],"wp:attachment":[{"href":"https:\/\/www.holydoggroup.com\/fr\/wp-json\/wp\/v2\/media?parent=1705"}],"wp:term":[{"taxonomy":"product_brand","embeddable":true,"href":"https:\/\/www.holydoggroup.com\/fr\/wp-json\/wp\/v2\/product_brand?post=1705"},{"taxonomy":"product_cat","embeddable":true,"href":"https:\/\/www.holydoggroup.com\/fr\/wp-json\/wp\/v2\/product_cat?post=1705"},{"taxonomy":"product_tag","embeddable":true,"href":"https:\/\/www.holydoggroup.com\/fr\/wp-json\/wp\/v2\/product_tag?post=1705"}],"curies":[{"name":"WP","href":"https:\/\/api.w.org\/{rel}","templated":true}]}}