{"id":1720,"date":"2026-01-04T14:03:35","date_gmt":"2026-01-04T06:03:35","guid":{"rendered":"https:\/\/www.holydoggroup.com\/?post_type=product&#038;p=1720"},"modified":"2026-01-04T14:03:35","modified_gmt":"2026-01-04T06:03:35","slug":"b006","status":"publish","type":"product","link":"https:\/\/www.holydoggroup.com\/fr\/pet-harness\/b006\/","title":{"rendered":"Le Pet&#8217; La poitrine et le dos sont en tissu non tiss\u00e9 r\u00e9sistant \u00e0 l'usure en polyester en gris, noir et bleu marin, avec des boucles de s\u00e9curit\u00e9 doubles respirantes pour une marche plus rassurante"},"content":{"rendered":"<p><img fetchpriority=\"high\" decoding=\"async\" class=\"size-full wp-image-1725 alignnone\" src=\"https:\/\/www.holydoggroup.com\/wp-content\/uploads\/2026\/01\/5-1.jpg\" alt=\"\" width=\"1000\" height=\"1000\" srcset=\"https:\/\/www.holydoggroup.com\/wp-content\/uploads\/2026\/01\/5-1.jpg 1000w, https:\/\/www.holydoggroup.com\/wp-content\/uploads\/2026\/01\/5-1-300x300.jpg 300w, https:\/\/www.holydoggroup.com\/wp-content\/uploads\/2026\/01\/5-1-150x150.jpg 150w, https:\/\/www.holydoggroup.com\/wp-content\/uploads\/2026\/01\/5-1-768x768.jpg 768w, https:\/\/www.holydoggroup.com\/wp-content\/uploads\/2026\/01\/5-1-600x600.jpg 600w, https:\/\/www.holydoggroup.com\/wp-content\/uploads\/2026\/01\/5-1-100x100.jpg 100w\" sizes=\"(max-width: 1000px) 100vw, 1000px\" \/><\/p>\n<p>&nbsp;<\/p>\n<p><strong>[Introduction de base]<\/strong><\/p>\n<p>Cette poitrine et le dos des animaux de compagnie sont fabriqu\u00e9s avec une qualit\u00e9 m\u00e9ticuleuse et de l'artisanat. Le tissu ext\u00e9rieur est en polyester haute r\u00e9sistance, qui a une excellente r\u00e9sistance aux rayures, \u00e0 l'usure et aux performances anti-rides, r\u00e9pondant facilement aux tests d'usure dans divers sc\u00e9narios tels que les promenades quotidiennes des animaux de compagnie et les sorties en plein air. La doublure est faite de tissu non tiss\u00e9 de haute qualit\u00e9, qui est non seulement imperm\u00e9able \u00e0 l'humidit\u00e9 et respirant, mais a \u00e9galement les caract\u00e9ristiques respectueuses de l'environnement d'\u00eatre flexible, l\u00e9ger, non inflammable et facile \u00e0 d\u00e9composer. Il convient au pet&#8217; s peau bien sans irritation et est plus confortable \u00e0 porter pendant une longue p\u00e9riode. Les pi\u00e8ces cl\u00e9s portant force adoptent une bande forte en nylon d'imitation, qui a une haute r\u00e9sistance \u00e0 la traction et n'est pas facile \u00e0 casser ou \u00e0 d\u00e9former. Il est \u00e9quip\u00e9 de boucles POM de haute qualit\u00e9, qui s'ouvrent et se ferment en douceur et en flexibilit\u00e9, et sont r\u00e9sistantes aux impacts \u00e0 basse temp\u00e9rature sans se fissurer facilement. Compl\u00e9ment\u00e9 avec des attaches en alliage de zinc, il est r\u00e9sistant \u00e0 la rouille, \u00e0 la corrosion et a une forte capacit\u00e9 de charge. La combinaison de mat\u00e9riaux multiples assure la s\u00e9curit\u00e9 des animaux de compagnie qui le portent et la durabilit\u00e9 du produit. Le produit est disponible en trois couleurs classiques: gris, noir et bleu marin. Il est simple, \u00e9l\u00e9gant et polyvalent, adapt\u00e9 \u00e0 diff\u00e9rentes fourrures d'animaux de compagnie et le propri\u00e9taire&#8217; ses pr\u00e9f\u00e9rences esth\u00e9tiques, et tient compte \u00e0 la fois de la pratique et de l'apparence.<\/p>\n<p><strong>[Champ d'application]<\/strong><\/p>\n<p>Il convient aux petits et moyens chiens pesant de 3 \u00e0 35 kilogrammes (tels que Teddy, Bichon Frise, Corgi, Bulldog fran\u00e7ais, Shiba Inu, etc.) et aux chats adultes, et peut \u00eatre utilis\u00e9 dans divers sc\u00e9narios tels que la marche quotidienne des animaux de compagnie, la promenade en plein air, de courts voyages et l'entra\u00eenement de base.<\/p>\n<p>Rappel chaleureux: Pas adapt\u00e9 aux grands chiens agressifs ou animaux de compagnie avec un comportement de traction excessif.<\/p>\n<p>1. Mat\u00e9riaux de haute qualit\u00e9, durables et respectueux de l'environnement: Le tissu ext\u00e9rieur en polyester \u00e0 haute r\u00e9sistance est r\u00e9sistant aux rayures et \u00e0 l'usure, tandis que le tissu int\u00e9rieur non tiss\u00e9 est \u00e0 l'humidit\u00e9, respirant et respectueux de l'environnement. Il assure \u00e0 la fois la durabilit\u00e9 et le confort pour les animaux de compagnie \u00e0 porter.<\/p>\n<p>2. S\u00e9curitaire et stable, anti-\u00e9chappement: La bande en nylon forte est r\u00e9sistante \u00e0 la traction et aux d\u00e9chirures. Il est \u00e9quip\u00e9 de boucles POM de haute qualit\u00e9 et de fixations en alliage de zinc pour double verrouillage. Il est facile \u00e0 ouvrir et \u00e0 fermer, stable et anti-\u00e9vasion, vous rendant plus \u00e0 l'aise lorsque vous emmenez votre animal de compagnie pour une promenade.<\/p>\n<p>3. Montage confortable, aucune pression: La doublure de tissu non tiss\u00e9 est douce et respectueuse de la peau. Le design global est adapt\u00e9 \u00e0 la forme du corps des petits et moyens animaux de compagnie, en se conformant aux courbes du corps. Il n'y a pas de sens de retenue lors de son port, \u00e9vitant le frottement sur l'animal de compagnie&#8217; la peau.<\/p>\n<p>4. Ajustement pratique et port sans soucis: Il y a des boucles d'ajustement de la bande sur les deux c\u00f4t\u00e9s de la poitrine et du dos, qui peuvent \u00eatre adapt\u00e9es avec pr\u00e9cision au pet&#8217; taille s. La gamme de r\u00e9glage est large, et il est simple et efficace \u00e0 porter et \u00e0 enlever. M\u00eame les propri\u00e9taires novices peuvent l'utiliser facilement.<\/p>\n<p>5. Classique et polyvalent, facile \u00e0 nettoyer: Les trois s\u00e9ries de couleurs de base conviennent \u00e0 divers sc\u00e9narios. Le tissu de surface en polyester est facile \u00e0 entretenir. Les taches quotidiennes peuvent \u00eatre essuy\u00e9es directement avec un chiffon humide ou doucement lav\u00e9es \u00e0 la main. Il s\u00e8che rapidement et reste propre et hygi\u00e9nique.<\/p>\n<p><strong>\u3010M\u00e9thode d'utilisation\u3011<\/strong><\/p>\n<p>D\u00e9filez les boucles, \u00e9tendez la poitrine et le dos \u00e0 plat, et guidez l'animal de compagnie&#8217; s membres ant\u00e9rieurs \u00e0 travers les deux trous de manche correspondants sur la poitrine et le dos pour rendre le corps principal de la poitrine et le dos s'adapter \u00e0 la position du pet&#8217; la poitrine et le dos.<\/p>\n<p>2. Ajustez les boucles de r\u00e9glage de la bande sur les deux c\u00f4t\u00e9s de la poitrine et du dos respectivement \u00e0 une \u00e9tanch\u00e9it\u00e9 appropri\u00e9e (suffisante pour 1-2 doigts \u00e0 ins\u00e9rer), en s'assurant qu'elles s'adaptent au pet&#8217; corps mais ne sont pas serr\u00e9s, pour \u00e9viter d'affecter l'animal de compagnie&#8217; S mouvement.<\/p>\n<p>3. Fixez fermement le verrouillage POM, tirez doucement pour v\u00e9rifier si le verrouillage est compl\u00e8tement verrouill\u00e9 avec la boucle en alliage de zinc. Apr\u00e8s avoir confirm\u00e9 qu'il n'y a pas d'erreurs, connectez la corde de traction \u00e0 la boucle en alliage de zinc et elle est pr\u00eate \u00e0 \u00eatre utilis\u00e9e.<\/p>\n<p>4. Apr\u00e8s utilisation, appuyez sur les deux c\u00f4t\u00e9s du fermoir POM pour le d\u00e9verrouiller, et retirez lentement la poitrine et le dos pour \u00e9viter de tirer sur l'animal de compagnie; S fourrure.<\/p>\n<p><strong>&#8220; Questions fr\u00e9quemment pos\u00e9es&#8221;<\/strong><\/p>\n<p>Q1: Comment choisir la bonne taille pour votre animal de compagnie?<\/p>\n<p>R: Il est recommand\u00e9 d'abord de se r\u00e9f\u00e9rer au &#8220; Poids &#8211; Circonf\u00e9rence thoracique &#8211; Taille&#8221; tableau de comparaison sur la page de d\u00e9tails du produit, et faire un choix en fonction du poids r\u00e9el et de la circonf\u00e9rence thoracique de l'animal de compagnie. Si l'animal est d'un &#8220; surpoids&#8221;  or &#8220; sous-poids&#8221; type de corps, la taille peut \u00eatre l\u00e9g\u00e8rement ajust\u00e9e en fonction des donn\u00e9es de circonf\u00e9rence thoracique, et une bande r\u00e9glable peut \u00eatre utilis\u00e9e pour une adaptation ult\u00e9rieure.<\/p>\n<p>Q2: Cette poitrine et le dos peuvent-ils \u00eatre lav\u00e9s \u00e0 la machine?<\/p>\n<p>R: Le lavage en machine n'est pas recommand\u00e9 pour \u00e9viter la d\u00e9formation et les dommages \u00e0 la bande et aux \u00e9l\u00e9ments de fixation caus\u00e9s par la rotation \u00e0 grande vitesse. Pour le nettoyage quotidien, il est recommand\u00e9 d'essuyer les taches avec un chiffon humide. Quand il est tr\u00e8s sale, vous pouvez le laver doucement \u00e0 la main avec un d\u00e9tergent neutre. La temp\u00e9rature de l'eau ne doit pas d\u00e9passer 30 \u2103. Apr\u00e8s le lavage, laissez-le s\u00e9cher naturellement. Ne l'exposez pas \u00e0 la lumi\u00e8re solaire directe pour prolonger le produit&#8217; S vie de service.<\/p>\n<p>Q3: Les animaux de compagnie ressentiront-ils de la transpiration et de l'inconfort s'ils le portent pendant longtemps?<\/p>\n<p>R: Non. Le tissu int\u00e9rieur est fait de tissu non tiss\u00e9 respirant, qui peut acc\u00e9l\u00e9rer la circulation de l'air, absorber l'humidit\u00e9 et la sueur, \u00e9vitant efficacement la r\u00e9tention de sueur. De plus, la conception convient au pet&#8217; corps parfaitement sans causer de pression. Porter pendant les promenades quotidiennes (il est recommand\u00e9 de ne pas d\u00e9passer 2 heures \u00e0 la fois) ne provoquera pas d'inconfort. Il est sugg\u00e9r\u00e9 de l'enlever rapidement apr\u00e8s le retour \u00e0 la maison pour permettre \u00e0 l'animal de compagnie de se d\u00e9tendre.<\/p>\n<p>Q4: Les textures des mat\u00e9riaux dans les trois couleurs sont-elles coh\u00e9rentes?<\/p>\n<p>R : Coh\u00e9rent. Les couleurs grise, noire et bleu marin utilisent toutes les m\u00eames sp\u00e9cifications de tissu de surface en polyester haute r\u00e9sistance, de tissu de doublure non tiss\u00e9 et de bandes et de fixations correspondantes. Seules les couleurs sont diff\u00e9rentes, mais la texture et la durabilit\u00e9 sont exactement les m\u00eames. Vous pouvez choisir selon vos pr\u00e9f\u00e9rences personnelles et la couleur de votre animal de compagnie&#8217; S fourrure.<\/p>","protected":false},"excerpt":{"rendered":"<table style=\"height: 92px; width: 100%; border-collapse: collapse; border-color: #eef0bb; background-color: #f2f2f2;\">\n<tbody>\n<tr style=\"height: 23px;\">\n<td style=\"width: 25%; height: 23px; text-align: center;\">Taille<\/td>\n<td style=\"width: 25%; height: 23px; text-align: center;\">Circumf\u00e9rence du cou (cm)<\/td>\n<td style=\"width: 25%; height: 23px; text-align: center;\">Tour de poitrine (cm)<\/td>\n<td style=\"width: 25%; height: 23px; text-align: center;\">Poids (kg)<\/td>\n<\/tr>\n<tr style=\"height: 23px;\">\n<td style=\"width: 25%; height: 23px; text-align: center;\">XXS<\/td>\n<td style=\"width: 25%; height: 23px; text-align: center;\">21-28<\/td>\n<td style=\"width: 25%; height: 23px; text-align: center;\">26-34<\/td>\n<td style=\"width: 25%; height: 23px; text-align: center;\">0.5-3<\/td>\n<\/tr>\n<tr style=\"height: 23px;\">\n<td style=\"width: 25%; height: 23px; text-align: center;\">XS<\/td>\n<td style=\"width: 25%; height: 23px; text-align: center;\">28-35<\/td>\n<td style=\"width: 25%; height: 23px; text-align: center;\">31-42<\/td>\n<td style=\"width: 25%; height: 23px; text-align: center;\">2-5<\/td>\n<\/tr>\n<tr style=\"height: 23px;\">\n<td style=\"width: 25%; height: 23px; text-align: center;\">S<\/td>\n<td style=\"width: 25%; height: 23px; text-align: center;\">31-42<\/td>\n<td style=\"width: 25%; height: 23px; text-align: center;\">45-60<\/td>\n<td style=\"width: 25%; height: 23px; text-align: center;\">6-15<\/td>\n<\/tr>\n<\/tbody>\n<\/table>\n<p>Ce design de poitrine et de dos pour animaux de compagnie comprend un tissu de surface en polyester haute r\u00e9sistance soigneusement s\u00e9lectionn\u00e9 et un tissu de doublure non tiss\u00e9 respirant. Il est associ\u00e9 \u00e0 une bande en nylon d'imitation, des boucles POM et des attaches en alliage de zinc, offrant les avantages d'\u00eatre r\u00e9sistant \u00e0 l'usure et durable, s\u00fbr et r\u00e9sistant \u00e0 la rupture libre, et confortable et respirant. Convient aux petits et moyens chiens et chats, il peut \u00eatre utilis\u00e9 dans de multiples sc\u00e9narios. Il est facile \u00e0 r\u00e9gler et \u00e0 nettoyer, et est disponible en trois couleurs: gris, noir, marine et bleu. \u00c9quilibrant praticit\u00e9 et attrait esth\u00e9tique, il permet aux propri\u00e9taires de promener leurs animaux en toute tranquillit\u00e9 et assure un confort pour les animaux de compagnie \u00e0 porter. C'est un \u00e9l\u00e9ment essentiel de haute qualit\u00e9 pour les sorties d'animaux de compagnie.<\/p>","protected":false},"featured_media":1721,"comment_status":"closed","ping_status":"closed","template":"","meta":[],"product_brand":[],"product_cat":[20],"product_tag":[],"class_list":{"0":"post-1720","1":"product","2":"type-product","3":"status-publish","4":"has-post-thumbnail","6":"product_cat-pet-harness","8":"first","9":"instock","10":"shipping-taxable","11":"purchasable","12":"product-type-variable"},"_links":{"self":[{"href":"https:\/\/www.holydoggroup.com\/fr\/wp-json\/wp\/v2\/product\/1720","targetHints":{"allow":["GET"]}}],"collection":[{"href":"https:\/\/www.holydoggroup.com\/fr\/wp-json\/wp\/v2\/product"}],"about":[{"href":"https:\/\/www.holydoggroup.com\/fr\/wp-json\/wp\/v2\/types\/product"}],"replies":[{"embeddable":true,"href":"https:\/\/www.holydoggroup.com\/fr\/wp-json\/wp\/v2\/comments?post=1720"}],"wp:featuredmedia":[{"embeddable":true,"href":"https:\/\/www.holydoggroup.com\/fr\/wp-json\/wp\/v2\/media\/1721"}],"wp:attachment":[{"href":"https:\/\/www.holydoggroup.com\/fr\/wp-json\/wp\/v2\/media?parent=1720"}],"wp:term":[{"taxonomy":"product_brand","embeddable":true,"href":"https:\/\/www.holydoggroup.com\/fr\/wp-json\/wp\/v2\/product_brand?post=1720"},{"taxonomy":"product_cat","embeddable":true,"href":"https:\/\/www.holydoggroup.com\/fr\/wp-json\/wp\/v2\/product_cat?post=1720"},{"taxonomy":"product_tag","embeddable":true,"href":"https:\/\/www.holydoggroup.com\/fr\/wp-json\/wp\/v2\/product_tag?post=1720"}],"curies":[{"name":"WP","href":"https:\/\/api.w.org\/{rel}","templated":true}]}}