{"id":1777,"date":"2026-01-05T10:39:46","date_gmt":"2026-01-05T02:39:46","guid":{"rendered":"https:\/\/www.holydoggroup.com\/?post_type=product&#038;p=1777"},"modified":"2026-01-05T10:39:46","modified_gmt":"2026-01-05T02:39:46","slug":"pet-chest-and-back-diving-fabric-for-insulation-and-shock-absorption-double-locking-outdoor-travel-essential","status":"publish","type":"product","link":"https:\/\/www.holydoggroup.com\/fr\/pet-harness\/pet-chest-and-back-diving-fabric-for-insulation-and-shock-absorption-double-locking-outdoor-travel-essential\/","title":{"rendered":"Pet poitrine et dos &#8211; Tissu de plong\u00e9e pour l'isolation et l'absorption des chocs &#8211; Double verrouillage &#8211; Voyage en plein air essentiel"},"content":{"rendered":"<p><img fetchpriority=\"high\" decoding=\"async\" class=\"aligncenter wp-image-1781\" src=\"https:\/\/www.holydoggroup.com\/wp-content\/uploads\/2026\/01\/4-4.jpg\" alt=\"\" width=\"598\" height=\"598\" srcset=\"https:\/\/www.holydoggroup.com\/wp-content\/uploads\/2026\/01\/4-4.jpg 1000w, https:\/\/www.holydoggroup.com\/wp-content\/uploads\/2026\/01\/4-4-300x300.jpg 300w, https:\/\/www.holydoggroup.com\/wp-content\/uploads\/2026\/01\/4-4-150x150.jpg 150w, https:\/\/www.holydoggroup.com\/wp-content\/uploads\/2026\/01\/4-4-768x768.jpg 768w, https:\/\/www.holydoggroup.com\/wp-content\/uploads\/2026\/01\/4-4-600x600.jpg 600w, https:\/\/www.holydoggroup.com\/wp-content\/uploads\/2026\/01\/4-4-100x100.jpg 100w\" sizes=\"(max-width: 598px) 100vw, 598px\" \/><\/p>\n<p><strong>[Introduction de base]<\/strong><br \/>\nCe produit de poitrine et de dos pour animaux de compagnie se concentre sur le positionnement central de &#8220; protection confortable compatibilit\u00e9 toutes intemp\u00e9ries&#8221; Il est enti\u00e8rement fabriqu\u00e9 en tissu de plong\u00e9e de haute qualit\u00e9, pr\u00e9sentant trois fonctions d'isolation, d'absorption des chocs et d'\u00e9lasticit\u00e9 \u00e9lev\u00e9e. Le toucher est doux et respectueux de la peau, et quand il convient \u00e0 l'animal de compagnie&#8217; courbe du corps, il peut efficacement amortir l'impact du mouvement et r\u00e9duire l'inconfort de la traction. M\u00eame dans les saisons froides comme l'automne et l'hiver, il peut fournir une chaleur douce pour l'animal de compagnie&#8217; la poitrine et le dos, les emp\u00eachant de contracter un rhume. Les zones sollicit\u00e9es sont renforc\u00e9es par des bandes fortes en nylon int\u00e9gr\u00e9es, avec une excellente r\u00e9sistance \u00e0 la traction. Associ\u00e9 \u00e0 des attaches en POM de haute qualit\u00e9 et \u00e0 des boucles en alliage de zinc, il forme une double serrure de s\u00e9curit\u00e9. Les attaches \u00e0 pression s'ouvrent et se ferment en douceur sans collage, r\u00e9sistantes aux basses temp\u00e9ratures et non sujettes \u00e0 la fissuration. Les boucles sont r\u00e9sistantes \u00e0 la rouille et \u00e0 la corrosion, ont une forte capacit\u00e9 de charge et offrent une protection compl\u00e8te contre les animaux de compagnie qui s'\u00e9chappent accidentellement. Le produit est disponible en deux sch\u00e9mas de couleurs classiques: gris et brun roug\u00e2tre. Il a une texture simple et \u00e9l\u00e9gante, adapt\u00e9e \u00e0 la couleur des cheveux de diff\u00e9rentes races d'animaux de compagnie, \u00e9quilibrant la pratique et l'esth\u00e9tique, et r\u00e9pondant aux divers besoins des propri\u00e9taires d'animaux de compagnie pour les promenades quotidiennes et ext\u00e9rieures.<br \/>\n<strong>[Champ d'application]<\/strong><br \/>\nConvient aux chiens de taille moyenne et petite pesant de 3 \u00e0 35 kg (tels que les chiens en peluche, Bichon Frise, Corgis, Bulldogs fran\u00e7ais, Shiba Inus, Schnauzers, etc.) et aux chats adultes. Il peut \u00eatre utilis\u00e9 dans divers sc\u00e9narios tels que les promenades quotidiennes pour animaux de compagnie, la protection hivernale pour les sorties, la randonn\u00e9e en plein air, les courts voyages, l'entra\u00eenement de base, le jeu d'exploration de l'eau l\u00e9g\u00e8re, etc. Attention: Pas adapt\u00e9 aux grands chiens agressifs ou animaux de compagnie avec des comportements de traction intenses.<br \/>\n<strong>[Points de vente cl\u00e9s]<\/strong><br \/>\nAvantages principaux du tissu de plong\u00e9e: Il a les propri\u00e9t\u00e9s d'isolation, d'absorption des chocs et d'\u00e9lasticit\u00e9 \u00e9lev\u00e9e. Il est doux, respectueux de la peau et non irritant. Il peut amortir la force de traction pendant l'exercice et garder la peau chaude en automne et en hiver sans provoquer de frissons. Il convient pour une utilisation en plusieurs saisons.<br \/>\n2. Caract\u00e9ristique antid\u00e9rapante exceptionnellement forte et stable: La bande forte semblable au nylon est hautement r\u00e9sistante \u00e0 l'\u00e9tirement et \u00e0 la d\u00e9chirure. Elle est compl\u00e9t\u00e9e par une attache \u00e0 pression de haute qualit\u00e9 POM et une boucle en alliage de zinc pour le double verrouillage, assurant une structure stable et fournissant une plus grande tranquillit\u00e9 d'esprit pendant le voyage.<br \/>\n3. Confortable et confortable sans fardeau: Le tissu hautement \u00e9lastique convient au pet&#8217; s posture de mouvement, ajuster la courbe du corps sans pincer la poitrine ou frotter la peau. M\u00eame apr\u00e8s une usure prolong\u00e9e, l'animal de compagnie ne se sentira pas mal \u00e0 l'aise.<br \/>\n4. Pratique et facile \u00e0 ajuster pour l'op\u00e9ration: Les deux c\u00f4t\u00e9s de la poitrine et du dos sont \u00e9quip\u00e9s de sangles r\u00e9glables. La gamme de r\u00e9glage est large, permettant un ajustement pr\u00e9cis pour les animaux de compagnie de diff\u00e9rents types de corps. Le processus de port et d'enl\u00e8vement est simple, ce qui facilite l'utilisation des propri\u00e9taires d'animaux de compagnie novices.<br \/>\n5. Durable et facile \u00e0 nettoyer: Deux options de couleur &#8211; gris et brun rouge\u00e2tre &#8211; sont r\u00e9sistants aux taches. La surface du tissu de plong\u00e9e est lisse. Les taches quotidiennes peuvent \u00eatre essuy\u00e9es avec un chiffon humide. Les salet\u00e9s mineures peuvent \u00eatre doucement lav\u00e9es \u00e0 la main et s\u00e9ch\u00e9es rapidement.<br \/>\n<strong>[M\u00e9thode d'utilisation]<\/strong><br \/>\nAppuyez sur les deux c\u00f4t\u00e9s du clapet POM pour le d\u00e9verrouiller. Guide le pet&#8217; des membres avant \u00e0 travers les deux manches correspondantes sur le dos thoracique, de sorte que le corps principal du dos thoracique s'adapte bien \u00e0 l'animal de compagnie; la poitrine et le dos.<br \/>\n2. Ajustez les bandes \u00e9lastiques sur les c\u00f4t\u00e9s avant et arri\u00e8re s\u00e9par\u00e9ment, jusqu'\u00e0 ce que l'\u00e9tanch\u00e9it\u00e9 soit juste (de sorte qu'un \u00e0 deux doigts puissent facilement s'adapter). Assurez-vous qu'il s'ajuste bien contre le corps sans entraver l'animal de compagnie&#8217; S mouvement.<br \/>\n3. Serrez l'encliquette POM, tirez doucement pour v\u00e9rifier si l'encliquette est compl\u00e8tement verrouill\u00e9e avec la pince en alliage de zinc. Une fois confirm\u00e9 qu'il est correct, connectez la corde de traction \u00e0 la pince en alliage de zinc et elle peut \u00eatre utilis\u00e9e.<br \/>\n4. Apr\u00e8s utilisation, appuyez \u00e0 nouveau sur le verrouillage POM pour d\u00e9bloquer, puis retirez lentement le porte-animaux. Assurez-vous d'\u00e9viter de tirer l'animal&#8217; S fourrure.<br \/>\n<strong>[Questions fr\u00e9quemment pos\u00e9es]<\/strong><br \/>\nQ1: Comment s\u00e9lectionner la taille appropri\u00e9e pour votre animal de compagnie?<br \/>\nR: Il est recommand\u00e9 d'abord de se r\u00e9f\u00e9rer au &#8220; Poids-circonf\u00e9rence-tailles&#8221; tableau de comparaison sur la page de d\u00e9tails du produit. La base de base pour la s\u00e9lection est le pet&#8217; donn\u00e9es de circonf\u00e9rence. Si l'animal est en surpoids ou en sous-poids, la taille peut \u00eatre ajust\u00e9e en fonction du poids, et la bande r\u00e9glable peut \u00eatre utilis\u00e9e pour une adaptation suppl\u00e9mentaire pour assurer un ajustement confortable et aucune interf\u00e9rence avec les activit\u00e9s.<br \/>\nQ2: Pour quelles saisons sont les propri\u00e9t\u00e9s d'isolation du tissu de plong\u00e9e appropri\u00e9es?<br \/>\nA: Il est plus adapt\u00e9 \u00e0 l'utilisation au printemps, \u00e0 l'automne et \u00e0 l'hiver lorsque le temps est l\u00e9g\u00e8rement frais. Il peut effectivement garder le pet&#8217; Les parties vitales sont chaudes. Pendant les journ\u00e9es chaudes d'\u00e9t\u00e9, il est recommand\u00e9 de r\u00e9duire le temps de port (pas plus d'une heure par fois), ou de l'utiliser uniquement dans les p\u00e9riodes froides du matin et du soir pour \u00e9viter une chaleur excessive.<br \/>\nQ3: Ce sac de poitrine peut-il \u00eatre lav\u00e9 \u00e0 la machine?<br \/>\nA: Il n'est pas recommand\u00e9 de laver en machine. \u00c9vitez la rotation \u00e0 grande vitesse car cela peut provoquer la d\u00e9formation des bandes de tissu et l'endommagement des attaches \u00e0 pression. Pour le nettoyage quotidien, utilisez un chiffon humide pour essuyer les taches. Pour les zones plus sales, un lavage douce des mains est acceptable. Utilisez un d\u00e9tergent neutre et maintenez la temp\u00e9rature de l'eau en dessous de 30 \u2103. Apr\u00e8s le lavage, laissez-le s\u00e9cher naturellement. \u00c9vitez l'exposition directe au soleil car cela aidera \u00e0 prolonger le produit&#8217; S dur\u00e9e de vie.<br \/>\nQ4: Le tissu \u00e9lastique perdra-t-il son \u00e9lasticit\u00e9 apr\u00e8s avoir \u00e9t\u00e9 utilis\u00e9 pendant longtemps?<br \/>\nA: Il est fait de tissu de plong\u00e9e de haute qualit\u00e9 avec une excellente r\u00e9cup\u00e9ration d'\u00e9lasticit\u00e9. Sous utilisation normale, il est peu probable qu'il devienne l\u00e2che ou d\u00e9form\u00e9. Lors de l'utilisation quotidienne, \u00e9vitez l'exposition prolong\u00e9e \u00e0 la lumi\u00e8re solaire directe et aux temp\u00e9ratures \u00e9lev\u00e9es, et ne tirez pas forc\u00e9ment sur le tissu. Il peut maintenir une bonne \u00e9lasticit\u00e9 pendant longtemps.<\/p>","protected":false},"excerpt":{"rendered":"<table style=\"border-collapse: collapse; width: 552.02pt; background-color: #f5f4d0;\" border=\"0\" width=\"552.02pt\" cellspacing=\"0\" cellpadding=\"0\">\n<tbody>\n<tr style=\"height: 18.75pt;\">\n<td class=\"et2\" style=\"height: 18.75pt; width: 138.05pt; text-align: center;\" width=\"184\" height=\"25\"><strong>Taille<\/strong><\/td>\n<td class=\"et2\" style=\"width: 138.05pt; text-align: center;\" width=\"184\"><strong>Circumf\u00e9rence du cou (cm)<\/strong><\/td>\n<td class=\"et2\" style=\"width: 138.05pt; text-align: center;\" width=\"184\"><strong>Tour de poitrine (cm)<\/strong><\/td>\n<td class=\"et2\" style=\"width: 138.05pt; text-align: center;\" width=\"184\"><strong>Poids (kg)<\/strong><\/td>\n<\/tr>\n<tr style=\"height: 18.00pt;\">\n<td class=\"et3\" style=\"height: 18pt; text-align: center;\" height=\"24\"><strong>S<\/strong><\/td>\n<td class=\"et4\" style=\"text-align: center;\"><strong>37-48\u339d<\/strong><\/td>\n<td class=\"et4\" style=\"text-align: center;\"><strong>48-59\u339d<\/strong><\/td>\n<td class=\"et5\" style=\"text-align: center;\"><strong>4-8<\/strong><\/td>\n<\/tr>\n<tr style=\"height: 18.00pt;\">\n<td class=\"et3\" style=\"height: 18pt; text-align: center;\" height=\"24\"><strong>M<\/strong><\/td>\n<td class=\"et4\" style=\"text-align: center;\"><strong>44-61\u339d<\/strong><\/td>\n<td class=\"et4\" style=\"text-align: center;\"><strong>56-75\u339d<\/strong><\/td>\n<td class=\"et6\" style=\"text-align: center;\"><strong>8~16<\/strong><\/td>\n<\/tr>\n<tr style=\"height: 18.00pt;\">\n<td class=\"et3\" style=\"height: 18pt; text-align: center;\" height=\"24\"><strong>L<\/strong><\/td>\n<td class=\"et4\" style=\"text-align: center;\"><strong>48-67\u339d<\/strong><\/td>\n<td class=\"et4\" style=\"text-align: center;\"><strong>67-89\u339d<\/strong><\/td>\n<td class=\"et3\" style=\"text-align: center;\"><strong>16-32<\/strong><\/td>\n<\/tr>\n<\/tbody>\n<\/table>\n<p>Ce gilet pour animaux de compagnie est fabriqu\u00e9 en tissu de plong\u00e9e de haute qualit\u00e9, avec isolation, absorption des chocs et haute \u00e9lasticit\u00e9. Il est \u00e9quip\u00e9 de sangles en nylon imitation et de double boucles de s\u00e9curit\u00e9, assurant la stabilit\u00e9 contre le glissement et offrant un ajustement confortable. Il convient aux chiens et chats de petite et moyenne taille et peut \u00eatre utilis\u00e9 dans divers sc\u00e9narios. L'ajustement est pratique. Nous proposons une version classique grise et brun roug\u00e2tre, qui est facile \u00e0 nettoyer et \u00e0 entretenir, \u00e9quilibrant praticit\u00e9 et apparence. C'est un excellent choix pour les animaux de compagnie&#8217; utilisation quotidienne et pour des activit\u00e9s de plein air en automne et en hiver.<\/p>","protected":false},"featured_media":1778,"comment_status":"closed","ping_status":"closed","template":"","meta":[],"product_brand":[],"product_cat":[20],"product_tag":[],"class_list":{"0":"post-1777","1":"product","2":"type-product","3":"status-publish","4":"has-post-thumbnail","6":"product_cat-pet-harness","8":"first","9":"instock","10":"shipping-taxable","11":"purchasable","12":"product-type-variable"},"_links":{"self":[{"href":"https:\/\/www.holydoggroup.com\/fr\/wp-json\/wp\/v2\/product\/1777","targetHints":{"allow":["GET"]}}],"collection":[{"href":"https:\/\/www.holydoggroup.com\/fr\/wp-json\/wp\/v2\/product"}],"about":[{"href":"https:\/\/www.holydoggroup.com\/fr\/wp-json\/wp\/v2\/types\/product"}],"replies":[{"embeddable":true,"href":"https:\/\/www.holydoggroup.com\/fr\/wp-json\/wp\/v2\/comments?post=1777"}],"wp:featuredmedia":[{"embeddable":true,"href":"https:\/\/www.holydoggroup.com\/fr\/wp-json\/wp\/v2\/media\/1778"}],"wp:attachment":[{"href":"https:\/\/www.holydoggroup.com\/fr\/wp-json\/wp\/v2\/media?parent=1777"}],"wp:term":[{"taxonomy":"product_brand","embeddable":true,"href":"https:\/\/www.holydoggroup.com\/fr\/wp-json\/wp\/v2\/product_brand?post=1777"},{"taxonomy":"product_cat","embeddable":true,"href":"https:\/\/www.holydoggroup.com\/fr\/wp-json\/wp\/v2\/product_cat?post=1777"},{"taxonomy":"product_tag","embeddable":true,"href":"https:\/\/www.holydoggroup.com\/fr\/wp-json\/wp\/v2\/product_tag?post=1777"}],"curies":[{"name":"WP","href":"https:\/\/api.w.org\/{rel}","templated":true}]}}