{"id":1792,"date":"2026-01-05T11:01:25","date_gmt":"2026-01-05T03:01:25","guid":{"rendered":"https:\/\/www.holydoggroup.com\/?post_type=product&#038;p=1792"},"modified":"2026-01-06T09:07:04","modified_gmt":"2026-01-06T01:07:04","slug":"b011","status":"publish","type":"product","link":"https:\/\/www.holydoggroup.com\/fr\/pet-harness\/b011\/","title":{"rendered":"Harnais de poitrine pour animaux de compagnie &#8211; Tissu en nylon avec mat\u00e9riau r\u00e9fl\u00e9chissant int\u00e9gr\u00e9 &#8211; Outil de marche pour animaux de compagnie de s\u00e9curit\u00e9 nocturne &#8211; Disponible en option couleur rouge-marron"},"content":{"rendered":"<p><img fetchpriority=\"high\" decoding=\"async\" class=\"aligncenter wp-image-1796\" src=\"https:\/\/www.holydoggroup.com\/wp-content\/uploads\/2026\/01\/4-5.jpg\" alt=\"\" width=\"438\" height=\"438\" srcset=\"https:\/\/www.holydoggroup.com\/wp-content\/uploads\/2026\/01\/4-5.jpg 1000w, https:\/\/www.holydoggroup.com\/wp-content\/uploads\/2026\/01\/4-5-300x300.jpg 300w, https:\/\/www.holydoggroup.com\/wp-content\/uploads\/2026\/01\/4-5-150x150.jpg 150w, https:\/\/www.holydoggroup.com\/wp-content\/uploads\/2026\/01\/4-5-768x768.jpg 768w, https:\/\/www.holydoggroup.com\/wp-content\/uploads\/2026\/01\/4-5-600x600.jpg 600w, https:\/\/www.holydoggroup.com\/wp-content\/uploads\/2026\/01\/4-5-100x100.jpg 100w\" sizes=\"(max-width: 438px) 100vw, 438px\" \/><\/p>\n<p><strong>[Introduction de base]<\/strong><br \/>\nCe harnais de poitrine pour animaux de compagnie est con\u00e7u avec le concept de base de &#8220; s\u00e9curit\u00e9 et visibilit\u00e9 fort et durable&#8221;  . Le corps principal est fait de tissu fort de haute qualit\u00e9 ressemblant au nylon. Le tissu \u00e0 l'int\u00e9rieur est dens\u00e9ment tiss\u00e9 avec du mat\u00e9riau r\u00e9fl\u00e9chissant. Pendant la journ\u00e9e, il reste invisible et ne se d\u00e9marque pas, tandis que la nuit ou dans des environnements sombres, il r\u00e9fl\u00e9chit rapidement et vivement la lumi\u00e8re, contourant clairement l\u2019animal de compagnie. s contour, am\u00e9liorant consid\u00e9rablement la s\u00e9curit\u00e9 de la marche nocturne des animaux de compagnie. Il est associ\u00e9 \u00e0 des attaches \u00e0 pression POM de haute qualit\u00e9, qui s'ouvrent et se ferment en douceur sans encombrement, r\u00e9sistent aux basses temp\u00e9ratures et aux chocs et ne sont pas sujets \u00e0 la fissuration ou \u00e0 la d\u00e9formation pendant une longue p\u00e9riode d'utilisation. Il est compl\u00e9t\u00e9 par des \u00e9l\u00e9ments de fixation en alliage de zinc, qui sont r\u00e9sistants \u00e0 la rouille et \u00e0 la corrosion, ont une forte capacit\u00e9 de charge et forment un syst\u00e8me d'appui de force stable avec le tissu semblable au nylon, offrant une double protection pour emp\u00eacher l'animal de compagnie de s'\u00e9chapper. Le produit est disponible en deux couleurs classiques: rouge et marron. Le rouge est attrayant et vivant, tandis que le brun est stable et r\u00e9sistant \u00e0 la salet\u00e9. Il convient aux animaux de compagnie de diff\u00e9rents sexes et races. Le design simple et \u00e9l\u00e9gant allie praticit\u00e9 et apparence, r\u00e9pondant aux besoins de s\u00e9curit\u00e9 et d'esth\u00e9tique des propri\u00e9taires d'animaux de compagnie lors des promenades quotidiennes.<\/p>\n<p><strong>[Champ d'application]<\/strong><br \/>\nConvient aux chiens de taille moyenne et petite pesant de 3 \u00e0 35 kg (tels que Teddy, Bichon Frise, Corgi, Bulldog, Shiba Inu, Schnauzer, etc.) et aux chats adultes. Il peut \u00eatre utilis\u00e9 dans divers sc\u00e9narios tels que les promenades quotidiennes pour animaux de compagnie, les sorties nocturnes, les promenades en plein air, les courts voyages, la formation de base, les interactions communautaires, etc. Attention: Pas adapt\u00e9 aux grands chiens agressifs ou animaux de compagnie avec un comportement de traction intense.<\/p>\n<p><strong>Point de vente cl\u00e9<\/strong><br \/>\n1. tissez des lignes anti-r\u00e9flexion pour une s\u00e9curit\u00e9 accrue la nuit: la sangle en tissu de type nylon est int\u00e9gr\u00e9e avec des lignes anti-r\u00e9flexion \u00e9troites. Pendant la journ\u00e9e, il est invisible et esth\u00e9tiquement agr\u00e9able; la nuit, il r\u00e9fl\u00e9chit la lumi\u00e8re vivement, avertissant clairement les v\u00e9hicules et les pi\u00e9tons, ce qui rend plus rassurant de marcher les animaux de compagnie la nuit.<br \/>\n2. Extr\u00eamement durable et fort: Le tissu d'imitation en nylon de haute qualit\u00e9 a une haute r\u00e9sistance \u00e0 la traction, est r\u00e9sistant \u00e0 la d\u00e9chirure et \u00e0 l'abrasion et est peu susceptible de se casser ou de se d\u00e9former. Sa dur\u00e9e de vie est beaucoup plus longue que celle des ceintures tiss\u00e9es ordinaires pour la poitrine et le dos.<br \/>\n3. double verrouillage, antid\u00e9rapant: le dispositif de fixation \u00e0 pression de haute qualit\u00e9 POM combin\u00e9 avec le m\u00e9canisme de fixation en alliage de zinc fournit un double verrouillage de s\u00e9curit\u00e9. Il est pratique \u00e0 ouvrir et \u00e0 fermer et a une forte stabilit\u00e9, emp\u00eachant efficacement les animaux de compagnie d'\u00e9chapper accidentellement, rendant le voyage plus s\u00fbr.<br \/>\n4. Montage confortable, facile \u00e0 porter: Les deux c\u00f4t\u00e9s de la poitrine et du dos sont \u00e9quip\u00e9s de sangles r\u00e9glables. La gamme de r\u00e9glage est large, permettant un ajustement pr\u00e9cis pour les animaux de compagnie de diff\u00e9rents types de corps. Les sangles s'adaptent parfaitement \u00e0 la courbe du corps sans appuyer sur la poitrine ou frotter la peau. Le processus d'usure et d'enl\u00e8vement est simple, et m\u00eame les d\u00e9butants peuvent l'utiliser facilement.<br \/>\n5. sch\u00e9ma de couleurs classique, facile \u00e0 nettoyer: Deux couleurs classiques &#8211; rouge et marron &#8211; sont disponibles pour la s\u00e9lection, adapt\u00e9s \u00e0 diff\u00e9rents styles d'animaux de compagnie; la surface de la bande est lisse et les taches quotidiennes peuvent \u00eatre essuy\u00e9es avec un chiffon humide; salet\u00e9 mineure peut \u00eatre doucement lav\u00e9 \u00e0 la main, et il s\u00e8che rapidement, ce qui rend facile \u00e0 maintai<\/p>\n<p><strong>[M\u00e9thode d'utilisation]<\/strong><br \/>\nAppuyez sur les deux c\u00f4t\u00e9s du clapet POM pour le d\u00e9verrouiller. Guide le pet&#8217; des membres avant \u00e0 travers les deux manches correspondantes sur le dos thoracique, de sorte que le corps principal du dos thoracique s'adapte bien \u00e0 l'animal de compagnie; la poitrine et le dos.<br \/>\n2. Ajustez les bandes \u00e9lastiques sur les c\u00f4t\u00e9s avant et arri\u00e8re s\u00e9par\u00e9ment, jusqu'\u00e0 ce que l'\u00e9tanch\u00e9it\u00e9 soit juste (de sorte qu'un \u00e0 deux doigts puissent facilement s'adapter). Assurez-vous qu'il s'ajuste bien contre le corps sans entraver l'animal de compagnie&#8217; S mouvement.<br \/>\n3. Serrez l'encliquette POM, tirez doucement pour v\u00e9rifier si l'encliquette est compl\u00e8tement verrouill\u00e9e avec la pince en alliage de zinc. Une fois confirm\u00e9 qu'il est correct, connectez la corde de traction \u00e0 la pince en alliage de zinc et elle peut \u00eatre utilis\u00e9e.<br \/>\n4. Apr\u00e8s utilisation, appuyez \u00e0 nouveau sur le verrouillage POM pour d\u00e9bloquer, puis retirez lentement le porte-animaux. Assurez-vous d'\u00e9viter de tirer l'animal&#8217; S fourrure.<\/p>\n<p><strong>[Questions fr\u00e9quemment pos\u00e9es]<\/strong><br \/>\nQ1: Comment s\u00e9lectionner la taille appropri\u00e9e pour votre animal de compagnie?<br \/>\nR: Il est recommand\u00e9 d'abord de se r\u00e9f\u00e9rer au &#8220; Poids-circonf\u00e9rence-tailles&#8221; tableau de comparaison sur la page de d\u00e9tails du produit. La base de base pour la s\u00e9lection est le pet&#8217; donn\u00e9es de circonf\u00e9rence. Si l'animal de compagnie est en surpoids ou en sous-poids, la taille peut \u00eatre ajust\u00e9e en fonction du poids, et une bande r\u00e9glable peut \u00eatre utilis\u00e9e pour une adaptation suppl\u00e9mentaire pour assurer un ajustement confortable.<br \/>\nQ2: Combien de temps peut-il durer l'effet r\u00e9fl\u00e9chissant de la lumi\u00e8re r\u00e9fl\u00e9chie \u00e0 l'int\u00e9rieur de la bande?<br \/>\nR: Le mat\u00e9riau r\u00e9fl\u00e9chissant est fabriqu\u00e9 en utilisant une technique de tissage int\u00e9gr\u00e9e et est \u00e9troitement int\u00e9gr\u00e9 au tissu. Dans des conditions normales d'utilisation (\u00e9vitant une exposition prolong\u00e9e \u00e0 la lumi\u00e8re solaire et des frottements violents), l'effet r\u00e9fl\u00e9chissant peut rester stable pendant 1 \u00e0 2 ans. Lors du nettoyage, \u00e9vitez d'utiliser une brosse \u00e0 poils durs pour frotter le tissu, car cela peut prolonger la dur\u00e9e de vie de l'effet r\u00e9fl\u00e9chissant.<br \/>\nQ3: Ce type de soutien thoracique et dorsal convient-il \u00e0 porter en \u00e9t\u00e9?<br \/>\nA: Convient. Le tissu d'imitation nylon est l\u00e9ger et respirant, assurant aucune chaleur excessive. Le tissu s'adapte correctement \u00e0 la zone du corps, r\u00e9duisant la sensation de chaleur. Il est recommand\u00e9 que le temps de port ne d\u00e9passe pas 2 heures \u00e0 la fois. Apr\u00e8s le retour \u00e0 la maison, retirez-le rapidement pour permettre au pet de se reposer.<br \/>\nQ4: Peut-il \u00eatre lav\u00e9 \u00e0 la machine?<br \/>\nR: Il est recommand\u00e9 de se laver doucement \u00e0 la main. \u00c9vitez le lavage en machine \u00e0 grande vitesse de rotation car cela peut provoquer la d\u00e9formation des bandes de tissu, le rel\u00e2chement des fils r\u00e9fl\u00e9chissants ou l'endommagement des attaches \u00e0 pression. Utilisez un d\u00e9tergent neutre et maintenez la temp\u00e9rature de l'eau en dessous de 30 \u2103. Apr\u00e8s le lavage, laissez-le s\u00e9cher naturellement. \u00c9vitez l'exposition directe au soleil, car cela aidera \u00e0 maintenir le produit&#8217; S performance meilleure.<\/p>","protected":false},"excerpt":{"rendered":"<table style=\"border-collapse: collapse; width: 552.02pt; background-color: #f7f3c8;\" border=\"0\" width=\"552.02pt\" cellspacing=\"0\" cellpadding=\"0\">\n<tbody>\n<tr style=\"height: 18.75pt;\">\n<td class=\"et2\" style=\"height: 18.75pt; width: 138.05pt; text-align: center;\" width=\"184\" height=\"25\"><strong>Taille<\/strong><\/td>\n<td class=\"et2\" style=\"width: 138.05pt; text-align: center;\" width=\"184\"><strong>Circumf\u00e9rence du cou (cm)<\/strong><\/td>\n<td class=\"et2\" style=\"width: 138.05pt; text-align: center;\" width=\"184\"><strong>Tour de poitrine (cm)<\/strong><\/td>\n<td class=\"et2\" style=\"width: 138.05pt; text-align: center;\" width=\"184\"><strong>Poids (kg)<\/strong><\/td>\n<\/tr>\n<tr style=\"height: 18.00pt;\">\n<td class=\"et3\" style=\"height: 18pt; text-align: center;\" height=\"24\"><strong>S<\/strong><\/td>\n<td class=\"et4\" style=\"text-align: center;\"><strong>37-48\u339d<\/strong><\/td>\n<td class=\"et4\" style=\"text-align: center;\"><strong>48-59\u339d<\/strong><\/td>\n<td class=\"et5\" style=\"text-align: center;\"><strong>4-8<\/strong><\/td>\n<\/tr>\n<tr style=\"height: 18.00pt;\">\n<td class=\"et3\" style=\"height: 18pt; text-align: center;\" height=\"24\"><strong>M<\/strong><\/td>\n<td class=\"et4\" style=\"text-align: center;\"><strong>44-61\u339d<\/strong><\/td>\n<td class=\"et4\" style=\"text-align: center;\"><strong>56-75\u339d<\/strong><\/td>\n<td class=\"et6\" style=\"text-align: center;\"><strong>8-16<\/strong><\/td>\n<\/tr>\n<tr style=\"height: 18.00pt;\">\n<td class=\"et3\" style=\"height: 18pt; text-align: center;\" height=\"24\"><strong>L<\/strong><\/td>\n<td class=\"et4\" style=\"text-align: center;\"><strong>48-67\u339d<\/strong><\/td>\n<td class=\"et4\" style=\"text-align: center;\"><strong>67-89\u339d<\/strong><\/td>\n<td class=\"et3\" style=\"text-align: center;\"><strong>16-32<\/strong><\/td>\n<\/tr>\n<\/tbody>\n<\/table>\n<p>Ce noyau dorsal de poitrine pour animaux de compagnie est fait de bandes fortes en nylon (avec un mat\u00e9riau r\u00e9fl\u00e9chissant tiss\u00e9 int\u00e9gr\u00e9), qui est hautement r\u00e9fl\u00e9chissant la nuit et plus s\u00fbr. Il est \u00e9quip\u00e9 d'attaches en POM et de boucles en alliage de zinc pour double verrouillage, assurant une fixation stable et s\u00fbre sans risque de d\u00e9tachement. Il convient aux chiens et chats de petite et moyenne taille et peut \u00eatre utilis\u00e9 dans divers sc\u00e9narios. L'ajustement est pratique. Nous proposons un mod\u00e8le classique rouge et marron. Il est facile \u00e0 nettoyer et \u00e0 entretenir, \u00e9quilibrant s\u00e9curit\u00e9 et praticit\u00e9. C'est le choix pr\u00e9f\u00e9r\u00e9 pour les promenades quotidiennes et nocturnes.<\/p>","protected":false},"featured_media":1793,"comment_status":"closed","ping_status":"closed","template":"","meta":[],"product_brand":[],"product_cat":[20],"product_tag":[],"class_list":{"0":"post-1792","1":"product","2":"type-product","3":"status-publish","4":"has-post-thumbnail","6":"product_cat-pet-harness","8":"first","9":"instock","10":"shipping-taxable","11":"purchasable","12":"product-type-variable"},"_links":{"self":[{"href":"https:\/\/www.holydoggroup.com\/fr\/wp-json\/wp\/v2\/product\/1792","targetHints":{"allow":["GET"]}}],"collection":[{"href":"https:\/\/www.holydoggroup.com\/fr\/wp-json\/wp\/v2\/product"}],"about":[{"href":"https:\/\/www.holydoggroup.com\/fr\/wp-json\/wp\/v2\/types\/product"}],"replies":[{"embeddable":true,"href":"https:\/\/www.holydoggroup.com\/fr\/wp-json\/wp\/v2\/comments?post=1792"}],"wp:featuredmedia":[{"embeddable":true,"href":"https:\/\/www.holydoggroup.com\/fr\/wp-json\/wp\/v2\/media\/1793"}],"wp:attachment":[{"href":"https:\/\/www.holydoggroup.com\/fr\/wp-json\/wp\/v2\/media?parent=1792"}],"wp:term":[{"taxonomy":"product_brand","embeddable":true,"href":"https:\/\/www.holydoggroup.com\/fr\/wp-json\/wp\/v2\/product_brand?post=1792"},{"taxonomy":"product_cat","embeddable":true,"href":"https:\/\/www.holydoggroup.com\/fr\/wp-json\/wp\/v2\/product_cat?post=1792"},{"taxonomy":"product_tag","embeddable":true,"href":"https:\/\/www.holydoggroup.com\/fr\/wp-json\/wp\/v2\/product_tag?post=1792"}],"curies":[{"name":"WP","href":"https:\/\/api.w.org\/{rel}","templated":true}]}}