{"id":1804,"date":"2026-01-06T09:08:28","date_gmt":"2026-01-06T01:08:28","guid":{"rendered":"https:\/\/www.holydoggroup.com\/?post_type=product&#038;p=1804"},"modified":"2026-01-06T09:09:20","modified_gmt":"2026-01-06T01:09:20","slug":"saddle-style-pet-chest-and-back-durable-and-comfortable-material-not-press-on-the-chest-ideal-pet-walking-tool-for-small-and-medium-sized-dogs","status":"publish","type":"product","link":"https:\/\/www.holydoggroup.com\/fr\/pet-harness\/saddle-style-pet-chest-and-back-durable-and-comfortable-material-not-press-on-the-chest-ideal-pet-walking-tool-for-small-and-medium-sized-dogs\/","title":{"rendered":"Poitrine et dos de type selle. Mat\u00e9riel durable et confortable - ne pas appuyer sur la poitrine - Outil de marche id\u00e9al pour les petits et moyens chiens"},"content":{"rendered":"<p><img fetchpriority=\"high\" decoding=\"async\" class=\"aligncenter size-full wp-image-1809\" src=\"https:\/\/www.holydoggroup.com\/wp-content\/uploads\/2026\/01\/5-6.jpg\" alt=\"\" width=\"1000\" height=\"1000\" srcset=\"https:\/\/www.holydoggroup.com\/wp-content\/uploads\/2026\/01\/5-6.jpg 1000w, https:\/\/www.holydoggroup.com\/wp-content\/uploads\/2026\/01\/5-6-300x300.jpg 300w, https:\/\/www.holydoggroup.com\/wp-content\/uploads\/2026\/01\/5-6-150x150.jpg 150w, https:\/\/www.holydoggroup.com\/wp-content\/uploads\/2026\/01\/5-6-768x768.jpg 768w, https:\/\/www.holydoggroup.com\/wp-content\/uploads\/2026\/01\/5-6-600x600.jpg 600w, https:\/\/www.holydoggroup.com\/wp-content\/uploads\/2026\/01\/5-6-100x100.jpg 100w\" sizes=\"(max-width: 1000px) 100vw, 1000px\" \/><br \/>\n<strong>[Introduction de base]<\/strong><br \/>\nCette poitrine et le dos adoptent une conception ergonomique de style selle, adapt\u00e9e \u00e0 la courbe du pet&#8217; s le dos et la dispersion de la pression de traction pour \u00e9viter de compresser la poitrine et d'affecter la respiration. Le corps principal est fabriqu\u00e9 en mat\u00e9riau de plong\u00e9e de haute qualit\u00e9, avec isolation, absorption des chocs et haute \u00e9lasticit\u00e9. Il a un toucher doux et respectueux de la peau, amortissant l'impact pendant l'exercice. En hiver et en automne, il peut \u00e9galement garder le pet&#8217; La zone centrale est chaude. Les bords sont renforc\u00e9s par des bandes de tissu fortes en nylon, r\u00e9sistantes \u00e0 l'\u00e9tirement et \u00e0 l'abrasion et non sujettes \u00e0 la cassure. Il est \u00e9quip\u00e9 d'un encliquet de qualit\u00e9 POM de haute qualit\u00e9, ouvrant et fermant en douceur sans brouillage, r\u00e9sistant aux basses temp\u00e9ratures et aux chocs. Il est compl\u00e9t\u00e9 par une boucle en alliage de zinc, r\u00e9sistante \u00e0 la rouille et \u00e0 la corrosion, avec une forte capacit\u00e9 de charge. La structure double verrouillage emp\u00eache efficacement l'animal d'\u00e9chapper. Le produit est disponible en trois sch\u00e9mas de couleurs distinctifs: vert, marron et motif. Le vert est frais et propre, le brun est stable et s\u00e9rieux, et le motif est ludique. Il convient aux animaux de compagnie de diff\u00e9rents styles, \u00e9quilibrant praticit\u00e9 et apparence, rendant la marche des animaux de compagnie plus rassurante et esth\u00e9tiquement agr\u00e9able.<br \/>\n<strong>[Champ d'application]<\/strong><br \/>\nConvient aux chiens de taille moyenne et petite pesant de 3 \u00e0 35 kg (tels que les chiens en peluche, Bichon Frise, Corgis, Bulldogs fran\u00e7ais, Shiba Inus, Schnauzers, etc.) et aux chats adultes. Il peut \u00eatre utilis\u00e9 dans divers sc\u00e9narios tels que les promenades quotidiennes pour animaux de compagnie, la protection hivernale pour les sorties, la randonn\u00e9e en plein air, les courts voyages, l'entra\u00eenement de base, etc. Attention: Pas adapt\u00e9 aux grands chiens agressifs ou animaux de compagnie avec des comportements de traction intenses.<br \/>\n<strong>Point de vente cl\u00e9<\/strong><br \/>\nConception ergonomique de style selle: Il se conforme \u00e0 la courbe du pet&#8217; Retour, disperse la pression de traction, ne comprime pas la cavit\u00e9 thoracique, assure une respiration douce pour l'animal de compagnie et rend l'exp\u00e9rience de port plus confortable.<br \/>\n2. Avantages cl\u00e9s du mat\u00e9riel de plong\u00e9e: Il combine les fonctions d'isolation, d'absorption des chocs et d'\u00e9lasticit\u00e9. Il est doux et respectueux de la peau sans aucune irritation, et peut amortir l'impact des activit\u00e9s physiques, en gardant la peau chaude en automne et en hiver sans provoquer de fromages.<br \/>\n3. Stable antid\u00e9rapant: Boucle d'alliage de zinc d'encliquetage POM de bande forte en nylon fournit un triple renforcement, avec une excellente r\u00e9sistance \u00e0 la traction et des propri\u00e9t\u00e9s anti-d\u00e9chirure. Il offre un double verrouillage, assurant une exp\u00e9rience plus s\u00e9curis\u00e9e pendant le voyage.<br \/>\n4. Adaptation pratique: Les sangles r\u00e9glables des deux c\u00f4t\u00e9s offrent une large gamme d'options d'ajustement, adaptant pr\u00e9cis\u00e9ment les animaux de compagnie de diff\u00e9rents types de corps. Le processus d'usure et d'enl\u00e8vement est simple, et m\u00eame les d\u00e9butants peuvent l'utiliser facilement.<br \/>\n5. Les combinaisons de couleurs uniques sont faciles \u00e0 entretenir: les motifs verts, bruns et floraux sont disponibles. Ils r\u00e9pondent \u00e0 diverses pr\u00e9f\u00e9rences esth\u00e9tiques; Le mat\u00e9riau imperm\u00e9able combin\u00e9 avec le tissu tiss\u00e9 est facile \u00e0 nettoyer. Les taches peuvent \u00eatre effac\u00e9es avec un simple essuyement. La salet\u00e9 l\u00e9g\u00e8re peut \u00eatre lav\u00e9e \u00e0 la main et s\u00e8che rapidement.<br \/>\n<strong>[M\u00e9thode d'utilisation]<\/strong><br \/>\nAppuyez sur les deux c\u00f4t\u00e9s de la fermeture POM pour la d\u00e9bloquer. Disposez la poitrine et le dos de style selle \u00e0 plat. Guide le pet&#8217; des membres avant \u00e0 travers les trous des manches correspondants, de sorte que le corps principal de la poitrine et de la pi\u00e8ce arri\u00e8re s'adapte bien \u00e0 l'animal de compagnie; du dos et de la poitrine.<br \/>\n2. Ajustez les boucles de r\u00e9glage des deux c\u00f4t\u00e9s des sangles de bande, et les ajuster \u00e0 l'\u00e9tanch\u00e9it\u00e9 appropri\u00e9e (avec 1-2 doigts pouvant s'adapter est appropri\u00e9). Assurez-vous qu'il s'ajuste bien contre le corps et n'entrave pas l'animal de compagnie&#8217; S mouvement.<br \/>\n3. Serrez l'encliquette POM, tirez doucement pour v\u00e9rifier si l'encliquette est compl\u00e8tement verrouill\u00e9e avec la pince en alliage de zinc. Une fois confirm\u00e9 qu'il est correct, connectez la corde de remorquage et elle peut \u00eatre utilis\u00e9e.<br \/>\n4. Apr\u00e8s utilisation, appuyez sur le verrouillage POM pour d\u00e9verrouiller et enlever lentement le porte-animaux. Assurez-vous d'\u00e9viter de tirer l'animal&#8217; S fourrure.<br \/>\n<strong>[Questions fr\u00e9quemment pos\u00e9es]<\/strong><br \/>\nQ1: Comment choisir la taille appropri\u00e9e?<br \/>\nR: Veuillez vous r\u00e9f\u00e9rer au &#8220; Poids &#8211; Circonf\u00e9rence thoracique &#8211; Taille&#8221; tableau de comparaison sur la page de d\u00e9tails comme r\u00e9f\u00e9rence principale. La base de la s\u00e9lection est les donn\u00e9es de circonf\u00e9rence thoracique. Pour les animaux en surpoids ou en sous-poids, vous pouvez effectuer des ajustements mineurs en fonction du poids et ajuster les sangles r\u00e9glables pour assurer le confort sans \u00eatre trop serr\u00e9s.<br \/>\nQ2: Le mat\u00e9riel de plong\u00e9e vous fera-t-il vous sentir chaud lorsque vous le portez en \u00e9t\u00e9?<br \/>\nR: Le mat\u00e9riel de plong\u00e9e de haute qualit\u00e9 est l\u00e9ger et respirant. La conception de style selle fournit une zone d'ajustement appropri\u00e9e et a gagn\u00e9&#8217; t provoquer une chaleur excessive. En \u00e9t\u00e9, il est recommand\u00e9 de le porter pendant pas plus de 2 heures \u00e0 la fois, ou de l'utiliser uniquement pendant les p\u00e9riodes froides du matin et du soir. \u00c9vitez de le porter pendant longtemps pendant les p\u00e9riodes chaudes.<br \/>\nQ3: Les motifs de couleur se faneront-ils au fil du temps?<br \/>\nR: Ce produit est produit en utilisant un processus d'impression et de teinture respectueux de l'environnement. Le motif a une grande durabilit\u00e9 et est peu susceptible de se faner sous utilisation normale et nettoyage. Lors du nettoyage, \u00e9vitez d'utiliser une brosse \u00e0 poils durs pour frotter la zone du motif avec force. Ne pas utiliser de d\u00e9tergents alcalins, car cela aidera \u00e0 maintenir la couleur vive du motif.<br \/>\nQ4: Peut-il \u00eatre lav\u00e9 \u00e0 la machine?<br \/>\nR: Il n'est pas recommand\u00e9 de laver le produit \u00e0 la machine. \u00c9vitez la rotation \u00e0 grande vitesse qui peut provoquer la d\u00e9formation des sangles de tissu ou l'endommagement des enclenchements. Pour le nettoyage quotidien, utilisez un chiffon humide. Quand il devient tr\u00e8s sale, lavez-le doucement \u00e0 la main. Utilisez un d\u00e9tergent neutre et maintenez la temp\u00e9rature de l'eau \u00e0 30 \u00b0 C ou moins. Laissez-le s\u00e9cher naturellement et \u00e9vitez la lumi\u00e8re solaire directe pour prolonger le produit&#8217; S dur\u00e9e de vie.<\/p>","protected":false},"excerpt":{"rendered":"<table style=\"height: 66px; border-collapse: collapse; width: 51.3265%; background-color: #fcefb6;\" border=\"0\" width=\"51.3265%\" cellspacing=\"0\" cellpadding=\"0\">\n<tbody>\n<tr style=\"height: 27.00pt;\">\n<td class=\"et2\" style=\"height: 27px; width: 54.05pt; text-align: center;\" width=\"72\" height=\"36\">Taille<\/td>\n<td class=\"et2\" style=\"width: 192.05pt; height: 27px; text-align: center;\" width=\"256\">Circumf\u00e9rence du cou (cm)<\/td>\n<td class=\"et2\" style=\"width: 90.05pt; height: 27px; text-align: center;\" width=\"120\">Tour de poitrine (cm)<\/td>\n<td class=\"et2\" style=\"width: 90.05pt; height: 27px; text-align: center;\" width=\"120\">Poids (kg)<\/td>\n<\/tr>\n<tr style=\"height: 13.50pt;\">\n<td class=\"et2\" style=\"height: 13px; width: 54.05pt; text-align: center;\" width=\"72\" height=\"18\">S<\/td>\n<td class=\"et2\" style=\"width: 192.05pt; height: 13px; text-align: center;\" width=\"256\">37-48<\/td>\n<td class=\"et2\" style=\"width: 90.05pt; height: 13px; text-align: center;\" width=\"120\">48-59<\/td>\n<td class=\"et3\" style=\"width: 90.05pt; height: 13px; text-align: center;\" width=\"120\">4-8<\/td>\n<\/tr>\n<tr style=\"height: 13.50pt;\">\n<td class=\"et2\" style=\"height: 13px; width: 54.05pt; text-align: center;\" width=\"72\" height=\"18\">M<\/td>\n<td class=\"et2\" style=\"width: 192.05pt; height: 13px; text-align: center;\" width=\"256\">44-61<\/td>\n<td class=\"et2\" style=\"width: 90.05pt; height: 13px; text-align: center;\" width=\"120\">56-75<\/td>\n<td class=\"et2\" style=\"width: 90.05pt; height: 13px; text-align: center;\" width=\"120\">8-16<\/td>\n<\/tr>\n<tr style=\"height: 13.50pt;\">\n<td class=\"et2\" style=\"height: 13px; width: 54.05pt; text-align: center;\" width=\"72\" height=\"18\">L<\/td>\n<td class=\"et2\" style=\"width: 192.05pt; height: 13px; text-align: center;\" width=\"256\">48-67<\/td>\n<td class=\"et2\" style=\"width: 90.05pt; height: 13px; text-align: center;\" width=\"120\">67-89<\/td>\n<td class=\"et2\" style=\"width: 90.05pt; height: 13px; text-align: center;\" width=\"120\">16-32<\/td>\n<\/tr>\n<\/tbody>\n<\/table>\n<p>Cette poitrine de style selle pour animaux de compagnie est fabriqu\u00e9e en mat\u00e9riau imperm\u00e9able, offrant une excellente isolation, une absorption des chocs et une \u00e9lasticit\u00e9. Son design ergonomique est confortable et ne fait pas pression sur la poitrine. Il est \u00e9quip\u00e9 de ceintures d'imitation en nylon et de doubles boucles de s\u00e9curit\u00e9 pour la stabilit\u00e9 et pour emp\u00eacher l'\u00e9vasion. Il convient aux chiens et chats de petite et moyenne taille et peut \u00eatre utilis\u00e9 dans divers sc\u00e9narios. L'ajustement est pratique. Il est disponible en couleurs verte et marron et est facile \u00e0 nettoyer et \u00e0 entretenir. Il combine praticit\u00e9 et apparence, ce qui en fait un excellent choix pour les voyages d'animaux domestiques.<\/p>","protected":false},"featured_media":1805,"comment_status":"closed","ping_status":"closed","template":"","meta":[],"product_brand":[],"product_cat":[20],"product_tag":[],"class_list":{"0":"post-1804","1":"product","2":"type-product","3":"status-publish","4":"has-post-thumbnail","6":"product_cat-pet-harness","8":"first","9":"instock","10":"shipping-taxable","11":"purchasable","12":"product-type-variable"},"_links":{"self":[{"href":"https:\/\/www.holydoggroup.com\/fr\/wp-json\/wp\/v2\/product\/1804","targetHints":{"allow":["GET"]}}],"collection":[{"href":"https:\/\/www.holydoggroup.com\/fr\/wp-json\/wp\/v2\/product"}],"about":[{"href":"https:\/\/www.holydoggroup.com\/fr\/wp-json\/wp\/v2\/types\/product"}],"replies":[{"embeddable":true,"href":"https:\/\/www.holydoggroup.com\/fr\/wp-json\/wp\/v2\/comments?post=1804"}],"wp:featuredmedia":[{"embeddable":true,"href":"https:\/\/www.holydoggroup.com\/fr\/wp-json\/wp\/v2\/media\/1805"}],"wp:attachment":[{"href":"https:\/\/www.holydoggroup.com\/fr\/wp-json\/wp\/v2\/media?parent=1804"}],"wp:term":[{"taxonomy":"product_brand","embeddable":true,"href":"https:\/\/www.holydoggroup.com\/fr\/wp-json\/wp\/v2\/product_brand?post=1804"},{"taxonomy":"product_cat","embeddable":true,"href":"https:\/\/www.holydoggroup.com\/fr\/wp-json\/wp\/v2\/product_cat?post=1804"},{"taxonomy":"product_tag","embeddable":true,"href":"https:\/\/www.holydoggroup.com\/fr\/wp-json\/wp\/v2\/product_tag?post=1804"}],"curies":[{"name":"WP","href":"https:\/\/api.w.org\/{rel}","templated":true}]}}