{"id":1829,"date":"2026-01-06T09:42:48","date_gmt":"2026-01-06T01:42:48","guid":{"rendered":"https:\/\/www.holydoggroup.com\/?post_type=product&#038;p=1829"},"modified":"2026-01-06T09:42:48","modified_gmt":"2026-01-06T01:42:48","slug":"c002","status":"publish","type":"product","link":"https:\/\/www.holydoggroup.com\/fr\/pet-leash\/c002\/","title":{"rendered":"Double-couleur apparence pratique combin\u00e9-lumi\u00e8re violet contraste P-string poign\u00e9e d'imitation en nylon facile \u00e0 utiliser pour les promenades et l'entra\u00eenement"},"content":{"rendered":"<p><img fetchpriority=\"high\" decoding=\"async\" class=\"aligncenter size-full wp-image-1830\" src=\"https:\/\/www.holydoggroup.com\/wp-content\/uploads\/2026\/01\/1-8.jpg\" alt=\"\" width=\"1000\" height=\"1000\" srcset=\"https:\/\/www.holydoggroup.com\/wp-content\/uploads\/2026\/01\/1-8.jpg 1000w, https:\/\/www.holydoggroup.com\/wp-content\/uploads\/2026\/01\/1-8-300x300.jpg 300w, https:\/\/www.holydoggroup.com\/wp-content\/uploads\/2026\/01\/1-8-150x150.jpg 150w, https:\/\/www.holydoggroup.com\/wp-content\/uploads\/2026\/01\/1-8-768x768.jpg 768w, https:\/\/www.holydoggroup.com\/wp-content\/uploads\/2026\/01\/1-8-600x600.jpg 600w, https:\/\/www.holydoggroup.com\/wp-content\/uploads\/2026\/01\/1-8-100x100.jpg 100w\" sizes=\"(max-width: 1000px) 100vw, 1000px\" \/><\/p>\n<p>Il s'agit d'un pet P-string qui met l'accent sur le confort et la pratique. La poign\u00e9e est en tissu d'imitation nylon, tandis que le corps principal est compos\u00e9 de corde ronde en polyester haute r\u00e9sistance. Il est compl\u00e9t\u00e9 par des fermures POM et des boucles en alliage, assurant \u00e0 la fois une bonne adh\u00e9rence et une bonne durabilit\u00e9.<br \/>\n<strong>Port\u00e9e d'application:<\/strong> Convient aux chiens de taille moyenne et petite de 5 \u00e0 15 kg, couvrant des sc\u00e9narios tels que des promenades quotidiennes en plein air, l'entra\u00eenement des animaux de compagnie et de courts voyages.<br \/>\n<strong>Points de vente principaux :<\/strong><br \/>\nPoign\u00e9e en tissu d'imitation nylon: Touch doux et antid\u00e9rapant, permettant une tenue \u00e0 long terme sans irritation ou glissement des mains;<br \/>\nCorde ronde en polyester haute r\u00e9sistance: Forte et durable, r\u00e9sistante \u00e0 la traction et peu susceptible de se casser, adapt\u00e9e au comportement anim\u00e9 des animaux de compagnie;<br \/>\nCombination de boucle de haute qualit\u00e9: les fermures POM s'ouvrent en douceur sans brouillage, les boucles en alliage ont une forte capacit\u00e9 de charge, offrant plus de tranquillit\u00e9 d'esprit lors de la traction;<br \/>\nConception d'apparence double couleur: le motif grille violet est r\u00e9tro et frais, tandis que le contraste violet l\u00e9ger est doux et attrayant, \u00e9quilibrant la pratique et l'esth\u00e9tique;<br \/>\nStructure de corde en P: peut rapidement ajuster l'\u00e9tanch\u00e9it\u00e9 de la boucle de corde, aidant \u00e0 normaliser le comportement de marche des animaux de compagnie, rendant les promenades plus pratiques.<br \/>\n<strong>M\u00e9thode d'utilisation:<\/strong><br \/>\nOuvrez les fermures POM, ajustez la boucle de corde \u00e0 la taille appropri\u00e9e;<br \/>\nIns\u00e9rez la boucle de corde autour du pet&#8217; s cou, laissant 1-2 doigts de l\u00e2che;<br \/>\nFixez les fermures, maintenez la poign\u00e9e d'imitation en nylon pour tirer;<br \/>\nLors de l'accompagnement, tirez doucement la boucle de corde pour aider \u00e0 corriger le comportement (\u00e9viter le tirage violent).<br \/>\n<strong>Questions fr\u00e9quentes :<\/strong><br \/>\nQ: Comment choisir la taille? A: Mesurer le pet&#8217; s circonf\u00e9rence du cou, s\u00e9lectionnez la boucle de corde qui couvre la circonf\u00e9rence du cou et laisse 1-2 espaces pour les doigts;<br \/>\nQ: Peut-il \u00eatre lav\u00e9 en machine? A: Il est recommand\u00e9 de laver \u00e0 la main et de s\u00e9cher naturellement pour \u00e9viter les dommages au tissu et \u00e0 la boucle;<br \/>\nQ: Est-ce qu'il convient pour les grands chiens? R: Ce mod\u00e8le convient aux chiens de taille moyenne de 5 \u00e0 15 kg. Pour les grands chiens, il est recommand\u00e9 de choisir le mod\u00e8le porteur correspondant.<\/p>","protected":false},"excerpt":{"rendered":"<p>&nbsp;<\/p>\n<p>Pet double couleur P-string, la poign\u00e9e est en tissu d'imitation de nylon pour l'antid\u00e9rapant et le confort, le corps principal est compos\u00e9 de corde ronde en polyester haute r\u00e9sistance, et est compl\u00e9t\u00e9 par des fermures POM et des boucles en alliage pour une plus grande s\u00e9curit\u00e9. Il convient aux chiens de taille moyenne et petite de 5 \u00e0 15 kg, couvrant des sc\u00e9narios tels que les promenades et l'entra\u00eenement de compagnon, avec un haut niveau d'apparence double couleur, et la structure de corde en P peut aider \u00e0 normaliser le comportement des animaux de compagnie, rendant les promenades plus pratiques.<\/p>","protected":false},"featured_media":1830,"comment_status":"closed","ping_status":"closed","template":"","meta":[],"product_brand":[],"product_cat":[21],"product_tag":[],"class_list":{"0":"post-1829","1":"product","2":"type-product","3":"status-publish","4":"has-post-thumbnail","6":"product_cat-pet-leash","8":"first","9":"instock","10":"shipping-taxable","11":"purchasable","12":"product-type-variable"},"_links":{"self":[{"href":"https:\/\/www.holydoggroup.com\/fr\/wp-json\/wp\/v2\/product\/1829","targetHints":{"allow":["GET"]}}],"collection":[{"href":"https:\/\/www.holydoggroup.com\/fr\/wp-json\/wp\/v2\/product"}],"about":[{"href":"https:\/\/www.holydoggroup.com\/fr\/wp-json\/wp\/v2\/types\/product"}],"replies":[{"embeddable":true,"href":"https:\/\/www.holydoggroup.com\/fr\/wp-json\/wp\/v2\/comments?post=1829"}],"wp:featuredmedia":[{"embeddable":true,"href":"https:\/\/www.holydoggroup.com\/fr\/wp-json\/wp\/v2\/media\/1830"}],"wp:attachment":[{"href":"https:\/\/www.holydoggroup.com\/fr\/wp-json\/wp\/v2\/media?parent=1829"}],"wp:term":[{"taxonomy":"product_brand","embeddable":true,"href":"https:\/\/www.holydoggroup.com\/fr\/wp-json\/wp\/v2\/product_brand?post=1829"},{"taxonomy":"product_cat","embeddable":true,"href":"https:\/\/www.holydoggroup.com\/fr\/wp-json\/wp\/v2\/product_cat?post=1829"},{"taxonomy":"product_tag","embeddable":true,"href":"https:\/\/www.holydoggroup.com\/fr\/wp-json\/wp\/v2\/product_tag?post=1829"}],"curies":[{"name":"WP","href":"https:\/\/api.w.org\/{rel}","templated":true}]}}