{"id":1912,"date":"2026-01-07T09:24:48","date_gmt":"2026-01-07T01:24:48","guid":{"rendered":"https:\/\/www.holydoggroup.com\/?post_type=product&#038;p=1912"},"modified":"2026-01-07T09:24:49","modified_gmt":"2026-01-07T01:24:49","slug":"d005","status":"publish","type":"product","link":"https:\/\/www.holydoggroup.com\/fr\/pet-leash\/d005\/","title":{"rendered":"Ceille durable pour animaux de compagnie | Corde tress\u00e9e haute r\u00e9sistance | Fixations stables | Caramel \/ noir et blanc essentiels pour promenades pour animaux de compagnie"},"content":{"rendered":"<p><img fetchpriority=\"high\" decoding=\"async\" class=\"aligncenter  wp-image-1913\" src=\"https:\/\/www.holydoggroup.com\/wp-content\/uploads\/2026\/01\/1-12.jpg\" alt=\"\" width=\"625\" height=\"625\" srcset=\"https:\/\/www.holydoggroup.com\/wp-content\/uploads\/2026\/01\/1-12.jpg 1000w, https:\/\/www.holydoggroup.com\/wp-content\/uploads\/2026\/01\/1-12-300x300.jpg 300w, https:\/\/www.holydoggroup.com\/wp-content\/uploads\/2026\/01\/1-12-150x150.jpg 150w, https:\/\/www.holydoggroup.com\/wp-content\/uploads\/2026\/01\/1-12-768x768.jpg 768w, https:\/\/www.holydoggroup.com\/wp-content\/uploads\/2026\/01\/1-12-600x600.jpg 600w, https:\/\/www.holydoggroup.com\/wp-content\/uploads\/2026\/01\/1-12-100x100.jpg 100w\" sizes=\"(max-width: 625px) 100vw, 625px\" \/><\/p>\n<p>Ceci est la laisse pour animaux de compagnie durable lanc\u00e9e par holydog, sp\u00e9cialement con\u00e7ue pour un tirage confortable et s\u00fbr:<br \/>\n<strong>Introduction g\u00e9n\u00e9rale :<\/strong> Le corps principal est fait de corde tress\u00e9e en nylon d'imitation haute r\u00e9sistance, associ\u00e9 \u00e0 des attaches en alliage de zinc stables, \u00e9quip\u00e9 d'une poign\u00e9e int\u00e9gr\u00e9e tiss\u00e9e confortable pi\u00e8ces de renforcement noir, offrant deux options de couleur: couleur caramel (texture basse cl\u00e9) et noir et blanc (motif \u00e0 la mode).<br \/>\n<strong>Port\u00e9e d'application:<\/strong> Convient aux petits \u00e0 moyens et aux animaux de compagnie de taille moyenne \u00e0 grande (tels que les ours en peluche, les corgis, les collis de fronti\u00e8re, etc.), applicable pour les promenades quotidiennes en plein air, les courts voyages et les interactions quotidiennes.<br \/>\nPoints de vente principaux: Le corps de corde en nylon d'imitation est r\u00e9sistant \u00e0 l'usure et anti-traction, et ne se d\u00e9forme pas; les fixations en alliage de zinc sont stables en poids et ne rouillent pas; la poign\u00e9e tiss\u00e9e est antid\u00e9rapante et confortable, et ne porte pas les mains apr\u00e8s une longue tenue; les options de couleur double conviennent \u00e0 diff\u00e9rentes esth\u00e9tiques, et le corps de la corde est facile \u00e0 ranger et ne n\u0153ude pas.<br \/>\n<strong>M\u00e9thode d'utilisation:<\/strong> Mettez le fixateur en alliage de zinc sur le crochet de harnais de poitrine et maintenez la poign\u00e9e tiss\u00e9e pour tirer r\u00e9guli\u00e8rement; lors du stockage, enroulez soigneusement la corde et placez-la dans un endroit sec.<br \/>\n<strong>Questions fr\u00e9quentes :<\/strong><\/p>\n<p>Q: Comment nettoyer ? A: Laver avec un d\u00e9tergent doux \u00e0 la main et s\u00e9cher apr\u00e8s, \u00e9viter la lumi\u00e8re directe du soleil;<\/p>\n<p>Q: Est-il adapt\u00e9 aux grands chiens agressifs? R: Suggest\u00e9 pour les animaux de compagnie pesant 35 kg ou moins;<\/p>\n<p>Q: La poign\u00e9e porte-t-elle les mains? A: Le mat\u00e9riau tiss\u00e9 a un toucher doux, et les mains ne s'useront pas apr\u00e8s une longue tenue.<\/p>\n<p>&nbsp;<\/p>","protected":false},"excerpt":{"rendered":"<p>Cette laisse de holydog dispose d'un noyau de fixations en alliage de zinc de corde de nylon d'imitation de haute r\u00e9sistance, r\u00e9sistant \u00e0 l'usure et \u00e0 la traction, stable et r\u00e9sistant \u00e0 la rouille, la poign\u00e9e tiss\u00e9e assure une traction confortable, adapt\u00e9e \u00e0 plusieurs races de chiens pesant 35 kg ou moins, couleur caramel et options de couleur double noir et blanc \u00e9quilibre texture et mode, c'est un bon article durable et pratique pour les promenades quotidiennes des animaux de compagnie.<\/p>","protected":false},"featured_media":1913,"comment_status":"closed","ping_status":"closed","template":"","meta":[],"product_brand":[],"product_cat":[21],"product_tag":[],"class_list":{"0":"post-1912","1":"product","2":"type-product","3":"status-publish","4":"has-post-thumbnail","6":"product_cat-pet-leash","8":"first","9":"instock","10":"shipping-taxable","11":"purchasable","12":"product-type-variable"},"_links":{"self":[{"href":"https:\/\/www.holydoggroup.com\/fr\/wp-json\/wp\/v2\/product\/1912","targetHints":{"allow":["GET"]}}],"collection":[{"href":"https:\/\/www.holydoggroup.com\/fr\/wp-json\/wp\/v2\/product"}],"about":[{"href":"https:\/\/www.holydoggroup.com\/fr\/wp-json\/wp\/v2\/types\/product"}],"replies":[{"embeddable":true,"href":"https:\/\/www.holydoggroup.com\/fr\/wp-json\/wp\/v2\/comments?post=1912"}],"wp:featuredmedia":[{"embeddable":true,"href":"https:\/\/www.holydoggroup.com\/fr\/wp-json\/wp\/v2\/media\/1913"}],"wp:attachment":[{"href":"https:\/\/www.holydoggroup.com\/fr\/wp-json\/wp\/v2\/media?parent=1912"}],"wp:term":[{"taxonomy":"product_brand","embeddable":true,"href":"https:\/\/www.holydoggroup.com\/fr\/wp-json\/wp\/v2\/product_brand?post=1912"},{"taxonomy":"product_cat","embeddable":true,"href":"https:\/\/www.holydoggroup.com\/fr\/wp-json\/wp\/v2\/product_cat?post=1912"},{"taxonomy":"product_tag","embeddable":true,"href":"https:\/\/www.holydoggroup.com\/fr\/wp-json\/wp\/v2\/product_tag?post=1912"}],"curies":[{"name":"WP","href":"https:\/\/api.w.org\/{rel}","templated":true}]}}