{"id":1933,"date":"2026-01-07T09:47:47","date_gmt":"2026-01-07T01:47:47","guid":{"rendered":"https:\/\/www.holydoggroup.com\/?post_type=product&#038;p=1933"},"modified":"2026-01-07T09:47:47","modified_gmt":"2026-01-07T01:47:47","slug":"d004","status":"publish","type":"product","link":"https:\/\/www.holydoggroup.com\/fr\/pet-leash\/d004\/","title":{"rendered":"\u3010Robuste antid\u00e9rapant\u3011Poign\u00e9e de mat\u00e9riel de plong\u00e9e Pet Leash &#8211; Corps de corde en nylon r\u00e9sistant \u00e0 l'usure &#8211; Clip de s\u00e9curit\u00e9 en alliage de zinc &#8211; Disponible en trois couleurs"},"content":{"rendered":"<p><img fetchpriority=\"high\" decoding=\"async\" class=\"aligncenter  wp-image-1938\" src=\"https:\/\/www.holydoggroup.com\/wp-content\/uploads\/2026\/01\/5-14.jpg\" alt=\"\" width=\"601\" height=\"601\" srcset=\"https:\/\/www.holydoggroup.com\/wp-content\/uploads\/2026\/01\/5-14.jpg 1000w, https:\/\/www.holydoggroup.com\/wp-content\/uploads\/2026\/01\/5-14-300x300.jpg 300w, https:\/\/www.holydoggroup.com\/wp-content\/uploads\/2026\/01\/5-14-150x150.jpg 150w, https:\/\/www.holydoggroup.com\/wp-content\/uploads\/2026\/01\/5-14-768x768.jpg 768w, https:\/\/www.holydoggroup.com\/wp-content\/uploads\/2026\/01\/5-14-600x600.jpg 600w, https:\/\/www.holydoggroup.com\/wp-content\/uploads\/2026\/01\/5-14-100x100.jpg 100w\" sizes=\"(max-width: 601px) 100vw, 601px\" \/><\/p>\n<p><strong>Introduction du produit:<\/strong><br \/>\nCette laisse pour animaux de compagnie est sp\u00e9cialement con\u00e7ue pour les promenades quotidiennes et les activit\u00e9s de plein air, combinant durabilit\u00e9 et confort, assurant un voyage s\u00fbr et facile pour vous et votre animal de compagnie. La pi\u00e8ce de poign\u00e9e est faite de mat\u00e9riau de plong\u00e9e doux et antid\u00e9rapant, ce qui le rend confortable \u00e0 maintenir pendant longtemps sans fatiguer vos mains; le corps de la corde est fait de corde tress\u00e9e en nylon d'imitation \u00e0 haute r\u00e9sistance, qui est r\u00e9sistante \u00e0 l'usure et r\u00e9sistante \u00e0 la traction et peut r\u00e9sister aux chocs soudains; la boucle est en alliage de zinc de haute qualit\u00e9, r\u00e9sistant \u00e0 la corrosion et avec une serrure s\u00e9curis\u00e9e, assurant que l'animal de compagnie n'est pas susceptible d'\u00e9chapper. Le produit est disponible en trois couleurs : vert arm\u00e9e, caramel et rose, \u00e9quilibrant \u00e0 la fois la mode et la pratique.<\/p>\n<p><strong>Champ d'application :<\/strong><br \/>\nConvient pour les promenades quotidiennes, l'entra\u00eenement ou l'exploration en plein air de petits et moyens chiens, \u00e9galement adapt\u00e9 pour les animaux de compagnie actifs et \u00e9nergiques qui aiment courir autour.<br \/>\nPrincipaux points de vente :<br \/>\nLa poign\u00e9e est en mat\u00e9riau de plong\u00e9e et est douce et serr\u00e9e contre la paume. Il est antid\u00e9rapant et respirant, assurant que les mains ne se fatiguent pas apr\u00e8s une longue utilisation.<br \/>\nForte et durable: La corde en nylon haute r\u00e9sistance est hautement r\u00e9sistante \u00e0 l'usure et \u00e0 la d\u00e9chirure. Combin\u00e9 avec les attaches en alliage de zinc, il offre des garanties de double s\u00e9curit\u00e9.<br \/>\nContr\u00f4le flexible: La corde est lisse et ne s'emm\u00eale pas facilement. La corde peut \u00eatre rapidement ajust\u00e9e en longueur pour r\u00e9pondre aux diff\u00e9rentes exigences de la sc\u00e8ne.<br \/>\nNiveau de tenue en ligne : vert arm\u00e9e, caramel et rose \u00e0 faible saturation. \u00c9tui mais \u00e9l\u00e9gant, il ajoute une touche de personnalit\u00e9 lorsqu'il est associ\u00e9 \u00e0 un collier pour animaux de compagnie.<\/p>\n<p><strong>Instructions d'utilisation :<\/strong><br \/>\nConnectez une extr\u00e9mit\u00e9 de la fermeture au pet&#8217; s col ou harnais de poitrine, et assurez-vous que la serrure est compl\u00e8tement ferm\u00e9e.<br \/>\nAjustez la longueur de la corde en fonction du sc\u00e9nario de d\u00e9placement. Elle peut \u00eatre fix\u00e9e par la bague de r\u00e9glage situ\u00e9e sous la poign\u00e9e.<br \/>\nSi les animaux provoquent un mouvement soudain pendant l'utilisation, maintenez doucement la section antid\u00e9rapante de la poign\u00e9e pour lib\u00e9rer progressivement la force d'impact.<\/p>\n<p><strong>Questions fr\u00e9quentes :<\/strong><br \/>\nQ: Cette laisse convient-elle aux grands chiens?<br \/>\nR: Cette laisse a une forte capacit\u00e9 de charge, mais elle est recommand\u00e9e pour les animaux de compagnie pesant moins de 25 kg.<br \/>\nQ: Peut-il \u00eatre lav\u00e9 en machine?<br \/>\nR: Il est recommand\u00e9 de se laver \u00e0 la main et \u00e0 l'air sec. \u00c9vitez le trempage prolong\u00e9 ou l'exposition \u00e0 la lumi\u00e8re solaire directe pour prolonger la dur\u00e9e de vie du mat\u00e9riau.<br \/>\nQ: L'attache est-elle sujette \u00e0 la rouille?<br \/>\nA: La surface de l'alliage de zinc a subi un traitement d'oxydation, ce qui fournit de bonnes propri\u00e9t\u00e9s de pr\u00e9vention de la rouille. Apr\u00e8s une utilisation quotidienne, essuyez-le \u00e0 sec.<\/p>","protected":false},"excerpt":{"rendered":"<p>Cette laisse pour animaux de compagnie est sp\u00e9cialement con\u00e7ue pour des sorties s\u00fbres et confortables. Il dispose d'une poign\u00e9e antid\u00e9rapante en mat\u00e9riau de plong\u00e9e, d'une corde de tissage en imitation de nylon forte et de fixations en alliage de zinc, \u00e9quilibrant la durabilit\u00e9 et la man\u0153uvrabilit\u00e9. Il convient \u00e0 l'utilisation quotidienne par les petits et moyens chiens et est disponible en trois couleurs \u00e0 faible saturation qui sont \u00e0 la mode et polyvalentes. Le design d\u00e9taill\u00e9 est r\u00e9fl\u00e9chi, avec des fonctionnalit\u00e9s anti-traction et anti-usure, rendant les promenades avec votre animal plus faciles et plus rassurantes, vous permettant d'accompagner votre animal de compagnie bien-aim\u00e9 \u00e0 chaque voyage.<\/p>","protected":false},"featured_media":1934,"comment_status":"closed","ping_status":"closed","template":"","meta":[],"product_brand":[],"product_cat":[21],"product_tag":[],"class_list":{"0":"post-1933","1":"product","2":"type-product","3":"status-publish","4":"has-post-thumbnail","6":"product_cat-pet-leash","8":"first","9":"instock","10":"shipping-taxable","11":"purchasable","12":"product-type-variable"},"_links":{"self":[{"href":"https:\/\/www.holydoggroup.com\/fr\/wp-json\/wp\/v2\/product\/1933","targetHints":{"allow":["GET"]}}],"collection":[{"href":"https:\/\/www.holydoggroup.com\/fr\/wp-json\/wp\/v2\/product"}],"about":[{"href":"https:\/\/www.holydoggroup.com\/fr\/wp-json\/wp\/v2\/types\/product"}],"replies":[{"embeddable":true,"href":"https:\/\/www.holydoggroup.com\/fr\/wp-json\/wp\/v2\/comments?post=1933"}],"wp:featuredmedia":[{"embeddable":true,"href":"https:\/\/www.holydoggroup.com\/fr\/wp-json\/wp\/v2\/media\/1934"}],"wp:attachment":[{"href":"https:\/\/www.holydoggroup.com\/fr\/wp-json\/wp\/v2\/media?parent=1933"}],"wp:term":[{"taxonomy":"product_brand","embeddable":true,"href":"https:\/\/www.holydoggroup.com\/fr\/wp-json\/wp\/v2\/product_brand?post=1933"},{"taxonomy":"product_cat","embeddable":true,"href":"https:\/\/www.holydoggroup.com\/fr\/wp-json\/wp\/v2\/product_cat?post=1933"},{"taxonomy":"product_tag","embeddable":true,"href":"https:\/\/www.holydoggroup.com\/fr\/wp-json\/wp\/v2\/product_tag?post=1933"}],"curies":[{"name":"WP","href":"https:\/\/api.w.org\/{rel}","templated":true}]}}