{"id":281,"date":"2025-08-26T15:03:14","date_gmt":"2025-08-26T07:03:14","guid":{"rendered":"https:\/\/www.holydoggroup.com\/?post_type=product&#038;p=281"},"modified":"2026-01-04T12:43:05","modified_gmt":"2026-01-04T04:43:05","slug":"a009","status":"publish","type":"product","link":"https:\/\/www.holydoggroup.com\/fr\/pet-harness\/a009\/","title":{"rendered":"Pet poitrine et dos 360 degr\u00e9s pour la marche \u00e0 l'ext\u00e9rieur chien, poitrine r\u00e9tractable et dos"},"content":{"rendered":"<p>Titre: OEM, ODM confort personnel r\u00e9glable harnais doux ext\u00e9rieur mode durable nouveau style harnais de chien de haute qualit\u00e9<\/p>\n<p>Harnais de chien noir PETCRAFT: Red\u00e9finir la mobilit\u00e9 canine avec un design professionnel<\/p>\n<p>Dans le vaste paysage des accessoires pour animaux de compagnie, le harnais de chien noir PETCRAFT se distingue comme un chef-d'\u0153uvre fonctionnel - une fusion sans couture de durabilit\u00e9 robuste, d'ergonomie centr\u00e9e sur le chien et de design polyvalent. De la s\u00e9lection des mat\u00e9riaux \u00e0 l\u2019ing\u00e9nierie structurelle, chaque d\u00e9tail refl\u00e8te une mission unique : \u00e9lever le lien humain-canin par la s\u00e9curit\u00e9, le confort et les performances durables. Ci-dessous, nous analysons ses caract\u00e9ristiques qui la distinguent dans un march\u00e9 bond\u00e9.<\/p>\n<p>### 1. Alchimie mat\u00e9rielle : un \u00e9quilibre de force et de douceur<br \/>\nLe c\u0153ur du harnais se trouve dans une palette strat\u00e9gique de mat\u00e9riaux, alliant r\u00e9silience et confort doux:<\/p>\n<p><img fetchpriority=\"high\" decoding=\"async\" class=\"size-full wp-image-770 aligncenter\" src=\"https:\/\/www.holydoggroup.com\/wp-content\/uploads\/2025\/08\/ZH023-4.jpg\" alt=\"\" width=\"800\" height=\"800\" srcset=\"https:\/\/www.holydoggroup.com\/wp-content\/uploads\/2025\/08\/ZH023-4.jpg 800w, https:\/\/www.holydoggroup.com\/wp-content\/uploads\/2025\/08\/ZH023-4-300x300.jpg 300w, https:\/\/www.holydoggroup.com\/wp-content\/uploads\/2025\/08\/ZH023-4-150x150.jpg 150w, https:\/\/www.holydoggroup.com\/wp-content\/uploads\/2025\/08\/ZH023-4-768x768.jpg 768w, https:\/\/www.holydoggroup.com\/wp-content\/uploads\/2025\/08\/ZH023-4-600x600.jpg 600w, https:\/\/www.holydoggroup.com\/wp-content\/uploads\/2025\/08\/ZH023-4-100x100.jpg 100w\" sizes=\"(max-width: 800px) 100vw, 800px\" \/><\/p>\n<p>&#8211;  ** Coquille ext\u00e9rieure: Nylon de qualit\u00e9 industrielle **<br \/>\nLa \u00ab colonne vert\u00e9brale \u00bb du harnais est forg\u00e9e \u00e0 partir de bandes en nylon de haute densit\u00e9, offrant une r\u00e9sistance exceptionnelle aux d\u00e9chirures et une durabilit\u00e9 \u00e0 l\u2019abrasion. Que ce soit face \u00e0 une pouss\u00e9e soudaine d\u2019un Border Collie, au remorquage ludique d\u2019un Golden Retriever ou aux grattages contre un terrain rugueux, il reste intact. Sa r\u00e9sistance intrins\u00e8que aux intemp\u00e9ries (hydrophobe, anti-moisissure) assure une fiabilit\u00e9 sous la pluie ou la boue, tandis que ses propri\u00e9t\u00e9s faciles \u00e0 nettoyer simplifient l'entretien post-aventure.<\/p>\n<p><img decoding=\"async\" class=\"size-full wp-image-771 aligncenter\" src=\"https:\/\/www.holydoggroup.com\/wp-content\/uploads\/2025\/08\/ZH023-5.jpg\" alt=\"\" width=\"800\" height=\"800\" srcset=\"https:\/\/www.holydoggroup.com\/wp-content\/uploads\/2025\/08\/ZH023-5.jpg 800w, https:\/\/www.holydoggroup.com\/wp-content\/uploads\/2025\/08\/ZH023-5-300x300.jpg 300w, https:\/\/www.holydoggroup.com\/wp-content\/uploads\/2025\/08\/ZH023-5-150x150.jpg 150w, https:\/\/www.holydoggroup.com\/wp-content\/uploads\/2025\/08\/ZH023-5-768x768.jpg 768w, https:\/\/www.holydoggroup.com\/wp-content\/uploads\/2025\/08\/ZH023-5-600x600.jpg 600w, https:\/\/www.holydoggroup.com\/wp-content\/uploads\/2025\/08\/ZH023-5-100x100.jpg 100w\" sizes=\"(max-width: 800px) 100vw, 800px\" \/><\/p>\n<p>&#8211;  ** Couche int\u00e9rieure: maille respirante &amp; Doublure en polaire**<br \/>\nContre la peau du chien, un composite de maille respirante et de polaire doux cr\u00e9e une \u00ab seconde peau \u00bb. La maille agit comme un syst\u00e8me de micro-ventilation, \u00e9liminant la sueur, tandis que le polaire amortie les points de pression. M\u00eame les chiens susceptibles d'allergie b\u00e9n\u00e9ficient d'une usure sans irritation, gr\u00e2ce \u00e0 la doublure hypoallerg\u00e8ne.<\/p>\n<p>&#8211;  ** D\u00e9tails de l'artisanat **<br \/>\nLa double couture renforc\u00e9e et les bords thermiquement scell\u00e9s de la bande emp\u00eachent l'effraction, assurant que le harnais r\u00e9siste \u00e0 des ann\u00e9es d'utilisation. Chaque point et couture parle de durabilit\u00e9 obsessive.<\/p>\n<p>### 2. Ergonomie canine : de la restriction \u00e0 la libert\u00e9<br \/>\nL\u2019\u00e9quipe de conception de PETCRAFT a ma\u00eetris\u00e9 la biom\u00e9canique canine pour cr\u00e9er un harnais qui se d\u00e9place *avec* le chien :<\/p>\n<p><img decoding=\"async\" class=\"wp-image-772 size-full aligncenter\" src=\"https:\/\/www.holydoggroup.com\/wp-content\/uploads\/2025\/08\/ZH023-6.jpg\" alt=\"\" width=\"800\" height=\"800\" srcset=\"https:\/\/www.holydoggroup.com\/wp-content\/uploads\/2025\/08\/ZH023-6.jpg 800w, https:\/\/www.holydoggroup.com\/wp-content\/uploads\/2025\/08\/ZH023-6-300x300.jpg 300w, https:\/\/www.holydoggroup.com\/wp-content\/uploads\/2025\/08\/ZH023-6-150x150.jpg 150w, https:\/\/www.holydoggroup.com\/wp-content\/uploads\/2025\/08\/ZH023-6-768x768.jpg 768w, https:\/\/www.holydoggroup.com\/wp-content\/uploads\/2025\/08\/ZH023-6-600x600.jpg 600w, https:\/\/www.holydoggroup.com\/wp-content\/uploads\/2025\/08\/ZH023-6-100x100.jpg 100w\" sizes=\"(max-width: 800px) 100vw, 800px\" \/><\/p>\n<p>&#8211;  ** Distribution de la pression d'enroulement **<br \/>\nSe d\u00e9barrassant des designs obsol\u00e8tes restreignant le cou, le harnais adopte une structure d'enveloppement ** poitrine et \u00e9paule **. La tension se disperse de mani\u00e8re uniforme sur le torse, \u00e9liminant la tension trach\u00e9ale, essentielle pour les races brachycephaliques (par exemple, les bulldogs fran\u00e7ais) ou les chiens sujets \u00e0 la traction. Un chien se sent \u00ab redirig\u00e9 \u00bb plut\u00f4t que \u00ab \u00e9touff\u00e9 \u00bb.<\/p>\n<p>&#8211;  ** Sculpture de contour 3D **<br \/>\nLes lignes courbes du harnais suivent la forme naturelle du corps du chien. Au fur et \u00e0 mesure que le chien cour ou saute, les sangles se flexionnent comme des bandes \u00e9lastiques, \u00e9vitant ainsi les bouleversements de l\u2019aisselle ou les restrictions de mobilit\u00e9. C'est un \"ajustement dynamique\" qui dispara\u00eet dans le mouvement du chien.<\/p>\n<p>### 3. Syst\u00e8me de s\u00e9curit\u00e9 : visibilit\u00e9, contr\u00f4le et s\u00e9curit\u00e9<br \/>\nLa s\u00e9curit\u00e9 est tiss\u00e9e dans chaque \u00e9l\u00e9ment :<\/p>\n<p><img loading=\"lazy\" decoding=\"async\" class=\"wp-image-774 size-full aligncenter\" src=\"https:\/\/www.holydoggroup.com\/wp-content\/uploads\/2025\/08\/ZH023-8.jpg\" alt=\"\" width=\"800\" height=\"800\" srcset=\"https:\/\/www.holydoggroup.com\/wp-content\/uploads\/2025\/08\/ZH023-8.jpg 800w, https:\/\/www.holydoggroup.com\/wp-content\/uploads\/2025\/08\/ZH023-8-300x300.jpg 300w, https:\/\/www.holydoggroup.com\/wp-content\/uploads\/2025\/08\/ZH023-8-150x150.jpg 150w, https:\/\/www.holydoggroup.com\/wp-content\/uploads\/2025\/08\/ZH023-8-768x768.jpg 768w, https:\/\/www.holydoggroup.com\/wp-content\/uploads\/2025\/08\/ZH023-8-600x600.jpg 600w, https:\/\/www.holydoggroup.com\/wp-content\/uploads\/2025\/08\/ZH023-8-100x100.jpg 100w\" sizes=\"(max-width: 800px) 100vw, 800px\" \/><\/p>\n<p>&#8211;  ** Trim r\u00e9fl\u00e9chissant : Gardien de nuit **<br \/>\nDes bandes r\u00e9fl\u00e9chissantes subtiles lignent les bords du harnais, transformant le chien en une \u00ab balise mobile \u00bb en faible lumi\u00e8re, r\u00e9duisant les risques d\u2019accident lors de promenades au cr\u00e9puscule \/ \u00e0 l\u2019aube.<\/p>\n<p><img loading=\"lazy\" decoding=\"async\" class=\"wp-image-773 size-full aligncenter\" src=\"https:\/\/www.holydoggroup.com\/wp-content\/uploads\/2025\/08\/ZH023-7.jpg\" alt=\"\" width=\"800\" height=\"800\" srcset=\"https:\/\/www.holydoggroup.com\/wp-content\/uploads\/2025\/08\/ZH023-7.jpg 800w, https:\/\/www.holydoggroup.com\/wp-content\/uploads\/2025\/08\/ZH023-7-300x300.jpg 300w, https:\/\/www.holydoggroup.com\/wp-content\/uploads\/2025\/08\/ZH023-7-150x150.jpg 150w, https:\/\/www.holydoggroup.com\/wp-content\/uploads\/2025\/08\/ZH023-7-768x768.jpg 768w, https:\/\/www.holydoggroup.com\/wp-content\/uploads\/2025\/08\/ZH023-7-600x600.jpg 600w, https:\/\/www.holydoggroup.com\/wp-content\/uploads\/2025\/08\/ZH023-7-100x100.jpg 100w\" sizes=\"(max-width: 800px) 100vw, 800px\" \/><\/p>\n<p>&#8211;  ** Doubles anneaux en acier inoxydable **<br \/>\nDeux anneaux en D (poitrine et dos) offrant une polyvalence tactique:<br \/>\n&#8211;  **Clip avant**: Pour l'entra\u00eenement, il redirige la force de traction vers le propri\u00e9taire, freinant le saut ou le saut (id\u00e9al pour la correction du comportement).<br \/>\n&#8211;  **Back Clip**: Pour les promenades d\u00e9contract\u00e9es, il distribue la tension le long de la colonne vert\u00e9brale, maximisant la libert\u00e9.<\/p>\n<p>&#8211;  ** Boucles \u00e0 lib\u00e9ration rapide de qualit\u00e9 a\u00e9ronautique **<br \/>\nCes boucles en plastique robustes survivent \u00e0 des essais de force extr\u00eames tout en s'ouvrant facilement d'une main. Pas d'\u00e9vasions accidentelles - juste une usure s\u00e9curis\u00e9e et pratique.<\/p>\n<p>### 4.  **Ajustement Magic: Cro\u00eetre avec moi polyvalence**<br \/>\nLe harnais s\u2019adapte \u00e0 l\u2019\u00e9volution de la taille et de la forme d\u2019un chien :<\/p>\n<p><img loading=\"lazy\" decoding=\"async\" class=\"wp-image-775 size-full aligncenter\" src=\"https:\/\/www.holydoggroup.com\/wp-content\/uploads\/2025\/08\/ZH023-9.jpg\" alt=\"\" width=\"800\" height=\"800\" srcset=\"https:\/\/www.holydoggroup.com\/wp-content\/uploads\/2025\/08\/ZH023-9.jpg 800w, https:\/\/www.holydoggroup.com\/wp-content\/uploads\/2025\/08\/ZH023-9-300x300.jpg 300w, https:\/\/www.holydoggroup.com\/wp-content\/uploads\/2025\/08\/ZH023-9-150x150.jpg 150w, https:\/\/www.holydoggroup.com\/wp-content\/uploads\/2025\/08\/ZH023-9-768x768.jpg 768w, https:\/\/www.holydoggroup.com\/wp-content\/uploads\/2025\/08\/ZH023-9-600x600.jpg 600w, https:\/\/www.holydoggroup.com\/wp-content\/uploads\/2025\/08\/ZH023-9-100x100.jpg 100w\" sizes=\"(max-width: 800px) 100vw, 800px\" \/><\/p>\n<p>&#8211;  ** Ajustement quadridimensionnel **<br \/>\nLes coulissants sur la poitrine, les \u00e9paules et le ventre permettent **r\u00e9glage multi-axes** (avant-arri\u00e8re, haut-bas, serr\u00e9-l\u00e2che). Que l\u2019adaptation d\u2019un chiot en croissance ou des changements de poids saisonniers d\u2019un chien adulte, la personnalisation de pr\u00e9cision est facile.<\/p>\n<p><img loading=\"lazy\" decoding=\"async\" class=\"wp-image-776 size-full aligncenter\" src=\"https:\/\/www.holydoggroup.com\/wp-content\/uploads\/2025\/08\/ZH023-10.jpg\" alt=\"\" width=\"800\" height=\"800\" srcset=\"https:\/\/www.holydoggroup.com\/wp-content\/uploads\/2025\/08\/ZH023-10.jpg 800w, https:\/\/www.holydoggroup.com\/wp-content\/uploads\/2025\/08\/ZH023-10-300x300.jpg 300w, https:\/\/www.holydoggroup.com\/wp-content\/uploads\/2025\/08\/ZH023-10-150x150.jpg 150w, https:\/\/www.holydoggroup.com\/wp-content\/uploads\/2025\/08\/ZH023-10-768x768.jpg 768w, https:\/\/www.holydoggroup.com\/wp-content\/uploads\/2025\/08\/ZH023-10-600x600.jpg 600w, https:\/\/www.holydoggroup.com\/wp-content\/uploads\/2025\/08\/ZH023-10-100x100.jpg 100w\" sizes=\"(max-width: 800px) 100vw, 800px\" \/><\/p>\n<p>&#8211;  ** Modification sans outil **<br \/>\nLes ajustements ne n\u00e9cessitent pas d'outils - il suffit de tirer la bande. M\u00eame au milieu de la marche, vous pouvez affiner l'ajustement en quelques secondes.<\/p>\n<p>### 5. R\u00e9volution du confort : du \u00ab tol\u00e9rable \u00bb au \u00ab d\u00e9sirable \u00bb<br \/>\nLe harnais red\u00e9finit la portabilit\u00e9, en faisant une pi\u00e8ce que les chiens *veulent* porter:<\/p>\n<p>&#8211;  ** Rembourrage Cloud-Like **<br \/>\nRembourrage en mousse m\u00e9moire de 8 mm d'\u00e9paisseur coussins zones de haute pression (poitrine, aisselles). Il se moule sur le corps du chien, cr\u00e9ant un contact \u00e0 pression z\u00e9ro - m\u00eame apr\u00e8s 4 heures d'usure, la peau reste sans marques.<\/p>\n<p>&#8211;  ** Philosophie de la bande large **<br \/>\nToutes les sangles porteuses (\u22652,5 cm de large) r\u00e9pandent la pression sur de grandes zones, rempla\u00e7ant la \u00ab douleur de pincement \u00bb par un soutien doux. Un chien qui pousse ressent la stabilit\u00e9, pas la piq\u00fbre.<\/p>\n<p>&#8211;  ** Architecture respirante **<br \/>\nLa structure en nid d\u2019abeille de la maille int\u00e9rieure, associ\u00e9e \u00e0 une d\u00e9coupe arri\u00e8re, forme un canal de flux d\u2019air**. \u00c0 35 \u00b0 C de chaleur, le dos du chien reste frais, essentiel pour \u00e9viter la surchauffe.<\/p>\n<p>### 6.  **Dominance dans tous les sc\u00e9narios : Urban \u00e0 W<\/p>\n<p><img loading=\"lazy\" decoding=\"async\" class=\"wp-image-778 size-full aligncenter\" src=\"https:\/\/www.holydoggroup.com\/wp-content\/uploads\/2025\/08\/ZH023-12.jpg\" alt=\"\" width=\"800\" height=\"800\" srcset=\"https:\/\/www.holydoggroup.com\/wp-content\/uploads\/2025\/08\/ZH023-12.jpg 800w, https:\/\/www.holydoggroup.com\/wp-content\/uploads\/2025\/08\/ZH023-12-300x300.jpg 300w, https:\/\/www.holydoggroup.com\/wp-content\/uploads\/2025\/08\/ZH023-12-150x150.jpg 150w, https:\/\/www.holydoggroup.com\/wp-content\/uploads\/2025\/08\/ZH023-12-768x768.jpg 768w, https:\/\/www.holydoggroup.com\/wp-content\/uploads\/2025\/08\/ZH023-12-600x600.jpg 600w, https:\/\/www.holydoggroup.com\/wp-content\/uploads\/2025\/08\/ZH023-12-100x100.jpg 100w\" sizes=\"(max-width: 800px) 100vw, 800px\" \/><\/p>","protected":false},"excerpt":{"rendered":"<p>&nbsp;<\/p>\n<table style=\"width: 100%; height: 142px;\">\n<tbody>\n<tr style=\"height: 47px;\">\n<td style=\"height: 47px;\" width=\"176\"><strong>TAILLEURE<\/strong><\/td>\n<td style=\"height: 47px;\" width=\"181\"><strong>Circonf\u00e9rence du cou<\/strong><\/td>\n<td style=\"height: 47px;\" width=\"187\"><strong>Circonf\u00e9rence thoracique<\/strong><\/td>\n<td style=\"height: 47px;\" width=\"168\"><strong>poids<\/strong><\/td>\n<\/tr>\n<tr style=\"height: 23px;\">\n<td style=\"height: 23px;\" width=\"176\"><strong>S<\/strong><\/td>\n<td style=\"height: 23px;\" width=\"181\"><strong>31-42cm<\/strong><\/td>\n<td style=\"height: 23px;\" width=\"187\"><strong>45-60cm<\/strong><\/td>\n<td style=\"height: 23px;\" width=\"168\"><strong>6 \u00e0 15 kg<\/strong><\/td>\n<\/tr>\n<tr style=\"height: 23px;\">\n<td style=\"height: 23px;\" width=\"176\"><strong>M<\/strong><\/td>\n<td style=\"height: 23px;\" width=\"181\"><strong>38-54cm<\/strong><\/td>\n<td style=\"height: 23px;\" width=\"187\"><strong>57-74cm<\/strong><\/td>\n<td style=\"height: 23px;\" width=\"168\"><strong>14-22kg<\/strong><\/td>\n<\/tr>\n<tr style=\"height: 26px;\">\n<td style=\"height: 26px;\" width=\"176\"><strong>L<\/strong><\/td>\n<td style=\"height: 26px;\" width=\"181\"><strong>48-57cm<\/strong><\/td>\n<td style=\"height: 26px;\" width=\"187\"><strong>69-87cm<\/strong><\/td>\n<td style=\"height: 26px;\" width=\"168\"><strong>20 \u00e0 35 kg<\/strong><\/td>\n<\/tr>\n<\/tbody>\n<\/table>","protected":false},"featured_media":284,"comment_status":"open","ping_status":"closed","template":"","meta":[],"product_brand":[],"product_cat":[20],"product_tag":[],"class_list":{"0":"post-281","1":"product","2":"type-product","3":"status-publish","4":"has-post-thumbnail","6":"product_cat-pet-harness","8":"first","9":"instock","10":"shipping-taxable","11":"purchasable","12":"product-type-variable"},"_links":{"self":[{"href":"https:\/\/www.holydoggroup.com\/fr\/wp-json\/wp\/v2\/product\/281","targetHints":{"allow":["GET"]}}],"collection":[{"href":"https:\/\/www.holydoggroup.com\/fr\/wp-json\/wp\/v2\/product"}],"about":[{"href":"https:\/\/www.holydoggroup.com\/fr\/wp-json\/wp\/v2\/types\/product"}],"replies":[{"embeddable":true,"href":"https:\/\/www.holydoggroup.com\/fr\/wp-json\/wp\/v2\/comments?post=281"}],"wp:featuredmedia":[{"embeddable":true,"href":"https:\/\/www.holydoggroup.com\/fr\/wp-json\/wp\/v2\/media\/284"}],"wp:attachment":[{"href":"https:\/\/www.holydoggroup.com\/fr\/wp-json\/wp\/v2\/media?parent=281"}],"wp:term":[{"taxonomy":"product_brand","embeddable":true,"href":"https:\/\/www.holydoggroup.com\/fr\/wp-json\/wp\/v2\/product_brand?post=281"},{"taxonomy":"product_cat","embeddable":true,"href":"https:\/\/www.holydoggroup.com\/fr\/wp-json\/wp\/v2\/product_cat?post=281"},{"taxonomy":"product_tag","embeddable":true,"href":"https:\/\/www.holydoggroup.com\/fr\/wp-json\/wp\/v2\/product_tag?post=281"}],"curies":[{"name":"WP","href":"https:\/\/api.w.org\/{rel}","templated":true}]}}