{"id":282,"date":"2025-08-26T15:03:43","date_gmt":"2025-08-26T07:03:43","guid":{"rendered":"https:\/\/www.holydoggroup.com\/?post_type=product&#038;p=282"},"modified":"2026-01-04T12:41:38","modified_gmt":"2026-01-04T04:41:38","slug":"d002","status":"publish","type":"product","link":"https:\/\/www.holydoggroup.com\/fr\/pet-leash\/d002\/","title":{"rendered":"Pet-walking outil magique! La boucle P en alliage de zinc de la corde de traction tiss\u00e9e en polyester est durable"},"content":{"rendered":"<p>Titre: OEM, ODM PET leash boucle universelle durable en alliage s'appliquent \u00e0 la direction diff\u00e9rente<br \/>\nCl\u00e9: PET LEASH, DOG LEASH, corde de marche pour chiens<br \/>\nCordes pour chiens: Aper\u00e7u professionnel<br \/>\nComme l'un des types les plus r\u00e9pandus de laisses pour chiens, les laisses pour chiens \u00e0 corde sont g\u00e9n\u00e9ralement fabriqu\u00e9es \u00e0 partir de mat\u00e9riaux \u00e0 base de corde tels que le nylon, le coton ou le polyester. Voici une ventilation d\u00e9taill\u00e9e de leurs caract\u00e9ristiques cl\u00e9s:<br \/>\n1. Excellente durabilit\u00e9<br \/>\nLes laisses de chien \u00e0 corde pr\u00e9sentent g\u00e9n\u00e9ralement une durabilit\u00e9 exceptionnelle, capable de r\u00e9sister \u00e0 la force de traction et au comportement de m\u00e2chage des chiens. Cette robustesse les rend adapt\u00e9s aux chiens de toutes tailles et de toutes races, des petits chiens d'accompagnement aux grandes races de travail.<br \/>\n2. Confort sup\u00e9rieur<br \/>\nLa plupart des cordes pour chiens sont faites de mat\u00e9riaux de corde doux, qui se sentent doux au toucher. Lorsqu\u2019ils sont en contact avec le corps d\u2019un chien, ils ne provoquent pas d\u2019irritation cutan\u00e9e ou d\u2019inconfort, ni ne cr\u00e9ent un sentiment de retenue. Cette conception assure une grande protection de la peau pour les chiens pendant l'usure.<br \/>\n3. Maintenance facile &amp; Hygi\u00e8ne<br \/>\nUne caract\u00e9ristique caract\u00e9ristique des mat\u00e9riaux de corde est leur facilit\u00e9 de nettoyage. Pour une salet\u00e9 quotidienne (poussi\u00e8re, taches mineures, par exemple), la laisse peut \u00eatre nettoy\u00e9e rapidement en rin\u00e7ant avec de l'eau ou en essuyant avec un chiffon humide. Cela simplifie l'entretien de l'hygi\u00e8ne et r\u00e9duit le risque de croissance bact\u00e9rienne.<br \/>\n4. Portabilit\u00e9 \u00e9lev\u00e9e<br \/>\nPar rapport \u00e0 d'autres types de laisses (comme les laisses \u00e0 cha\u00eene en cuir ou en m\u00e9tal), les laisses \u00e0 chien \u00e0 corde sont nettement plus l\u00e9g\u00e8res. Ils peuvent \u00eatre facilement envelopp\u00e9s autour du poignet pendant des promenades ou gliss\u00e9s dans un sac \u00e0 dos pour voyager, sans ajouter de masse inutile. Cela les rend id\u00e9aux pour les promenades en plein air, les courts voyages et d'autres sc\u00e9narios en d\u00e9placement.<br \/>\n5. Options de conception polyvalentes<br \/>\nLes leashes pour chiens \u00e0 corde offrent une large gamme de variantes de conception pour r\u00e9pondre \u00e0 divers besoins:<\/p>\n<p>\uf0b7 Couleurs: Inclure des tons neutres (par exemple, noir, gris) et des teintes vives (par exemple, bleu, orange).<br \/>\n\uf0b7 Styles: Caract\u00e9ristique couleurs solides, rayures ou motifs tiss\u00e9s.<br \/>\n\uf0b7 Longueurs: styles courts (adapt\u00e9s \u00e0 l'entra\u00eenement de base) et styles longs (id\u00e9aux pour permettre aux chiens plus de libert\u00e9 de mouvement).<\/p>\n<p>Ces options permettent la personnalisation en fonction des pr\u00e9f\u00e9rences esth\u00e9tiques du propri\u00e9taire et des exigences pratiques du chien.<br \/>\nLimitations \u00e0 noter<br \/>\nMalgr\u00e9 les avantages ci-dessus, les leashes de chien \u00e0 corde ont certains inconv\u00e9nients:<\/p>\n<p>\uf0b7 Ils sont sujets \u00e0 l'enchev\u00eatrement pendant l'utilisation, n\u00e9cessitant un ajustement occasionnel.<\/p>\n<p>En r\u00e9sum\u00e9, les cordes \u00e0 chiens sont tr\u00e8s rentables et servent de choix pratique pour les promenades quotidiennes, l'entra\u00eenement de base des chiens et les aventures en plein air.<\/p>\n<p>&nbsp;<\/p>\n<p><img fetchpriority=\"high\" decoding=\"async\" class=\"size-full wp-image-1562 aligncenter\" src=\"https:\/\/www.holydoggroup.com\/wp-content\/uploads\/2025\/08\/ZH002-2.8.jpg\" alt=\"\" width=\"800\" height=\"800\" srcset=\"https:\/\/www.holydoggroup.com\/wp-content\/uploads\/2025\/08\/ZH002-2.8.jpg 800w, https:\/\/www.holydoggroup.com\/wp-content\/uploads\/2025\/08\/ZH002-2.8-300x300.jpg 300w, https:\/\/www.holydoggroup.com\/wp-content\/uploads\/2025\/08\/ZH002-2.8-150x150.jpg 150w, https:\/\/www.holydoggroup.com\/wp-content\/uploads\/2025\/08\/ZH002-2.8-768x768.jpg 768w, https:\/\/www.holydoggroup.com\/wp-content\/uploads\/2025\/08\/ZH002-2.8-600x600.jpg 600w, https:\/\/www.holydoggroup.com\/wp-content\/uploads\/2025\/08\/ZH002-2.8-100x100.jpg 100w\" sizes=\"(max-width: 800px) 100vw, 800px\" \/><\/p>\n<p>La soci\u00e9t\u00e9 fait ses d\u00e9buts \u00e0 la Pet Fair Asia 2025 avec des produits de qualit\u00e9 pour animaux de compagnie<br \/>\nLe 22 ao\u00fbt 2025 a marqu\u00e9 une \u00e9tape importante pour notre entreprise puisque nous avons fait nos d\u00e9buts tr\u00e8s attendus \u00e0 la 27\u00e8me Pet Fair Asia, Asia&#8217; la plus grande et la plus influente exposition de l'industrie des animaux de compagnie, tenue au Shanghai New International Expo Centre du 20 au 24 ao\u00fbt. Parmi les 310 000 m\u00e8tres carr\u00e9s d'espace d'exposition accueillant plus de 2 500 exposants mondiaux, notre stand s'est distingu\u00e9 comme un p\u00f4le d'activit\u00e9, attirant une attention consid\u00e9rable des professionnels de l'industrie et des visiteurs.<br \/>\nNotre premi\u00e8re apparition \u00e0 cet \u00e9v\u00e9nement de premier plan a pr\u00e9sent\u00e9 une campagne de tirage au sort qui est devenue un aimant instantan\u00e9 de la foule. Le cadeau de prix gratuit a g\u00e9n\u00e9r\u00e9 un trafic de pieds continu tout au long de la journ\u00e9e, cr\u00e9ant une atmosph\u00e8re dynamique autour de notre espace d\u2019exposition. Cette initiative strat\u00e9gique a non seulement stimul\u00e9 l\u2019engagement des visiteurs, mais a \u00e9galement facilit\u00e9 des interactions significatives avec un public diversifi\u00e9, y compris des repr\u00e9sentants de marques nationales, des acheteurs internationaux et des importateurs \u00e9trangers qui recherchent activement des produits de qualit\u00e9 pour animaux de compagnie.<br \/>\nAu-del\u00e0 de l\u2019excitation des activit\u00e9s au sort, notre gamme de produits pour animaux de compagnie a re\u00e7u des \u00e9loges \u00e9crasants pour sa qualit\u00e9 exceptionnelle. Les professionnels de l'industrie et les amateurs d'animaux de compagnie ont salu\u00e9 les mat\u00e9riaux de premi\u00e8re qualit\u00e9 utilis\u00e9s dans nos produits, notant leur durabilit\u00e9 et leur s\u00e9curit\u00e9, attributs cl\u00e9s qui r\u00e9sonnent profond\u00e9ment avec les propri\u00e9taires modernes d'animaux de compagnie. L'artisanat m\u00e9ticuleux manifeste dans chaque article a \u00e9galement attir\u00e9 des \u00e9loges r\u00e9pandus, avec de nombreux visiteurs soulignant l'attention au d\u00e9tail qui distingue nos offres sur un march\u00e9 concurrentiel. Ces produits, y compris nos cordes phares et accessoires, ont montr\u00e9 le m\u00e9lange parfait de fonctionnalit\u00e9 et de confort qu'aujourd'hui&#8217; les exigences du march\u00e9 des soins pour animaux de compagnie.<br \/>\nL'\u00e9v\u00e9nement a fourni une plate-forme inestimable pour nous connecter avec plus de 100 000 visiteurs professionnels de toute la r\u00e9gion Asie-Pacifique et au-del\u00e0, avec pr\u00e8s de 70% des acheteurs internationaux provenant des march\u00e9s de l'Asie de l'Est et du Sud-Est. Cette exposition a ouvert des voies prometteuses pour des partenariats potentiels et des opportunit\u00e9s de distribution, en accord avec notre objectif strat\u00e9gique d'\u00e9largir la port\u00e9e du march\u00e9 national et mondial.<br \/>\nEn tant qu'un des nouveaux exposants de premier plan de cette ann\u00e9e&#8217; s Pet Fair Asia, nous avons d\u00e9montr\u00e9 notre engagement envers l'excellence dans la fabrication de produits pour animaux de compagnie. La r\u00e9ception positive renforce notre conviction que les mat\u00e9riaux sup\u00e9rieurs, l'artisanat exquis et le design centr\u00e9 sur le client sont les pierres angulaires du succ\u00e8s dans l'industrie en \u00e9volution des animaux de compagnie. Nous quittons l\u2019exposition inspir\u00e9s par les connexions faites et \u00e9nergis\u00e9s pour innover davantage notre gamme de produits en s\u2019appuyant sur les pr\u00e9cieuses connaissances recueillies \u00e0 partir de cet \u00e9v\u00e9nement prestigieux.<br \/>\nEn regardant l\u2019avenir, ce succ\u00e8s marque le d\u00e9but de notre voyage pour devenir un nom de confiance sur le march\u00e9 mondial des produits pour animaux de compagnie, en s\u2019appuyant sur l\u2019\u00e9lan g\u00e9n\u00e9r\u00e9 \u00e0 Pet Fair Asia 2025.<\/p>\n<p><img decoding=\"async\" class=\"size-full wp-image-1564 aligncenter\" src=\"https:\/\/www.holydoggroup.com\/wp-content\/uploads\/2025\/08\/ZH002-3.2.jpg\" alt=\"\" width=\"800\" height=\"800\" srcset=\"https:\/\/www.holydoggroup.com\/wp-content\/uploads\/2025\/08\/ZH002-3.2.jpg 800w, https:\/\/www.holydoggroup.com\/wp-content\/uploads\/2025\/08\/ZH002-3.2-300x300.jpg 300w, https:\/\/www.holydoggroup.com\/wp-content\/uploads\/2025\/08\/ZH002-3.2-150x150.jpg 150w, https:\/\/www.holydoggroup.com\/wp-content\/uploads\/2025\/08\/ZH002-3.2-768x768.jpg 768w, https:\/\/www.holydoggroup.com\/wp-content\/uploads\/2025\/08\/ZH002-3.2-600x600.jpg 600w, https:\/\/www.holydoggroup.com\/wp-content\/uploads\/2025\/08\/ZH002-3.2-100x100.jpg 100w\" sizes=\"(max-width: 800px) 100vw, 800px\" \/><\/p>","protected":false},"excerpt":{"rendered":"<p>Cette laisse pour animaux de compagnie est faite de corde ronde tress\u00e9e 100% polyester, qui est forte, r\u00e9sistante \u00e0 l'usure, r\u00e9sistante \u00e0 la traction, flexible, a une bonne sensation \u00e0 la main et n'est pas facile \u00e0 emm\u00ealer. \u00c9quip\u00e9 d'une boucle P en alliage de zinc de haute qualit\u00e9, il s'ouvre et se ferme en douceur sans brouillage, a une forte capacit\u00e9 de charge et n'est pas sujette \u00e0 la rouille ou \u00e0 la d\u00e9formation. Il reste stable m\u00eame apr\u00e8s une utilisation \u00e0 long terme. Combinant durabilit\u00e9 et portabilit\u00e9, il vous permet de contr\u00f4ler facilement le rythme de marche de votre animal de compagnie et de rendre vos voyages plus sans soucis.<\/p>","protected":false},"featured_media":1542,"comment_status":"open","ping_status":"closed","template":"","meta":[],"product_brand":[],"product_cat":[21],"product_tag":[],"class_list":{"0":"post-282","1":"product","2":"type-product","3":"status-publish","4":"has-post-thumbnail","6":"product_cat-pet-leash","8":"first","9":"instock","10":"shipping-taxable","11":"purchasable","12":"product-type-variable"},"_links":{"self":[{"href":"https:\/\/www.holydoggroup.com\/fr\/wp-json\/wp\/v2\/product\/282","targetHints":{"allow":["GET"]}}],"collection":[{"href":"https:\/\/www.holydoggroup.com\/fr\/wp-json\/wp\/v2\/product"}],"about":[{"href":"https:\/\/www.holydoggroup.com\/fr\/wp-json\/wp\/v2\/types\/product"}],"replies":[{"embeddable":true,"href":"https:\/\/www.holydoggroup.com\/fr\/wp-json\/wp\/v2\/comments?post=282"}],"wp:featuredmedia":[{"embeddable":true,"href":"https:\/\/www.holydoggroup.com\/fr\/wp-json\/wp\/v2\/media\/1542"}],"wp:attachment":[{"href":"https:\/\/www.holydoggroup.com\/fr\/wp-json\/wp\/v2\/media?parent=282"}],"wp:term":[{"taxonomy":"product_brand","embeddable":true,"href":"https:\/\/www.holydoggroup.com\/fr\/wp-json\/wp\/v2\/product_brand?post=282"},{"taxonomy":"product_cat","embeddable":true,"href":"https:\/\/www.holydoggroup.com\/fr\/wp-json\/wp\/v2\/product_cat?post=282"},{"taxonomy":"product_tag","embeddable":true,"href":"https:\/\/www.holydoggroup.com\/fr\/wp-json\/wp\/v2\/product_tag?post=282"}],"curies":[{"name":"WP","href":"https:\/\/api.w.org\/{rel}","templated":true}]}}