{"id":2,"date":"2025-08-18T12:23:22","date_gmt":"2025-08-18T04:23:22","guid":{"rendered":"https:\/\/www.holydoggroup.com\/?page_id=2"},"modified":"2025-08-18T12:23:22","modified_gmt":"2025-08-18T04:23:22","slug":"sample-page","status":"publish","type":"page","link":"https:\/\/www.holydoggroup.com\/it\/sample-page\/","title":{"rendered":"Pagina di esempio"},"content":{"rendered":"<p>Questa \u00e8 una pagina di dimostrazione. A differenza di una pagina e di un post sul blog, la sua posizione \u00e8 fissa e di solito viene visualizzata nella barra di navigazione del sito. Molti utenti creano una pagina \"su\" per presentarsi ai visitatori. Ad esempio:<\/p>\n\n\n\n<blockquote class=\"wp-block-quote is-layout-flow wp-block-quote-is-layout-flow\"><p>Ciao a tutti! Di giorno sono un corriere, di notte un attore aspirante. Questo \u00e8 il mio sito. Vivo a Pechino, ho un cane umano di nome Little Black e amo l'arte e i viaggi.<\/p><\/blockquote>\n\n\n\n<p>... o questo:<\/p>\n\n\n\n<blockquote class=\"wp-block-quote is-layout-flow wp-block-quote-is-layout-flow\"><p>La societ\u00e0 XYZ Doohickey \u00e8 stata fondata nel 1971 e, sin dalla sua fondazione, abbiamo contribuito alla societ\u00e0 con doohickies eccellenti. La nostra azienda ha sede a Tianjin e conta con oltre 2.000 dipendenti che contribuiscono notevolmente alle tasse del governo di Tianjin.<\/p><\/blockquote>\n\n\n\n<p>Come nuovo utente di WordPress, ti consigliamo di passare<a href=\"https:\/\/www.holydoggroup.com\/wp-admin\/\">Dashboard del tuo sito<\/a>Elimina questa pagina e crea una nuova pagina con i tuoi contenuti. Buon utilizzo!<\/p>","protected":false},"excerpt":{"rendered":"<p>Questa \u00e8 una pagina di dimostrazione. A differenza di una pagina e di un post sul blog, la sua posizione \u00e8 fissa e di solito viene visualizzata nella barra di navigazione del sito. Molti utenti creano una pagina \"su\" per presentarsi ai visitatori. Ad esempio: Ciao a tutti! Di giorno sono un corriere, di notte un attore aspirante. Questo \u00e8 il mio sito. Vivo a Pechino, ho un cane umano di nome Little Black e amo l'arte e i viaggi.  ... o questo: XYZ Doohickey \u00e8 stata fondata nel 1971 e sin dalla sua fondazione abbiamo contribuito alla societ\u00e0 con eccellenti doohickies. La nostra azienda ha sede a Tianjin e conta con oltre 2.000 dipendenti che contribuiscono notevolmente alle tasse del governo di Tianjin. In quanto nuovo utente di WordPress, ti consigliamo di accedere al dashboard del tuo sito, eliminare questa pagina e creare una nuova pagina con i tuoi contenuti. Buon utilizzo!<\/p>","protected":false},"author":1,"featured_media":0,"parent":0,"menu_order":0,"comment_status":"closed","ping_status":"open","template":"","meta":{"footnotes":""},"class_list":["post-2","page","type-page","status-publish","hentry"],"_links":{"self":[{"href":"https:\/\/www.holydoggroup.com\/it\/wp-json\/wp\/v2\/pages\/2","targetHints":{"allow":["GET"]}}],"collection":[{"href":"https:\/\/www.holydoggroup.com\/it\/wp-json\/wp\/v2\/pages"}],"about":[{"href":"https:\/\/www.holydoggroup.com\/it\/wp-json\/wp\/v2\/types\/page"}],"author":[{"embeddable":true,"href":"https:\/\/www.holydoggroup.com\/it\/wp-json\/wp\/v2\/users\/1"}],"replies":[{"embeddable":true,"href":"https:\/\/www.holydoggroup.com\/it\/wp-json\/wp\/v2\/comments?post=2"}],"version-history":[{"count":0,"href":"https:\/\/www.holydoggroup.com\/it\/wp-json\/wp\/v2\/pages\/2\/revisions"}],"wp:attachment":[{"href":"https:\/\/www.holydoggroup.com\/it\/wp-json\/wp\/v2\/media?parent=2"}],"curies":[{"name":"WP","href":"https:\/\/api.w.org\/{rel}","templated":true}]}}