{"id":425,"date":"2025-09-05T11:47:51","date_gmt":"2025-09-05T03:47:51","guid":{"rendered":"https:\/\/www.holydoggroup.com\/?page_id=425"},"modified":"2026-01-13T14:09:36","modified_gmt":"2026-01-13T06:09:36","slug":"holydog","status":"publish","type":"page","link":"https:\/\/www.holydoggroup.com\/it\/holydog\/","title":{"rendered":"Holydog"},"content":{"rendered":"<div data-elementor-type=\"wp-page\" data-elementor-id=\"425\" class=\"elementor elementor-425\" data-elementor-post-type=\"page\">\n\t\t\t\t\t\t<section class=\"elementor-section elementor-top-section elementor-element elementor-element-f942e6a elementor-section-height-min-height elementor-section-boxed elementor-section-height-default elementor-section-items-middle\" data-id=\"f942e6a\" data-element_type=\"section\" data-e-type=\"section\" data-settings=\"{&quot;background_background&quot;:&quot;classic&quot;}\">\n\t\t\t\t\t\t\t<div class=\"elementor-background-overlay\"><\/div>\n\t\t\t\t\t\t\t<div class=\"elementor-container elementor-column-gap-no\">\n\t\t\t\t\t<div class=\"elementor-column elementor-col-100 elementor-top-column elementor-element elementor-element-13e297a\" data-id=\"13e297a\" data-element_type=\"column\" data-e-type=\"column\">\n\t\t\t<div class=\"elementor-widget-wrap elementor-element-populated\">\n\t\t\t\t\t\t<div class=\"elementor-element elementor-element-6d365d0 elementor-widget elementor-widget-woocommerce-breadcrumb\" data-id=\"6d365d0\" data-element_type=\"widget\" data-e-type=\"widget\" data-widget_type=\"woocommerce-breadcrumb.default\">\n\t\t\t\t\t<nav class=\"woocommerce-breadcrumb\" aria-label=\"Breadcrumb\" data-no-translation=\"\" data-trp-gettext=\"\">Home<\/nav>\t\t\t\t<\/div>\n\t\t\t\t<div class=\"elementor-element elementor-element-5088505 elementor-widget elementor-widget-heading\" data-id=\"5088505\" data-element_type=\"widget\" data-e-type=\"widget\" data-settings=\"{&quot;_animation&quot;:&quot;none&quot;}\" data-widget_type=\"heading.default\">\n\t\t\t\t\t<h1 class=\"elementor-heading-title elementor-size-default\">Holydog<\/h1>\t\t\t\t<\/div>\n\t\t\t\t\t<\/div>\n\t\t<\/div>\n\t\t\t\t\t<\/div>\n\t\t<\/section>\n\t\t\t\t<section class=\"elementor-section elementor-top-section elementor-element elementor-element-d09e410 elementor-section-full_width elementor-section-height-default elementor-section-height-default\" data-id=\"d09e410\" data-element_type=\"section\" data-e-type=\"section\" data-settings=\"{&quot;background_background&quot;:&quot;classic&quot;}\">\n\t\t\t\t\t\t\t<div class=\"elementor-background-overlay\"><\/div>\n\t\t\t\t\t\t\t<div class=\"elementor-container elementor-column-gap-default\">\n\t\t\t\t\t<div class=\"elementor-column elementor-col-100 elementor-top-column elementor-element elementor-element-efcb96d\" data-id=\"efcb96d\" data-element_type=\"column\" data-e-type=\"column\">\n\t\t\t<div class=\"elementor-widget-wrap elementor-element-populated\">\n\t\t\t\t\t\t<section class=\"elementor-section elementor-inner-section elementor-element elementor-element-1b4e004 elementor-section-full_width elementor-section-height-default elementor-section-height-default\" data-id=\"1b4e004\" data-element_type=\"section\" data-e-type=\"section\">\n\t\t\t\t\t\t<div class=\"elementor-container elementor-column-gap-default\">\n\t\t\t\t\t<div class=\"elementor-column elementor-col-100 elementor-inner-column elementor-element elementor-element-85439ae\" data-id=\"85439ae\" data-element_type=\"column\" data-e-type=\"column\">\n\t\t\t<div class=\"elementor-widget-wrap elementor-element-populated\">\n\t\t\t\t\t\t<div class=\"elementor-element elementor-element-69863be elementor-widget elementor-widget-heading\" data-id=\"69863be\" data-element_type=\"widget\" data-e-type=\"widget\" data-settings=\"{&quot;_animation&quot;:&quot;none&quot;}\" data-widget_type=\"heading.default\">\n\t\t\t\t\t<h2 class=\"elementor-heading-title elementor-size-default\">.Holydog<\/h2>\t\t\t\t<\/div>\n\t\t\t\t<div class=\"elementor-element elementor-element-4258955 elementor-widget elementor-widget-heading\" data-id=\"4258955\" data-element_type=\"widget\" data-e-type=\"widget\" data-settings=\"{&quot;_animation&quot;:&quot;none&quot;}\" data-widget_type=\"heading.default\">\n\t\t\t\t\t<h2 class=\"elementor-heading-title elementor-size-default\">Holydog: dedicato alla genuina cura degli amici pelosi<\/h2>\t\t\t\t<\/div>\n\t\t\t\t<div class=\"elementor-element elementor-element-413b96d elementor-widget elementor-widget-text-editor\" data-id=\"413b96d\" data-element_type=\"widget\" data-e-type=\"widget\" data-widget_type=\"text-editor.default\">\n\t\t\t\t\t\t\t\t\t<p>Holydog si impegna a fornire l'amore sincero di cui i nostri compagni pelosi hanno veramente bisogno, servindo come loro fiducioso tutore. Rifiutiamo i trucchi flashy e asteniamo di sfruttare il termine &#8220; amore&#8221; per le tendenze, perch\u00e9 la protezione degli animali domestici dovrebbe sempre riflettersi in dettagli tangibili. Ogni selezione di materiale, ogni taglio e ogni round di test mira a rendere la tirata del guinzaglio pi\u00f9 delicata, un collare pi\u00f9 comodo contro il collo e un giocattolo pi\u00f9 sicuro durante la masticazione giocosa. Crediamo che i grandi prodotti parlino da soli: il momento in cui un amico peloso agita la coda, e il momento in cui un proprietario si sente abbastanza sicuro da lasciarlo andare, sono i migliori testamenti di &#8220; amore. &#8221; La nostra missione \u00e8 quella di garantire che questo amore dure costantemente attraverso ogni prodotto che creiamo.<\/p>\t\t\t\t\t\t\t\t<\/div>\n\t\t\t\t\t<\/div>\n\t\t<\/div>\n\t\t\t\t\t<\/div>\n\t\t<\/section>\n\t\t\t\t<section class=\"elementor-section elementor-inner-section elementor-element elementor-element-25df8c1 elementor-section-full_width elementor-section-height-default elementor-section-height-default\" data-id=\"25df8c1\" data-element_type=\"section\" data-e-type=\"section\">\n\t\t\t\t\t\t<div class=\"elementor-container elementor-column-gap-default\">\n\t\t\t\t\t<div class=\"elementor-column elementor-col-50 elementor-inner-column elementor-element elementor-element-7d857d2 animated-slow elementor-invisible\" data-id=\"7d857d2\" data-element_type=\"column\" data-e-type=\"column\" data-settings=\"{&quot;animation&quot;:&quot;fadeIn&quot;,&quot;animation_delay&quot;:100}\">\n\t\t\t<div class=\"elementor-widget-wrap elementor-element-populated\">\n\t\t\t\t\t\t<div class=\"elementor-element elementor-element-e532dd7 elementor-widget elementor-widget-ucaddon_zoom_caption_reveal_content_box\" data-id=\"e532dd7\" data-element_type=\"widget\" data-e-type=\"widget\" data-widget_type=\"ucaddon_zoom_caption_reveal_content_box.default\">\n\t\t\t\t<div class=\"elementor-widget-container\">\n\t\t\t\t\t\n<!-- start Content Box Zoom Caption Reveal -->\n<style>\/* widget: Content Box Zoom Caption Reveal *\/\n\n#uc_zoom_caption_reveal_content_box_elementor_e532dd7 *\n{\n  box-sizing:border-box;\n}\n#uc_zoom_caption_reveal_content_box_elementor_e532dd7\n{\n  position:relative;\n  overflow:hidden;\n  text-align:center;\n  height:450pxpx;\n}\n\n#uc_zoom_caption_reveal_content_box_elementor_e532dd7 .ue-link\n{\n  display:block;\n  position:absolute;\n  left:0;\n  right:0;\n  bottom:0;\n  top:0;\n}\n\n#uc_zoom_caption_reveal_content_box_elementor_e532dd7 .image-caption-reveal-on-hover\n{\n\n  width:100%;\n  background-color:lightgray;\n  transition:0.5s;\n  background-image:url(https:\/\/www.holydoggroup.com\/wp-content\/uploads\/2025\/10\/Holydog1.jpg);\n  background-size:cover;\n  background-position:top center;\n  position:absolute;\n  top:0;\n  left:0;\n  bottom:0;\n  right:0;\n}\n\n#uc_zoom_caption_reveal_content_box_elementor_e532dd7:hover .image-caption-reveal-on-hover\n{\n transform:scale(1.1,1.1);\n}\n\n#uc_zoom_caption_reveal_content_box_elementor_e532dd7 .icroh-caption\n{\n  position:absolute;\n  bottom:0px;\n  transition:0.5s;\n  color:white;\n  width:100%;\n  background-color:#FFFFFF00;\n}\n\n#uc_zoom_caption_reveal_content_box_elementor_e532dd7:hover .icroh-caption\n{\n  background-color:#FFFFFF00;\n}\n\n.icroh-title\n{\n  font-size:18px;\n}\n\n#uc_zoom_caption_reveal_content_box_elementor_e532dd7 .icroh-text\n{\n  display:none;\n}\n\n<\/style>\n\n<div id=\"uc_zoom_caption_reveal_content_box_elementor_e532dd7\" class=\"zoom_caption_reveal_content_box\">\n  <div class=\"image-caption-reveal-on-hover\">\n  <\/div>\n  \n    <div class=\"icroh-caption\">\n      <div class=\"icroh-title\"><\/div>\n      <div class=\"icroh-text\">\n        \n      <\/div>\n    <\/div>\n  \n  \n\t\n\n  \n  \n<\/div>\n<!-- end Content Box Zoom Caption Reveal -->\t\t\t\t<\/div>\n\t\t\t\t<\/div>\n\t\t\t\t\t<\/div>\n\t\t<\/div>\n\t\t\t\t<div class=\"elementor-column elementor-col-50 elementor-inner-column elementor-element elementor-element-2e30f43 animated-slow elementor-invisible\" data-id=\"2e30f43\" data-element_type=\"column\" data-e-type=\"column\" data-settings=\"{&quot;animation&quot;:&quot;fadeIn&quot;,&quot;animation_delay&quot;:100}\">\n\t\t\t<div class=\"elementor-widget-wrap elementor-element-populated\">\n\t\t\t\t\t\t<div class=\"elementor-element elementor-element-f296e36 elementor-widget elementor-widget-ucaddon_zoom_caption_reveal_content_box\" data-id=\"f296e36\" data-element_type=\"widget\" data-e-type=\"widget\" data-widget_type=\"ucaddon_zoom_caption_reveal_content_box.default\">\n\t\t\t\t<div class=\"elementor-widget-container\">\n\t\t\t\t\t\n<!-- start Content Box Zoom Caption Reveal -->\n<style>\/* widget: Content Box Zoom Caption Reveal *\/\n\n#uc_zoom_caption_reveal_content_box_elementor_f296e36 *\n{\n  box-sizing:border-box;\n}\n#uc_zoom_caption_reveal_content_box_elementor_f296e36\n{\n  position:relative;\n  overflow:hidden;\n  text-align:center;\n  height:450pxpx;\n}\n\n#uc_zoom_caption_reveal_content_box_elementor_f296e36 .ue-link\n{\n  display:block;\n  position:absolute;\n  left:0;\n  right:0;\n  bottom:0;\n  top:0;\n}\n\n#uc_zoom_caption_reveal_content_box_elementor_f296e36 .image-caption-reveal-on-hover\n{\n\n  width:100%;\n  background-color:lightgray;\n  transition:0.5s;\n  background-image:url(https:\/\/www.holydoggroup.com\/wp-content\/uploads\/2025\/10\/Holydog2.jpg);\n  background-size:cover;\n  background-position:top center;\n  position:absolute;\n  top:0;\n  left:0;\n  bottom:0;\n  right:0;\n}\n\n#uc_zoom_caption_reveal_content_box_elementor_f296e36:hover .image-caption-reveal-on-hover\n{\n transform:scale(1.1,1.1);\n}\n\n#uc_zoom_caption_reveal_content_box_elementor_f296e36 .icroh-caption\n{\n  position:absolute;\n  bottom:0px;\n  transition:0.5s;\n  color:white;\n  width:100%;\n  background-color:#FFFFFF00;\n}\n\n#uc_zoom_caption_reveal_content_box_elementor_f296e36:hover .icroh-caption\n{\n  background-color:#FFFFFF00;\n}\n\n.icroh-title\n{\n  font-size:18px;\n}\n\n#uc_zoom_caption_reveal_content_box_elementor_f296e36 .icroh-text\n{\n  display:none;\n}\n\n<\/style>\n\n<div id=\"uc_zoom_caption_reveal_content_box_elementor_f296e36\" class=\"zoom_caption_reveal_content_box\">\n  <div class=\"image-caption-reveal-on-hover\">\n  <\/div>\n  \n    <div class=\"icroh-caption\">\n      <div class=\"icroh-title\"><\/div>\n      <div class=\"icroh-text\">\n        \n      <\/div>\n    <\/div>\n  \n  \n\t\n\n  \n  \n<\/div>\n<!-- end Content Box Zoom Caption Reveal -->\t\t\t\t<\/div>\n\t\t\t\t<\/div>\n\t\t\t\t\t<\/div>\n\t\t<\/div>\n\t\t\t\t\t<\/div>\n\t\t<\/section>\n\t\t\t\t<section class=\"elementor-section elementor-inner-section elementor-element elementor-element-104cb1d elementor-section-full_width elementor-section-height-default elementor-section-height-default\" data-id=\"104cb1d\" data-element_type=\"section\" data-e-type=\"section\">\n\t\t\t\t\t\t<div class=\"elementor-container elementor-column-gap-default\">\n\t\t\t\t\t<div class=\"elementor-column elementor-col-100 elementor-inner-column elementor-element elementor-element-7a44838\" data-id=\"7a44838\" data-element_type=\"column\" data-e-type=\"column\">\n\t\t\t<div class=\"elementor-widget-wrap elementor-element-populated\">\n\t\t\t\t\t\t<div class=\"elementor-element elementor-element-c6da62d elementor-widget elementor-widget-text-editor\" data-id=\"c6da62d\" data-element_type=\"widget\" data-e-type=\"widget\" data-widget_type=\"text-editor.default\">\n\t\t\t\t\t\t\t\t\t<p>Nella filosofia del design di Holydog, il comfort e la sicurezza degli animali domestici sono sempre al primo posto:<br \/>I nostri guinzelli sono realizzati in tessuto ad alta elasticit\u00e0 sottoposto a ripetuti test. \u00c8 resistente e non abrasivo per le mani. Anche se il tuo amico peloso improvvisamente scappa per inseguire una farfalla, il tessuto ammortizza la maggior parte della forza di trazione.<\/p>\t\t\t\t\t\t\t\t<\/div>\n\t\t\t\t\t<\/div>\n\t\t<\/div>\n\t\t\t\t\t<\/div>\n\t\t<\/section>\n\t\t\t\t\t<\/div>\n\t\t<\/div>\n\t\t\t\t\t<\/div>\n\t\t<\/section>\n\t\t\t\t<section class=\"elementor-section elementor-top-section elementor-element elementor-element-3cbf8d0 elementor-section-boxed elementor-section-height-default elementor-section-height-default\" data-id=\"3cbf8d0\" data-element_type=\"section\" data-e-type=\"section\">\n\t\t\t\t\t\t\t<div class=\"elementor-background-overlay\"><\/div>\n\t\t\t\t\t\t\t<div class=\"elementor-container elementor-column-gap-default\">\n\t\t\t\t\t<div class=\"elementor-column elementor-col-50 elementor-top-column elementor-element elementor-element-211b6b2\" data-id=\"211b6b2\" data-element_type=\"column\" data-e-type=\"column\">\n\t\t\t<div class=\"elementor-widget-wrap elementor-element-populated\">\n\t\t\t\t\t\t<section class=\"elementor-section elementor-inner-section elementor-element elementor-element-53ff7e9 elementor-section-full_width elementor-section-height-default elementor-section-height-default\" data-id=\"53ff7e9\" data-element_type=\"section\" data-e-type=\"section\">\n\t\t\t\t\t\t<div class=\"elementor-container elementor-column-gap-default\">\n\t\t\t\t\t<div class=\"elementor-column elementor-col-100 elementor-inner-column elementor-element elementor-element-accc87b animated-slow elementor-invisible\" data-id=\"accc87b\" data-element_type=\"column\" data-e-type=\"column\" data-settings=\"{&quot;animation&quot;:&quot;fadeIn&quot;,&quot;animation_delay&quot;:100}\">\n\t\t\t<div class=\"elementor-widget-wrap elementor-element-populated\">\n\t\t\t\t\t\t<div class=\"elementor-element elementor-element-89a9546 elementor-widget elementor-widget-video\" data-id=\"89a9546\" data-element_type=\"widget\" data-e-type=\"widget\" data-settings=\"{&quot;video_type&quot;:&quot;hosted&quot;,&quot;controls&quot;:&quot;yes&quot;}\" data-widget_type=\"video.default\">\n\t\t\t\t\t\t\t<div class=\"e-hosted-video elementor-wrapper elementor-open-inline\">\n\t\t\t\t\t<video class=\"elementor-video\" src=\"https:\/\/www.holydoggroup.com\/wp-content\/uploads\/2025\/10\/a37031af183daab546b1bea20652eccf.mp4\" controls=\"\" preload=\"metadata\" controlslist=\"nodownload\"><\/video>\n\t\t\t\t<\/div>\n\t\t\t\t\t\t<\/div>\n\t\t\t\t\t<\/div>\n\t\t<\/div>\n\t\t\t\t\t<\/div>\n\t\t<\/section>\n\t\t\t\t\t<\/div>\n\t\t<\/div>\n\t\t\t\t<div class=\"elementor-column elementor-col-50 elementor-top-column elementor-element elementor-element-c99392d\" data-id=\"c99392d\" data-element_type=\"column\" data-e-type=\"column\">\n\t\t\t<div class=\"elementor-widget-wrap elementor-element-populated\">\n\t\t\t\t\t\t<div class=\"elementor-element elementor-element-3bf79fb elementor-widget elementor-widget-text-editor\" data-id=\"3bf79fb\" data-element_type=\"widget\" data-e-type=\"widget\" data-widget_type=\"text-editor.default\">\n\t\t\t\t\t\t\t\t\t<p>Le curve delle nostre arnesi e collari sono state regolate pi\u00f9 di una dozzina di volte per adattarsi ai contorni naturali del corpo di un animale domestico. Ci\u00f2 garantisce nessuna strisciatura sotto le braccia, nessuna tensione del collo durante la corsa e il salto, e movimento illimitato anche per gli animali domestici con zampe ingrossate.<br \/>Anche i nostri giocattoli conservano dettagli attenti: gomma resistente ai morsi accoppiata con corda torsa senza fili. Non c'\u00e8 bisogno di preoccuparsi, anche se il tuo piccolo amico lo mastica a pezzi e ingoia pezzi.<br \/>Non creiamo &#8220; stili famosi su internet&#8221; solo &#8220; progetti pratici. &#8221; Dopotutto, l'amore per i nostri amici pelosi non ha bisogno di fare affidamento sull'aspetto per fare un'impressione. Finch\u00e9 i nostri prodotti li mantengono comodi e ti danno pace di mente, questo \u00e8 pi\u00f9 che sufficiente.<\/p>\t\t\t\t\t\t\t\t<\/div>\n\t\t\t\t\t<\/div>\n\t\t<\/div>\n\t\t\t\t\t<\/div>\n\t\t<\/section>\n\t\t\t\t<\/div>","protected":false},"excerpt":{"rendered":"<p>Holydog .Holydog Holydog: Dedicated to Genuine Care for Furry Friends Holydog is committed to providing the sincere love that our furry companions truly need, serving as their reliable guardian. We reject flashy gimmicks and refrain from exploiting the term &#8220;love&#8221; for trends\u2014because protecting pets should always be reflected in tangible details. Every material selection, every [&hellip;]<\/p>\n","protected":false},"author":1,"featured_media":0,"parent":0,"menu_order":0,"comment_status":"closed","ping_status":"closed","template":"elementor_header_footer","meta":{"footnotes":""},"class_list":["post-425","page","type-page","status-publish","hentry"],"_links":{"self":[{"href":"https:\/\/www.holydoggroup.com\/it\/wp-json\/wp\/v2\/pages\/425","targetHints":{"allow":["GET"]}}],"collection":[{"href":"https:\/\/www.holydoggroup.com\/it\/wp-json\/wp\/v2\/pages"}],"about":[{"href":"https:\/\/www.holydoggroup.com\/it\/wp-json\/wp\/v2\/types\/page"}],"author":[{"embeddable":true,"href":"https:\/\/www.holydoggroup.com\/it\/wp-json\/wp\/v2\/users\/1"}],"replies":[{"embeddable":true,"href":"https:\/\/www.holydoggroup.com\/it\/wp-json\/wp\/v2\/comments?post=425"}],"version-history":[{"count":62,"href":"https:\/\/www.holydoggroup.com\/it\/wp-json\/wp\/v2\/pages\/425\/revisions"}],"predecessor-version":[{"id":2057,"href":"https:\/\/www.holydoggroup.com\/it\/wp-json\/wp\/v2\/pages\/425\/revisions\/2057"}],"wp:attachment":[{"href":"https:\/\/www.holydoggroup.com\/it\/wp-json\/wp\/v2\/media?parent=425"}],"curies":[{"name":"WP","href":"https:\/\/api.w.org\/{rel}","templated":true}]}}