{"id":1804,"date":"2026-01-06T09:08:28","date_gmt":"2026-01-06T01:08:28","guid":{"rendered":"https:\/\/www.holydoggroup.com\/?post_type=product&#038;p=1804"},"modified":"2026-01-06T09:09:20","modified_gmt":"2026-01-06T01:09:20","slug":"saddle-style-pet-chest-and-back-durable-and-comfortable-material-not-press-on-the-chest-ideal-pet-walking-tool-for-small-and-medium-sized-dogs","status":"publish","type":"product","link":"https:\/\/www.holydoggroup.com\/it\/pet-harness\/saddle-style-pet-chest-and-back-durable-and-comfortable-material-not-press-on-the-chest-ideal-pet-walking-tool-for-small-and-medium-sized-dogs\/","title":{"rendered":"Petto e schiena in stile sella. Materiale resistente e confortevole - non premere sul petto - Strumento ideale per camminare per cani di piccole e medie dimensioni"},"content":{"rendered":"<p><img fetchpriority=\"high\" decoding=\"async\" class=\"aligncenter size-full wp-image-1809\" src=\"https:\/\/www.holydoggroup.com\/wp-content\/uploads\/2026\/01\/5-6.jpg\" alt=\"\" width=\"1000\" height=\"1000\" srcset=\"https:\/\/www.holydoggroup.com\/wp-content\/uploads\/2026\/01\/5-6.jpg 1000w, https:\/\/www.holydoggroup.com\/wp-content\/uploads\/2026\/01\/5-6-300x300.jpg 300w, https:\/\/www.holydoggroup.com\/wp-content\/uploads\/2026\/01\/5-6-150x150.jpg 150w, https:\/\/www.holydoggroup.com\/wp-content\/uploads\/2026\/01\/5-6-768x768.jpg 768w, https:\/\/www.holydoggroup.com\/wp-content\/uploads\/2026\/01\/5-6-600x600.jpg 600w, https:\/\/www.holydoggroup.com\/wp-content\/uploads\/2026\/01\/5-6-100x100.jpg 100w\" sizes=\"(max-width: 1000px) 100vw, 1000px\" \/><br \/>\n<strong>[Introduzione di base]<\/strong><br \/>\nQuesto petto e schiena per animali domestici adotta un design ergonomico in stile sella, adatto alla curva del pet&#8217; s schiena e dispersione pressione di tirare per evitare di comprimere il petto e influenzare la respirazione. Il corpo principale \u00e8 realizzato in materiale subacqueo di alta qualit\u00e0, caratterizzato da isolamento, assorbimento degli urti e alta elasticit\u00e0. Ha un tocco morbido e per la pelle, tamponando l'impatto durante l'esercizio. In inverno e autunno, pu\u00f2 anche tenere l'animale domestico&#8217; s area centrale calda. I bordi sono rinforzati con strisce di tessuto resistenti come nylon incorporate, resistenti allo allungamento e all'abrasione e non inclini alla rottura. \u00c8 dotato di un fissatore a snap di qualit\u00e0 POM di alta qualit\u00e0, che apre e chiude senza problemi senza blocchi, resistente a basse temperature e impatti. \u00c8 completato da una fibbia in lega di zinco, resistente alla ruggine e alla corrosione, con una forte capacit\u00e0 di carico. La struttura a doppia chiusura impedisce efficacemente all'animale domestico di fuggire. Il prodotto \u00e8 disponibile in tre schemi di colori distintivi: verde, marrone e modellato. Il verde \u00e8 fresco e pulito, il marrone \u00e8 stabile e serio, e quello a modello \u00e8 giocoso. \u00c8 adatto per gli animali domestici di diversi stili, equilibrando praticit\u00e0 e aspetto, rendendo la passeggiata degli animali domestici pi\u00f9 rassicurante ed esteticamente piacevole.<br \/>\n<strong>[Scopo di applicazione]<\/strong><br \/>\nAdatto per cani di medie e piccole dimensioni che pesano da 3 a 35 kg (come cani di peluche, Bichon Frise, Corgis, Bulldog francesi, Shiba Inus, Schnauzer, ecc.) e gatti adulti. Pu\u00f2 essere utilizzato in vari scenari come passeggiate giornaliere per animali domestici, protezione invernale per gite, escursioni all'aperto, escursioni brevi, allenamento di base, ecc. Attenzione: non adatto per cani aggressivi o animali domestici con comportamenti di tiraggio intensi.<br \/>\n<strong>Punto di vendita chiave<\/strong><br \/>\nDesign ergonomico in stile sella: si conforma alla curva del pet&#8217; s indietro, dispersa la pressione di tirare, non comprime la cavit\u00e0 toracica, assicura una respirazione liscia per l'animale domestico e rende l'esperienza di indossamento pi\u00f9 confortevole.<br \/>\n2. Vantaggi chiave del materiale subacqueo: combina le funzioni di isolamento, assorbimento degli urti e elasticit\u00e0. \u00c8 morbido e adatto alla pelle senza alcuna irritazione, e pu\u00f2 tamponare l'impatto delle attivit\u00e0 fisiche, mantenendo la pelle calda in autunno e inverno senza causare macchie.<br \/>\n3. Stabile antiscivolo: fibbia della lega di zinco del fissatore a scatto del POM del nastro forte del nylon fornisce un triplo rinforzo, con eccellente resistenza alla trazione e propriet\u00e0 anti-strappo. Offre doppia chiusura, garantendo un'esperienza pi\u00f9 sicura durante il viaggio.<br \/>\n4. Conveniente adattamento: Cinturine regolabili su entrambi i lati offrono una vasta gamma di opzioni di regolazione, adattando con precisione gli animali domestici di vari tipi di corpo. Il processo di indossamento e rimozione \u00e8 semplice e anche i principianti possono usarlo facilmente.<br \/>\n5. Le combinazioni di colori uniche sono facili da mantenere: i modelli verdi, marroni e floreali sono disponibili. Si adattano a varie preferenze estetiche; Il materiale impermeabile combinato con il tessuto \u00e8 facile da pulire. Le macchie possono essere cancellate con una semplice asciugatura. Lo sporco leggero pu\u00f2 essere lavato a mano e si asciuga rapidamente.<br \/>\n<strong>\u3010Metodo di utilizzo\u3011<\/strong><br \/>\nPremere i due lati del fissatore POM per sbloccarlo. Disporre il petto in stile sella e il pezzo posteriore piatto. Guida il pet&#8217; s arti anteriori attraverso i corispondenti fori della manica, in modo che il corpo principale del petto e il pezzo posteriore si adatta ben contro l'animale domestico&#8217; schiena e petto.<br \/>\n2. regolare le fibbie di regolazione su entrambi i lati delle cinghie di cintura, e regolarli alla tenuta appropriata (con 1-2 dita in grado di adattarsi \u00e8 adatto). Assicurarsi che si adatta ben contro il corpo e non ostacoli l'animale domestico&#8217; Movimento S.<br \/>\n3. Serrare il fissatore a scatto POM, tirare delicatamente per controllare se il fissatore a scatto \u00e8 completamente bloccato con la clip in lega di zinco. Una volta confermato che \u00e8 corretto, collegare la corda di rimorchio e pu\u00f2 essere utilizzato.<br \/>\n4. Dopo l'uso, premere la serratura POM per sbloccare e rimuovere lentamente il trasportatore per animali domestici. Assicurati di evitare di tirare l'animale domestico&#8217; S pelliccia.<br \/>\n<strong>[Domande frequenti]<\/strong><br \/>\nQ1: Come scegliere la dimensione appropriata?<br \/>\nA: Si prega di fare riferimento al &#8220; Peso &#8211; Circonferenza del petto &#8211; Dimensioni&#8221; tabella di confronto sulla pagina dei dettagli come riferimento primario. La base fondamentale per la selezione sono i dati sulla circonferenza toracica. Per gli animali domestici in sovrappeso o sottopeso, \u00e8 possibile effettuare piccole regolazioni in base al peso e regolare ulteriormente le cinghie regolabili per garantire comfort senza essere troppo stretti.<br \/>\nQ2: Il materiale subacqueo ti far\u00e0 sentire caldo quando lo indossi in estate?<br \/>\nR: Il materiale subacqueo di alta qualit\u00e0 \u00e8 leggero e traspirante. Il design in stile sella fornisce un'area adatta e won&#8217; t causare eccessivo calore. In estate, \u00e8 consigliabile indossarlo per non pi\u00f9 di 2 ore alla volta, o usarlo solo durante i periodi freschi della mattina e della sera. Evitare di indossarlo a lungo durante i periodi caldi.<br \/>\nQ3: I modelli di colore svaniranno nel tempo?<br \/>\nR: Questo prodotto \u00e8 prodotto utilizzando un processo di stampa e tintura rispettoso dell'ambiente. Il modello ha un'alta durata e \u00e8 improbabile che si sbiadisca sotto normale uso e pulizia. Durante la pulizia, evitare di utilizzare un pennello a setole dure per strofinare con forza l'area del modello. Non utilizzare detergenti alcalini, in quanto questo aiuter\u00e0 a mantenere il colore brillante del modello.<br \/>\nQ4: Pu\u00f2 essere lavato in macchina?<br \/>\nR: Non \u00e8 consigliabile lavare il prodotto a macchina. Evitare la rotazione ad alta velocit\u00e0 che pu\u00f2 causare la deformazione delle cinghie del tessuto o il danneggiamento dei fissaggi a snap. Per la pulizia quotidiana, usare un panno umido. Quando diventa molto sporco, lavarlo delicatamente a mano. Utilizzare un detergente neutro e mantenere la temperatura dell'acqua a 30 \u00b0 C o inferiore. Lasciatelo asciugare naturalmente e evitare la luce solare diretta per estendere il prodotto&#8217; durata di vita.<\/p>","protected":false},"excerpt":{"rendered":"<table style=\"height: 66px; border-collapse: collapse; width: 51.3265%; background-color: #fcefb6;\" border=\"0\" width=\"51.3265%\" cellspacing=\"0\" cellpadding=\"0\">\n<tbody>\n<tr style=\"height: 27.00pt;\">\n<td class=\"et2\" style=\"height: 27px; width: 54.05pt; text-align: center;\" width=\"72\" height=\"36\">Dimensioni<\/td>\n<td class=\"et2\" style=\"width: 192.05pt; height: 27px; text-align: center;\" width=\"256\">circonferenza del collo (cm)<\/td>\n<td class=\"et2\" style=\"width: 90.05pt; height: 27px; text-align: center;\" width=\"120\">circonferenza del petto (cm)<\/td>\n<td class=\"et2\" style=\"width: 90.05pt; height: 27px; text-align: center;\" width=\"120\">Peso (kg)<\/td>\n<\/tr>\n<tr style=\"height: 13.50pt;\">\n<td class=\"et2\" style=\"height: 13px; width: 54.05pt; text-align: center;\" width=\"72\" height=\"18\">S<\/td>\n<td class=\"et2\" style=\"width: 192.05pt; height: 13px; text-align: center;\" width=\"256\">37-48<\/td>\n<td class=\"et2\" style=\"width: 90.05pt; height: 13px; text-align: center;\" width=\"120\">48-59<\/td>\n<td class=\"et3\" style=\"width: 90.05pt; height: 13px; text-align: center;\" width=\"120\">4-8<\/td>\n<\/tr>\n<tr style=\"height: 13.50pt;\">\n<td class=\"et2\" style=\"height: 13px; width: 54.05pt; text-align: center;\" width=\"72\" height=\"18\">M<\/td>\n<td class=\"et2\" style=\"width: 192.05pt; height: 13px; text-align: center;\" width=\"256\">44-61<\/td>\n<td class=\"et2\" style=\"width: 90.05pt; height: 13px; text-align: center;\" width=\"120\">56-75<\/td>\n<td class=\"et2\" style=\"width: 90.05pt; height: 13px; text-align: center;\" width=\"120\">8-16<\/td>\n<\/tr>\n<tr style=\"height: 13.50pt;\">\n<td class=\"et2\" style=\"height: 13px; width: 54.05pt; text-align: center;\" width=\"72\" height=\"18\">L<\/td>\n<td class=\"et2\" style=\"width: 192.05pt; height: 13px; text-align: center;\" width=\"256\">48-67<\/td>\n<td class=\"et2\" style=\"width: 90.05pt; height: 13px; text-align: center;\" width=\"120\">67-89<\/td>\n<td class=\"et2\" style=\"width: 90.05pt; height: 13px; text-align: center;\" width=\"120\">16-32<\/td>\n<\/tr>\n<\/tbody>\n<\/table>\n<p>Questo petto in stile sella \u00e8 realizzato in materiale impermeabile, caratterizzato da un eccellente isolamento, assorbimento degli urti e elasticit\u00e0. Il suo design ergonomico \u00e8 comodo e non preme sul petto. \u00c8 dotato di cinghie in imitazione nylon e doppie fibbie di sicurezza per la stabilit\u00e0 e per prevenire la fuga. \u00c8 adatto per cani e gatti di piccole e medie dimensioni e pu\u00f2 essere utilizzato in vari scenari. La regolazione \u00e8 conveniente. Viene nei colori verde e marrone ed \u00e8 facile da pulire e mantenere. Combina praticit\u00e0 con aspetto, rendendolo una scelta eccellente per i viaggi con animali domestici.<\/p>","protected":false},"featured_media":1805,"comment_status":"closed","ping_status":"closed","template":"","meta":[],"product_brand":[],"product_cat":[20],"product_tag":[],"class_list":{"0":"post-1804","1":"product","2":"type-product","3":"status-publish","4":"has-post-thumbnail","6":"product_cat-pet-harness","8":"first","9":"instock","10":"shipping-taxable","11":"purchasable","12":"product-type-variable"},"_links":{"self":[{"href":"https:\/\/www.holydoggroup.com\/it\/wp-json\/wp\/v2\/product\/1804","targetHints":{"allow":["GET"]}}],"collection":[{"href":"https:\/\/www.holydoggroup.com\/it\/wp-json\/wp\/v2\/product"}],"about":[{"href":"https:\/\/www.holydoggroup.com\/it\/wp-json\/wp\/v2\/types\/product"}],"replies":[{"embeddable":true,"href":"https:\/\/www.holydoggroup.com\/it\/wp-json\/wp\/v2\/comments?post=1804"}],"wp:featuredmedia":[{"embeddable":true,"href":"https:\/\/www.holydoggroup.com\/it\/wp-json\/wp\/v2\/media\/1805"}],"wp:attachment":[{"href":"https:\/\/www.holydoggroup.com\/it\/wp-json\/wp\/v2\/media?parent=1804"}],"wp:term":[{"taxonomy":"product_brand","embeddable":true,"href":"https:\/\/www.holydoggroup.com\/it\/wp-json\/wp\/v2\/product_brand?post=1804"},{"taxonomy":"product_cat","embeddable":true,"href":"https:\/\/www.holydoggroup.com\/it\/wp-json\/wp\/v2\/product_cat?post=1804"},{"taxonomy":"product_tag","embeddable":true,"href":"https:\/\/www.holydoggroup.com\/it\/wp-json\/wp\/v2\/product_tag?post=1804"}],"curies":[{"name":"WP","href":"https:\/\/api.w.org\/{rel}","templated":true}]}}