{"id":1829,"date":"2026-01-06T09:42:48","date_gmt":"2026-01-06T01:42:48","guid":{"rendered":"https:\/\/www.holydoggroup.com\/?post_type=product&#038;p=1829"},"modified":"2026-01-06T09:42:48","modified_gmt":"2026-01-06T01:42:48","slug":"c002","status":"publish","type":"product","link":"https:\/\/www.holydoggroup.com\/it\/pet-leash\/c002\/","title":{"rendered":"Doppio colore aspetto praticit\u00e0 combinato-luce viola contrasto P-stringa maniglia imitazione nylon facile da usare per passeggiate e allenamento"},"content":{"rendered":"<p><img fetchpriority=\"high\" decoding=\"async\" class=\"aligncenter size-full wp-image-1830\" src=\"https:\/\/www.holydoggroup.com\/wp-content\/uploads\/2026\/01\/1-8.jpg\" alt=\"\" width=\"1000\" height=\"1000\" srcset=\"https:\/\/www.holydoggroup.com\/wp-content\/uploads\/2026\/01\/1-8.jpg 1000w, https:\/\/www.holydoggroup.com\/wp-content\/uploads\/2026\/01\/1-8-300x300.jpg 300w, https:\/\/www.holydoggroup.com\/wp-content\/uploads\/2026\/01\/1-8-150x150.jpg 150w, https:\/\/www.holydoggroup.com\/wp-content\/uploads\/2026\/01\/1-8-768x768.jpg 768w, https:\/\/www.holydoggroup.com\/wp-content\/uploads\/2026\/01\/1-8-600x600.jpg 600w, https:\/\/www.holydoggroup.com\/wp-content\/uploads\/2026\/01\/1-8-100x100.jpg 100w\" sizes=\"(max-width: 1000px) 100vw, 1000px\" \/><\/p>\n<p>Si tratta di una corda P per animali domestici che si concentra sul comfort e sulla praticit\u00e0. La maniglia \u00e8 realizzata in tessuto imitazione nylon, mentre il corpo principale \u00e8 composto da corda rotonda in poliestere ad alta resistenza. \u00c8 completato da chiusure POM e fibbie in lega, garantendo una buona aderenza e durata.<br \/>\n<strong>Scopo di applicazione:<\/strong> Adatto per cani di medie e piccole dimensioni da 5 a 15 kg, che coprono scenari come passeggiate giornaliere all'aperto, allenamento degli animali domestici con compagnia e viaggi brevi.<br \/>\n<strong>Punti di vendita principali:<\/strong><br \/>\nManiglia in tessuto imitazione nylon: tocco morbido e antiscivolo, consentendo la tenuta a lungo termine senza irritazione o scivolamento delle mani;<br \/>\nCorda rotonda in poliestere ad alta resistenza: forte e resistente, resistente alla tiratura e improbabile che si rompa, adatta al comportamento vivace degli animali domestici;<br \/>\nCombinazione di fibbie di alta qualit\u00e0: le chiusure POM si aprono senza problemi, le fibbie in lega hanno una forte capacit\u00e0 di carico, fornendo pi\u00f9 tranquillit\u00e0 quando si tira;<br \/>\nDesign di aspetto a doppio colore: il modello griglia viola \u00e8 retr\u00f2 e fresco, mentre il contrasto viola chiaro \u00e8 delicato e accattivante, bilanciando praticit\u00e0 ed estetica;<br \/>\nStruttura P-stringa: pu\u00f2 regolare rapidamente la tenuta dell'anello della corda, aiutando a standardizzare il comportamento di camminata degli animali domestici, rendendo le passeggiate pi\u00f9 convenienti.<br \/>\n<strong>Metodo di utilizzo:<\/strong><br \/>\nAprire le chiusure POM, regolare l'anello della corda alla dimensione appropriata;<br \/>\nInserire l'anello della corda intorno al pet&#8217; s collo, lasciando 1-2 dita di sciolto;<br \/>\nFissare le chiusure, tenere la maniglia di imitazione di nylon per tirare;<br \/>\nDurante l'accompagnamento, tirare delicatamente l'anello della corda per aiutare a correggere il comportamento (evitando tirare violentamente).<br \/>\n<strong>Domande frequenti:<\/strong><br \/>\nQ: Come scegliere la dimensione? A: Misurare l'animale domestico&#8217; s circonferenza del collo, selezionare l'anello della corda che copre la circonferenza del collo e lascia 1-2 spazi per le dita;<br \/>\nD: Pu\u00f2 essere lavato in macchina? A: Si raccomanda di lavare a mano e asciugare naturalmente per evitare danni al tessuto e alla fibbia;<br \/>\nD: \u00c8 adatto per cani grandi? R: Questo modello \u00e8 adatto per cani di medie dimensioni da 5 a 15 kg. Per i cani di grandi dimensioni, \u00e8 consigliabile scegliere il corrispondente modello di carico.<\/p>","protected":false},"excerpt":{"rendered":"<p>&nbsp;<\/p>\n<p>Doppio colore pet P-string, la maniglia \u00e8 realizzata in tessuto imitazione nylon per antiscivolo e comfort, il corpo principale \u00e8 composto da corda rotonda in poliestere ad alta resistenza ed \u00e8 completato da chiusure POM e fibbie in lega per una maggiore sicurezza. \u00c8 adatto per cani di medie e piccole dimensioni da 5 a 15 kg, coprendo scenari come passeggiate e allenamento compagno, con un alto livello di aspetto a doppio colore, e la struttura P-string pu\u00f2 aiutare a standardizzare il comportamento degli animali domestici, rendendo le passeggiate pi\u00f9 convenienti.<\/p>","protected":false},"featured_media":1830,"comment_status":"closed","ping_status":"closed","template":"","meta":[],"product_brand":[],"product_cat":[21],"product_tag":[],"class_list":{"0":"post-1829","1":"product","2":"type-product","3":"status-publish","4":"has-post-thumbnail","6":"product_cat-pet-leash","8":"first","9":"instock","10":"shipping-taxable","11":"purchasable","12":"product-type-variable"},"_links":{"self":[{"href":"https:\/\/www.holydoggroup.com\/it\/wp-json\/wp\/v2\/product\/1829","targetHints":{"allow":["GET"]}}],"collection":[{"href":"https:\/\/www.holydoggroup.com\/it\/wp-json\/wp\/v2\/product"}],"about":[{"href":"https:\/\/www.holydoggroup.com\/it\/wp-json\/wp\/v2\/types\/product"}],"replies":[{"embeddable":true,"href":"https:\/\/www.holydoggroup.com\/it\/wp-json\/wp\/v2\/comments?post=1829"}],"wp:featuredmedia":[{"embeddable":true,"href":"https:\/\/www.holydoggroup.com\/it\/wp-json\/wp\/v2\/media\/1830"}],"wp:attachment":[{"href":"https:\/\/www.holydoggroup.com\/it\/wp-json\/wp\/v2\/media?parent=1829"}],"wp:term":[{"taxonomy":"product_brand","embeddable":true,"href":"https:\/\/www.holydoggroup.com\/it\/wp-json\/wp\/v2\/product_brand?post=1829"},{"taxonomy":"product_cat","embeddable":true,"href":"https:\/\/www.holydoggroup.com\/it\/wp-json\/wp\/v2\/product_cat?post=1829"},{"taxonomy":"product_tag","embeddable":true,"href":"https:\/\/www.holydoggroup.com\/it\/wp-json\/wp\/v2\/product_tag?post=1829"}],"curies":[{"name":"WP","href":"https:\/\/api.w.org\/{rel}","templated":true}]}}