{"id":1863,"date":"2026-01-06T10:24:48","date_gmt":"2026-01-06T02:24:48","guid":{"rendered":"https:\/\/www.holydoggroup.com\/?post_type=product&#038;p=1863"},"modified":"2026-01-06T10:25:49","modified_gmt":"2026-01-06T02:25:49","slug":"c004","status":"publish","type":"product","link":"https:\/\/www.holydoggroup.com\/it\/pet-leash\/c004\/","title":{"rendered":"Esclusivo per famiglie con pi\u00f9 animali domestici! Doppia testa di trazione P corda forte poliestere lega di zinco morse durevoli"},"content":{"rendered":"<p><img fetchpriority=\"high\" decoding=\"async\" class=\"aligncenter wp-image-1864\" src=\"https:\/\/www.holydoggroup.com\/wp-content\/uploads\/2026\/01\/1-10.jpg\" alt=\"\" width=\"641\" height=\"641\" srcset=\"https:\/\/www.holydoggroup.com\/wp-content\/uploads\/2026\/01\/1-10.jpg 1000w, https:\/\/www.holydoggroup.com\/wp-content\/uploads\/2026\/01\/1-10-300x300.jpg 300w, https:\/\/www.holydoggroup.com\/wp-content\/uploads\/2026\/01\/1-10-150x150.jpg 150w, https:\/\/www.holydoggroup.com\/wp-content\/uploads\/2026\/01\/1-10-768x768.jpg 768w, https:\/\/www.holydoggroup.com\/wp-content\/uploads\/2026\/01\/1-10-600x600.jpg 600w, https:\/\/www.holydoggroup.com\/wp-content\/uploads\/2026\/01\/1-10-100x100.jpg 100w\" sizes=\"(max-width: 641px) 100vw, 641px\" \/><\/p>\n<p><strong>\u3010Corda per animali domestici a doppia testa di trazione (colore caramello \/ bianco e nero)\u3011<\/strong><\/p>\n<p>Si tratta di una corda P a doppia tensione progettata appositamente per vari scenari. Il corpo principale \u00e8 realizzato in corda rotonda in poliestere ad alta resistenza, dotata di fissaggi in lega di zinco resistenti alla ruggine e resistenti. La maniglia \u00e8 dotata di una maniglia antiscivolo in schiuma, che offre due opzioni di colore: caramello retr\u00f2 e bianco e nero a scacchi. Combina una texture forte con una presa confortevole.<\/p>\n<p><strong>Scopo di applicazione:<\/strong> Adatto per cani di medie dimensioni da 5 a 20 kg. Copre scenari come &#8220; simultanea \u7275\u5f15  di 1-2 animali domestici&#8221; \uff0c &#8220; singolo animale domestico con due punti di trazione (collare petto\/schiena)&#8221; , &#8220; passeggiate giornaliere \/ escursioni brevi \/ allenamento degli animali domestici con accompagnamento&#8221; ecc.<\/p>\n<p><strong>Punti di vendita principali:<\/strong><br \/>\nCorda rotonda in poliestere ad alta resistenza: tessitura compatta e forte, resistente alla tiratura senza rottura, resistente all'usura e resistente, adatta agli animali domestici con abitudini vivaci;<br \/>\nFissaggi in lega di zinco: resistente alla ruggine e alla corrosione, apertura e chiusura lisce, doppi fissaggi condividono il carico, rendendo la trazione pi\u00f9 sicura;<br \/>\nDesign della testa a doppia trazione: Commutazione flessibile tra &#8220; doppia trazione di animali domestici&#8221;  and &#8220; singolo animale domestico con due punti di trazione&#8221; modalit\u00e0, adatte per famiglie con pi\u00f9 animali domestici o esigenze di trazione raffinate;<br \/>\nPresa anti-scivolo in schiuma: tocco morbido senza irritare la mano, meno incline a scivolare quando tenuto all'aperto, rendendo pi\u00f9 facile la trazione a lungo termine;<br \/>\nDoppio colore alto livello di aspetto: Caramel retro \u00e8 stabile ed elegante, a scacchi in bianco e nero \u00e8 semplice e conciso, rendendo la trazione giornaliera pi\u00f9 accattivante.<\/p>\n<p><strong>Metodo di utilizzo:<\/strong><br \/>\nDoppia trazione per animali domestici: allegare due pinze in lega di zinco al pet&#8217; s arnesi (collare \/ petto \/ schiena) separatamente;<br \/>\nSingle Pet Dual Point Traction: fissare le pinze alle arnesi toraciche\/posteriori del colletto dello stesso animale domestico;<br \/>\nDopo aver fissato le pinze, tenere la maniglia di schiuma per iniziare la trazione. Tira delicatamente la corda per aiutare a correggere l'animale domestico&#8217; comportamento (evitare tirare violentamente).<\/p>\n<p><strong>Domande frequenti:<\/strong><br \/>\nD: La doppia testa di trazione pu\u00f2 essere utilizzata per tirare due cani grandi? R: Questo modello \u00e8 adatto per cani di medie e piccole dimensioni da 5 a 20 kg. I cani di grandi dimensioni sono raccomandati per uso singolo;<\/p>\n<p>D: La maniglia \u00e8 propensa a sporcarsi? A: Il materiale in schiuma pu\u00f2 essere pulito con un panno umido, rendendolo facile da mantenere;<\/p>\n<p>D: Pu\u00f2 essere lavato in macchina? R: Si raccomanda di lavare a mano e quindi asciugare all'aria naturalmente per evitare di danneggiare la corda e le pinze durante il lavaggio in macchina.<\/p>","protected":false},"excerpt":{"rendered":"<p>Corda a doppia testa di trazione Pet P, con corda rotonda in poliestere ad alta resistenza come corpo principale, accoppiata con pinze in lega di zinco. La doppia testa di trazione pu\u00f2 tirare flessibilmente 1-2 animali domestici o un singolo animale domestico in due punti. Adatto per cani di medie e piccole dimensioni da 5 a 20 kg. La maniglia in schiuma \u00e8 confortevole e antiscivolo, disponibile nei colori caramello \/ bianco e nero, resistenza di bilanciamento, durata e adattabilit\u00e0 multi-scenario. \u00c8 un elemento di trazione pratico per le famiglie che possiedono animali domestici.<\/p>","protected":false},"featured_media":1864,"comment_status":"closed","ping_status":"closed","template":"","meta":[],"product_brand":[],"product_cat":[21],"product_tag":[],"class_list":{"0":"post-1863","1":"product","2":"type-product","3":"status-publish","4":"has-post-thumbnail","6":"product_cat-pet-leash","8":"first","9":"instock","10":"shipping-taxable","11":"purchasable","12":"product-type-variable"},"_links":{"self":[{"href":"https:\/\/www.holydoggroup.com\/it\/wp-json\/wp\/v2\/product\/1863","targetHints":{"allow":["GET"]}}],"collection":[{"href":"https:\/\/www.holydoggroup.com\/it\/wp-json\/wp\/v2\/product"}],"about":[{"href":"https:\/\/www.holydoggroup.com\/it\/wp-json\/wp\/v2\/types\/product"}],"replies":[{"embeddable":true,"href":"https:\/\/www.holydoggroup.com\/it\/wp-json\/wp\/v2\/comments?post=1863"}],"wp:featuredmedia":[{"embeddable":true,"href":"https:\/\/www.holydoggroup.com\/it\/wp-json\/wp\/v2\/media\/1864"}],"wp:attachment":[{"href":"https:\/\/www.holydoggroup.com\/it\/wp-json\/wp\/v2\/media?parent=1863"}],"wp:term":[{"taxonomy":"product_brand","embeddable":true,"href":"https:\/\/www.holydoggroup.com\/it\/wp-json\/wp\/v2\/product_brand?post=1863"},{"taxonomy":"product_cat","embeddable":true,"href":"https:\/\/www.holydoggroup.com\/it\/wp-json\/wp\/v2\/product_cat?post=1863"},{"taxonomy":"product_tag","embeddable":true,"href":"https:\/\/www.holydoggroup.com\/it\/wp-json\/wp\/v2\/product_tag?post=1863"}],"curies":[{"name":"WP","href":"https:\/\/api.w.org\/{rel}","templated":true}]}}