{"id":279,"date":"2025-08-26T15:01:38","date_gmt":"2025-08-26T07:01:38","guid":{"rendered":"https:\/\/www.holydoggroup.com\/?post_type=product&#038;p=279"},"modified":"2026-01-04T10:35:25","modified_gmt":"2026-01-04T02:35:25","slug":"a010","status":"publish","type":"product","link":"https:\/\/www.holydoggroup.com\/it\/pet-leash\/a010\/","title":{"rendered":"L'amore non \u00e8 compromesso Petto e schiena in pelle PU di alta qualit\u00e0 proteggono ogni viaggio"},"content":{"rendered":"<p>Titolo: OEM, ODM all'aperto durevole moda personalizzata comfort regolabile imbraccia morbida nuovo stile alta qualit\u00e0 cane imbraccia per animali domestici<\/p>\n<p>Chiave: arnesi per animali domestici, arnesi per cani, arnesi per cani a piedi<br \/>\nPETCRAFT Dog Harness: una masterclass in design funzionale per il comfort e la sicurezza canine<\/p>\n<p>L'imbarco per cani PETCRAFT rappresenta il culmine dell'innovazione nell'attrezzatura per animali domestici, fondendo senza problemi durabilit\u00e0, comfort e stile. Progettato tenendo in mente sia la fisiologia canina che la comodit\u00e0 del proprietario, questo arnaschio ridefinisce cosa significa equilibrare praticit\u00e0 e lusso. Di seguito, esploriamo in profondit\u00e0 le sue caratteristiche definitorie, scoprendo perch\u00e9 si distingue in un mercato affollato.<\/p>\n<p><img fetchpriority=\"high\" decoding=\"async\" class=\"size-full wp-image-1571 aligncenter\" src=\"https:\/\/www.holydoggroup.com\/wp-content\/uploads\/2025\/08\/ZH022-1.jpg\" alt=\"\" width=\"800\" height=\"800\" srcset=\"https:\/\/www.holydoggroup.com\/wp-content\/uploads\/2025\/08\/ZH022-1.jpg 800w, https:\/\/www.holydoggroup.com\/wp-content\/uploads\/2025\/08\/ZH022-1-300x300.jpg 300w, https:\/\/www.holydoggroup.com\/wp-content\/uploads\/2025\/08\/ZH022-1-150x150.jpg 150w, https:\/\/www.holydoggroup.com\/wp-content\/uploads\/2025\/08\/ZH022-1-768x768.jpg 768w, https:\/\/www.holydoggroup.com\/wp-content\/uploads\/2025\/08\/ZH022-1-600x600.jpg 600w, https:\/\/www.holydoggroup.com\/wp-content\/uploads\/2025\/08\/ZH022-1-100x100.jpg 100w\" sizes=\"(max-width: 800px) 100vw, 800px\" \/><span style=\"font-family: 'times new roman', times, serif;\"><strong>1. Innovazione materiale: forza e morbidezza uniti<\/strong><\/span><br \/>\n<span style=\"font-family: 'times new roman', times, serif;\">Al centro dell\u2019imbracatura PETCRAFT c\u2019\u00e8 una scelta attenta di materiali che d\u00e0 priorit\u00e0 alla longevit\u00e0 e al comfort:<\/span><\/p>\n<p style=\"text-align: left;\"><span style=\"font-family: 'times new roman', times, serif;\"><strong>\u00a0 Tela di nylon:<\/strong> Le cinghie primarie dell'arnesi sono forgiate in nylon di qualit\u00e0 industriale, un materiale rinomato per la sua eccezionale resistenza alla trazione, resistenza all'abrasione e propriet\u00e0 leggere. L'intrinseca resistenza all'acqua del nylon garantisce che l'imballaggio funzioni perfettamente in condizioni umide, sia durante passeggiate piovose che durante spruzzi giocosci, pur rimanendo facile da pulire. Questa robustezza garantisce che l'imballaggio resista a anni di utilizzo, anche per razze potenti.<\/span><\/p>\n<p><span style=\"font-family: 'times new roman', times, serif;\"><strong>\u00a0 Imbottitura in pelle sintetica:<\/strong> I pannelli toracici e posteriori sono dotati di imbottitura in pelle sintetica in peluche. A differenza della vera pelle, questo materiale offre una resistenza superiore ai graffi e alla sbiadida, rendendolo ideale per cani attivi. La sua consistenza morbida e flessibile ammortizza i punti di pressione, evitando l'irritazione e l'irritazione, anche durante l'usura prolungata. La imbottitura si adatta al corpo del cane, creando una vestibilit\u00e0 personalizzata che migliora il comfort senza sacrificare la durata.<\/span><\/p>\n<p><span style=\"font-family: 'times new roman', times, serif;\"><strong> 2. Progetto ergonomico: progettato per la mobilit\u00e0 canina<\/strong><\/span><br \/>\n<span style=\"font-family: 'times new roman', times, serif;\">L'imbarazzo PETCRAFT abbraccia un &#8221; struttura ergonomica, avvolgente&#8221; che rivoluziona la distribuzione della pressione:<\/span><\/p>\n<p><span style=\"font-family: 'times new roman', times, serif;\">\u00a0<strong> Ridistribuzione della pressione:<\/strong> Circondando il petto e le spalle (piuttosto che concentrarsi sul collo), l'arnesi elimina la tensione sulla trachea e sulla gola. Questo design \u00e8 un game-changer per le razze brachicefaliche (ad esempio, Pugs, Bulldogs) o cani propensi a problemi respiratori, cos\u00ec come quelli con una tendenza a tirare.<\/span><\/p>\n<p><span style=\"font-family: 'times new roman', times, serif;\">\u00a0<strong> Regolabilit\u00e0 multi-punto:<\/strong> Un sistema di fibbie a rilascio rapido sulle cinghie toraciche e circonferentiali consente una personalizzazione precisa. I proprietari possono regolare la vestibilit\u00e0 intorno al petto, alle spalle e all'addome, garantendo una sensazione accogliente ma senza restrizioni. Questa adattabilit\u00e0 accoglie tutto, dalla delicata cornice di un Chihuahua all'ampio petto di un Great Dane, rendendo l'arnese adatta sia per cuccioli (con spazio per crescere) che per cani adulti.<\/span><\/p>\n<p><span style=\"font-family: 'times new roman', times, serif;\"><strong>\u00a03. Sicurezza prima: progettato per l'affidabilit\u00e0<\/strong><\/span><br \/>\n<span style=\"font-family: 'times new roman', times, serif;\">La sicurezza \u00e8 intrecciata in ogni dettaglio dell\u2019imbraccia PETCRAFT:<\/span><\/p>\n<p><span style=\"font-family: 'times new roman', times, serif;\">\u00a0<strong>Fibbie rinforzate:<\/strong> Le fibbie a rilascio rapido sono realizzate in plastica ad alto impatto, testate per resistere a forze estreme senza fallire. Il loro funzionamento fluido consente di accendere\/spegnere senza sforzo, ma rimangono bloccati in modo sicuro durante l'attivit\u00e0, evitando fughe accidentali.<\/span><\/p>\n<p><span style=\"font-family: 'times new roman', times, serif;\"><strong>Doppi anelli D in metallo:<\/strong> Posizionati sul petto e sulla schiena, questi anelli in acciaio inossidabile resistenti alla ruggine offrono opzioni di attacco doppio guinzaglio:<\/span><br \/>\n<span style=\"font-family: 'times new roman', times, serif;\"><strong>Clip anteriore:<\/strong> Ridirizza la forza di tiraggio verso il proprietario, scoraggiando lo spingimento e promuovendo migliori manere al guinzaglio (ideale per l'allenamento).<\/span><br \/>\n<span style=\"font-family: 'times new roman', times, serif;\"><strong>Clip indietro:<\/strong> Fornisce movimento illimitato per passeggiate casual, distribuendo la tensione lungo la spina dorsale per il comfort.<\/span><\/p>\n<p><span style=\"font-family: 'times new roman', times, serif;\"><strong>Sottile visibilit\u00e0:<\/strong> Sebbene non sia apertamente riflettente, il design strutturato dell\u2019imbracatura garantisce visibilit\u00e0 in condizioni di scarsa luce, migliorando la sicurezza durante le escursioni all\u2019alba\/al tramonto.<\/span><\/p>\n<p><strong><span style=\"font-family: 'times new roman', times, serif;\">\u00a04. Comfort ridefinito: un focus sul benessere canino<\/span><\/strong><br \/>\n<span style=\"font-family: 'times new roman', times, serif;\">Oltre al suo design strutturale, l\u2019imbracatura d\u00e0 priorit\u00e0 al comfort attraverso caratteristiche sfumate:<\/span><\/p>\n<p><span style=\"font-family: 'times new roman', times, serif;\"><strong>Imbottitura contornata:<\/strong> I cuscini in pelle sintetica sono scolpiti per seguire le curve naturali del corpo del cane, eliminando i punti di pressione in aree ad alto attrito (ad esempio, sotto le gambe). Questo contorno impedisce \u201cpunti caldi\u201d e pelle cruda, anche dopo ore di usura.<\/span><\/p>\n<p><span style=\"font-family: 'times new roman', times, serif;\"><strong>Cinturine larghe:<\/strong> Le cinghie in nylon sono intenzionalmente larghe, distribuendo il peso in modo uniforme per evitare di scavare nella pelle. I loro bordi sono finiti con un legame liscio, evitando blocchi o abrasioni, un dettaglio cruciale per le razze dai capelli lunghi.<\/span><\/p>\n<p><span style=\"font-family: 'times new roman', times, serif;\"><strong>Design traspirabile:<\/strong> La struttura a telaio aperto favorisce il flusso d'aria, evitando il surriscaldamento durante l'attivit\u00e0 intensa. La pelle sintetica, pur morbida, non intrappola il calore, garantendo comfort in climi pi\u00f9 caldi.<\/span><\/p>\n<p><strong><span style=\"font-family: 'times new roman', times, serif;\">5. Eleganza estetica e pratica<\/span><\/strong><br \/>\n<span style=\"font-family: 'times new roman', times, serif;\">L\u2019imbarazzo PETCRAFT unisce stile e funzione:<\/span><\/p>\n<p><span style=\"font-family: 'times new roman', times, serif;\">Appello visivo: il nylon blu vibrante contrasta splendidamente con la pelle sintetica abbronzata, creando un look moderno e sofisticato che complementa il mantello di qualsiasi cane. Il discreto logo PETCRAFT aggiunge un tocco di branding senza travolgere il design.<\/span><\/p>\n<p><span style=\"font-family: 'times new roman', times, serif;\">Facile manutenzione: Sia il nylon che la pelle sintetica sono materiali pulibili, semplificando la pulizia post-avventura. Le macchie e il fango possono essere rimossi con un panno umido, garantendo che l'imbracatura rimanga fresca con il minimo sforzo.<\/span><\/p>\n<p><span style=\"font-family: 'times new roman', times, serif;\">Longevit\u00e0: la combinazione di nylon resistente all\u2019abrasione e pelle sintetica resistente ai graffi garantisce che l\u2019imballaggio mantenga la sua forma e l\u2019aspetto nel tempo, anche con uso frequente.<\/span><\/p>\n<p><strong><span style=\"font-family: 'times new roman', times, serif;\">6. Versatilit\u00e0 per ogni stile di vita<\/span><\/strong><br \/>\n<span style=\"font-family: 'times new roman', times, serif;\">L'imbracatura PETCRAFT eccelle in diversi scenari:<\/span><\/p>\n<p><span style=\"font-family: 'times new roman', times, serif;\">Passeggiate giornaliere: la clip posteriore offre libert\u00e0 di movimento per passeggiate rilassate, mentre il design imbottito garantisce comfort durante lunghe escursioni.<\/span><br \/>\n<span style=\"font-family: 'times new roman', times, serif;\">Sessioni di allenamento: la clip anteriore fornisce il controllo per la correzione del comportamento, rendendola ideale per insegnare le maniere del guinzaglio.<\/span><br \/>\n<span style=\"font-family: 'times new roman', times, serif;\">Avventure all'aperto: la sua costruzione robusta e resistenza all'acqua lo rendono perfetto per escursioni, campeggio o gite in spiaggia.<\/span><\/p>\n<p><strong><span style=\"font-family: 'times new roman', times, serif;\">Conclusione: un nuovo standard nell'attrezzatura canina<\/span><\/strong><br \/>\n<span style=\"font-family: 'times new roman', times, serif;\">In sostanza, l\u2019arnese per cani PETCRAFT \u00e8 la testimonianza dell\u2019idea che gli accessori per animali domestici possano essere sia funzionali che lussuosi. Integrando materiali di qualit\u00e0 superiore, ingegneria ergonomica e funzionalit\u00e0 incentrate sulla sicurezza, offre un prodotto che migliora il legame tra cane e proprietario, passo dopo passo. Per i genitori di animali domestici che cercano un'arnesi che equilibri durabilit\u00e0, comfort e stile, questo modello stabilisce un nuovo punto di riferimento: dimostra che quando il design d\u00e0 priorit\u00e0 alle esigenze sia dell'animale domestico che del proprietario, il risultato \u00e8 uno strumento che eleva ogni momento trascorso insieme.<\/span><\/p>\n<p><span style=\"font-family: 'times new roman', times, serif;\">Che si tratti di navigare per le strade della citt\u00e0, esplorare sentieri naturali o allenarsi nel parco, l'arnese PETCRAFT \u00e8 pronta a prestare, offrendo pace mentale, comfort e stile in pari misura.<\/span><\/p>","protected":false},"excerpt":{"rendered":"<p><span style=\"font-family: 'times new roman', times, serif;\">Questo petto e schiena accuratamente selezionati imitazione nylon forte cintura \u00e8 resistente all'usura, forte e flessibile senza essere stretto, fornendo il vostro amato animale domestico con un'esperienza di indossamento confortevole. In abbinamento con elementi di fissaggio POM di alta qualit\u00e0, offre una fissazione salda, apertura e chiusura lisce e non \u00e8 suscettibile di deformazione o allentamento anche dopo un uso ripetuto. L'abbellimento in pelle PU migliora la texture, \u00e8 resistente all'usura, resistente e facile da mantenere. Il design globale tiene conto sia della sicurezza che della praticit\u00e0, garantendo che ogni passeggiata degli animali domestici sia senza preoccupazioni e rassicurante. \u00c8 una scelta affidabile per i proprietari di animali domestici.<\/span><\/p>","protected":false},"featured_media":1566,"comment_status":"open","ping_status":"closed","template":"","meta":[],"product_brand":[],"product_cat":[21],"product_tag":[],"class_list":{"0":"post-279","1":"product","2":"type-product","3":"status-publish","4":"has-post-thumbnail","6":"product_cat-pet-leash","8":"first","9":"instock","10":"sale","11":"shipping-taxable","12":"purchasable","13":"product-type-variable"},"_links":{"self":[{"href":"https:\/\/www.holydoggroup.com\/it\/wp-json\/wp\/v2\/product\/279","targetHints":{"allow":["GET"]}}],"collection":[{"href":"https:\/\/www.holydoggroup.com\/it\/wp-json\/wp\/v2\/product"}],"about":[{"href":"https:\/\/www.holydoggroup.com\/it\/wp-json\/wp\/v2\/types\/product"}],"replies":[{"embeddable":true,"href":"https:\/\/www.holydoggroup.com\/it\/wp-json\/wp\/v2\/comments?post=279"}],"wp:featuredmedia":[{"embeddable":true,"href":"https:\/\/www.holydoggroup.com\/it\/wp-json\/wp\/v2\/media\/1566"}],"wp:attachment":[{"href":"https:\/\/www.holydoggroup.com\/it\/wp-json\/wp\/v2\/media?parent=279"}],"wp:term":[{"taxonomy":"product_brand","embeddable":true,"href":"https:\/\/www.holydoggroup.com\/it\/wp-json\/wp\/v2\/product_brand?post=279"},{"taxonomy":"product_cat","embeddable":true,"href":"https:\/\/www.holydoggroup.com\/it\/wp-json\/wp\/v2\/product_cat?post=279"},{"taxonomy":"product_tag","embeddable":true,"href":"https:\/\/www.holydoggroup.com\/it\/wp-json\/wp\/v2\/product_tag?post=279"}],"curies":[{"name":"WP","href":"https:\/\/api.w.org\/{rel}","templated":true}]}}